{"id":5165,"date":"2019-11-14T07:24:04","date_gmt":"2019-11-14T07:24:04","guid":{"rendered":"https:\/\/www.safeonlinechemist.com\/dermalfillers\/product\/import-placeholder-for-7292\/"},"modified":"2020-03-02T15:56:09","modified_gmt":"2020-03-02T15:56:09","slug":"buy-tatiomax-glutathione-whitening-10-vials-1200mg","status":"publish","type":"product","link":"https:\/\/www.probeautyaesthetics.com\/pl\/produkt\/buy-tatiomax-glutathione-whitening-10-vials-1200mg\/","title":{"rendered":"Kup Tatiomax Glutathione Whitening 10 fiolek 1200 mg"},"content":{"rendered":"<h2 style=\"text-align: justify;\">Kup Tatiomax Glutathione Whitening 10 fiolek 1200 mg online w niskiej cenie<\/h2>\n<p style=\"text-align: justify;\">Mo\u017cesz kupi\u0107 Tatiomax Glutathione Whitening 10 Vials 1200mg w niskiej cenie od Pro Beauty Aesthetics. Pobierz Tatiomax Glutathione Whitening 10 Vials 1200mg na sprzeda\u017c od razu. Twoje zam\u00f3wienie na Tatiomax Glutathione Whitening 10 Vials 1200mg online dotrze do Ciebie najwcze\u015bniej. Po\u0142\u0105cz si\u0119 z nami i kup Tatiomax Glutathione Whitening 10 Vials 1200mg z bitcoin, moneygram i western union wygodnie!<\/p>\n<h3 style=\"text-align: justify;\">Jaki jest cel stosowania Tatiomax Glutathione Whitening 10 fiolek 1200 mg?<\/h3>\n<p style=\"text-align: justify;\">Glutation powa\u017cnie ogranicza syntez\u0119 melaniny w odpowiedzi na tyrozynaz\u0119 i L-DOPA poprzez zak\u0142\u00f3canie zdolno\u015bci L-DOPA do wi\u0105zania si\u0119 z tyrozynaz\u0105 podczas syntezy melaniny. Wyniki te pokazuj\u0105, \u017ce glutation utrudnia syntez\u0119 i aglutynacj\u0119 melaniny poprzez zak\u0142\u00f3canie zdolno\u015bci L-DOPA.<\/p>\n<ul style=\"text-align: justify;\">\n<li>Glutation do wybielania sk\u00f3ry jest bezpieczny i skuteczny w licznych badaniach klinicznych<\/li>\n<li>Zawiera 1200 mg L-glutationu na fiolk\u0119, dwa razy wi\u0119cej ni\u017c inne sterylne preparaty.<\/li>\n<li>Zawiera 200 mg kolagenu, kt\u00f3ry naturalnie uj\u0119drnia i odm\u0142adza sk\u00f3r\u0119.<\/li>\n<\/ul>\n<h3 style=\"text-align: justify;\">Skontaktuj si\u0119 z naszym sklepem!<\/h3>\n<p style=\"text-align: justify;\">Je\u015bli chcesz zam\u00f3wi\u0107 Tatiomax Glutathione Whitening 10 fiolek 1200 mg, odwied\u017a nasz sklep internetowy. Pomo\u017cemy Ci spe\u0142ni\u0107 Twoje wymagania w kr\u00f3tkim czasie. Zam\u00f3w teraz!<\/p>","protected":false},"excerpt":{"rendered":"<p>L-glutation zredukowany 1200 mg<br \/>\nHydrolizowany kolagen 200 mg<br \/>\nWitamina C 100mg<\/p>","protected":false},"featured_media":5178,"comment_status":"open","ping_status":"closed","template":"","meta":{"_joinchat":[]},"product_cat":[626],"product_tag":[633],"yoast_head":"<!-- This site is optimized with the Yoast SEO plugin v21.3 - https:\/\/yoast.com\/wordpress\/plugins\/seo\/ -->\n<title>Buy Tatiomax Glutathione Whitening 10 Vials 1200mg Online @ Low Price<\/title>\n<meta name=\"description\" content=\"Looking to buy tatiomax glutathione whitening 10 vials 1200mg online without any hassle? ProBeautyAesthetics.com is the best online shop. Order Now!\" \/>\n<meta name=\"robots\" content=\"index, follow, max-snippet:-1, max-image-preview:large, max-video-preview:-1\" \/>\n<link rel=\"canonical\" href=\"https:\/\/www.probeautyaesthetics.com\/pl\/produkt\/buy-tatiomax-glutathione-whitening-10-vials-1200mg\/\" \/>\n<meta property=\"og:locale\" content=\"pl_PL\" \/>\n<meta property=\"og:type\" content=\"article\" \/>\n<meta property=\"og:title\" content=\"Buy Tatiomax Glutathione Whitening 10 Vials 1200mg Online @ Low Price\" \/>\n<meta property=\"og:description\" content=\"Looking to buy tatiomax glutathione whitening 10 vials 1200mg online without any hassle? ProBeautyAesthetics.com is the best online shop. Order Now!\" \/>\n<meta property=\"og:url\" content=\"https:\/\/www.probeautyaesthetics.com\/pl\/produkt\/buy-tatiomax-glutathione-whitening-10-vials-1200mg\/\" \/>\n<meta property=\"og:site_name\" content=\"Pro Beauty Aesthetics\" \/>\n<meta property=\"article:modified_time\" content=\"2020-03-02T15:56:09+00:00\" \/>\n<meta property=\"og:image\" content=\"https:\/\/www.probeautyaesthetics.com\/wp-content\/uploads\/2019\/11\/Buy-Tatiomax-Glutathione-Whitening-10-Vials-1200mg.jpg\" \/>\n\t<meta property=\"og:image:width\" content=\"450\" \/>\n\t<meta property=\"og:image:height\" content=\"450\" \/>\n\t<meta property=\"og:image:type\" content=\"image\/jpeg\" \/>\n<meta name=\"twitter:card\" content=\"summary_large_image\" \/>\n<meta name=\"twitter:label1\" content=\"Szacowany czas czytania\" \/>\n\t<meta name=\"twitter:data1\" content=\"1 minuta\" \/>\n<script type=\"application\/ld+json\" class=\"yoast-schema-graph\">{\"@context\":\"https:\/\/schema.org\",\"@graph\":[{\"@type\":\"WebPage\",\"@id\":\"https:\/\/www.probeautyaesthetics.com\/product\/buy-tatiomax-glutathione-whitening-10-vials-1200mg\/\",\"url\":\"https:\/\/www.probeautyaesthetics.com\/product\/buy-tatiomax-glutathione-whitening-10-vials-1200mg\/\",\"name\":\"Buy Tatiomax Glutathione Whitening 10 Vials 1200mg Online @ Low Price\",\"isPartOf\":{\"@id\":\"https:\/\/www.probeautyaesthetics.com\/#website\"},\"datePublished\":\"2019-11-14T07:24:04+00:00\",\"dateModified\":\"2020-03-02T15:56:09+00:00\",\"description\":\"Looking to buy tatiomax glutathione whitening 10 vials 1200mg online without any hassle? ProBeautyAesthetics.com is the best online shop. Order Now!\",\"breadcrumb\":{\"@id\":\"https:\/\/www.probeautyaesthetics.com\/product\/buy-tatiomax-glutathione-whitening-10-vials-1200mg\/#breadcrumb\"},\"inLanguage\":\"pl-PL\",\"potentialAction\":[{\"@type\":\"ReadAction\",\"target\":[\"https:\/\/www.probeautyaesthetics.com\/product\/buy-tatiomax-glutathione-whitening-10-vials-1200mg\/\"]}]},{\"@type\":\"BreadcrumbList\",\"@id\":\"https:\/\/www.probeautyaesthetics.com\/product\/buy-tatiomax-glutathione-whitening-10-vials-1200mg\/#breadcrumb\",\"itemListElement\":[{\"@type\":\"ListItem\",\"position\":1,\"name\":\"Home\",\"item\":\"https:\/\/www.probeautyaesthetics.com\/\"},{\"@type\":\"ListItem\",\"position\":2,\"name\":\"Our Products\",\"item\":\"https:\/\/www.probeautyaesthetics.com\/shop\/\"},{\"@type\":\"ListItem\",\"position\":3,\"name\":\"Buy Tatiomax Glutathione Whitening 10 Vials 1200mg\"}]},{\"@type\":\"WebSite\",\"@id\":\"https:\/\/www.probeautyaesthetics.com\/#website\",\"url\":\"https:\/\/www.probeautyaesthetics.com\/\",\"name\":\"Pro Beauty Aesthetics\",\"description\":\"\",\"publisher\":{\"@id\":\"https:\/\/www.probeautyaesthetics.com\/#organization\"},\"potentialAction\":[{\"@type\":\"SearchAction\",\"target\":{\"@type\":\"EntryPoint\",\"urlTemplate\":\"https:\/\/www.probeautyaesthetics.com\/?s={search_term_string}\"},\"query-input\":\"required name=search_term_string\"}],\"inLanguage\":\"pl-PL\"},{\"@type\":\"Organization\",\"@id\":\"https:\/\/www.probeautyaesthetics.com\/#organization\",\"name\":\"Pro Beauty Aesthetics\",\"url\":\"https:\/\/www.probeautyaesthetics.com\/\",\"logo\":{\"@type\":\"ImageObject\",\"inLanguage\":\"pl-PL\",\"@id\":\"https:\/\/www.probeautyaesthetics.com\/#\/schema\/logo\/image\/\",\"url\":\"https:\/\/www.probeautyaesthetics.com\/wp-content\/uploads\/2019\/11\/logo-1.png\",\"contentUrl\":\"https:\/\/www.probeautyaesthetics.com\/wp-content\/uploads\/2019\/11\/logo-1.png\",\"width\":200,\"height\":50,\"caption\":\"Pro Beauty Aesthetics\"},\"image\":{\"@id\":\"https:\/\/www.probeautyaesthetics.com\/#\/schema\/logo\/image\/\"}}]}<\/script>\n<!-- \/ Yoast SEO plugin. -->","yoast_head_json":{"title":"Buy Tatiomax Glutathione Whitening 10 Vials 1200mg Online @ Low Price","description":"Looking to buy tatiomax glutathione whitening 10 vials 1200mg online without any hassle? ProBeautyAesthetics.com is the best online shop. Order Now!","robots":{"index":"index","follow":"follow","max-snippet":"max-snippet:-1","max-image-preview":"max-image-preview:large","max-video-preview":"max-video-preview:-1"},"canonical":"https:\/\/www.probeautyaesthetics.com\/pl\/produkt\/buy-tatiomax-glutathione-whitening-10-vials-1200mg\/","og_locale":"pl_PL","og_type":"article","og_title":"Buy Tatiomax Glutathione Whitening 10 Vials 1200mg Online @ Low Price","og_description":"Looking to buy tatiomax glutathione whitening 10 vials 1200mg online without any hassle? ProBeautyAesthetics.com is the best online shop. Order Now!","og_url":"https:\/\/www.probeautyaesthetics.com\/pl\/produkt\/buy-tatiomax-glutathione-whitening-10-vials-1200mg\/","og_site_name":"Pro Beauty Aesthetics","article_modified_time":"2020-03-02T15:56:09+00:00","og_image":[{"width":450,"height":450,"url":"https:\/\/www.probeautyaesthetics.com\/wp-content\/uploads\/2019\/11\/Buy-Tatiomax-Glutathione-Whitening-10-Vials-1200mg.jpg","type":"image\/jpeg"}],"twitter_card":"summary_large_image","twitter_misc":{"Szacowany czas czytania":"1 minuta"},"schema":{"@context":"https:\/\/schema.org","@graph":[{"@type":"WebPage","@id":"https:\/\/www.probeautyaesthetics.com\/product\/buy-tatiomax-glutathione-whitening-10-vials-1200mg\/","url":"https:\/\/www.probeautyaesthetics.com\/product\/buy-tatiomax-glutathione-whitening-10-vials-1200mg\/","name":"Buy Tatiomax Glutathione Whitening 10 Vials 1200mg Online @ Low Price","isPartOf":{"@id":"https:\/\/www.probeautyaesthetics.com\/#website"},"datePublished":"2019-11-14T07:24:04+00:00","dateModified":"2020-03-02T15:56:09+00:00","description":"Looking to buy tatiomax glutathione whitening 10 vials 1200mg online without any hassle? ProBeautyAesthetics.com is the best online shop. Order Now!","breadcrumb":{"@id":"https:\/\/www.probeautyaesthetics.com\/product\/buy-tatiomax-glutathione-whitening-10-vials-1200mg\/#breadcrumb"},"inLanguage":"pl-PL","potentialAction":[{"@type":"ReadAction","target":["https:\/\/www.probeautyaesthetics.com\/product\/buy-tatiomax-glutathione-whitening-10-vials-1200mg\/"]}]},{"@type":"BreadcrumbList","@id":"https:\/\/www.probeautyaesthetics.com\/product\/buy-tatiomax-glutathione-whitening-10-vials-1200mg\/#breadcrumb","itemListElement":[{"@type":"ListItem","position":1,"name":"Home","item":"https:\/\/www.probeautyaesthetics.com\/"},{"@type":"ListItem","position":2,"name":"Our Products","item":"https:\/\/www.probeautyaesthetics.com\/shop\/"},{"@type":"ListItem","position":3,"name":"Buy Tatiomax Glutathione Whitening 10 Vials 1200mg"}]},{"@type":"WebSite","@id":"https:\/\/www.probeautyaesthetics.com\/#website","url":"https:\/\/www.probeautyaesthetics.com\/","name":"Pro Beauty Aesthetics","description":"","publisher":{"@id":"https:\/\/www.probeautyaesthetics.com\/#organization"},"potentialAction":[{"@type":"SearchAction","target":{"@type":"EntryPoint","urlTemplate":"https:\/\/www.probeautyaesthetics.com\/?s={search_term_string}"},"query-input":"required name=search_term_string"}],"inLanguage":"pl-PL"},{"@type":"Organization","@id":"https:\/\/www.probeautyaesthetics.com\/#organization","name":"Pro Beauty Aesthetics","url":"https:\/\/www.probeautyaesthetics.com\/","logo":{"@type":"ImageObject","inLanguage":"pl-PL","@id":"https:\/\/www.probeautyaesthetics.com\/#\/schema\/logo\/image\/","url":"https:\/\/www.probeautyaesthetics.com\/wp-content\/uploads\/2019\/11\/logo-1.png","contentUrl":"https:\/\/www.probeautyaesthetics.com\/wp-content\/uploads\/2019\/11\/logo-1.png","width":200,"height":50,"caption":"Pro Beauty Aesthetics"},"image":{"@id":"https:\/\/www.probeautyaesthetics.com\/#\/schema\/logo\/image\/"}}]}},"_links":{"self":[{"href":"https:\/\/www.probeautyaesthetics.com\/pl\/wp-json\/wp\/v2\/product\/5165"}],"collection":[{"href":"https:\/\/www.probeautyaesthetics.com\/pl\/wp-json\/wp\/v2\/product"}],"about":[{"href":"https:\/\/www.probeautyaesthetics.com\/pl\/wp-json\/wp\/v2\/types\/product"}],"replies":[{"embeddable":true,"href":"https:\/\/www.probeautyaesthetics.com\/pl\/wp-json\/wp\/v2\/comments?post=5165"}],"wp:featuredmedia":[{"embeddable":true,"href":"https:\/\/www.probeautyaesthetics.com\/pl\/wp-json\/wp\/v2\/media\/5178"}],"wp:attachment":[{"href":"https:\/\/www.probeautyaesthetics.com\/pl\/wp-json\/wp\/v2\/media?parent=5165"}],"wp:term":[{"taxonomy":"product_cat","embeddable":true,"href":"https:\/\/www.probeautyaesthetics.com\/pl\/wp-json\/wp\/v2\/product_cat?post=5165"},{"taxonomy":"product_tag","embeddable":true,"href":"https:\/\/www.probeautyaesthetics.com\/pl\/wp-json\/wp\/v2\/product_tag?post=5165"}],"curies":[{"name":"wp","href":"https:\/\/api.w.org\/{rel}","templated":true}]}}