{"id":3637,"date":"2019-11-14T07:16:21","date_gmt":"2019-11-14T07:16:21","guid":{"rendered":"https:\/\/www.safeonlinechemist.com\/dermalfillers\/product\/import-placeholder-for-5205\/"},"modified":"2020-03-03T10:49:11","modified_gmt":"2020-03-03T10:49:11","slug":"buy-juvederm-hydrate-1-x-1ml","status":"publish","type":"product","link":"https:\/\/www.probeautyaesthetics.com\/pt\/produto\/comprar-juvederm-hydrate-1-x-1ml\/","title":{"rendered":"Comprar Juvederm Hydrate 1 x 1ml Online"},"content":{"rendered":"<h2 style=\"text-align: justify;\">Comprar Juvederm Hydrate 1 x 1ml Online Dos Profissionais Aqui<\/h2>\n<p style=\"text-align: justify;\">Para comprar Juvederm Hydrate 1 x 1ml a um pre\u00e7o barato, voc\u00ea pode se conectar com Pro Beauty Aesthetics. Estamos sempre aqui para ajud\u00e1-lo a comprar Juvederm Hydrate 1 x 1ml com bitcoin, MoneyGram e western union. Basta encomendar Juvederm Hydrate 1 x 1ml e receb\u00ea-lo em breve!<\/p>\n<h3 style=\"text-align: justify;\">O que \u00e9 o Juvederm Hydrate 1 x 1ml e quais os seus atributos?<\/h3>\n<p style=\"text-align: justify;\">Um tratamento especificamente destinado a melhorar a hidrata\u00e7\u00e3o e a versatilidade da pele. Esta \u00e9 uma solu\u00e7\u00e3o vi\u00e1vel para restabelecer o grau de \u00e1cido hialur\u00f3nico da pele e para melhorar a versatilidade e o tom da pele. Juvederm Hydrate recarrega adequadamente os graus esgotados de \u00e1cido hialur\u00f3nico (HA) na sua pele para restabelecer um brilho natural e saud\u00e1vel. O Juvederm Hydrate cont\u00e9m um operador antioxidante, o Manitol, que ajuda a prevenir o desenvolvimento de radicais livres que s\u00e3o respons\u00e1veis pela degrada\u00e7\u00e3o do \u00e1cido hialur\u00f3nico, prolongando assim os seus efeitos.<\/p>\n<ul style=\"text-align: justify;\">\n<li>Melhora a hidrata\u00e7\u00e3o e a flexibilidade da pele<\/li>\n<li>Territ\u00f3rio de tratamento: Pele do rosto, pesco\u00e7o, decote e m\u00e3os<\/li>\n<li>Cont\u00e9m um operador anti-oxidante, o Manitol, que ajuda a prevenir o desenvolvimento de radicais livres<\/li>\n<\/ul>\n<h3 style=\"text-align: justify;\">Fa\u00e7a seu pedido agora!<\/h3>\n<p style=\"text-align: justify;\">Adquira Juvederm Hydrate 1 x 1ml para venda na nossa loja online e conte com a entrega o mais r\u00e1pido poss\u00edvel!<\/p>\n<p>&nbsp;<\/p>\n<p>comprar juvederm hydrate 1 x 1ml online, juvederm hydrate 1 x 1ml para venda, juvederm hydrate 1 x 1ml para venda EUA, comprar juvederm hydrate 1 x 1ml real online, onde comprar juvederm hydrate 1 x 1ml, comprar juvederm hydrate 1 x 1ml online, comprar hidrato de juvederm 1 x 1ml Espanha, hidrato de juvederm 1 x 1ml para venda Ucr\u00e2nia, hidrato de juvederm 1 x 1ml para venda Canad\u00e1, hidrato de juvederm 1 x 1ml para venda Europa, comprar hidrato de juvederm 1 x 1ml online legal, comprar hidrato de juvederm 1 x 1ml online com bitcoin, comprar hidrato de juvederm 1 x 1ml online com MoneyGram, hidrato de juvederm 1 x 1ml para venda com Western Union, como comprar hidrato de juvederm 1 x 1ml online, comprar hidrato de juvederm 1 x 1ml a pre\u00e7o barato, comprar juvederm hydrate 1 x 1ml falso online, encomendar juvederm hydrate 1 x 1ml online, Mail juvederm hydrate 1 x 1ml, comprar juvederm hydrate 1 x 1ml a pre\u00e7o barato, Pode encomendar juvederm hydrate 1 x 1ml nos EUA, Canad\u00e1, Europa, It\u00e1lia.<\/p>","protected":false},"excerpt":{"rendered":"<h3>Encomendar Juvederm Hydrate Online<\/h3>\n<p>Entrega Mundial Garantida<\/p>\n<p>Prazo de entrega:<\/p>\n<p>EUA: 24 a 72 horas<\/p>\n<p>Canad\u00e1: 2 a 3 dias<br \/>\nEntrega internacional: 4 a 7 dias<\/p>\n<p>Op\u00e7\u00f5es de pagamento<\/p>\n<p>DINHEIRO<\/p>\n<p>WESTERN UNION<\/p>\n<p>BITCOINS<\/p>\n<p>TRANSFER\u00caNCIA BANC\u00c1RIA<\/p>\n<p>WALMART PARA WALMART<\/p>\n<p>ZELLE PAY<\/p>\n<p>10% de desconto ao pagar com Bitcoin<\/p>","protected":false},"featured_media":3662,"comment_status":"open","ping_status":"closed","template":"","meta":{"_joinchat":[]},"product_cat":[138,139],"product_tag":[140,141,142,143,144,676,145,161,675,661,671,672,666,146,147,148,149,664,150,151,152,670,658,659,674,153,660,154,155,662,668,669,667,663,673,156,157,158,678,159,677,160,665,679],"yoast_head":"<!-- This site is optimized with the Yoast SEO plugin v21.3 - https:\/\/yoast.com\/wordpress\/plugins\/seo\/ -->\n<title>Buy Juvederm Hydrate Online | Juvederm Hydrate for Sale @ Cheap Price<\/title>\n<meta name=\"description\" content=\"You can buy juvederm hydrate online at lowest price from Probeautyaesthetics.Com. Juvederm Hydrate 1x1ml for Sale with Free Shipping Service. Order Now!\" \/>\n<meta name=\"robots\" content=\"index, follow, max-snippet:-1, max-image-preview:large, max-video-preview:-1\" \/>\n<link rel=\"canonical\" href=\"https:\/\/www.probeautyaesthetics.com\/pt\/produto\/comprar-juvederm-hydrate-1-x-1ml\/\" \/>\n<meta property=\"og:locale\" content=\"pt_PT\" \/>\n<meta property=\"og:type\" content=\"article\" \/>\n<meta property=\"og:title\" content=\"Buy Juvederm Hydrate Online | Juvederm Hydrate for Sale @ Cheap Price\" \/>\n<meta property=\"og:description\" content=\"You can buy juvederm hydrate online at lowest price from Probeautyaesthetics.Com. Juvederm Hydrate 1x1ml for Sale with Free Shipping Service. Order Now!\" \/>\n<meta property=\"og:url\" content=\"https:\/\/www.probeautyaesthetics.com\/pt\/produto\/comprar-juvederm-hydrate-1-x-1ml\/\" \/>\n<meta property=\"og:site_name\" content=\"Pro Beauty Aesthetics\" \/>\n<meta property=\"article:modified_time\" content=\"2020-03-03T10:49:11+00:00\" \/>\n<meta property=\"og:image\" content=\"https:\/\/www.probeautyaesthetics.com\/wp-content\/uploads\/2019\/11\/Buy-Juvederm-Hydrate-1-x-1ml.jpg\" \/>\n\t<meta property=\"og:image:width\" content=\"640\" \/>\n\t<meta property=\"og:image:height\" content=\"640\" \/>\n\t<meta property=\"og:image:type\" content=\"image\/jpeg\" \/>\n<meta name=\"twitter:card\" content=\"summary_large_image\" \/>\n<meta name=\"twitter:label1\" content=\"Tempo estimado de leitura\" \/>\n\t<meta name=\"twitter:data1\" content=\"2 minutos\" \/>\n<script type=\"application\/ld+json\" class=\"yoast-schema-graph\">{\"@context\":\"https:\/\/schema.org\",\"@graph\":[{\"@type\":\"WebPage\",\"@id\":\"https:\/\/www.probeautyaesthetics.com\/product\/buy-juvederm-hydrate-1-x-1ml\/\",\"url\":\"https:\/\/www.probeautyaesthetics.com\/product\/buy-juvederm-hydrate-1-x-1ml\/\",\"name\":\"Buy Juvederm Hydrate Online | Juvederm Hydrate for Sale @ Cheap Price\",\"isPartOf\":{\"@id\":\"https:\/\/www.probeautyaesthetics.com\/#website\"},\"datePublished\":\"2019-11-14T07:16:21+00:00\",\"dateModified\":\"2020-03-03T10:49:11+00:00\",\"description\":\"You can buy juvederm hydrate online at lowest price from Probeautyaesthetics.Com. Juvederm Hydrate 1x1ml for Sale with Free Shipping Service. Order Now!\",\"breadcrumb\":{\"@id\":\"https:\/\/www.probeautyaesthetics.com\/product\/buy-juvederm-hydrate-1-x-1ml\/#breadcrumb\"},\"inLanguage\":\"pt-PT\",\"potentialAction\":[{\"@type\":\"ReadAction\",\"target\":[\"https:\/\/www.probeautyaesthetics.com\/product\/buy-juvederm-hydrate-1-x-1ml\/\"]}]},{\"@type\":\"BreadcrumbList\",\"@id\":\"https:\/\/www.probeautyaesthetics.com\/product\/buy-juvederm-hydrate-1-x-1ml\/#breadcrumb\",\"itemListElement\":[{\"@type\":\"ListItem\",\"position\":1,\"name\":\"Home\",\"item\":\"https:\/\/www.probeautyaesthetics.com\/\"},{\"@type\":\"ListItem\",\"position\":2,\"name\":\"Our Products\",\"item\":\"https:\/\/www.probeautyaesthetics.com\/shop\/\"},{\"@type\":\"ListItem\",\"position\":3,\"name\":\"Buy Juvederm Hydrate 1 x 1ml Online\"}]},{\"@type\":\"WebSite\",\"@id\":\"https:\/\/www.probeautyaesthetics.com\/#website\",\"url\":\"https:\/\/www.probeautyaesthetics.com\/\",\"name\":\"Pro Beauty Aesthetics\",\"description\":\"\",\"publisher\":{\"@id\":\"https:\/\/www.probeautyaesthetics.com\/#organization\"},\"potentialAction\":[{\"@type\":\"SearchAction\",\"target\":{\"@type\":\"EntryPoint\",\"urlTemplate\":\"https:\/\/www.probeautyaesthetics.com\/?s={search_term_string}\"},\"query-input\":\"required name=search_term_string\"}],\"inLanguage\":\"pt-PT\"},{\"@type\":\"Organization\",\"@id\":\"https:\/\/www.probeautyaesthetics.com\/#organization\",\"name\":\"Pro Beauty Aesthetics\",\"url\":\"https:\/\/www.probeautyaesthetics.com\/\",\"logo\":{\"@type\":\"ImageObject\",\"inLanguage\":\"pt-PT\",\"@id\":\"https:\/\/www.probeautyaesthetics.com\/#\/schema\/logo\/image\/\",\"url\":\"https:\/\/www.probeautyaesthetics.com\/wp-content\/uploads\/2019\/11\/logo-1.png\",\"contentUrl\":\"https:\/\/www.probeautyaesthetics.com\/wp-content\/uploads\/2019\/11\/logo-1.png\",\"width\":200,\"height\":50,\"caption\":\"Pro Beauty Aesthetics\"},\"image\":{\"@id\":\"https:\/\/www.probeautyaesthetics.com\/#\/schema\/logo\/image\/\"}}]}<\/script>\n<!-- \/ Yoast SEO plugin. -->","yoast_head_json":{"title":"Buy Juvederm Hydrate Online | Juvederm Hydrate for Sale @ Cheap Price","description":"You can buy juvederm hydrate online at lowest price from Probeautyaesthetics.Com. Juvederm Hydrate 1x1ml for Sale with Free Shipping Service. Order Now!","robots":{"index":"index","follow":"follow","max-snippet":"max-snippet:-1","max-image-preview":"max-image-preview:large","max-video-preview":"max-video-preview:-1"},"canonical":"https:\/\/www.probeautyaesthetics.com\/pt\/produto\/comprar-juvederm-hydrate-1-x-1ml\/","og_locale":"pt_PT","og_type":"article","og_title":"Buy Juvederm Hydrate Online | Juvederm Hydrate for Sale @ Cheap Price","og_description":"You can buy juvederm hydrate online at lowest price from Probeautyaesthetics.Com. Juvederm Hydrate 1x1ml for Sale with Free Shipping Service. Order Now!","og_url":"https:\/\/www.probeautyaesthetics.com\/pt\/produto\/comprar-juvederm-hydrate-1-x-1ml\/","og_site_name":"Pro Beauty Aesthetics","article_modified_time":"2020-03-03T10:49:11+00:00","og_image":[{"width":640,"height":640,"url":"https:\/\/www.probeautyaesthetics.com\/wp-content\/uploads\/2019\/11\/Buy-Juvederm-Hydrate-1-x-1ml.jpg","type":"image\/jpeg"}],"twitter_card":"summary_large_image","twitter_misc":{"Tempo estimado de leitura":"2 minutos"},"schema":{"@context":"https:\/\/schema.org","@graph":[{"@type":"WebPage","@id":"https:\/\/www.probeautyaesthetics.com\/product\/buy-juvederm-hydrate-1-x-1ml\/","url":"https:\/\/www.probeautyaesthetics.com\/product\/buy-juvederm-hydrate-1-x-1ml\/","name":"Buy Juvederm Hydrate Online | Juvederm Hydrate for Sale @ Cheap Price","isPartOf":{"@id":"https:\/\/www.probeautyaesthetics.com\/#website"},"datePublished":"2019-11-14T07:16:21+00:00","dateModified":"2020-03-03T10:49:11+00:00","description":"You can buy juvederm hydrate online at lowest price from Probeautyaesthetics.Com. Juvederm Hydrate 1x1ml for Sale with Free Shipping Service. Order Now!","breadcrumb":{"@id":"https:\/\/www.probeautyaesthetics.com\/product\/buy-juvederm-hydrate-1-x-1ml\/#breadcrumb"},"inLanguage":"pt-PT","potentialAction":[{"@type":"ReadAction","target":["https:\/\/www.probeautyaesthetics.com\/product\/buy-juvederm-hydrate-1-x-1ml\/"]}]},{"@type":"BreadcrumbList","@id":"https:\/\/www.probeautyaesthetics.com\/product\/buy-juvederm-hydrate-1-x-1ml\/#breadcrumb","itemListElement":[{"@type":"ListItem","position":1,"name":"Home","item":"https:\/\/www.probeautyaesthetics.com\/"},{"@type":"ListItem","position":2,"name":"Our Products","item":"https:\/\/www.probeautyaesthetics.com\/shop\/"},{"@type":"ListItem","position":3,"name":"Buy Juvederm Hydrate 1 x 1ml Online"}]},{"@type":"WebSite","@id":"https:\/\/www.probeautyaesthetics.com\/#website","url":"https:\/\/www.probeautyaesthetics.com\/","name":"Pro Beauty Aesthetics","description":"","publisher":{"@id":"https:\/\/www.probeautyaesthetics.com\/#organization"},"potentialAction":[{"@type":"SearchAction","target":{"@type":"EntryPoint","urlTemplate":"https:\/\/www.probeautyaesthetics.com\/?s={search_term_string}"},"query-input":"required name=search_term_string"}],"inLanguage":"pt-PT"},{"@type":"Organization","@id":"https:\/\/www.probeautyaesthetics.com\/#organization","name":"Pro Beauty Aesthetics","url":"https:\/\/www.probeautyaesthetics.com\/","logo":{"@type":"ImageObject","inLanguage":"pt-PT","@id":"https:\/\/www.probeautyaesthetics.com\/#\/schema\/logo\/image\/","url":"https:\/\/www.probeautyaesthetics.com\/wp-content\/uploads\/2019\/11\/logo-1.png","contentUrl":"https:\/\/www.probeautyaesthetics.com\/wp-content\/uploads\/2019\/11\/logo-1.png","width":200,"height":50,"caption":"Pro Beauty Aesthetics"},"image":{"@id":"https:\/\/www.probeautyaesthetics.com\/#\/schema\/logo\/image\/"}}]}},"_links":{"self":[{"href":"https:\/\/www.probeautyaesthetics.com\/pt\/wp-json\/wp\/v2\/product\/3637"}],"collection":[{"href":"https:\/\/www.probeautyaesthetics.com\/pt\/wp-json\/wp\/v2\/product"}],"about":[{"href":"https:\/\/www.probeautyaesthetics.com\/pt\/wp-json\/wp\/v2\/types\/product"}],"replies":[{"embeddable":true,"href":"https:\/\/www.probeautyaesthetics.com\/pt\/wp-json\/wp\/v2\/comments?post=3637"}],"wp:featuredmedia":[{"embeddable":true,"href":"https:\/\/www.probeautyaesthetics.com\/pt\/wp-json\/wp\/v2\/media\/3662"}],"wp:attachment":[{"href":"https:\/\/www.probeautyaesthetics.com\/pt\/wp-json\/wp\/v2\/media?parent=3637"}],"wp:term":[{"taxonomy":"product_cat","embeddable":true,"href":"https:\/\/www.probeautyaesthetics.com\/pt\/wp-json\/wp\/v2\/product_cat?post=3637"},{"taxonomy":"product_tag","embeddable":true,"href":"https:\/\/www.probeautyaesthetics.com\/pt\/wp-json\/wp\/v2\/product_tag?post=3637"}],"curies":[{"name":"wp","href":"https:\/\/api.w.org\/{rel}","templated":true}]}}