{"id":3969,"date":"2019-11-14T07:17:52","date_gmt":"2019-11-14T07:17:52","guid":{"rendered":"https:\/\/www.safeonlinechemist.com\/dermalfillers\/product\/import-placeholder-for-5734\/"},"modified":"2020-01-28T09:10:19","modified_gmt":"2020-01-28T09:10:19","slug":"buy-aliaxin-fl-2-x-1ml-online","status":"publish","type":"product","link":"https:\/\/www.probeautyaesthetics.com\/pt\/produto\/comprar-aliaxin-fl-2-x-1ml-online\/","title":{"rendered":"Comprar Aliaxin FL 2 x 1ml Online"},"content":{"rendered":"<h2 style=\"text-align: justify;\"><strong>Compre Aliaxin FL 2x 1ml online a pre\u00e7os baratos<\/strong><\/h2>\n<p style=\"text-align: justify;\">Pro Beauty Aesthetics \u00e9 o melhor lugar para comprar Aliaxin FL 2 x 1ml a um pre\u00e7o barato. Vamos ajud\u00e1-lo a comprar Aliaxin FL 2 x 1ml com bitcoin, moneygram e western union. Os membros da nossa equipe tamb\u00e9m disponibilizar\u00e3o Aliaxin FL 2 x 1ml para venda aqui. Compre Aliaxin FL 2 x 1ml online agora!<\/p>\n<h3 style=\"text-align: justify;\"><strong>Quali sono le caratteristiche di Aliaxin FL 2 x 1ml?<\/strong><\/h3>\n<p style=\"text-align: justify;\">Aliaxin FL 2 x 1ml tem espessura perfeita para o tratamento do territ\u00f3rio labial. A capacidade do gel de se difundir no filme da mucosa labial de forma homog\u00eanea garante um resultado est\u00e9tico adequado para dar aos l\u00e1bios:<\/p>\n<ul style=\"text-align: justify;\">\n<li>Finaliza\u00e7\u00e3o e n\u00e3o abrasividade (impacto hidratante)<\/li>\n<li>proje\u00e7\u00e3o normal<\/li>\n<li>Significado amig\u00e1vel da fronteira vermelh\u00e3o<\/li>\n<li>Caracteriza as formas e aumenta o volume dos l\u00e1bios<\/li>\n<li>Consist\u00eancia perfeita para garantir uma difus\u00e3o homog\u00eanea na mucosa<\/li>\n<li>L\u00e1bios firmes, comissuras orais e rugas periorais com formato ajustado<\/li>\n<li>Excel\u00eancia normal e juventude<\/li>\n<\/ul>\n<h3 style=\"text-align: justify;\"><strong>Pe\u00e7a agora!<\/strong><\/h3>\n<p style=\"text-align: justify;\">Encomende Aliaxin FL 2 x 1ml online na nossa loja online hoje e receba a encomenda completa o mais rapidamente poss\u00edvel no local indicado. N\u00e3o vamos atrasar na entrega do seu produto com certeza. Conecte-se conosco e compre Aliaxin FL 2 x 1ml agora!<\/p>","protected":false},"excerpt":{"rendered":"<table>\n<tbody>\n<tr>\n<td>Tamanho<\/td>\n<td>2x1ml<\/td>\n<\/tr>\n<tr>\n<td>Produto Licenciado<\/td>\n<td>N\u00e3o<\/td>\n<\/tr>\n<tr>\n<td>Registro requerido<\/td>\n<td>N\u00e3o<\/td>\n<\/tr>\n<tr>\n<td>Pa\u00eds Regi\u00e3o<\/td>\n<td>Este produto \u00e9 de origem europeia<\/td>\n<\/tr>\n<\/tbody>\n<\/table>","protected":false},"featured_media":3979,"comment_status":"open","ping_status":"closed","template":"","meta":{"_joinchat":[]},"product_cat":[138,222],"product_tag":[223,224,225,226,227,229,141,230,231,232],"yoast_head":"<!-- This site is optimized with the Yoast SEO plugin v21.3 - https:\/\/yoast.com\/wordpress\/plugins\/seo\/ -->\n<title>Buy Aliaxin FL 2 x 1ml Online | Aliaxin FL for Sale @ Cheap Price<\/title>\n<meta name=\"description\" content=\"You can buy aliaxin FL 2 x1ml online at lowest price from Probeautyaesthetics.Com. Aliaxin FL for Sale with Free Shipping Service.Order Now!\" \/>\n<meta name=\"robots\" content=\"index, follow, max-snippet:-1, max-image-preview:large, max-video-preview:-1\" \/>\n<link rel=\"canonical\" href=\"https:\/\/www.probeautyaesthetics.com\/pt\/produto\/comprar-aliaxin-fl-2-x-1ml-online\/\" \/>\n<meta property=\"og:locale\" content=\"pt_PT\" \/>\n<meta property=\"og:type\" content=\"article\" \/>\n<meta property=\"og:title\" content=\"Buy Aliaxin FL 2 x 1ml Online | Aliaxin FL for Sale @ Cheap Price\" \/>\n<meta property=\"og:description\" content=\"You can buy aliaxin FL 2 x1ml online at lowest price from Probeautyaesthetics.Com. Aliaxin FL for Sale with Free Shipping Service.Order Now!\" \/>\n<meta property=\"og:url\" content=\"https:\/\/www.probeautyaesthetics.com\/pt\/produto\/comprar-aliaxin-fl-2-x-1ml-online\/\" \/>\n<meta property=\"og:site_name\" content=\"Pro Beauty Aesthetics\" \/>\n<meta property=\"article:modified_time\" content=\"2020-01-28T09:10:19+00:00\" \/>\n<meta property=\"og:image\" content=\"https:\/\/www.probeautyaesthetics.com\/wp-content\/uploads\/2019\/11\/Buy-Aliaxin-FL-2-x-1ml-Online.jpg\" \/>\n\t<meta property=\"og:image:width\" content=\"1000\" \/>\n\t<meta property=\"og:image:height\" content=\"1000\" \/>\n\t<meta property=\"og:image:type\" content=\"image\/jpeg\" \/>\n<meta name=\"twitter:card\" content=\"summary_large_image\" \/>\n<meta name=\"twitter:label1\" content=\"Tempo estimado de leitura\" \/>\n\t<meta name=\"twitter:data1\" content=\"1 minuto\" \/>\n<script type=\"application\/ld+json\" class=\"yoast-schema-graph\">{\"@context\":\"https:\/\/schema.org\",\"@graph\":[{\"@type\":\"WebPage\",\"@id\":\"https:\/\/www.probeautyaesthetics.com\/product\/buy-aliaxin-fl-2-x-1ml-online\/\",\"url\":\"https:\/\/www.probeautyaesthetics.com\/product\/buy-aliaxin-fl-2-x-1ml-online\/\",\"name\":\"Buy Aliaxin FL 2 x 1ml Online | Aliaxin FL for Sale @ Cheap Price\",\"isPartOf\":{\"@id\":\"https:\/\/www.probeautyaesthetics.com\/#website\"},\"datePublished\":\"2019-11-14T07:17:52+00:00\",\"dateModified\":\"2020-01-28T09:10:19+00:00\",\"description\":\"You can buy aliaxin FL 2 x1ml online at lowest price from Probeautyaesthetics.Com. Aliaxin FL for Sale with Free Shipping Service.Order Now!\",\"breadcrumb\":{\"@id\":\"https:\/\/www.probeautyaesthetics.com\/product\/buy-aliaxin-fl-2-x-1ml-online\/#breadcrumb\"},\"inLanguage\":\"pt-PT\",\"potentialAction\":[{\"@type\":\"ReadAction\",\"target\":[\"https:\/\/www.probeautyaesthetics.com\/product\/buy-aliaxin-fl-2-x-1ml-online\/\"]}]},{\"@type\":\"BreadcrumbList\",\"@id\":\"https:\/\/www.probeautyaesthetics.com\/product\/buy-aliaxin-fl-2-x-1ml-online\/#breadcrumb\",\"itemListElement\":[{\"@type\":\"ListItem\",\"position\":1,\"name\":\"Home\",\"item\":\"https:\/\/www.probeautyaesthetics.com\/\"},{\"@type\":\"ListItem\",\"position\":2,\"name\":\"Our Products\",\"item\":\"https:\/\/www.probeautyaesthetics.com\/shop\/\"},{\"@type\":\"ListItem\",\"position\":3,\"name\":\"Buy Aliaxin FL 2 x 1ml Online\"}]},{\"@type\":\"WebSite\",\"@id\":\"https:\/\/www.probeautyaesthetics.com\/#website\",\"url\":\"https:\/\/www.probeautyaesthetics.com\/\",\"name\":\"Pro Beauty Aesthetics\",\"description\":\"\",\"publisher\":{\"@id\":\"https:\/\/www.probeautyaesthetics.com\/#organization\"},\"potentialAction\":[{\"@type\":\"SearchAction\",\"target\":{\"@type\":\"EntryPoint\",\"urlTemplate\":\"https:\/\/www.probeautyaesthetics.com\/?s={search_term_string}\"},\"query-input\":\"required name=search_term_string\"}],\"inLanguage\":\"pt-PT\"},{\"@type\":\"Organization\",\"@id\":\"https:\/\/www.probeautyaesthetics.com\/#organization\",\"name\":\"Pro Beauty Aesthetics\",\"url\":\"https:\/\/www.probeautyaesthetics.com\/\",\"logo\":{\"@type\":\"ImageObject\",\"inLanguage\":\"pt-PT\",\"@id\":\"https:\/\/www.probeautyaesthetics.com\/#\/schema\/logo\/image\/\",\"url\":\"https:\/\/www.probeautyaesthetics.com\/wp-content\/uploads\/2019\/11\/logo-1.png\",\"contentUrl\":\"https:\/\/www.probeautyaesthetics.com\/wp-content\/uploads\/2019\/11\/logo-1.png\",\"width\":200,\"height\":50,\"caption\":\"Pro Beauty Aesthetics\"},\"image\":{\"@id\":\"https:\/\/www.probeautyaesthetics.com\/#\/schema\/logo\/image\/\"}}]}<\/script>\n<!-- \/ Yoast SEO plugin. -->","yoast_head_json":{"title":"Buy Aliaxin FL 2 x 1ml Online | Aliaxin FL for Sale @ Cheap Price","description":"You can buy aliaxin FL 2 x1ml online at lowest price from Probeautyaesthetics.Com. Aliaxin FL for Sale with Free Shipping Service.Order Now!","robots":{"index":"index","follow":"follow","max-snippet":"max-snippet:-1","max-image-preview":"max-image-preview:large","max-video-preview":"max-video-preview:-1"},"canonical":"https:\/\/www.probeautyaesthetics.com\/pt\/produto\/comprar-aliaxin-fl-2-x-1ml-online\/","og_locale":"pt_PT","og_type":"article","og_title":"Buy Aliaxin FL 2 x 1ml Online | Aliaxin FL for Sale @ Cheap Price","og_description":"You can buy aliaxin FL 2 x1ml online at lowest price from Probeautyaesthetics.Com. Aliaxin FL for Sale with Free Shipping Service.Order Now!","og_url":"https:\/\/www.probeautyaesthetics.com\/pt\/produto\/comprar-aliaxin-fl-2-x-1ml-online\/","og_site_name":"Pro Beauty Aesthetics","article_modified_time":"2020-01-28T09:10:19+00:00","og_image":[{"width":1000,"height":1000,"url":"https:\/\/www.probeautyaesthetics.com\/wp-content\/uploads\/2019\/11\/Buy-Aliaxin-FL-2-x-1ml-Online.jpg","type":"image\/jpeg"}],"twitter_card":"summary_large_image","twitter_misc":{"Tempo estimado de leitura":"1 minuto"},"schema":{"@context":"https:\/\/schema.org","@graph":[{"@type":"WebPage","@id":"https:\/\/www.probeautyaesthetics.com\/product\/buy-aliaxin-fl-2-x-1ml-online\/","url":"https:\/\/www.probeautyaesthetics.com\/product\/buy-aliaxin-fl-2-x-1ml-online\/","name":"Buy Aliaxin FL 2 x 1ml Online | Aliaxin FL for Sale @ Cheap Price","isPartOf":{"@id":"https:\/\/www.probeautyaesthetics.com\/#website"},"datePublished":"2019-11-14T07:17:52+00:00","dateModified":"2020-01-28T09:10:19+00:00","description":"You can buy aliaxin FL 2 x1ml online at lowest price from Probeautyaesthetics.Com. Aliaxin FL for Sale with Free Shipping Service.Order Now!","breadcrumb":{"@id":"https:\/\/www.probeautyaesthetics.com\/product\/buy-aliaxin-fl-2-x-1ml-online\/#breadcrumb"},"inLanguage":"pt-PT","potentialAction":[{"@type":"ReadAction","target":["https:\/\/www.probeautyaesthetics.com\/product\/buy-aliaxin-fl-2-x-1ml-online\/"]}]},{"@type":"BreadcrumbList","@id":"https:\/\/www.probeautyaesthetics.com\/product\/buy-aliaxin-fl-2-x-1ml-online\/#breadcrumb","itemListElement":[{"@type":"ListItem","position":1,"name":"Home","item":"https:\/\/www.probeautyaesthetics.com\/"},{"@type":"ListItem","position":2,"name":"Our Products","item":"https:\/\/www.probeautyaesthetics.com\/shop\/"},{"@type":"ListItem","position":3,"name":"Buy Aliaxin FL 2 x 1ml Online"}]},{"@type":"WebSite","@id":"https:\/\/www.probeautyaesthetics.com\/#website","url":"https:\/\/www.probeautyaesthetics.com\/","name":"Pro Beauty Aesthetics","description":"","publisher":{"@id":"https:\/\/www.probeautyaesthetics.com\/#organization"},"potentialAction":[{"@type":"SearchAction","target":{"@type":"EntryPoint","urlTemplate":"https:\/\/www.probeautyaesthetics.com\/?s={search_term_string}"},"query-input":"required name=search_term_string"}],"inLanguage":"pt-PT"},{"@type":"Organization","@id":"https:\/\/www.probeautyaesthetics.com\/#organization","name":"Pro Beauty Aesthetics","url":"https:\/\/www.probeautyaesthetics.com\/","logo":{"@type":"ImageObject","inLanguage":"pt-PT","@id":"https:\/\/www.probeautyaesthetics.com\/#\/schema\/logo\/image\/","url":"https:\/\/www.probeautyaesthetics.com\/wp-content\/uploads\/2019\/11\/logo-1.png","contentUrl":"https:\/\/www.probeautyaesthetics.com\/wp-content\/uploads\/2019\/11\/logo-1.png","width":200,"height":50,"caption":"Pro Beauty Aesthetics"},"image":{"@id":"https:\/\/www.probeautyaesthetics.com\/#\/schema\/logo\/image\/"}}]}},"_links":{"self":[{"href":"https:\/\/www.probeautyaesthetics.com\/pt\/wp-json\/wp\/v2\/product\/3969"}],"collection":[{"href":"https:\/\/www.probeautyaesthetics.com\/pt\/wp-json\/wp\/v2\/product"}],"about":[{"href":"https:\/\/www.probeautyaesthetics.com\/pt\/wp-json\/wp\/v2\/types\/product"}],"replies":[{"embeddable":true,"href":"https:\/\/www.probeautyaesthetics.com\/pt\/wp-json\/wp\/v2\/comments?post=3969"}],"wp:featuredmedia":[{"embeddable":true,"href":"https:\/\/www.probeautyaesthetics.com\/pt\/wp-json\/wp\/v2\/media\/3979"}],"wp:attachment":[{"href":"https:\/\/www.probeautyaesthetics.com\/pt\/wp-json\/wp\/v2\/media?parent=3969"}],"wp:term":[{"taxonomy":"product_cat","embeddable":true,"href":"https:\/\/www.probeautyaesthetics.com\/pt\/wp-json\/wp\/v2\/product_cat?post=3969"},{"taxonomy":"product_tag","embeddable":true,"href":"https:\/\/www.probeautyaesthetics.com\/pt\/wp-json\/wp\/v2\/product_tag?post=3969"}],"curies":[{"name":"wp","href":"https:\/\/api.w.org\/{rel}","templated":true}]}}