{"id":3992,"date":"2019-11-14T07:18:01","date_gmt":"2019-11-14T07:18:01","guid":{"rendered":"https:\/\/www.safeonlinechemist.com\/dermalfillers\/product\/import-placeholder-for-5764\/"},"modified":"2020-01-28T09:16:05","modified_gmt":"2020-01-28T09:16:05","slug":"buy-alidya-340mg-5-vials","status":"publish","type":"product","link":"https:\/\/www.probeautyaesthetics.com\/pt\/produto\/comprar-alidya-340mg-5-frascos\/","title":{"rendered":"Compre Alidya 340 mg 5 frascos online"},"content":{"rendered":"<h2 style=\"text-align: justify;\">Compre Alidya 340 mg 5 frascos on-line a pre\u00e7o barato<\/h2>\n<p style=\"text-align: justify;\">Com a ajuda da Pro Beauty Aesthetics, agora voc\u00ea pode comprar Alidya 340mg 5 Vials a pre\u00e7os baratos. Tamb\u00e9m estamos dispon\u00edveis com Alidya 340 mg 5 frascos para venda. Voc\u00ea pode acertar seu pedido para comprar Alidya 340mg 5 Vials com bitcoin, moneygram e western union. Ao receber os detalhes do seu pedido sobre Alidya 340mg 5 Vials on-line, n\u00f3s o enviaremos em breve!<\/p>\n<h3 style=\"text-align: justify;\">O que \u00e9 Alidya 340 mg 5 frascos e sua efic\u00e1cia?<\/h3>\n<p style=\"text-align: justify;\">Alidya \u00e9 a principal operadora de mesoterapia do planeta, alistada como um aparelho contra a celulite. A medica\u00e7\u00e3o elimina os resultados da lipodistrofia gin\u00f3ide, mas tamb\u00e9m suas causas. Depois de algumas estrat\u00e9gias, a ajuda \u00e9 nivelada e o tom da pele melhora; os territ\u00f3rios de infus\u00e3o parecem mais tensos.<\/p>\n<ul style=\"text-align: justify;\">\n<li>Padroniza\u00e7\u00e3o do fluxo linf\u00e1tico, melhora da microcircula\u00e7\u00e3o na zona remediada<\/li>\n<li>Fortalecimento do suprimento de oxig\u00eanio da epiderme<\/li>\n<li>Aumento da velocidade de digest\u00e3o nos tecidos e, assim, dissolu\u00e7\u00e3o din\u00e2mica e descarga dos resultados da a\u00e7\u00e3o fundamental da c\u00e9lula<\/li>\n<li>Standardizzazione del pH del derma<\/li>\n<li>Arranjo de al\u00edvio, o incremento do tom da pele<\/li>\n<li>Repara\u00e7\u00e3o do volume de zonas problem\u00e1ticas<\/li>\n<\/ul>\n<h3 style=\"text-align: justify;\">Pe\u00e7a agora!<\/h3>\n<p style=\"text-align: justify;\">Encomende Alidya 340mg 5 Vials agora na nossa loja online e receba-o num curto espa\u00e7o de tempo no local indicado!<\/p>","protected":false},"excerpt":{"rendered":"<p>Produto original;<br \/>\nPre\u00e7o baixo Alidya 340 mg 5 frascos<br \/>\nEntrega r\u00e1pida;<\/p>","protected":false},"featured_media":4012,"comment_status":"open","ping_status":"closed","template":"","meta":{"_joinchat":[]},"product_cat":[138,235],"product_tag":[236],"yoast_head":"<!-- This site is optimized with the Yoast SEO plugin v21.3 - https:\/\/yoast.com\/wordpress\/plugins\/seo\/ -->\n<title>Buy Alidya 340mg 5 Vials Online | Alidya Vials for Sale @ Cheap Price<\/title>\n<meta name=\"description\" content=\"You can buy alidya 340mg 5 vials online at lowest price from Probeautyaesthetics.Com. Alidya Vials for Sale with Free Shipping Service.Order Now!\" \/>\n<meta name=\"robots\" content=\"index, follow, max-snippet:-1, max-image-preview:large, max-video-preview:-1\" \/>\n<link rel=\"canonical\" href=\"https:\/\/www.probeautyaesthetics.com\/pt\/produto\/comprar-alidya-340mg-5-frascos\/\" \/>\n<meta property=\"og:locale\" content=\"pt_PT\" \/>\n<meta property=\"og:type\" content=\"article\" \/>\n<meta property=\"og:title\" content=\"Buy Alidya 340mg 5 Vials Online | Alidya Vials for Sale @ Cheap Price\" \/>\n<meta property=\"og:description\" content=\"You can buy alidya 340mg 5 vials online at lowest price from Probeautyaesthetics.Com. Alidya Vials for Sale with Free Shipping Service.Order Now!\" \/>\n<meta property=\"og:url\" content=\"https:\/\/www.probeautyaesthetics.com\/pt\/produto\/comprar-alidya-340mg-5-frascos\/\" \/>\n<meta property=\"og:site_name\" content=\"Pro Beauty Aesthetics\" \/>\n<meta property=\"article:modified_time\" content=\"2020-01-28T09:16:05+00:00\" \/>\n<meta property=\"og:image\" content=\"https:\/\/www.probeautyaesthetics.com\/wp-content\/uploads\/2019\/11\/Buy-Alidya-340mg-5-Vials.jpg\" \/>\n\t<meta property=\"og:image:width\" content=\"640\" \/>\n\t<meta property=\"og:image:height\" content=\"640\" \/>\n\t<meta property=\"og:image:type\" content=\"image\/jpeg\" \/>\n<meta name=\"twitter:card\" content=\"summary_large_image\" \/>\n<meta name=\"twitter:label1\" content=\"Tempo estimado de leitura\" \/>\n\t<meta name=\"twitter:data1\" content=\"1 minuto\" \/>\n<script type=\"application\/ld+json\" class=\"yoast-schema-graph\">{\"@context\":\"https:\/\/schema.org\",\"@graph\":[{\"@type\":\"WebPage\",\"@id\":\"https:\/\/www.probeautyaesthetics.com\/product\/buy-alidya-340mg-5-vials\/\",\"url\":\"https:\/\/www.probeautyaesthetics.com\/product\/buy-alidya-340mg-5-vials\/\",\"name\":\"Buy Alidya 340mg 5 Vials Online | Alidya Vials for Sale @ Cheap Price\",\"isPartOf\":{\"@id\":\"https:\/\/www.probeautyaesthetics.com\/#website\"},\"datePublished\":\"2019-11-14T07:18:01+00:00\",\"dateModified\":\"2020-01-28T09:16:05+00:00\",\"description\":\"You can buy alidya 340mg 5 vials online at lowest price from Probeautyaesthetics.Com. Alidya Vials for Sale with Free Shipping Service.Order Now!\",\"breadcrumb\":{\"@id\":\"https:\/\/www.probeautyaesthetics.com\/product\/buy-alidya-340mg-5-vials\/#breadcrumb\"},\"inLanguage\":\"pt-PT\",\"potentialAction\":[{\"@type\":\"ReadAction\",\"target\":[\"https:\/\/www.probeautyaesthetics.com\/product\/buy-alidya-340mg-5-vials\/\"]}]},{\"@type\":\"BreadcrumbList\",\"@id\":\"https:\/\/www.probeautyaesthetics.com\/product\/buy-alidya-340mg-5-vials\/#breadcrumb\",\"itemListElement\":[{\"@type\":\"ListItem\",\"position\":1,\"name\":\"Home\",\"item\":\"https:\/\/www.probeautyaesthetics.com\/\"},{\"@type\":\"ListItem\",\"position\":2,\"name\":\"Our Products\",\"item\":\"https:\/\/www.probeautyaesthetics.com\/shop\/\"},{\"@type\":\"ListItem\",\"position\":3,\"name\":\"Buy Alidya 340mg 5 Vials Online\"}]},{\"@type\":\"WebSite\",\"@id\":\"https:\/\/www.probeautyaesthetics.com\/#website\",\"url\":\"https:\/\/www.probeautyaesthetics.com\/\",\"name\":\"Pro Beauty Aesthetics\",\"description\":\"\",\"publisher\":{\"@id\":\"https:\/\/www.probeautyaesthetics.com\/#organization\"},\"potentialAction\":[{\"@type\":\"SearchAction\",\"target\":{\"@type\":\"EntryPoint\",\"urlTemplate\":\"https:\/\/www.probeautyaesthetics.com\/?s={search_term_string}\"},\"query-input\":\"required name=search_term_string\"}],\"inLanguage\":\"pt-PT\"},{\"@type\":\"Organization\",\"@id\":\"https:\/\/www.probeautyaesthetics.com\/#organization\",\"name\":\"Pro Beauty Aesthetics\",\"url\":\"https:\/\/www.probeautyaesthetics.com\/\",\"logo\":{\"@type\":\"ImageObject\",\"inLanguage\":\"pt-PT\",\"@id\":\"https:\/\/www.probeautyaesthetics.com\/#\/schema\/logo\/image\/\",\"url\":\"https:\/\/www.probeautyaesthetics.com\/wp-content\/uploads\/2019\/11\/logo-1.png\",\"contentUrl\":\"https:\/\/www.probeautyaesthetics.com\/wp-content\/uploads\/2019\/11\/logo-1.png\",\"width\":200,\"height\":50,\"caption\":\"Pro Beauty Aesthetics\"},\"image\":{\"@id\":\"https:\/\/www.probeautyaesthetics.com\/#\/schema\/logo\/image\/\"}}]}<\/script>\n<!-- \/ Yoast SEO plugin. -->","yoast_head_json":{"title":"Buy Alidya 340mg 5 Vials Online | Alidya Vials for Sale @ Cheap Price","description":"You can buy alidya 340mg 5 vials online at lowest price from Probeautyaesthetics.Com. Alidya Vials for Sale with Free Shipping Service.Order Now!","robots":{"index":"index","follow":"follow","max-snippet":"max-snippet:-1","max-image-preview":"max-image-preview:large","max-video-preview":"max-video-preview:-1"},"canonical":"https:\/\/www.probeautyaesthetics.com\/pt\/produto\/comprar-alidya-340mg-5-frascos\/","og_locale":"pt_PT","og_type":"article","og_title":"Buy Alidya 340mg 5 Vials Online | Alidya Vials for Sale @ Cheap Price","og_description":"You can buy alidya 340mg 5 vials online at lowest price from Probeautyaesthetics.Com. Alidya Vials for Sale with Free Shipping Service.Order Now!","og_url":"https:\/\/www.probeautyaesthetics.com\/pt\/produto\/comprar-alidya-340mg-5-frascos\/","og_site_name":"Pro Beauty Aesthetics","article_modified_time":"2020-01-28T09:16:05+00:00","og_image":[{"width":640,"height":640,"url":"https:\/\/www.probeautyaesthetics.com\/wp-content\/uploads\/2019\/11\/Buy-Alidya-340mg-5-Vials.jpg","type":"image\/jpeg"}],"twitter_card":"summary_large_image","twitter_misc":{"Tempo estimado de leitura":"1 minuto"},"schema":{"@context":"https:\/\/schema.org","@graph":[{"@type":"WebPage","@id":"https:\/\/www.probeautyaesthetics.com\/product\/buy-alidya-340mg-5-vials\/","url":"https:\/\/www.probeautyaesthetics.com\/product\/buy-alidya-340mg-5-vials\/","name":"Buy Alidya 340mg 5 Vials Online | Alidya Vials for Sale @ Cheap Price","isPartOf":{"@id":"https:\/\/www.probeautyaesthetics.com\/#website"},"datePublished":"2019-11-14T07:18:01+00:00","dateModified":"2020-01-28T09:16:05+00:00","description":"You can buy alidya 340mg 5 vials online at lowest price from Probeautyaesthetics.Com. Alidya Vials for Sale with Free Shipping Service.Order Now!","breadcrumb":{"@id":"https:\/\/www.probeautyaesthetics.com\/product\/buy-alidya-340mg-5-vials\/#breadcrumb"},"inLanguage":"pt-PT","potentialAction":[{"@type":"ReadAction","target":["https:\/\/www.probeautyaesthetics.com\/product\/buy-alidya-340mg-5-vials\/"]}]},{"@type":"BreadcrumbList","@id":"https:\/\/www.probeautyaesthetics.com\/product\/buy-alidya-340mg-5-vials\/#breadcrumb","itemListElement":[{"@type":"ListItem","position":1,"name":"Home","item":"https:\/\/www.probeautyaesthetics.com\/"},{"@type":"ListItem","position":2,"name":"Our Products","item":"https:\/\/www.probeautyaesthetics.com\/shop\/"},{"@type":"ListItem","position":3,"name":"Buy Alidya 340mg 5 Vials Online"}]},{"@type":"WebSite","@id":"https:\/\/www.probeautyaesthetics.com\/#website","url":"https:\/\/www.probeautyaesthetics.com\/","name":"Pro Beauty Aesthetics","description":"","publisher":{"@id":"https:\/\/www.probeautyaesthetics.com\/#organization"},"potentialAction":[{"@type":"SearchAction","target":{"@type":"EntryPoint","urlTemplate":"https:\/\/www.probeautyaesthetics.com\/?s={search_term_string}"},"query-input":"required name=search_term_string"}],"inLanguage":"pt-PT"},{"@type":"Organization","@id":"https:\/\/www.probeautyaesthetics.com\/#organization","name":"Pro Beauty Aesthetics","url":"https:\/\/www.probeautyaesthetics.com\/","logo":{"@type":"ImageObject","inLanguage":"pt-PT","@id":"https:\/\/www.probeautyaesthetics.com\/#\/schema\/logo\/image\/","url":"https:\/\/www.probeautyaesthetics.com\/wp-content\/uploads\/2019\/11\/logo-1.png","contentUrl":"https:\/\/www.probeautyaesthetics.com\/wp-content\/uploads\/2019\/11\/logo-1.png","width":200,"height":50,"caption":"Pro Beauty Aesthetics"},"image":{"@id":"https:\/\/www.probeautyaesthetics.com\/#\/schema\/logo\/image\/"}}]}},"_links":{"self":[{"href":"https:\/\/www.probeautyaesthetics.com\/pt\/wp-json\/wp\/v2\/product\/3992"}],"collection":[{"href":"https:\/\/www.probeautyaesthetics.com\/pt\/wp-json\/wp\/v2\/product"}],"about":[{"href":"https:\/\/www.probeautyaesthetics.com\/pt\/wp-json\/wp\/v2\/types\/product"}],"replies":[{"embeddable":true,"href":"https:\/\/www.probeautyaesthetics.com\/pt\/wp-json\/wp\/v2\/comments?post=3992"}],"wp:featuredmedia":[{"embeddable":true,"href":"https:\/\/www.probeautyaesthetics.com\/pt\/wp-json\/wp\/v2\/media\/4012"}],"wp:attachment":[{"href":"https:\/\/www.probeautyaesthetics.com\/pt\/wp-json\/wp\/v2\/media?parent=3992"}],"wp:term":[{"taxonomy":"product_cat","embeddable":true,"href":"https:\/\/www.probeautyaesthetics.com\/pt\/wp-json\/wp\/v2\/product_cat?post=3992"},{"taxonomy":"product_tag","embeddable":true,"href":"https:\/\/www.probeautyaesthetics.com\/pt\/wp-json\/wp\/v2\/product_tag?post=3992"}],"curies":[{"name":"wp","href":"https:\/\/api.w.org\/{rel}","templated":true}]}}