{"id":4284,"date":"2019-11-14T07:19:31","date_gmt":"2019-11-14T07:19:31","guid":{"rendered":"https:\/\/www.safeonlinechemist.com\/dermalfillers\/product\/import-placeholder-for-6187\/"},"modified":"2020-02-12T15:42:37","modified_gmt":"2020-02-12T15:42:37","slug":"buy-neauvia-intense-flux-1-x-1ml","status":"publish","type":"product","link":"https:\/\/www.probeautyaesthetics.com\/pt\/produto\/buy-neauvia-intense-flux-1-x-1ml\/","title":{"rendered":"Comprar Neauvia Intense Flux 1 x 1ml"},"content":{"rendered":"<h2 style=\"text-align: justify;\">Comprar Neauvia Intense Flux 1 x 1ml na loja online profissional<\/h2>\n<p style=\"text-align: justify;\">Pro Beauty Aesthetics est\u00e1 sempre aqui para lhe oferecer Neauvia Intense Flux 1 x 1ml para venda. Aqui, voc\u00ea pode comprar Neauvia Intense Flux 1 x 1ml com bitcoin, moneygram e western union. A sua encomenda para Neauvia Intense Flux 1 x 1ml online chegar\u00e1 a si em breve. Conecte-se \u00e0 nossa loja online e compre Neauvia Intense Flux 1 x 1ml a um pre\u00e7o barato hoje mesmo!<\/p>\n<h3 style=\"text-align: justify;\">Quais os benef\u00edcios do Neauvia Intense Flux 1 x 1ml para si?<\/h3>\n<p style=\"text-align: justify;\">Neauvia Organic Intense Flux \u00e9 um preenchimento natural com baixa viscoelasticidade e elevada bio-integra\u00e7\u00e3o. O Neauvia Organic Intense Flux foi planeado para a reconstru\u00e7\u00e3o profunda do volume dos tecidos em peles moderadas e enfaticamente maduras. \u00c9 adequado para inje\u00e7\u00e3o na camada intrad\u00e9rmica.<\/p>\n<ul style=\"text-align: justify;\">\n<li>Alta converg\u00eancia de HA e baixa viscoelasticidade<\/li>\n<li>Recupera\u00e7\u00e3o do volume dos tecidos profundos<\/li>\n<li>Regi\u00f5es de tratamento: sulcos nasolabiais, aumento dos l\u00e1bios, formas faciais, queixo e bochechas<\/li>\n<li>Os resultados s\u00e3o o momento do tratamento principal.<\/li>\n<li>A biodegrada\u00e7\u00e3o moderada implica que os resultados s\u00e3o geralmente duradouros.<\/li>\n<\/ul>\n<h3 style=\"text-align: justify;\">Pe\u00e7a agora!<\/h3>\n<p style=\"text-align: justify;\">Envie seus requisitos para comprar Neauvia Intense Flux 1 x 1ml online em nossa loja e espere sua conclus\u00e3o em um curto espa\u00e7o de tempo. Iremos fornecer-lhe o seu produto de forma conveniente. Encomende Neauvia Intense Flux 1 x 1ml agora e comece a usar para seus benef\u00edcios.<\/p>","protected":false},"excerpt":{"rendered":"<table>\n<tbody>\n<tr>\n<td>Tamanho<\/td>\n<td>1ml<\/td>\n<\/tr>\n<tr>\n<td>Produto Licenciado<\/td>\n<td>N\u00e3o<\/td>\n<\/tr>\n<tr>\n<td>Registro requerido<\/td>\n<td>N\u00e3o<\/td>\n<\/tr>\n<tr>\n<td>Pa\u00eds Regi\u00e3o<\/td>\n<td>Este produto \u00e9 de origem europeia<\/td>\n<\/tr>\n<\/tbody>\n<\/table>","protected":false},"featured_media":4296,"comment_status":"open","ping_status":"closed","template":"","meta":{"_joinchat":[]},"product_cat":[138,340],"product_tag":[341,342,343,344,345,346,347,348,349,350,351],"yoast_head":"<!-- This site is optimized with the Yoast SEO plugin v21.3 - https:\/\/yoast.com\/wordpress\/plugins\/seo\/ -->\n<title>Buy Neauvia Intense Flux 1 x 1ml - Pro Beauty Aesthetics<\/title>\n<meta name=\"robots\" content=\"index, follow, max-snippet:-1, max-image-preview:large, max-video-preview:-1\" \/>\n<link rel=\"canonical\" href=\"https:\/\/www.probeautyaesthetics.com\/pt\/produto\/buy-neauvia-intense-flux-1-x-1ml\/\" \/>\n<meta property=\"og:locale\" content=\"pt_PT\" \/>\n<meta property=\"og:type\" content=\"article\" \/>\n<meta property=\"og:title\" content=\"Buy Neauvia Intense Flux 1 x 1ml - Pro Beauty Aesthetics\" \/>\n<meta property=\"og:description\" content=\"Size 1ml   Licensed Product No   Registration Required No   Country Region This product is of European origin\" \/>\n<meta property=\"og:url\" content=\"https:\/\/www.probeautyaesthetics.com\/pt\/produto\/buy-neauvia-intense-flux-1-x-1ml\/\" \/>\n<meta property=\"og:site_name\" content=\"Pro Beauty Aesthetics\" \/>\n<meta property=\"article:modified_time\" content=\"2020-02-12T15:42:37+00:00\" \/>\n<meta property=\"og:image\" content=\"https:\/\/www.probeautyaesthetics.com\/wp-content\/uploads\/2019\/11\/Buy-Neauvia-Intense-Flux-1-x-1ml.jpg\" \/>\n\t<meta property=\"og:image:width\" content=\"528\" \/>\n\t<meta property=\"og:image:height\" content=\"545\" \/>\n\t<meta property=\"og:image:type\" content=\"image\/jpeg\" \/>\n<meta name=\"twitter:card\" content=\"summary_large_image\" \/>\n<meta name=\"twitter:label1\" content=\"Tempo estimado de leitura\" \/>\n\t<meta name=\"twitter:data1\" content=\"1 minuto\" \/>\n<script type=\"application\/ld+json\" class=\"yoast-schema-graph\">{\"@context\":\"https:\/\/schema.org\",\"@graph\":[{\"@type\":\"WebPage\",\"@id\":\"https:\/\/www.probeautyaesthetics.com\/product\/buy-neauvia-intense-flux-1-x-1ml\/\",\"url\":\"https:\/\/www.probeautyaesthetics.com\/product\/buy-neauvia-intense-flux-1-x-1ml\/\",\"name\":\"Buy Neauvia Intense Flux 1 x 1ml - Pro Beauty Aesthetics\",\"isPartOf\":{\"@id\":\"https:\/\/www.probeautyaesthetics.com\/#website\"},\"datePublished\":\"2019-11-14T07:19:31+00:00\",\"dateModified\":\"2020-02-12T15:42:37+00:00\",\"breadcrumb\":{\"@id\":\"https:\/\/www.probeautyaesthetics.com\/product\/buy-neauvia-intense-flux-1-x-1ml\/#breadcrumb\"},\"inLanguage\":\"pt-PT\",\"potentialAction\":[{\"@type\":\"ReadAction\",\"target\":[\"https:\/\/www.probeautyaesthetics.com\/product\/buy-neauvia-intense-flux-1-x-1ml\/\"]}]},{\"@type\":\"BreadcrumbList\",\"@id\":\"https:\/\/www.probeautyaesthetics.com\/product\/buy-neauvia-intense-flux-1-x-1ml\/#breadcrumb\",\"itemListElement\":[{\"@type\":\"ListItem\",\"position\":1,\"name\":\"Home\",\"item\":\"https:\/\/www.probeautyaesthetics.com\/\"},{\"@type\":\"ListItem\",\"position\":2,\"name\":\"Our Products\",\"item\":\"https:\/\/www.probeautyaesthetics.com\/shop\/\"},{\"@type\":\"ListItem\",\"position\":3,\"name\":\"Buy Neauvia Intense Flux 1 x 1ml\"}]},{\"@type\":\"WebSite\",\"@id\":\"https:\/\/www.probeautyaesthetics.com\/#website\",\"url\":\"https:\/\/www.probeautyaesthetics.com\/\",\"name\":\"Pro Beauty Aesthetics\",\"description\":\"\",\"publisher\":{\"@id\":\"https:\/\/www.probeautyaesthetics.com\/#organization\"},\"potentialAction\":[{\"@type\":\"SearchAction\",\"target\":{\"@type\":\"EntryPoint\",\"urlTemplate\":\"https:\/\/www.probeautyaesthetics.com\/?s={search_term_string}\"},\"query-input\":\"required name=search_term_string\"}],\"inLanguage\":\"pt-PT\"},{\"@type\":\"Organization\",\"@id\":\"https:\/\/www.probeautyaesthetics.com\/#organization\",\"name\":\"Pro Beauty Aesthetics\",\"url\":\"https:\/\/www.probeautyaesthetics.com\/\",\"logo\":{\"@type\":\"ImageObject\",\"inLanguage\":\"pt-PT\",\"@id\":\"https:\/\/www.probeautyaesthetics.com\/#\/schema\/logo\/image\/\",\"url\":\"https:\/\/www.probeautyaesthetics.com\/wp-content\/uploads\/2019\/11\/logo-1.png\",\"contentUrl\":\"https:\/\/www.probeautyaesthetics.com\/wp-content\/uploads\/2019\/11\/logo-1.png\",\"width\":200,\"height\":50,\"caption\":\"Pro Beauty Aesthetics\"},\"image\":{\"@id\":\"https:\/\/www.probeautyaesthetics.com\/#\/schema\/logo\/image\/\"}}]}<\/script>\n<!-- \/ Yoast SEO plugin. -->","yoast_head_json":{"title":"Buy Neauvia Intense Flux 1 x 1ml - Pro Beauty Aesthetics","robots":{"index":"index","follow":"follow","max-snippet":"max-snippet:-1","max-image-preview":"max-image-preview:large","max-video-preview":"max-video-preview:-1"},"canonical":"https:\/\/www.probeautyaesthetics.com\/pt\/produto\/buy-neauvia-intense-flux-1-x-1ml\/","og_locale":"pt_PT","og_type":"article","og_title":"Buy Neauvia Intense Flux 1 x 1ml - Pro Beauty Aesthetics","og_description":"Size 1ml   Licensed Product No   Registration Required No   Country Region This product is of European origin","og_url":"https:\/\/www.probeautyaesthetics.com\/pt\/produto\/buy-neauvia-intense-flux-1-x-1ml\/","og_site_name":"Pro Beauty Aesthetics","article_modified_time":"2020-02-12T15:42:37+00:00","og_image":[{"width":528,"height":545,"url":"https:\/\/www.probeautyaesthetics.com\/wp-content\/uploads\/2019\/11\/Buy-Neauvia-Intense-Flux-1-x-1ml.jpg","type":"image\/jpeg"}],"twitter_card":"summary_large_image","twitter_misc":{"Tempo estimado de leitura":"1 minuto"},"schema":{"@context":"https:\/\/schema.org","@graph":[{"@type":"WebPage","@id":"https:\/\/www.probeautyaesthetics.com\/product\/buy-neauvia-intense-flux-1-x-1ml\/","url":"https:\/\/www.probeautyaesthetics.com\/product\/buy-neauvia-intense-flux-1-x-1ml\/","name":"Buy Neauvia Intense Flux 1 x 1ml - Pro Beauty Aesthetics","isPartOf":{"@id":"https:\/\/www.probeautyaesthetics.com\/#website"},"datePublished":"2019-11-14T07:19:31+00:00","dateModified":"2020-02-12T15:42:37+00:00","breadcrumb":{"@id":"https:\/\/www.probeautyaesthetics.com\/product\/buy-neauvia-intense-flux-1-x-1ml\/#breadcrumb"},"inLanguage":"pt-PT","potentialAction":[{"@type":"ReadAction","target":["https:\/\/www.probeautyaesthetics.com\/product\/buy-neauvia-intense-flux-1-x-1ml\/"]}]},{"@type":"BreadcrumbList","@id":"https:\/\/www.probeautyaesthetics.com\/product\/buy-neauvia-intense-flux-1-x-1ml\/#breadcrumb","itemListElement":[{"@type":"ListItem","position":1,"name":"Home","item":"https:\/\/www.probeautyaesthetics.com\/"},{"@type":"ListItem","position":2,"name":"Our Products","item":"https:\/\/www.probeautyaesthetics.com\/shop\/"},{"@type":"ListItem","position":3,"name":"Buy Neauvia Intense Flux 1 x 1ml"}]},{"@type":"WebSite","@id":"https:\/\/www.probeautyaesthetics.com\/#website","url":"https:\/\/www.probeautyaesthetics.com\/","name":"Pro Beauty Aesthetics","description":"","publisher":{"@id":"https:\/\/www.probeautyaesthetics.com\/#organization"},"potentialAction":[{"@type":"SearchAction","target":{"@type":"EntryPoint","urlTemplate":"https:\/\/www.probeautyaesthetics.com\/?s={search_term_string}"},"query-input":"required name=search_term_string"}],"inLanguage":"pt-PT"},{"@type":"Organization","@id":"https:\/\/www.probeautyaesthetics.com\/#organization","name":"Pro Beauty Aesthetics","url":"https:\/\/www.probeautyaesthetics.com\/","logo":{"@type":"ImageObject","inLanguage":"pt-PT","@id":"https:\/\/www.probeautyaesthetics.com\/#\/schema\/logo\/image\/","url":"https:\/\/www.probeautyaesthetics.com\/wp-content\/uploads\/2019\/11\/logo-1.png","contentUrl":"https:\/\/www.probeautyaesthetics.com\/wp-content\/uploads\/2019\/11\/logo-1.png","width":200,"height":50,"caption":"Pro Beauty Aesthetics"},"image":{"@id":"https:\/\/www.probeautyaesthetics.com\/#\/schema\/logo\/image\/"}}]}},"_links":{"self":[{"href":"https:\/\/www.probeautyaesthetics.com\/pt\/wp-json\/wp\/v2\/product\/4284"}],"collection":[{"href":"https:\/\/www.probeautyaesthetics.com\/pt\/wp-json\/wp\/v2\/product"}],"about":[{"href":"https:\/\/www.probeautyaesthetics.com\/pt\/wp-json\/wp\/v2\/types\/product"}],"replies":[{"embeddable":true,"href":"https:\/\/www.probeautyaesthetics.com\/pt\/wp-json\/wp\/v2\/comments?post=4284"}],"wp:featuredmedia":[{"embeddable":true,"href":"https:\/\/www.probeautyaesthetics.com\/pt\/wp-json\/wp\/v2\/media\/4296"}],"wp:attachment":[{"href":"https:\/\/www.probeautyaesthetics.com\/pt\/wp-json\/wp\/v2\/media?parent=4284"}],"wp:term":[{"taxonomy":"product_cat","embeddable":true,"href":"https:\/\/www.probeautyaesthetics.com\/pt\/wp-json\/wp\/v2\/product_cat?post=4284"},{"taxonomy":"product_tag","embeddable":true,"href":"https:\/\/www.probeautyaesthetics.com\/pt\/wp-json\/wp\/v2\/product_tag?post=4284"}],"curies":[{"name":"wp","href":"https:\/\/api.w.org\/{rel}","templated":true}]}}