{"id":4798,"date":"2019-11-14T07:22:08","date_gmt":"2019-11-14T07:22:08","guid":{"rendered":"https:\/\/www.safeonlinechemist.com\/dermalfillers\/product\/import-placeholder-for-6800\/"},"modified":"2020-03-16T08:09:10","modified_gmt":"2020-03-16T08:09:10","slug":"buy-durolane-60mg-3ml","status":"publish","type":"product","link":"https:\/\/www.probeautyaesthetics.com\/pt\/produto\/buy-durolane-60mg-3ml\/","title":{"rendered":"Comprar Durolane 60mg - 3ml Online"},"content":{"rendered":"<h2 style=\"text-align: justify;\"><strong>Comprar Durolane 60mg - 3ml aos melhores profissionais<\/strong><\/h2>\n<p style=\"text-align: justify;\">Para comprar Durolane 60mg - 3ml online, voc\u00ea pode se conectar com Pro Beauty Aesthetics. Estamos aqui para ajud\u00e1-lo a comprar Durolane 60mg - 3ml com bitcoin, moneygram e western union. O Durolane 60mg - 3ml para venda chegar\u00e1 a voc\u00ea no seu destino preferido pelos especialistas. Encomendar Durolane 60mg - 3ml agora!<\/p>\n<h3 style=\"text-align: justify;\"><strong>O que \u00e9 Durolane 60mg - 3ml e quais os seus benef\u00edcios?<\/strong><\/h3>\n<p style=\"text-align: justify;\">Durolane 60mg - 3ml pode ajudar pacientes que t\u00eam sintomas de osteoartrite, por exemplo, dor no joelho, quadril ou outras articula\u00e7\u00f5es. No momento em que outros tratamentos de osteoartrite, por exemplo, como tratamento n\u00e3o intrusivo, exerc\u00edcio e medicamentos para a dor, se tornaram menos bem sucedidos, pode utilizar Durolane para suplantar ou melhorar estes outros tratamentos para dar aos seus pacientes o al\u00edvio mais extremo da dor.<\/p>\n<ul style=\"text-align: justify;\">\n<li>Durolane 60mg- 3ml permite aos doentes com osteoartrite aliviar as suas dores e outros sintomas.<\/li>\n<li>Isto evita que os ossos se esfreguem uns nos outros e causem agravamento e dor, permitindo que os seus doentes se movimentem mais confortavelmente ap\u00f3s a inje\u00e7\u00e3o de Durolane.<\/li>\n<li>Prestar assist\u00eancia aos doentes que apresentam sintomas de osteoartrite.<\/li>\n<\/ul>\n<h3 style=\"text-align: justify;\"><strong>Encomende as suas necessidades!<\/strong><\/h3>\n<p style=\"text-align: justify;\">Agora voc\u00ea pode colocar em seu pedido conosco e Durolane 60mg - 3ml a pre\u00e7o barato. N\u00f3s entregaremos suas necessidades \u00e0 sua porta em breve. Ligue-se \u00e0 nossa loja online agora!<\/p>\n<p>comprar durolane 60mg - 3ml online, durolane 60mg - 3ml para venda, durolane 60mg - 3ml para venda eua, comprar durolane 60mg - 3ml real online, onde comprar durolane 60mg - 3ml, comprar durolane 60mg - 3ml online, comprar durolane 60mg - 3ml espanha, durolane 60mg - 3ml para venda ucr\u00e2nia, durolane 60mg - 3ml para venda canad\u00e1, durolane 60mg - 3ml para venda europa, comprar durolane 60mg - 3ml online legal, comprar durolane 60mg - 3ml online com bitcoin, comprar durolane 60mg - 3ml online com moneygram, durolane 60mg - 3ml para venda com western union, como comprar durolane 60mg - 3ml online, comprar durolane 60mg - 3ml a pre\u00e7o barato, comprar durolane 60mg - 3ml real online, encomendar durolane 60mg - 3ml online, mail durolane 60mg - 3ml, pode encomendar durolane 60mg - 3ml nos eua, canada, europa, it\u00e1lia.<\/p>","protected":false},"excerpt":{"rendered":"<p>Buy Durolane 60mg \u2013 3ml From The Top Professionals To buy Durolane 60mg \u2013 3ml online, you can connect with Pro Beauty Aesthetics. We are here to support you buy<\/p>","protected":false},"featured_media":4821,"comment_status":"open","ping_status":"closed","template":"","meta":{"_joinchat":[]},"product_cat":[521],"product_tag":[522,963,949,959,960,954,523,524,952,958,658,950,956,957,955,951,961,659,962,660,965,964,525,953,526,966],"yoast_head":"<!-- This site is optimized with the Yoast SEO plugin v21.3 - https:\/\/yoast.com\/wordpress\/plugins\/seo\/ -->\n<title>Buy Durolane 60mg \u2013 3ml Online - Durolane 60mg @ Wholesale Price<\/title>\n<meta name=\"description\" content=\"Buy Durolane 60mg \u2013 3ml Online - ProBeautyAesthetics is a wholesale supplier of durolane 60mg \u2013 3ml product. You can place an order Durolane 60m today!\" \/>\n<meta name=\"robots\" content=\"index, follow, max-snippet:-1, max-image-preview:large, max-video-preview:-1\" \/>\n<link rel=\"canonical\" href=\"https:\/\/www.probeautyaesthetics.com\/pt\/produto\/buy-durolane-60mg-3ml\/\" \/>\n<meta property=\"og:locale\" content=\"pt_PT\" \/>\n<meta property=\"og:type\" content=\"article\" \/>\n<meta property=\"og:title\" content=\"Buy Durolane 60mg \u2013 3ml Online - Durolane 60mg @ Wholesale Price\" \/>\n<meta property=\"og:description\" content=\"Buy Durolane 60mg \u2013 3ml Online - ProBeautyAesthetics is a wholesale supplier of durolane 60mg \u2013 3ml product. You can place an order Durolane 60m today!\" \/>\n<meta property=\"og:url\" content=\"https:\/\/www.probeautyaesthetics.com\/pt\/produto\/buy-durolane-60mg-3ml\/\" \/>\n<meta property=\"og:site_name\" content=\"Pro Beauty Aesthetics\" \/>\n<meta property=\"article:modified_time\" content=\"2020-03-16T08:09:10+00:00\" \/>\n<meta property=\"og:image\" content=\"https:\/\/www.probeautyaesthetics.com\/wp-content\/uploads\/2019\/11\/Buy-Durolane-60mg-\u2013-3ml.jpg\" \/>\n\t<meta property=\"og:image:width\" content=\"800\" \/>\n\t<meta property=\"og:image:height\" content=\"800\" \/>\n\t<meta property=\"og:image:type\" content=\"image\/jpeg\" \/>\n<meta name=\"twitter:card\" content=\"summary_large_image\" \/>\n<meta name=\"twitter:label1\" content=\"Tempo estimado de leitura\" \/>\n\t<meta name=\"twitter:data1\" content=\"2 minutos\" \/>\n<script type=\"application\/ld+json\" class=\"yoast-schema-graph\">{\"@context\":\"https:\/\/schema.org\",\"@graph\":[{\"@type\":\"WebPage\",\"@id\":\"https:\/\/www.probeautyaesthetics.com\/product\/buy-durolane-60mg-3ml\/\",\"url\":\"https:\/\/www.probeautyaesthetics.com\/product\/buy-durolane-60mg-3ml\/\",\"name\":\"Buy Durolane 60mg \u2013 3ml Online - Durolane 60mg @ Wholesale Price\",\"isPartOf\":{\"@id\":\"https:\/\/www.probeautyaesthetics.com\/#website\"},\"datePublished\":\"2019-11-14T07:22:08+00:00\",\"dateModified\":\"2020-03-16T08:09:10+00:00\",\"description\":\"Buy Durolane 60mg \u2013 3ml Online - ProBeautyAesthetics is a wholesale supplier of durolane 60mg \u2013 3ml product. You can place an order Durolane 60m today!\",\"breadcrumb\":{\"@id\":\"https:\/\/www.probeautyaesthetics.com\/product\/buy-durolane-60mg-3ml\/#breadcrumb\"},\"inLanguage\":\"pt-PT\",\"potentialAction\":[{\"@type\":\"ReadAction\",\"target\":[\"https:\/\/www.probeautyaesthetics.com\/product\/buy-durolane-60mg-3ml\/\"]}]},{\"@type\":\"BreadcrumbList\",\"@id\":\"https:\/\/www.probeautyaesthetics.com\/product\/buy-durolane-60mg-3ml\/#breadcrumb\",\"itemListElement\":[{\"@type\":\"ListItem\",\"position\":1,\"name\":\"Home\",\"item\":\"https:\/\/www.probeautyaesthetics.com\/\"},{\"@type\":\"ListItem\",\"position\":2,\"name\":\"Our Products\",\"item\":\"https:\/\/www.probeautyaesthetics.com\/shop\/\"},{\"@type\":\"ListItem\",\"position\":3,\"name\":\"Buy Durolane 60mg \u2013 3ml Online\"}]},{\"@type\":\"WebSite\",\"@id\":\"https:\/\/www.probeautyaesthetics.com\/#website\",\"url\":\"https:\/\/www.probeautyaesthetics.com\/\",\"name\":\"Pro Beauty Aesthetics\",\"description\":\"\",\"publisher\":{\"@id\":\"https:\/\/www.probeautyaesthetics.com\/#organization\"},\"potentialAction\":[{\"@type\":\"SearchAction\",\"target\":{\"@type\":\"EntryPoint\",\"urlTemplate\":\"https:\/\/www.probeautyaesthetics.com\/?s={search_term_string}\"},\"query-input\":\"required name=search_term_string\"}],\"inLanguage\":\"pt-PT\"},{\"@type\":\"Organization\",\"@id\":\"https:\/\/www.probeautyaesthetics.com\/#organization\",\"name\":\"Pro Beauty Aesthetics\",\"url\":\"https:\/\/www.probeautyaesthetics.com\/\",\"logo\":{\"@type\":\"ImageObject\",\"inLanguage\":\"pt-PT\",\"@id\":\"https:\/\/www.probeautyaesthetics.com\/#\/schema\/logo\/image\/\",\"url\":\"https:\/\/www.probeautyaesthetics.com\/wp-content\/uploads\/2019\/11\/logo-1.png\",\"contentUrl\":\"https:\/\/www.probeautyaesthetics.com\/wp-content\/uploads\/2019\/11\/logo-1.png\",\"width\":200,\"height\":50,\"caption\":\"Pro Beauty Aesthetics\"},\"image\":{\"@id\":\"https:\/\/www.probeautyaesthetics.com\/#\/schema\/logo\/image\/\"}}]}<\/script>\n<!-- \/ Yoast SEO plugin. -->","yoast_head_json":{"title":"Buy Durolane 60mg \u2013 3ml Online - Durolane 60mg @ Wholesale Price","description":"Buy Durolane 60mg \u2013 3ml Online - ProBeautyAesthetics is a wholesale supplier of durolane 60mg \u2013 3ml product. You can place an order Durolane 60m today!","robots":{"index":"index","follow":"follow","max-snippet":"max-snippet:-1","max-image-preview":"max-image-preview:large","max-video-preview":"max-video-preview:-1"},"canonical":"https:\/\/www.probeautyaesthetics.com\/pt\/produto\/buy-durolane-60mg-3ml\/","og_locale":"pt_PT","og_type":"article","og_title":"Buy Durolane 60mg \u2013 3ml Online - Durolane 60mg @ Wholesale Price","og_description":"Buy Durolane 60mg \u2013 3ml Online - ProBeautyAesthetics is a wholesale supplier of durolane 60mg \u2013 3ml product. You can place an order Durolane 60m today!","og_url":"https:\/\/www.probeautyaesthetics.com\/pt\/produto\/buy-durolane-60mg-3ml\/","og_site_name":"Pro Beauty Aesthetics","article_modified_time":"2020-03-16T08:09:10+00:00","og_image":[{"width":800,"height":800,"url":"https:\/\/www.probeautyaesthetics.com\/wp-content\/uploads\/2019\/11\/Buy-Durolane-60mg-\u2013-3ml.jpg","type":"image\/jpeg"}],"twitter_card":"summary_large_image","twitter_misc":{"Tempo estimado de leitura":"2 minutos"},"schema":{"@context":"https:\/\/schema.org","@graph":[{"@type":"WebPage","@id":"https:\/\/www.probeautyaesthetics.com\/product\/buy-durolane-60mg-3ml\/","url":"https:\/\/www.probeautyaesthetics.com\/product\/buy-durolane-60mg-3ml\/","name":"Buy Durolane 60mg \u2013 3ml Online - Durolane 60mg @ Wholesale Price","isPartOf":{"@id":"https:\/\/www.probeautyaesthetics.com\/#website"},"datePublished":"2019-11-14T07:22:08+00:00","dateModified":"2020-03-16T08:09:10+00:00","description":"Buy Durolane 60mg \u2013 3ml Online - ProBeautyAesthetics is a wholesale supplier of durolane 60mg \u2013 3ml product. You can place an order Durolane 60m today!","breadcrumb":{"@id":"https:\/\/www.probeautyaesthetics.com\/product\/buy-durolane-60mg-3ml\/#breadcrumb"},"inLanguage":"pt-PT","potentialAction":[{"@type":"ReadAction","target":["https:\/\/www.probeautyaesthetics.com\/product\/buy-durolane-60mg-3ml\/"]}]},{"@type":"BreadcrumbList","@id":"https:\/\/www.probeautyaesthetics.com\/product\/buy-durolane-60mg-3ml\/#breadcrumb","itemListElement":[{"@type":"ListItem","position":1,"name":"Home","item":"https:\/\/www.probeautyaesthetics.com\/"},{"@type":"ListItem","position":2,"name":"Our Products","item":"https:\/\/www.probeautyaesthetics.com\/shop\/"},{"@type":"ListItem","position":3,"name":"Buy Durolane 60mg \u2013 3ml Online"}]},{"@type":"WebSite","@id":"https:\/\/www.probeautyaesthetics.com\/#website","url":"https:\/\/www.probeautyaesthetics.com\/","name":"Pro Beauty Aesthetics","description":"","publisher":{"@id":"https:\/\/www.probeautyaesthetics.com\/#organization"},"potentialAction":[{"@type":"SearchAction","target":{"@type":"EntryPoint","urlTemplate":"https:\/\/www.probeautyaesthetics.com\/?s={search_term_string}"},"query-input":"required name=search_term_string"}],"inLanguage":"pt-PT"},{"@type":"Organization","@id":"https:\/\/www.probeautyaesthetics.com\/#organization","name":"Pro Beauty Aesthetics","url":"https:\/\/www.probeautyaesthetics.com\/","logo":{"@type":"ImageObject","inLanguage":"pt-PT","@id":"https:\/\/www.probeautyaesthetics.com\/#\/schema\/logo\/image\/","url":"https:\/\/www.probeautyaesthetics.com\/wp-content\/uploads\/2019\/11\/logo-1.png","contentUrl":"https:\/\/www.probeautyaesthetics.com\/wp-content\/uploads\/2019\/11\/logo-1.png","width":200,"height":50,"caption":"Pro Beauty Aesthetics"},"image":{"@id":"https:\/\/www.probeautyaesthetics.com\/#\/schema\/logo\/image\/"}}]}},"_links":{"self":[{"href":"https:\/\/www.probeautyaesthetics.com\/pt\/wp-json\/wp\/v2\/product\/4798"}],"collection":[{"href":"https:\/\/www.probeautyaesthetics.com\/pt\/wp-json\/wp\/v2\/product"}],"about":[{"href":"https:\/\/www.probeautyaesthetics.com\/pt\/wp-json\/wp\/v2\/types\/product"}],"replies":[{"embeddable":true,"href":"https:\/\/www.probeautyaesthetics.com\/pt\/wp-json\/wp\/v2\/comments?post=4798"}],"wp:featuredmedia":[{"embeddable":true,"href":"https:\/\/www.probeautyaesthetics.com\/pt\/wp-json\/wp\/v2\/media\/4821"}],"wp:attachment":[{"href":"https:\/\/www.probeautyaesthetics.com\/pt\/wp-json\/wp\/v2\/media?parent=4798"}],"wp:term":[{"taxonomy":"product_cat","embeddable":true,"href":"https:\/\/www.probeautyaesthetics.com\/pt\/wp-json\/wp\/v2\/product_cat?post=4798"},{"taxonomy":"product_tag","embeddable":true,"href":"https:\/\/www.probeautyaesthetics.com\/pt\/wp-json\/wp\/v2\/product_tag?post=4798"}],"curies":[{"name":"wp","href":"https:\/\/api.w.org\/{rel}","templated":true}]}}