{"id":4839,"date":"2019-11-14T07:22:19","date_gmt":"2019-11-14T07:22:19","guid":{"rendered":"https:\/\/www.safeonlinechemist.com\/dermalfillers\/product\/import-placeholder-for-6851\/"},"modified":"2020-03-01T08:01:43","modified_gmt":"2020-03-01T08:01:43","slug":"buy-revofil-aquashine-br-soft-filler-1x2ml","status":"publish","type":"product","link":"https:\/\/www.probeautyaesthetics.com\/pt\/produto\/buy-revofil-aquashine-br-soft-filler-1x2ml\/","title":{"rendered":"Comprar Revofil Aquashine BR Enchimento suave (1x2ml)"},"content":{"rendered":"<h2 style=\"text-align: justify;\">Comprar Revofil Aquashine BR Soft Filler (1x2ml) a pre\u00e7os acess\u00edveis<\/h2>\n<p style=\"text-align: justify;\">Fa\u00e7a o seu pedido para comprar Revofil Aquashine BR Soft Filler (1x2ml) ao pre\u00e7o mais baixo na Pro Beauty Aesthetics e receba Revofil Aquashine BR Soft Filler (1x2ml) online em breve no seu endere\u00e7o. Encomendar Revofil Aquashine BR Soft Filler (1x2ml) agora!<\/p>\n<h3 style=\"text-align: justify;\">O que \u00e9 o Revofil Aquashine BR Soft Filler (1x2ml) e quais as suas utiliza\u00e7\u00f5es?<\/h3>\n<p style=\"text-align: justify;\">Revofil Aquashine BR Soft Filler \u00e9 um gel injet\u00e1vel simples, est\u00e9ril, feito de \u00e1cido hialur\u00f3nico, minerais e coenzimas, nutrientes e amino\u00e1cidos. Injetar Revofil Aquashine BR Soft Filler em rugas moderadas a graves para ajudar a revitalizar a pele, diminuir a pigmenta\u00e7\u00e3o e criar uma superf\u00edcie mais suave.<\/p>\n<ul style=\"text-align: justify;\">\n<li>Revofil Aquashine BR Soft Filler \u00e9 uma combina\u00e7\u00e3o de preenchimento d\u00e9rmico e inje\u00e7\u00e3o de mesoterapia.<\/li>\n<li>\u00c9 composto por \u00e1cido hialur\u00f3nico e um complexo restaurador da pele, que incorpora nutrientes e amino\u00e1cidos para ajudar a melhorar a apar\u00eancia da pele.<\/li>\n<li>Esta inje\u00e7\u00e3o de refor\u00e7o da pele atenua os sinais de amadurecimento, por exemplo, as rugas, ao mesmo tempo que ajuda a diminuir e a prevenir a hiperpigmenta\u00e7\u00e3o.<\/li>\n<li>Revofil Aquashine BR Soft Filler hidrata adicionalmente a pele, melhora a versatilidade da pele, corrige os poros e diminui outras indica\u00e7\u00f5es \u00f3bvias de amadurecimento.<\/li>\n<\/ul>\n<h3 style=\"text-align: justify;\">Contacte a nossa loja hoje mesmo!<\/h3>\n<p style=\"text-align: justify;\">Estamos dispon\u00edveis com Revofil Aquashine BR Soft Filler (1x2ml) para venda aqui. Compre Revofil Aquashine BR Soft Filler (1x2ml) com bitcoin, moneygram e western union agora!<\/p>","protected":false},"excerpt":{"rendered":"<p>Comprar Revofil Aquashine BR Soft Filler (1x2ml) a pre\u00e7os acess\u00edveis Fa\u00e7a seu pedido para comprar Revofil Aquashine BR Soft Filler (1x2ml) a um pre\u00e7o barato na Pro Beauty Aesthetics e obtenha<\/p>","protected":false},"featured_media":4857,"comment_status":"open","ping_status":"closed","template":"","meta":{"_joinchat":[]},"product_cat":[138,546],"product_tag":[547,548,549],"yoast_head":"<!-- This site is optimized with the Yoast SEO plugin v21.3 - https:\/\/yoast.com\/wordpress\/plugins\/seo\/ -->\n<title>Buy Revofil Aquashine BR Soft Filler (1x2ml) - Pro Beauty Aesthetics<\/title>\n<meta name=\"robots\" content=\"index, follow, max-snippet:-1, max-image-preview:large, max-video-preview:-1\" \/>\n<link rel=\"canonical\" href=\"https:\/\/www.probeautyaesthetics.com\/pt\/produto\/buy-revofil-aquashine-br-soft-filler-1x2ml\/\" \/>\n<meta property=\"og:locale\" content=\"pt_PT\" \/>\n<meta property=\"og:type\" content=\"article\" \/>\n<meta property=\"og:title\" content=\"Buy Revofil Aquashine BR Soft Filler (1x2ml) - Pro Beauty Aesthetics\" \/>\n<meta property=\"og:description\" content=\"Buy Revofil Aquashine BR Soft Filler (1x2ml) At Affordable Rates Hit your order to buy Revofil Aquashine BR Soft Filler (1x2ml) at cheap price from Pro Beauty Aesthetics and get\" \/>\n<meta property=\"og:url\" content=\"https:\/\/www.probeautyaesthetics.com\/pt\/produto\/buy-revofil-aquashine-br-soft-filler-1x2ml\/\" \/>\n<meta property=\"og:site_name\" content=\"Pro Beauty Aesthetics\" \/>\n<meta property=\"article:modified_time\" content=\"2020-03-01T08:01:43+00:00\" \/>\n<meta property=\"og:image\" content=\"https:\/\/www.probeautyaesthetics.com\/wp-content\/uploads\/2019\/11\/Buy-Revofil-Aquashine-BR-Soft-Filler-1x2ml.jpg\" \/>\n\t<meta property=\"og:image:width\" content=\"640\" \/>\n\t<meta property=\"og:image:height\" content=\"640\" \/>\n\t<meta property=\"og:image:type\" content=\"image\/jpeg\" \/>\n<meta name=\"twitter:card\" content=\"summary_large_image\" \/>\n<meta name=\"twitter:label1\" content=\"Tempo estimado de leitura\" \/>\n\t<meta name=\"twitter:data1\" content=\"1 minuto\" \/>\n<script type=\"application\/ld+json\" class=\"yoast-schema-graph\">{\"@context\":\"https:\/\/schema.org\",\"@graph\":[{\"@type\":\"WebPage\",\"@id\":\"https:\/\/www.probeautyaesthetics.com\/product\/buy-revofil-aquashine-br-soft-filler-1x2ml\/\",\"url\":\"https:\/\/www.probeautyaesthetics.com\/product\/buy-revofil-aquashine-br-soft-filler-1x2ml\/\",\"name\":\"Buy Revofil Aquashine BR Soft Filler (1x2ml) - Pro Beauty Aesthetics\",\"isPartOf\":{\"@id\":\"https:\/\/www.probeautyaesthetics.com\/#website\"},\"datePublished\":\"2019-11-14T07:22:19+00:00\",\"dateModified\":\"2020-03-01T08:01:43+00:00\",\"breadcrumb\":{\"@id\":\"https:\/\/www.probeautyaesthetics.com\/product\/buy-revofil-aquashine-br-soft-filler-1x2ml\/#breadcrumb\"},\"inLanguage\":\"pt-PT\",\"potentialAction\":[{\"@type\":\"ReadAction\",\"target\":[\"https:\/\/www.probeautyaesthetics.com\/product\/buy-revofil-aquashine-br-soft-filler-1x2ml\/\"]}]},{\"@type\":\"BreadcrumbList\",\"@id\":\"https:\/\/www.probeautyaesthetics.com\/product\/buy-revofil-aquashine-br-soft-filler-1x2ml\/#breadcrumb\",\"itemListElement\":[{\"@type\":\"ListItem\",\"position\":1,\"name\":\"Home\",\"item\":\"https:\/\/www.probeautyaesthetics.com\/\"},{\"@type\":\"ListItem\",\"position\":2,\"name\":\"Our Products\",\"item\":\"https:\/\/www.probeautyaesthetics.com\/shop\/\"},{\"@type\":\"ListItem\",\"position\":3,\"name\":\"Buy Revofil Aquashine BR Soft Filler (1x2ml)\"}]},{\"@type\":\"WebSite\",\"@id\":\"https:\/\/www.probeautyaesthetics.com\/#website\",\"url\":\"https:\/\/www.probeautyaesthetics.com\/\",\"name\":\"Pro Beauty Aesthetics\",\"description\":\"\",\"publisher\":{\"@id\":\"https:\/\/www.probeautyaesthetics.com\/#organization\"},\"potentialAction\":[{\"@type\":\"SearchAction\",\"target\":{\"@type\":\"EntryPoint\",\"urlTemplate\":\"https:\/\/www.probeautyaesthetics.com\/?s={search_term_string}\"},\"query-input\":\"required name=search_term_string\"}],\"inLanguage\":\"pt-PT\"},{\"@type\":\"Organization\",\"@id\":\"https:\/\/www.probeautyaesthetics.com\/#organization\",\"name\":\"Pro Beauty Aesthetics\",\"url\":\"https:\/\/www.probeautyaesthetics.com\/\",\"logo\":{\"@type\":\"ImageObject\",\"inLanguage\":\"pt-PT\",\"@id\":\"https:\/\/www.probeautyaesthetics.com\/#\/schema\/logo\/image\/\",\"url\":\"https:\/\/www.probeautyaesthetics.com\/wp-content\/uploads\/2019\/11\/logo-1.png\",\"contentUrl\":\"https:\/\/www.probeautyaesthetics.com\/wp-content\/uploads\/2019\/11\/logo-1.png\",\"width\":200,\"height\":50,\"caption\":\"Pro Beauty Aesthetics\"},\"image\":{\"@id\":\"https:\/\/www.probeautyaesthetics.com\/#\/schema\/logo\/image\/\"}}]}<\/script>\n<!-- \/ Yoast SEO plugin. -->","yoast_head_json":{"title":"Buy Revofil Aquashine BR Soft Filler (1x2ml) - Pro Beauty Aesthetics","robots":{"index":"index","follow":"follow","max-snippet":"max-snippet:-1","max-image-preview":"max-image-preview:large","max-video-preview":"max-video-preview:-1"},"canonical":"https:\/\/www.probeautyaesthetics.com\/pt\/produto\/buy-revofil-aquashine-br-soft-filler-1x2ml\/","og_locale":"pt_PT","og_type":"article","og_title":"Buy Revofil Aquashine BR Soft Filler (1x2ml) - Pro Beauty Aesthetics","og_description":"Buy Revofil Aquashine BR Soft Filler (1x2ml) At Affordable Rates Hit your order to buy Revofil Aquashine BR Soft Filler (1x2ml) at cheap price from Pro Beauty Aesthetics and get","og_url":"https:\/\/www.probeautyaesthetics.com\/pt\/produto\/buy-revofil-aquashine-br-soft-filler-1x2ml\/","og_site_name":"Pro Beauty Aesthetics","article_modified_time":"2020-03-01T08:01:43+00:00","og_image":[{"width":640,"height":640,"url":"https:\/\/www.probeautyaesthetics.com\/wp-content\/uploads\/2019\/11\/Buy-Revofil-Aquashine-BR-Soft-Filler-1x2ml.jpg","type":"image\/jpeg"}],"twitter_card":"summary_large_image","twitter_misc":{"Tempo estimado de leitura":"1 minuto"},"schema":{"@context":"https:\/\/schema.org","@graph":[{"@type":"WebPage","@id":"https:\/\/www.probeautyaesthetics.com\/product\/buy-revofil-aquashine-br-soft-filler-1x2ml\/","url":"https:\/\/www.probeautyaesthetics.com\/product\/buy-revofil-aquashine-br-soft-filler-1x2ml\/","name":"Buy Revofil Aquashine BR Soft Filler (1x2ml) - Pro Beauty Aesthetics","isPartOf":{"@id":"https:\/\/www.probeautyaesthetics.com\/#website"},"datePublished":"2019-11-14T07:22:19+00:00","dateModified":"2020-03-01T08:01:43+00:00","breadcrumb":{"@id":"https:\/\/www.probeautyaesthetics.com\/product\/buy-revofil-aquashine-br-soft-filler-1x2ml\/#breadcrumb"},"inLanguage":"pt-PT","potentialAction":[{"@type":"ReadAction","target":["https:\/\/www.probeautyaesthetics.com\/product\/buy-revofil-aquashine-br-soft-filler-1x2ml\/"]}]},{"@type":"BreadcrumbList","@id":"https:\/\/www.probeautyaesthetics.com\/product\/buy-revofil-aquashine-br-soft-filler-1x2ml\/#breadcrumb","itemListElement":[{"@type":"ListItem","position":1,"name":"Home","item":"https:\/\/www.probeautyaesthetics.com\/"},{"@type":"ListItem","position":2,"name":"Our Products","item":"https:\/\/www.probeautyaesthetics.com\/shop\/"},{"@type":"ListItem","position":3,"name":"Buy Revofil Aquashine BR Soft Filler (1x2ml)"}]},{"@type":"WebSite","@id":"https:\/\/www.probeautyaesthetics.com\/#website","url":"https:\/\/www.probeautyaesthetics.com\/","name":"Pro Beauty Aesthetics","description":"","publisher":{"@id":"https:\/\/www.probeautyaesthetics.com\/#organization"},"potentialAction":[{"@type":"SearchAction","target":{"@type":"EntryPoint","urlTemplate":"https:\/\/www.probeautyaesthetics.com\/?s={search_term_string}"},"query-input":"required name=search_term_string"}],"inLanguage":"pt-PT"},{"@type":"Organization","@id":"https:\/\/www.probeautyaesthetics.com\/#organization","name":"Pro Beauty Aesthetics","url":"https:\/\/www.probeautyaesthetics.com\/","logo":{"@type":"ImageObject","inLanguage":"pt-PT","@id":"https:\/\/www.probeautyaesthetics.com\/#\/schema\/logo\/image\/","url":"https:\/\/www.probeautyaesthetics.com\/wp-content\/uploads\/2019\/11\/logo-1.png","contentUrl":"https:\/\/www.probeautyaesthetics.com\/wp-content\/uploads\/2019\/11\/logo-1.png","width":200,"height":50,"caption":"Pro Beauty Aesthetics"},"image":{"@id":"https:\/\/www.probeautyaesthetics.com\/#\/schema\/logo\/image\/"}}]}},"_links":{"self":[{"href":"https:\/\/www.probeautyaesthetics.com\/pt\/wp-json\/wp\/v2\/product\/4839"}],"collection":[{"href":"https:\/\/www.probeautyaesthetics.com\/pt\/wp-json\/wp\/v2\/product"}],"about":[{"href":"https:\/\/www.probeautyaesthetics.com\/pt\/wp-json\/wp\/v2\/types\/product"}],"replies":[{"embeddable":true,"href":"https:\/\/www.probeautyaesthetics.com\/pt\/wp-json\/wp\/v2\/comments?post=4839"}],"wp:featuredmedia":[{"embeddable":true,"href":"https:\/\/www.probeautyaesthetics.com\/pt\/wp-json\/wp\/v2\/media\/4857"}],"wp:attachment":[{"href":"https:\/\/www.probeautyaesthetics.com\/pt\/wp-json\/wp\/v2\/media?parent=4839"}],"wp:term":[{"taxonomy":"product_cat","embeddable":true,"href":"https:\/\/www.probeautyaesthetics.com\/pt\/wp-json\/wp\/v2\/product_cat?post=4839"},{"taxonomy":"product_tag","embeddable":true,"href":"https:\/\/www.probeautyaesthetics.com\/pt\/wp-json\/wp\/v2\/product_tag?post=4839"}],"curies":[{"name":"wp","href":"https:\/\/api.w.org\/{rel}","templated":true}]}}