{"id":4844,"date":"2019-11-14T07:22:20","date_gmt":"2019-11-14T07:22:20","guid":{"rendered":"https:\/\/www.safeonlinechemist.com\/dermalfillers\/product\/import-placeholder-for-6858\/"},"modified":"2020-03-01T08:02:32","modified_gmt":"2020-03-01T08:02:32","slug":"buy-revofil-aquashine-btx-filler","status":"publish","type":"product","link":"https:\/\/www.probeautyaesthetics.com\/pt\/produto\/buy-revofil-aquashine-btx-filler\/","title":{"rendered":"Comprar Revofil Aquashine BTX Filler"},"content":{"rendered":"<h2 style=\"text-align: justify;\">Comprar Revofil Aquashine BTX Filler nos fornecedores online de classe mundial<\/h2>\n<p style=\"text-align: justify;\">Para obter o Revofil Aquashine BTX Filler para venda, voc\u00ea pode entrar em contato diretamente com a Pro Beauty Aesthetics. Seus requisitos para comprar Revofil Aquashine BTX Filler com bitcoin, moneygram e western union ser\u00e3o atendidos por nossos membros da equipe. Encomende hoje o Revofil Aquashine BTX Filler e receba o mesmo no seu endere\u00e7o.<\/p>\n<h3 style=\"text-align: justify;\">Porque deve utilizar Revofil Aquashine BTX Filler?<\/h3>\n<ul style=\"text-align: justify;\">\n<li>Revofil Aquashine BTX \u00e9 um produto anti-matura\u00e7\u00e3o de utiliza\u00e7\u00e3o cruzada e escalonada.<\/li>\n<li>O Revofil Aquashine BTX \u00e9 fornecido como um gel injet\u00e1vel simples numa seringa pr\u00e9-cheia de 2 ml.<\/li>\n<li>Imbu\u00eddo de p\u00e9ptidos, Revofil Aquashine BTX recarrega e regenera a matriz intercelular da pele para melhorar a superf\u00edcie da pele.<\/li>\n<li>Este preenchimento fixa os tecidos moles do rosto e inicia a recarga da pele.<\/li>\n<li>Este preenchimento injet\u00e1vel \u00e9 perfeito para a reconstru\u00e7\u00e3o profunda da pele e para o ajustamento das formas faciais.<\/li>\n<li>Revofil Aquashine BTX \u00e9 convincente contra as rugas verticais do l\u00e1bio superior, as rugas est\u00e1ticas e din\u00e2micas da testa e as rugas periorais.<\/li>\n<\/ul>\n<h3 style=\"text-align: justify;\">Contacte j\u00e1 a nossa loja online!<\/h3>\n<p style=\"text-align: justify;\">Estamos a lidar exclusivamente com Revofil Aquashine BTX Filler online. Se voc\u00ea deseja comprar Revofil Aquashine BTX Filler a um pre\u00e7o barato, n\u00e3o demore e fa\u00e7a seu pedido o mais r\u00e1pido poss\u00edvel. Iremos embal\u00e1-lo e envi\u00e1-lo para si. Contacte a nossa loja online agora!<\/p>","protected":false},"excerpt":{"rendered":"<p>Comprar Revofil Aquashine BTX Filler dos fornecedores online de classe mundial Para obter Revofil Aquashine BTX Filler para venda, pode contactar diretamente a Pro Beauty Aesthetics. Os seus requisitos para comprar Revofil<\/p>","protected":false},"featured_media":4858,"comment_status":"open","ping_status":"closed","template":"","meta":{"_joinchat":[]},"product_cat":[138,546],"product_tag":[550,548,549],"yoast_head":"<!-- This site is optimized with the Yoast SEO plugin v21.3 - https:\/\/yoast.com\/wordpress\/plugins\/seo\/ -->\n<title>Buy Revofil Aquashine BTX Filler - Pro Beauty Aesthetics<\/title>\n<meta name=\"robots\" content=\"index, follow, max-snippet:-1, max-image-preview:large, max-video-preview:-1\" \/>\n<link rel=\"canonical\" href=\"https:\/\/www.probeautyaesthetics.com\/pt\/produto\/buy-revofil-aquashine-btx-filler\/\" \/>\n<meta property=\"og:locale\" content=\"pt_PT\" \/>\n<meta property=\"og:type\" content=\"article\" \/>\n<meta property=\"og:title\" content=\"Buy Revofil Aquashine BTX Filler - Pro Beauty Aesthetics\" \/>\n<meta property=\"og:description\" content=\"Buy Revofil Aquashine BTX Filler From The World-Class Online Suppliers To get Revofil Aquashine BTX Filler for sale, you can directly contact Pro Beauty Aesthetics. Your requirements to buy Revofil\" \/>\n<meta property=\"og:url\" content=\"https:\/\/www.probeautyaesthetics.com\/pt\/produto\/buy-revofil-aquashine-btx-filler\/\" \/>\n<meta property=\"og:site_name\" content=\"Pro Beauty Aesthetics\" \/>\n<meta property=\"article:modified_time\" content=\"2020-03-01T08:02:32+00:00\" \/>\n<meta property=\"og:image\" content=\"https:\/\/www.probeautyaesthetics.com\/wp-content\/uploads\/2019\/11\/Buy-Revofil-Aquashine-BTX-Filler.jpg\" \/>\n\t<meta property=\"og:image:width\" content=\"842\" \/>\n\t<meta property=\"og:image:height\" content=\"776\" \/>\n\t<meta property=\"og:image:type\" content=\"image\/jpeg\" \/>\n<meta name=\"twitter:card\" content=\"summary_large_image\" \/>\n<meta name=\"twitter:label1\" content=\"Tempo estimado de leitura\" \/>\n\t<meta name=\"twitter:data1\" content=\"1 minuto\" \/>\n<script type=\"application\/ld+json\" class=\"yoast-schema-graph\">{\"@context\":\"https:\/\/schema.org\",\"@graph\":[{\"@type\":\"WebPage\",\"@id\":\"https:\/\/www.probeautyaesthetics.com\/product\/buy-revofil-aquashine-btx-filler\/\",\"url\":\"https:\/\/www.probeautyaesthetics.com\/product\/buy-revofil-aquashine-btx-filler\/\",\"name\":\"Buy Revofil Aquashine BTX Filler - Pro Beauty Aesthetics\",\"isPartOf\":{\"@id\":\"https:\/\/www.probeautyaesthetics.com\/#website\"},\"datePublished\":\"2019-11-14T07:22:20+00:00\",\"dateModified\":\"2020-03-01T08:02:32+00:00\",\"breadcrumb\":{\"@id\":\"https:\/\/www.probeautyaesthetics.com\/product\/buy-revofil-aquashine-btx-filler\/#breadcrumb\"},\"inLanguage\":\"pt-PT\",\"potentialAction\":[{\"@type\":\"ReadAction\",\"target\":[\"https:\/\/www.probeautyaesthetics.com\/product\/buy-revofil-aquashine-btx-filler\/\"]}]},{\"@type\":\"BreadcrumbList\",\"@id\":\"https:\/\/www.probeautyaesthetics.com\/product\/buy-revofil-aquashine-btx-filler\/#breadcrumb\",\"itemListElement\":[{\"@type\":\"ListItem\",\"position\":1,\"name\":\"Home\",\"item\":\"https:\/\/www.probeautyaesthetics.com\/\"},{\"@type\":\"ListItem\",\"position\":2,\"name\":\"Our Products\",\"item\":\"https:\/\/www.probeautyaesthetics.com\/shop\/\"},{\"@type\":\"ListItem\",\"position\":3,\"name\":\"Buy Revofil Aquashine BTX Filler\"}]},{\"@type\":\"WebSite\",\"@id\":\"https:\/\/www.probeautyaesthetics.com\/#website\",\"url\":\"https:\/\/www.probeautyaesthetics.com\/\",\"name\":\"Pro Beauty Aesthetics\",\"description\":\"\",\"publisher\":{\"@id\":\"https:\/\/www.probeautyaesthetics.com\/#organization\"},\"potentialAction\":[{\"@type\":\"SearchAction\",\"target\":{\"@type\":\"EntryPoint\",\"urlTemplate\":\"https:\/\/www.probeautyaesthetics.com\/?s={search_term_string}\"},\"query-input\":\"required name=search_term_string\"}],\"inLanguage\":\"pt-PT\"},{\"@type\":\"Organization\",\"@id\":\"https:\/\/www.probeautyaesthetics.com\/#organization\",\"name\":\"Pro Beauty Aesthetics\",\"url\":\"https:\/\/www.probeautyaesthetics.com\/\",\"logo\":{\"@type\":\"ImageObject\",\"inLanguage\":\"pt-PT\",\"@id\":\"https:\/\/www.probeautyaesthetics.com\/#\/schema\/logo\/image\/\",\"url\":\"https:\/\/www.probeautyaesthetics.com\/wp-content\/uploads\/2019\/11\/logo-1.png\",\"contentUrl\":\"https:\/\/www.probeautyaesthetics.com\/wp-content\/uploads\/2019\/11\/logo-1.png\",\"width\":200,\"height\":50,\"caption\":\"Pro Beauty Aesthetics\"},\"image\":{\"@id\":\"https:\/\/www.probeautyaesthetics.com\/#\/schema\/logo\/image\/\"}}]}<\/script>\n<!-- \/ Yoast SEO plugin. -->","yoast_head_json":{"title":"Buy Revofil Aquashine BTX Filler - Pro Beauty Aesthetics","robots":{"index":"index","follow":"follow","max-snippet":"max-snippet:-1","max-image-preview":"max-image-preview:large","max-video-preview":"max-video-preview:-1"},"canonical":"https:\/\/www.probeautyaesthetics.com\/pt\/produto\/buy-revofil-aquashine-btx-filler\/","og_locale":"pt_PT","og_type":"article","og_title":"Buy Revofil Aquashine BTX Filler - Pro Beauty Aesthetics","og_description":"Buy Revofil Aquashine BTX Filler From The World-Class Online Suppliers To get Revofil Aquashine BTX Filler for sale, you can directly contact Pro Beauty Aesthetics. Your requirements to buy Revofil","og_url":"https:\/\/www.probeautyaesthetics.com\/pt\/produto\/buy-revofil-aquashine-btx-filler\/","og_site_name":"Pro Beauty Aesthetics","article_modified_time":"2020-03-01T08:02:32+00:00","og_image":[{"width":842,"height":776,"url":"https:\/\/www.probeautyaesthetics.com\/wp-content\/uploads\/2019\/11\/Buy-Revofil-Aquashine-BTX-Filler.jpg","type":"image\/jpeg"}],"twitter_card":"summary_large_image","twitter_misc":{"Tempo estimado de leitura":"1 minuto"},"schema":{"@context":"https:\/\/schema.org","@graph":[{"@type":"WebPage","@id":"https:\/\/www.probeautyaesthetics.com\/product\/buy-revofil-aquashine-btx-filler\/","url":"https:\/\/www.probeautyaesthetics.com\/product\/buy-revofil-aquashine-btx-filler\/","name":"Buy Revofil Aquashine BTX Filler - Pro Beauty Aesthetics","isPartOf":{"@id":"https:\/\/www.probeautyaesthetics.com\/#website"},"datePublished":"2019-11-14T07:22:20+00:00","dateModified":"2020-03-01T08:02:32+00:00","breadcrumb":{"@id":"https:\/\/www.probeautyaesthetics.com\/product\/buy-revofil-aquashine-btx-filler\/#breadcrumb"},"inLanguage":"pt-PT","potentialAction":[{"@type":"ReadAction","target":["https:\/\/www.probeautyaesthetics.com\/product\/buy-revofil-aquashine-btx-filler\/"]}]},{"@type":"BreadcrumbList","@id":"https:\/\/www.probeautyaesthetics.com\/product\/buy-revofil-aquashine-btx-filler\/#breadcrumb","itemListElement":[{"@type":"ListItem","position":1,"name":"Home","item":"https:\/\/www.probeautyaesthetics.com\/"},{"@type":"ListItem","position":2,"name":"Our Products","item":"https:\/\/www.probeautyaesthetics.com\/shop\/"},{"@type":"ListItem","position":3,"name":"Buy Revofil Aquashine BTX Filler"}]},{"@type":"WebSite","@id":"https:\/\/www.probeautyaesthetics.com\/#website","url":"https:\/\/www.probeautyaesthetics.com\/","name":"Pro Beauty Aesthetics","description":"","publisher":{"@id":"https:\/\/www.probeautyaesthetics.com\/#organization"},"potentialAction":[{"@type":"SearchAction","target":{"@type":"EntryPoint","urlTemplate":"https:\/\/www.probeautyaesthetics.com\/?s={search_term_string}"},"query-input":"required name=search_term_string"}],"inLanguage":"pt-PT"},{"@type":"Organization","@id":"https:\/\/www.probeautyaesthetics.com\/#organization","name":"Pro Beauty Aesthetics","url":"https:\/\/www.probeautyaesthetics.com\/","logo":{"@type":"ImageObject","inLanguage":"pt-PT","@id":"https:\/\/www.probeautyaesthetics.com\/#\/schema\/logo\/image\/","url":"https:\/\/www.probeautyaesthetics.com\/wp-content\/uploads\/2019\/11\/logo-1.png","contentUrl":"https:\/\/www.probeautyaesthetics.com\/wp-content\/uploads\/2019\/11\/logo-1.png","width":200,"height":50,"caption":"Pro Beauty Aesthetics"},"image":{"@id":"https:\/\/www.probeautyaesthetics.com\/#\/schema\/logo\/image\/"}}]}},"_links":{"self":[{"href":"https:\/\/www.probeautyaesthetics.com\/pt\/wp-json\/wp\/v2\/product\/4844"}],"collection":[{"href":"https:\/\/www.probeautyaesthetics.com\/pt\/wp-json\/wp\/v2\/product"}],"about":[{"href":"https:\/\/www.probeautyaesthetics.com\/pt\/wp-json\/wp\/v2\/types\/product"}],"replies":[{"embeddable":true,"href":"https:\/\/www.probeautyaesthetics.com\/pt\/wp-json\/wp\/v2\/comments?post=4844"}],"wp:featuredmedia":[{"embeddable":true,"href":"https:\/\/www.probeautyaesthetics.com\/pt\/wp-json\/wp\/v2\/media\/4858"}],"wp:attachment":[{"href":"https:\/\/www.probeautyaesthetics.com\/pt\/wp-json\/wp\/v2\/media?parent=4844"}],"wp:term":[{"taxonomy":"product_cat","embeddable":true,"href":"https:\/\/www.probeautyaesthetics.com\/pt\/wp-json\/wp\/v2\/product_cat?post=4844"},{"taxonomy":"product_tag","embeddable":true,"href":"https:\/\/www.probeautyaesthetics.com\/pt\/wp-json\/wp\/v2\/product_tag?post=4844"}],"curies":[{"name":"wp","href":"https:\/\/api.w.org\/{rel}","templated":true}]}}