{"id":4872,"date":"2019-11-14T07:22:30","date_gmt":"2019-11-14T07:22:30","guid":{"rendered":"https:\/\/www.safeonlinechemist.com\/dermalfillers\/product\/import-placeholder-for-6886\/"},"modified":"2020-03-03T05:06:35","modified_gmt":"2020-03-03T05:06:35","slug":"buy-suplasyn-1-shot-1-x-60mg-6ml","status":"publish","type":"product","link":"https:\/\/www.probeautyaesthetics.com\/pt\/produto\/buy-suplasyn-1-shot-1-x-60mg-6ml\/","title":{"rendered":"Comprar Suplasyn 1-Shot 1 x 60mg\/6ml"},"content":{"rendered":"<h2 style=\"text-align: justify;\">Comprar Suplasyn 1-Shot 1 x 60mg\/6ml com Bitcoin, MoneyGram e Western Union<\/h2>\n<p style=\"text-align: justify;\">Se quiser comprar Suplasyn 1-Shot 1 x 60mg\/6ml com bitcoin, moneygram e western union, contacte Pro Beauty Aesthetics. Aqui, tamb\u00e9m temos Suplasyn 1-Shot 1 x 60mg\/6ml para venda. Conecte-se conosco agora e compre Suplasyn 1-Shot 1 x 60mg\/6ml a um pre\u00e7o barato.<\/p>\n<h3 style=\"text-align: justify;\">Quais s\u00e3o as propriedades do Suplasyn 1-Shot 1 x 60mg\/6ml?<\/h3>\n<p style=\"text-align: justify;\">Suplasyn 1-Shot 60mg\/6ml - \u00e9 um gadget m\u00e9dico demonstrado para uso no tratamento sintom\u00e1tico da osteoartrite, actua, como um operador de al\u00edvio da dor. A seringa pr\u00e9-cheia cont\u00e9m uma solu\u00e7\u00e3o viscoel\u00e1stica com um peso at\u00f3mico caracterizado de \u00e1cido hialur\u00f3nico purificado, que foi obtido durante o procedimento de envelhecimento. O \u00e1cido hialur\u00f3nico \u00e9 um dos fixadores normalmente encontrados no l\u00edquido sinovial, onde assume uma fun\u00e7\u00e3o significativa na manuten\u00e7\u00e3o do bom estado da articula\u00e7\u00e3o.<\/p>\n<ul style=\"text-align: justify;\">\n<li>Utilizar segundo as indica\u00e7\u00f5es do seu m\u00e9dico.<\/li>\n<li>O artigo s\u00f3 pode ser utilizado por um m\u00e9dico.<\/li>\n<li>A seringa pr\u00e9-cheia \u00e9 proposta para uma \u00fanica organiza\u00e7\u00e3o.<\/li>\n<li>Dependendo do tamanho da junta, podem ser aplicadas dosagens at\u00e9 6 ml por transporte.<\/li>\n<\/ul>\n<h3 style=\"text-align: justify;\">Ligue-se \u00e0 nossa loja agora!<\/h3>\n<p style=\"text-align: justify;\">Encomende Suplasyn 1-Shot 1 x 60mg\/6ml na nossa loja online e receba-o num curto espa\u00e7o de tempo!<\/p>","protected":false},"excerpt":{"rendered":"<p>Comprar Suplasyn 1-Shot 1 x 60mg\/6ml com Bitcoin, MoneyGram, e Western Union Se quiseres comprar Suplasyn 1-Shot 1 x 60mg\/6ml com bitcoin, moneygram, e western union, ent\u00e3o liga<\/p>","protected":false},"featured_media":4892,"comment_status":"open","ping_status":"closed","template":"","meta":{"_joinchat":[]},"product_cat":[521],"product_tag":[558],"yoast_head":"<!-- This site is optimized with the Yoast SEO plugin v21.3 - https:\/\/yoast.com\/wordpress\/plugins\/seo\/ -->\n<title>Buy Suplasyn 1-Shot 1 x 60mg\/6ml - Pro Beauty Aesthetics<\/title>\n<meta name=\"robots\" content=\"index, follow, max-snippet:-1, max-image-preview:large, max-video-preview:-1\" \/>\n<link rel=\"canonical\" href=\"https:\/\/www.probeautyaesthetics.com\/pt\/produto\/buy-suplasyn-1-shot-1-x-60mg-6ml\/\" \/>\n<meta property=\"og:locale\" content=\"pt_PT\" \/>\n<meta property=\"og:type\" content=\"article\" \/>\n<meta property=\"og:title\" content=\"Buy Suplasyn 1-Shot 1 x 60mg\/6ml - Pro Beauty Aesthetics\" \/>\n<meta property=\"og:description\" content=\"Buy Suplasyn 1-Shot 1 x 60mg\/6ml with Bitcoin, MoneyGram, and Western Union If you want to buy Suplasyn 1-Shot 1 x 60mg\/6ml with bitcoin, moneygram, and western union, then connect\" \/>\n<meta property=\"og:url\" content=\"https:\/\/www.probeautyaesthetics.com\/pt\/produto\/buy-suplasyn-1-shot-1-x-60mg-6ml\/\" \/>\n<meta property=\"og:site_name\" content=\"Pro Beauty Aesthetics\" \/>\n<meta property=\"article:modified_time\" content=\"2020-03-03T05:06:35+00:00\" \/>\n<meta property=\"og:image\" content=\"https:\/\/www.probeautyaesthetics.com\/wp-content\/uploads\/2019\/11\/Buy-Suplasyn-1-Shot-1-x-60mg-6ml.jpg\" \/>\n\t<meta property=\"og:image:width\" content=\"651\" \/>\n\t<meta property=\"og:image:height\" content=\"651\" \/>\n\t<meta property=\"og:image:type\" content=\"image\/jpeg\" \/>\n<meta name=\"twitter:card\" content=\"summary_large_image\" \/>\n<meta name=\"twitter:label1\" content=\"Tempo estimado de leitura\" \/>\n\t<meta name=\"twitter:data1\" content=\"1 minuto\" \/>\n<script type=\"application\/ld+json\" class=\"yoast-schema-graph\">{\"@context\":\"https:\/\/schema.org\",\"@graph\":[{\"@type\":\"WebPage\",\"@id\":\"https:\/\/www.probeautyaesthetics.com\/product\/buy-suplasyn-1-shot-1-x-60mg-6ml\/\",\"url\":\"https:\/\/www.probeautyaesthetics.com\/product\/buy-suplasyn-1-shot-1-x-60mg-6ml\/\",\"name\":\"Buy Suplasyn 1-Shot 1 x 60mg\/6ml - Pro Beauty Aesthetics\",\"isPartOf\":{\"@id\":\"https:\/\/www.probeautyaesthetics.com\/#website\"},\"datePublished\":\"2019-11-14T07:22:30+00:00\",\"dateModified\":\"2020-03-03T05:06:35+00:00\",\"breadcrumb\":{\"@id\":\"https:\/\/www.probeautyaesthetics.com\/product\/buy-suplasyn-1-shot-1-x-60mg-6ml\/#breadcrumb\"},\"inLanguage\":\"pt-PT\",\"potentialAction\":[{\"@type\":\"ReadAction\",\"target\":[\"https:\/\/www.probeautyaesthetics.com\/product\/buy-suplasyn-1-shot-1-x-60mg-6ml\/\"]}]},{\"@type\":\"BreadcrumbList\",\"@id\":\"https:\/\/www.probeautyaesthetics.com\/product\/buy-suplasyn-1-shot-1-x-60mg-6ml\/#breadcrumb\",\"itemListElement\":[{\"@type\":\"ListItem\",\"position\":1,\"name\":\"Home\",\"item\":\"https:\/\/www.probeautyaesthetics.com\/\"},{\"@type\":\"ListItem\",\"position\":2,\"name\":\"Our Products\",\"item\":\"https:\/\/www.probeautyaesthetics.com\/shop\/\"},{\"@type\":\"ListItem\",\"position\":3,\"name\":\"Buy Suplasyn 1-Shot 1 x 60mg\/6ml\"}]},{\"@type\":\"WebSite\",\"@id\":\"https:\/\/www.probeautyaesthetics.com\/#website\",\"url\":\"https:\/\/www.probeautyaesthetics.com\/\",\"name\":\"Pro Beauty Aesthetics\",\"description\":\"\",\"publisher\":{\"@id\":\"https:\/\/www.probeautyaesthetics.com\/#organization\"},\"potentialAction\":[{\"@type\":\"SearchAction\",\"target\":{\"@type\":\"EntryPoint\",\"urlTemplate\":\"https:\/\/www.probeautyaesthetics.com\/?s={search_term_string}\"},\"query-input\":\"required name=search_term_string\"}],\"inLanguage\":\"pt-PT\"},{\"@type\":\"Organization\",\"@id\":\"https:\/\/www.probeautyaesthetics.com\/#organization\",\"name\":\"Pro Beauty Aesthetics\",\"url\":\"https:\/\/www.probeautyaesthetics.com\/\",\"logo\":{\"@type\":\"ImageObject\",\"inLanguage\":\"pt-PT\",\"@id\":\"https:\/\/www.probeautyaesthetics.com\/#\/schema\/logo\/image\/\",\"url\":\"https:\/\/www.probeautyaesthetics.com\/wp-content\/uploads\/2019\/11\/logo-1.png\",\"contentUrl\":\"https:\/\/www.probeautyaesthetics.com\/wp-content\/uploads\/2019\/11\/logo-1.png\",\"width\":200,\"height\":50,\"caption\":\"Pro Beauty Aesthetics\"},\"image\":{\"@id\":\"https:\/\/www.probeautyaesthetics.com\/#\/schema\/logo\/image\/\"}}]}<\/script>\n<!-- \/ Yoast SEO plugin. -->","yoast_head_json":{"title":"Buy Suplasyn 1-Shot 1 x 60mg\/6ml - Pro Beauty Aesthetics","robots":{"index":"index","follow":"follow","max-snippet":"max-snippet:-1","max-image-preview":"max-image-preview:large","max-video-preview":"max-video-preview:-1"},"canonical":"https:\/\/www.probeautyaesthetics.com\/pt\/produto\/buy-suplasyn-1-shot-1-x-60mg-6ml\/","og_locale":"pt_PT","og_type":"article","og_title":"Buy Suplasyn 1-Shot 1 x 60mg\/6ml - Pro Beauty Aesthetics","og_description":"Buy Suplasyn 1-Shot 1 x 60mg\/6ml with Bitcoin, MoneyGram, and Western Union If you want to buy Suplasyn 1-Shot 1 x 60mg\/6ml with bitcoin, moneygram, and western union, then connect","og_url":"https:\/\/www.probeautyaesthetics.com\/pt\/produto\/buy-suplasyn-1-shot-1-x-60mg-6ml\/","og_site_name":"Pro Beauty Aesthetics","article_modified_time":"2020-03-03T05:06:35+00:00","og_image":[{"width":651,"height":651,"url":"https:\/\/www.probeautyaesthetics.com\/wp-content\/uploads\/2019\/11\/Buy-Suplasyn-1-Shot-1-x-60mg-6ml.jpg","type":"image\/jpeg"}],"twitter_card":"summary_large_image","twitter_misc":{"Tempo estimado de leitura":"1 minuto"},"schema":{"@context":"https:\/\/schema.org","@graph":[{"@type":"WebPage","@id":"https:\/\/www.probeautyaesthetics.com\/product\/buy-suplasyn-1-shot-1-x-60mg-6ml\/","url":"https:\/\/www.probeautyaesthetics.com\/product\/buy-suplasyn-1-shot-1-x-60mg-6ml\/","name":"Buy Suplasyn 1-Shot 1 x 60mg\/6ml - Pro Beauty Aesthetics","isPartOf":{"@id":"https:\/\/www.probeautyaesthetics.com\/#website"},"datePublished":"2019-11-14T07:22:30+00:00","dateModified":"2020-03-03T05:06:35+00:00","breadcrumb":{"@id":"https:\/\/www.probeautyaesthetics.com\/product\/buy-suplasyn-1-shot-1-x-60mg-6ml\/#breadcrumb"},"inLanguage":"pt-PT","potentialAction":[{"@type":"ReadAction","target":["https:\/\/www.probeautyaesthetics.com\/product\/buy-suplasyn-1-shot-1-x-60mg-6ml\/"]}]},{"@type":"BreadcrumbList","@id":"https:\/\/www.probeautyaesthetics.com\/product\/buy-suplasyn-1-shot-1-x-60mg-6ml\/#breadcrumb","itemListElement":[{"@type":"ListItem","position":1,"name":"Home","item":"https:\/\/www.probeautyaesthetics.com\/"},{"@type":"ListItem","position":2,"name":"Our Products","item":"https:\/\/www.probeautyaesthetics.com\/shop\/"},{"@type":"ListItem","position":3,"name":"Buy Suplasyn 1-Shot 1 x 60mg\/6ml"}]},{"@type":"WebSite","@id":"https:\/\/www.probeautyaesthetics.com\/#website","url":"https:\/\/www.probeautyaesthetics.com\/","name":"Pro Beauty Aesthetics","description":"","publisher":{"@id":"https:\/\/www.probeautyaesthetics.com\/#organization"},"potentialAction":[{"@type":"SearchAction","target":{"@type":"EntryPoint","urlTemplate":"https:\/\/www.probeautyaesthetics.com\/?s={search_term_string}"},"query-input":"required name=search_term_string"}],"inLanguage":"pt-PT"},{"@type":"Organization","@id":"https:\/\/www.probeautyaesthetics.com\/#organization","name":"Pro Beauty Aesthetics","url":"https:\/\/www.probeautyaesthetics.com\/","logo":{"@type":"ImageObject","inLanguage":"pt-PT","@id":"https:\/\/www.probeautyaesthetics.com\/#\/schema\/logo\/image\/","url":"https:\/\/www.probeautyaesthetics.com\/wp-content\/uploads\/2019\/11\/logo-1.png","contentUrl":"https:\/\/www.probeautyaesthetics.com\/wp-content\/uploads\/2019\/11\/logo-1.png","width":200,"height":50,"caption":"Pro Beauty Aesthetics"},"image":{"@id":"https:\/\/www.probeautyaesthetics.com\/#\/schema\/logo\/image\/"}}]}},"_links":{"self":[{"href":"https:\/\/www.probeautyaesthetics.com\/pt\/wp-json\/wp\/v2\/product\/4872"}],"collection":[{"href":"https:\/\/www.probeautyaesthetics.com\/pt\/wp-json\/wp\/v2\/product"}],"about":[{"href":"https:\/\/www.probeautyaesthetics.com\/pt\/wp-json\/wp\/v2\/types\/product"}],"replies":[{"embeddable":true,"href":"https:\/\/www.probeautyaesthetics.com\/pt\/wp-json\/wp\/v2\/comments?post=4872"}],"wp:featuredmedia":[{"embeddable":true,"href":"https:\/\/www.probeautyaesthetics.com\/pt\/wp-json\/wp\/v2\/media\/4892"}],"wp:attachment":[{"href":"https:\/\/www.probeautyaesthetics.com\/pt\/wp-json\/wp\/v2\/media?parent=4872"}],"wp:term":[{"taxonomy":"product_cat","embeddable":true,"href":"https:\/\/www.probeautyaesthetics.com\/pt\/wp-json\/wp\/v2\/product_cat?post=4872"},{"taxonomy":"product_tag","embeddable":true,"href":"https:\/\/www.probeautyaesthetics.com\/pt\/wp-json\/wp\/v2\/product_tag?post=4872"}],"curies":[{"name":"wp","href":"https:\/\/api.w.org\/{rel}","templated":true}]}}