{"id":4941,"date":"2019-11-14T07:22:50","date_gmt":"2019-11-14T07:22:50","guid":{"rendered":"https:\/\/www.safeonlinechemist.com\/dermalfillers\/product\/import-placeholder-for-6983\/"},"modified":"2020-01-28T10:18:54","modified_gmt":"2020-01-28T10:18:54","slug":"buy-azzalure-botulinum-toxin-type-a","status":"publish","type":"product","link":"https:\/\/www.probeautyaesthetics.com\/pt\/produto\/buy-azzalure-botulinum-toxin-type-a\/","title":{"rendered":"Compre Azzalure Toxina Botul\u00ednica Tipo A"},"content":{"rendered":"<h2 style=\"text-align: justify;\">Compre Azzalure Toxina Botul\u00ednica Tipo A com Bitcoin, MoneyGram e Western Union<\/h2>\n<p style=\"text-align: justify;\">Para comprar Azzalure Toxina Botul\u00ednica Tipo A a um pre\u00e7o barato, voc\u00ea pode se conectar com Pro Beauty Aesthetics. Vamos ajud\u00e1-lo a obter a Toxina Botul\u00ednica Azzalure Tipo A para venda. Fa\u00e7a seu pedido para comprar a Toxina Botul\u00ednica Azzalure Tipo A com bitcoin, moneygram e western union e receba em breve no local indicado. Estamos sempre aqui para ajud\u00e1-lo com suas necessidades relacionadas \u00e0 toxina botul\u00ednica tipo A Azzalure online.<\/p>\n<h3 style=\"text-align: justify;\">O que \u00e9 a toxina botul\u00ednica Azzalure tipo A e sua efic\u00e1cia?<\/h3>\n<p style=\"text-align: justify;\">Azzalure \u00e9 demonstrado pela breve melhora na presen\u00e7a de linhas glabelares moderadas a graves (linhas verticais entre as sobrancelhas, ou \u201clinhas carrancudas\u201d) observadas no brilho intenso e linhas cantais horizontais (linhas de p\u00e9s de galinha) observadas no sorriso mais extremo, em adultos. at\u00e9 pacientes com menos de 65 anos, quando a gravidade dessas linhas tem uma melhora no efeito mental do paciente.<\/p>\n<ul style=\"text-align: justify;\">\n<li>Este produto \u00e9 eficaz para uso em condi\u00e7\u00f5es est\u00e9ticas.<\/li>\n<li>Este produto traz melhora em linhas glabelares moderadas a graves.<\/li>\n<li>Tamb\u00e9m melhora o efeito mental no paciente.<\/li>\n<\/ul>\n<h3 style=\"text-align: justify;\">Fa\u00e7a j\u00e1 o seu pedido!<\/h3>\n<p style=\"text-align: justify;\">Encomende Azzalure Toxina Botul\u00ednica Tipo A hoje e espere a entrega da mesma o mais r\u00e1pido poss\u00edvel!<\/p>","protected":false},"excerpt":{"rendered":"<p>1 x 125 unidades Speywood<\/p>","protected":false},"featured_media":4963,"comment_status":"open","ping_status":"closed","template":"","meta":{"_joinchat":[]},"product_cat":[566],"product_tag":[567,568,569,570,571,583,572,573,574,140,141,575,576,577,578,579,580],"yoast_head":"<!-- This site is optimized with the Yoast SEO plugin v21.3 - https:\/\/yoast.com\/wordpress\/plugins\/seo\/ -->\n<title>Buy Azzalure Botulinum Toxin Type A - Pro Beauty Aesthetics<\/title>\n<meta name=\"robots\" content=\"index, follow, max-snippet:-1, max-image-preview:large, max-video-preview:-1\" \/>\n<link rel=\"canonical\" href=\"https:\/\/www.probeautyaesthetics.com\/pt\/produto\/buy-azzalure-botulinum-toxin-type-a\/\" \/>\n<meta property=\"og:locale\" content=\"pt_PT\" \/>\n<meta property=\"og:type\" content=\"article\" \/>\n<meta property=\"og:title\" content=\"Buy Azzalure Botulinum Toxin Type A - Pro Beauty Aesthetics\" \/>\n<meta property=\"og:description\" content=\"1 x 125 Speywood units\" \/>\n<meta property=\"og:url\" content=\"https:\/\/www.probeautyaesthetics.com\/pt\/produto\/buy-azzalure-botulinum-toxin-type-a\/\" \/>\n<meta property=\"og:site_name\" content=\"Pro Beauty Aesthetics\" \/>\n<meta property=\"article:modified_time\" content=\"2020-01-28T10:18:54+00:00\" \/>\n<meta property=\"og:image\" content=\"https:\/\/www.probeautyaesthetics.com\/wp-content\/uploads\/2019\/11\/Buy-Azzalure-Botulinum-Toxin-Type-A.jpg\" \/>\n\t<meta property=\"og:image:width\" content=\"400\" \/>\n\t<meta property=\"og:image:height\" content=\"329\" \/>\n\t<meta property=\"og:image:type\" content=\"image\/jpeg\" \/>\n<meta name=\"twitter:card\" content=\"summary_large_image\" \/>\n<meta name=\"twitter:label1\" content=\"Tempo estimado de leitura\" \/>\n\t<meta name=\"twitter:data1\" content=\"1 minuto\" \/>\n<script type=\"application\/ld+json\" class=\"yoast-schema-graph\">{\"@context\":\"https:\/\/schema.org\",\"@graph\":[{\"@type\":\"WebPage\",\"@id\":\"https:\/\/www.probeautyaesthetics.com\/product\/buy-azzalure-botulinum-toxin-type-a\/\",\"url\":\"https:\/\/www.probeautyaesthetics.com\/product\/buy-azzalure-botulinum-toxin-type-a\/\",\"name\":\"Buy Azzalure Botulinum Toxin Type A - Pro Beauty Aesthetics\",\"isPartOf\":{\"@id\":\"https:\/\/www.probeautyaesthetics.com\/#website\"},\"datePublished\":\"2019-11-14T07:22:50+00:00\",\"dateModified\":\"2020-01-28T10:18:54+00:00\",\"breadcrumb\":{\"@id\":\"https:\/\/www.probeautyaesthetics.com\/product\/buy-azzalure-botulinum-toxin-type-a\/#breadcrumb\"},\"inLanguage\":\"pt-PT\",\"potentialAction\":[{\"@type\":\"ReadAction\",\"target\":[\"https:\/\/www.probeautyaesthetics.com\/product\/buy-azzalure-botulinum-toxin-type-a\/\"]}]},{\"@type\":\"BreadcrumbList\",\"@id\":\"https:\/\/www.probeautyaesthetics.com\/product\/buy-azzalure-botulinum-toxin-type-a\/#breadcrumb\",\"itemListElement\":[{\"@type\":\"ListItem\",\"position\":1,\"name\":\"Home\",\"item\":\"https:\/\/www.probeautyaesthetics.com\/\"},{\"@type\":\"ListItem\",\"position\":2,\"name\":\"Our Products\",\"item\":\"https:\/\/www.probeautyaesthetics.com\/shop\/\"},{\"@type\":\"ListItem\",\"position\":3,\"name\":\"Buy Azzalure Botulinum Toxin Type A\"}]},{\"@type\":\"WebSite\",\"@id\":\"https:\/\/www.probeautyaesthetics.com\/#website\",\"url\":\"https:\/\/www.probeautyaesthetics.com\/\",\"name\":\"Pro Beauty Aesthetics\",\"description\":\"\",\"publisher\":{\"@id\":\"https:\/\/www.probeautyaesthetics.com\/#organization\"},\"potentialAction\":[{\"@type\":\"SearchAction\",\"target\":{\"@type\":\"EntryPoint\",\"urlTemplate\":\"https:\/\/www.probeautyaesthetics.com\/?s={search_term_string}\"},\"query-input\":\"required name=search_term_string\"}],\"inLanguage\":\"pt-PT\"},{\"@type\":\"Organization\",\"@id\":\"https:\/\/www.probeautyaesthetics.com\/#organization\",\"name\":\"Pro Beauty Aesthetics\",\"url\":\"https:\/\/www.probeautyaesthetics.com\/\",\"logo\":{\"@type\":\"ImageObject\",\"inLanguage\":\"pt-PT\",\"@id\":\"https:\/\/www.probeautyaesthetics.com\/#\/schema\/logo\/image\/\",\"url\":\"https:\/\/www.probeautyaesthetics.com\/wp-content\/uploads\/2019\/11\/logo-1.png\",\"contentUrl\":\"https:\/\/www.probeautyaesthetics.com\/wp-content\/uploads\/2019\/11\/logo-1.png\",\"width\":200,\"height\":50,\"caption\":\"Pro Beauty Aesthetics\"},\"image\":{\"@id\":\"https:\/\/www.probeautyaesthetics.com\/#\/schema\/logo\/image\/\"}}]}<\/script>\n<!-- \/ Yoast SEO plugin. -->","yoast_head_json":{"title":"Buy Azzalure Botulinum Toxin Type A - Pro Beauty Aesthetics","robots":{"index":"index","follow":"follow","max-snippet":"max-snippet:-1","max-image-preview":"max-image-preview:large","max-video-preview":"max-video-preview:-1"},"canonical":"https:\/\/www.probeautyaesthetics.com\/pt\/produto\/buy-azzalure-botulinum-toxin-type-a\/","og_locale":"pt_PT","og_type":"article","og_title":"Buy Azzalure Botulinum Toxin Type A - Pro Beauty Aesthetics","og_description":"1 x 125 Speywood units","og_url":"https:\/\/www.probeautyaesthetics.com\/pt\/produto\/buy-azzalure-botulinum-toxin-type-a\/","og_site_name":"Pro Beauty Aesthetics","article_modified_time":"2020-01-28T10:18:54+00:00","og_image":[{"width":400,"height":329,"url":"https:\/\/www.probeautyaesthetics.com\/wp-content\/uploads\/2019\/11\/Buy-Azzalure-Botulinum-Toxin-Type-A.jpg","type":"image\/jpeg"}],"twitter_card":"summary_large_image","twitter_misc":{"Tempo estimado de leitura":"1 minuto"},"schema":{"@context":"https:\/\/schema.org","@graph":[{"@type":"WebPage","@id":"https:\/\/www.probeautyaesthetics.com\/product\/buy-azzalure-botulinum-toxin-type-a\/","url":"https:\/\/www.probeautyaesthetics.com\/product\/buy-azzalure-botulinum-toxin-type-a\/","name":"Buy Azzalure Botulinum Toxin Type A - Pro Beauty Aesthetics","isPartOf":{"@id":"https:\/\/www.probeautyaesthetics.com\/#website"},"datePublished":"2019-11-14T07:22:50+00:00","dateModified":"2020-01-28T10:18:54+00:00","breadcrumb":{"@id":"https:\/\/www.probeautyaesthetics.com\/product\/buy-azzalure-botulinum-toxin-type-a\/#breadcrumb"},"inLanguage":"pt-PT","potentialAction":[{"@type":"ReadAction","target":["https:\/\/www.probeautyaesthetics.com\/product\/buy-azzalure-botulinum-toxin-type-a\/"]}]},{"@type":"BreadcrumbList","@id":"https:\/\/www.probeautyaesthetics.com\/product\/buy-azzalure-botulinum-toxin-type-a\/#breadcrumb","itemListElement":[{"@type":"ListItem","position":1,"name":"Home","item":"https:\/\/www.probeautyaesthetics.com\/"},{"@type":"ListItem","position":2,"name":"Our Products","item":"https:\/\/www.probeautyaesthetics.com\/shop\/"},{"@type":"ListItem","position":3,"name":"Buy Azzalure Botulinum Toxin Type A"}]},{"@type":"WebSite","@id":"https:\/\/www.probeautyaesthetics.com\/#website","url":"https:\/\/www.probeautyaesthetics.com\/","name":"Pro Beauty Aesthetics","description":"","publisher":{"@id":"https:\/\/www.probeautyaesthetics.com\/#organization"},"potentialAction":[{"@type":"SearchAction","target":{"@type":"EntryPoint","urlTemplate":"https:\/\/www.probeautyaesthetics.com\/?s={search_term_string}"},"query-input":"required name=search_term_string"}],"inLanguage":"pt-PT"},{"@type":"Organization","@id":"https:\/\/www.probeautyaesthetics.com\/#organization","name":"Pro Beauty Aesthetics","url":"https:\/\/www.probeautyaesthetics.com\/","logo":{"@type":"ImageObject","inLanguage":"pt-PT","@id":"https:\/\/www.probeautyaesthetics.com\/#\/schema\/logo\/image\/","url":"https:\/\/www.probeautyaesthetics.com\/wp-content\/uploads\/2019\/11\/logo-1.png","contentUrl":"https:\/\/www.probeautyaesthetics.com\/wp-content\/uploads\/2019\/11\/logo-1.png","width":200,"height":50,"caption":"Pro Beauty Aesthetics"},"image":{"@id":"https:\/\/www.probeautyaesthetics.com\/#\/schema\/logo\/image\/"}}]}},"_links":{"self":[{"href":"https:\/\/www.probeautyaesthetics.com\/pt\/wp-json\/wp\/v2\/product\/4941"}],"collection":[{"href":"https:\/\/www.probeautyaesthetics.com\/pt\/wp-json\/wp\/v2\/product"}],"about":[{"href":"https:\/\/www.probeautyaesthetics.com\/pt\/wp-json\/wp\/v2\/types\/product"}],"replies":[{"embeddable":true,"href":"https:\/\/www.probeautyaesthetics.com\/pt\/wp-json\/wp\/v2\/comments?post=4941"}],"wp:featuredmedia":[{"embeddable":true,"href":"https:\/\/www.probeautyaesthetics.com\/pt\/wp-json\/wp\/v2\/media\/4963"}],"wp:attachment":[{"href":"https:\/\/www.probeautyaesthetics.com\/pt\/wp-json\/wp\/v2\/media?parent=4941"}],"wp:term":[{"taxonomy":"product_cat","embeddable":true,"href":"https:\/\/www.probeautyaesthetics.com\/pt\/wp-json\/wp\/v2\/product_cat?post=4941"},{"taxonomy":"product_tag","embeddable":true,"href":"https:\/\/www.probeautyaesthetics.com\/pt\/wp-json\/wp\/v2\/product_tag?post=4941"}],"curies":[{"name":"wp","href":"https:\/\/api.w.org\/{rel}","templated":true}]}}