{"id":4958,"date":"2019-11-14T07:22:52","date_gmt":"2019-11-14T07:22:52","guid":{"rendered":"https:\/\/www.safeonlinechemist.com\/dermalfillers\/product\/import-placeholder-for-7007\/"},"modified":"2020-01-29T13:20:01","modified_gmt":"2020-01-29T13:20:01","slug":"buy-bocouture-50u-botulinum-toxin-type-a","status":"publish","type":"product","link":"https:\/\/www.probeautyaesthetics.com\/pt\/produto\/buy-bocouture-50u-botulinum-toxin-type-a\/","title":{"rendered":"Compre Bocouture 50u Toxina Botul\u00ednica Tipo A"},"content":{"rendered":"<h2 style=\"text-align: justify;\"><strong>Compre Bocouture 50u Toxina Botul\u00ednica tipo A a pre\u00e7os acess\u00edveis<\/strong><\/h2>\n<p style=\"text-align: justify;\">Na Pro Beauty Aesthetics, voc\u00ea pode comprar Toxina Botul\u00ednica Tipo A Bocouture 50u a um pre\u00e7o barato. Tamb\u00e9m temos a op\u00e7\u00e3o de comprar Bocouture 50u Botulinum Toxin Type A com bitcoin, moneygram e western union. Encomende Bocouture 50u Toxina Botul\u00ednica Tipo A em nossa loja online hoje e use-a para seu pr\u00f3prio benef\u00edcio. Este produto definitivamente ir\u00e1 ajud\u00e1-lo a cumprir seu prop\u00f3sito.<\/p>\n<h3 style=\"text-align: justify;\"><strong>Qual \u00e9 a efic\u00e1cia da Toxina Botul\u00ednica tipo A Bocouture 50u?<\/strong><\/h3>\n<p style=\"text-align: justify;\">Bocouture 50u Toxina Botul\u00ednica Tipo A depende do veneno botul\u00ednico tipo A. Este \u00e9 um planejamento da nova era, que foi adquirido utilizando a receita do BTX-A.<\/p>\n<p style=\"text-align: justify;\">A predisposi\u00e7\u00e3o tem uma parte interessante. Portanto, \u00e9 bem-sucedido; no entanto, tanto quanto poderia ser razoavelmente esperado. Ao inv\u00e9s de seus an\u00e1logos, tem as seguintes circunst\u00e2ncias favor\u00e1veis:<\/p>\n<ul style=\"text-align: justify;\">\n<li>n\u00e3o h\u00e1 resultados negativos incitados pelos impactos das influ\u00eancias poluidoras de prote\u00ednas?<\/li>\n<li>n\u00e3o h\u00e1 respostas desfavoravelmente suscet\u00edveis e outras manifesta\u00e7\u00f5es genu\u00ednas na pele;<\/li>\n<li>o impacto \u00e9 est\u00e1vel;<\/li>\n<li>\u00e9 conceb\u00edvel controlar o impacto devido ao baixo peso subat\u00f4mico.<\/li>\n<\/ul>\n<h3 style=\"text-align: justify;\"><strong>Fa\u00e7a um pedido agora!<\/strong><\/h3>\n<p style=\"text-align: justify;\">Adquira Bocouture 50u Toxina Botul\u00ednica Tipo A \u00e0 venda em nossa loja online e receba em breve no local de sua prefer\u00eancia. Compre Bocouture 50u Toxina Botul\u00ednica Tipo A agora!<\/p>","protected":false},"excerpt":{"rendered":"<p><strong>Forma:<\/strong>Frasca<br \/>\n<strong>Linha de geladeira:<\/strong>N\u00e3o<br \/>\n<strong>Toxina:<\/strong>Sim<br \/>\n<strong>POM:<\/strong>Sim<br \/>\n<strong>Categoria Jur\u00eddica:<\/strong>POM<br \/>\n<strong>Preenchimento:<\/strong>N\u00e3o<br \/>\n<strong>Temperatura de armazenamento:<\/strong>N \/ D<br \/>\n<strong>Fabricante:<\/strong>Merz<\/p>","protected":false},"featured_media":4966,"comment_status":"open","ping_status":"closed","template":"","meta":{"_joinchat":[]},"product_cat":[566],"product_tag":[567,568,569,570,571,583,572,584,573,574,140,141,575,576,577,578,579,580],"yoast_head":"<!-- This site is optimized with the Yoast SEO plugin v21.3 - https:\/\/yoast.com\/wordpress\/plugins\/seo\/ -->\n<title>Buy Bocouture 50u Botulinum Toxin Type A - Pro Beauty Aesthetics<\/title>\n<meta name=\"robots\" content=\"index, follow, max-snippet:-1, max-image-preview:large, max-video-preview:-1\" \/>\n<link rel=\"canonical\" href=\"https:\/\/www.probeautyaesthetics.com\/pt\/produto\/buy-bocouture-50u-botulinum-toxin-type-a\/\" \/>\n<meta property=\"og:locale\" content=\"pt_PT\" \/>\n<meta property=\"og:type\" content=\"article\" \/>\n<meta property=\"og:title\" content=\"Buy Bocouture 50u Botulinum Toxin Type A - Pro Beauty Aesthetics\" \/>\n<meta property=\"og:description\" content=\"Form:Vial Fridge-line:No Toxin:Yes POM:Yes Legal Category:POM Filler:No Storage Temperature:N\/A Manufacturer:Merz\" \/>\n<meta property=\"og:url\" content=\"https:\/\/www.probeautyaesthetics.com\/pt\/produto\/buy-bocouture-50u-botulinum-toxin-type-a\/\" \/>\n<meta property=\"og:site_name\" content=\"Pro Beauty Aesthetics\" \/>\n<meta property=\"article:modified_time\" content=\"2020-01-29T13:20:01+00:00\" \/>\n<meta property=\"og:image\" content=\"https:\/\/www.probeautyaesthetics.com\/wp-content\/uploads\/2019\/11\/Buy-Bocouture-50u-Botulinum-Toxin-Type-A-.jpeg\" \/>\n\t<meta property=\"og:image:width\" content=\"300\" \/>\n\t<meta property=\"og:image:height\" content=\"300\" \/>\n\t<meta property=\"og:image:type\" content=\"image\/jpeg\" \/>\n<meta name=\"twitter:card\" content=\"summary_large_image\" \/>\n<meta name=\"twitter:label1\" content=\"Tempo estimado de leitura\" \/>\n\t<meta name=\"twitter:data1\" content=\"1 minuto\" \/>\n<script type=\"application\/ld+json\" class=\"yoast-schema-graph\">{\"@context\":\"https:\/\/schema.org\",\"@graph\":[{\"@type\":\"WebPage\",\"@id\":\"https:\/\/www.probeautyaesthetics.com\/product\/buy-bocouture-50u-botulinum-toxin-type-a\/\",\"url\":\"https:\/\/www.probeautyaesthetics.com\/product\/buy-bocouture-50u-botulinum-toxin-type-a\/\",\"name\":\"Buy Bocouture 50u Botulinum Toxin Type A - Pro Beauty Aesthetics\",\"isPartOf\":{\"@id\":\"https:\/\/www.probeautyaesthetics.com\/#website\"},\"datePublished\":\"2019-11-14T07:22:52+00:00\",\"dateModified\":\"2020-01-29T13:20:01+00:00\",\"breadcrumb\":{\"@id\":\"https:\/\/www.probeautyaesthetics.com\/product\/buy-bocouture-50u-botulinum-toxin-type-a\/#breadcrumb\"},\"inLanguage\":\"pt-PT\",\"potentialAction\":[{\"@type\":\"ReadAction\",\"target\":[\"https:\/\/www.probeautyaesthetics.com\/product\/buy-bocouture-50u-botulinum-toxin-type-a\/\"]}]},{\"@type\":\"BreadcrumbList\",\"@id\":\"https:\/\/www.probeautyaesthetics.com\/product\/buy-bocouture-50u-botulinum-toxin-type-a\/#breadcrumb\",\"itemListElement\":[{\"@type\":\"ListItem\",\"position\":1,\"name\":\"Home\",\"item\":\"https:\/\/www.probeautyaesthetics.com\/\"},{\"@type\":\"ListItem\",\"position\":2,\"name\":\"Our Products\",\"item\":\"https:\/\/www.probeautyaesthetics.com\/shop\/\"},{\"@type\":\"ListItem\",\"position\":3,\"name\":\"Buy Bocouture 50u Botulinum Toxin Type A\"}]},{\"@type\":\"WebSite\",\"@id\":\"https:\/\/www.probeautyaesthetics.com\/#website\",\"url\":\"https:\/\/www.probeautyaesthetics.com\/\",\"name\":\"Pro Beauty Aesthetics\",\"description\":\"\",\"publisher\":{\"@id\":\"https:\/\/www.probeautyaesthetics.com\/#organization\"},\"potentialAction\":[{\"@type\":\"SearchAction\",\"target\":{\"@type\":\"EntryPoint\",\"urlTemplate\":\"https:\/\/www.probeautyaesthetics.com\/?s={search_term_string}\"},\"query-input\":\"required name=search_term_string\"}],\"inLanguage\":\"pt-PT\"},{\"@type\":\"Organization\",\"@id\":\"https:\/\/www.probeautyaesthetics.com\/#organization\",\"name\":\"Pro Beauty Aesthetics\",\"url\":\"https:\/\/www.probeautyaesthetics.com\/\",\"logo\":{\"@type\":\"ImageObject\",\"inLanguage\":\"pt-PT\",\"@id\":\"https:\/\/www.probeautyaesthetics.com\/#\/schema\/logo\/image\/\",\"url\":\"https:\/\/www.probeautyaesthetics.com\/wp-content\/uploads\/2019\/11\/logo-1.png\",\"contentUrl\":\"https:\/\/www.probeautyaesthetics.com\/wp-content\/uploads\/2019\/11\/logo-1.png\",\"width\":200,\"height\":50,\"caption\":\"Pro Beauty Aesthetics\"},\"image\":{\"@id\":\"https:\/\/www.probeautyaesthetics.com\/#\/schema\/logo\/image\/\"}}]}<\/script>\n<!-- \/ Yoast SEO plugin. -->","yoast_head_json":{"title":"Buy Bocouture 50u Botulinum Toxin Type A - Pro Beauty Aesthetics","robots":{"index":"index","follow":"follow","max-snippet":"max-snippet:-1","max-image-preview":"max-image-preview:large","max-video-preview":"max-video-preview:-1"},"canonical":"https:\/\/www.probeautyaesthetics.com\/pt\/produto\/buy-bocouture-50u-botulinum-toxin-type-a\/","og_locale":"pt_PT","og_type":"article","og_title":"Buy Bocouture 50u Botulinum Toxin Type A - Pro Beauty Aesthetics","og_description":"Form:Vial Fridge-line:No Toxin:Yes POM:Yes Legal Category:POM Filler:No Storage Temperature:N\/A Manufacturer:Merz","og_url":"https:\/\/www.probeautyaesthetics.com\/pt\/produto\/buy-bocouture-50u-botulinum-toxin-type-a\/","og_site_name":"Pro Beauty Aesthetics","article_modified_time":"2020-01-29T13:20:01+00:00","og_image":[{"width":300,"height":300,"url":"https:\/\/www.probeautyaesthetics.com\/wp-content\/uploads\/2019\/11\/Buy-Bocouture-50u-Botulinum-Toxin-Type-A-.jpeg","type":"image\/jpeg"}],"twitter_card":"summary_large_image","twitter_misc":{"Tempo estimado de leitura":"1 minuto"},"schema":{"@context":"https:\/\/schema.org","@graph":[{"@type":"WebPage","@id":"https:\/\/www.probeautyaesthetics.com\/product\/buy-bocouture-50u-botulinum-toxin-type-a\/","url":"https:\/\/www.probeautyaesthetics.com\/product\/buy-bocouture-50u-botulinum-toxin-type-a\/","name":"Buy Bocouture 50u Botulinum Toxin Type A - Pro Beauty Aesthetics","isPartOf":{"@id":"https:\/\/www.probeautyaesthetics.com\/#website"},"datePublished":"2019-11-14T07:22:52+00:00","dateModified":"2020-01-29T13:20:01+00:00","breadcrumb":{"@id":"https:\/\/www.probeautyaesthetics.com\/product\/buy-bocouture-50u-botulinum-toxin-type-a\/#breadcrumb"},"inLanguage":"pt-PT","potentialAction":[{"@type":"ReadAction","target":["https:\/\/www.probeautyaesthetics.com\/product\/buy-bocouture-50u-botulinum-toxin-type-a\/"]}]},{"@type":"BreadcrumbList","@id":"https:\/\/www.probeautyaesthetics.com\/product\/buy-bocouture-50u-botulinum-toxin-type-a\/#breadcrumb","itemListElement":[{"@type":"ListItem","position":1,"name":"Home","item":"https:\/\/www.probeautyaesthetics.com\/"},{"@type":"ListItem","position":2,"name":"Our Products","item":"https:\/\/www.probeautyaesthetics.com\/shop\/"},{"@type":"ListItem","position":3,"name":"Buy Bocouture 50u Botulinum Toxin Type A"}]},{"@type":"WebSite","@id":"https:\/\/www.probeautyaesthetics.com\/#website","url":"https:\/\/www.probeautyaesthetics.com\/","name":"Pro Beauty Aesthetics","description":"","publisher":{"@id":"https:\/\/www.probeautyaesthetics.com\/#organization"},"potentialAction":[{"@type":"SearchAction","target":{"@type":"EntryPoint","urlTemplate":"https:\/\/www.probeautyaesthetics.com\/?s={search_term_string}"},"query-input":"required name=search_term_string"}],"inLanguage":"pt-PT"},{"@type":"Organization","@id":"https:\/\/www.probeautyaesthetics.com\/#organization","name":"Pro Beauty Aesthetics","url":"https:\/\/www.probeautyaesthetics.com\/","logo":{"@type":"ImageObject","inLanguage":"pt-PT","@id":"https:\/\/www.probeautyaesthetics.com\/#\/schema\/logo\/image\/","url":"https:\/\/www.probeautyaesthetics.com\/wp-content\/uploads\/2019\/11\/logo-1.png","contentUrl":"https:\/\/www.probeautyaesthetics.com\/wp-content\/uploads\/2019\/11\/logo-1.png","width":200,"height":50,"caption":"Pro Beauty Aesthetics"},"image":{"@id":"https:\/\/www.probeautyaesthetics.com\/#\/schema\/logo\/image\/"}}]}},"_links":{"self":[{"href":"https:\/\/www.probeautyaesthetics.com\/pt\/wp-json\/wp\/v2\/product\/4958"}],"collection":[{"href":"https:\/\/www.probeautyaesthetics.com\/pt\/wp-json\/wp\/v2\/product"}],"about":[{"href":"https:\/\/www.probeautyaesthetics.com\/pt\/wp-json\/wp\/v2\/types\/product"}],"replies":[{"embeddable":true,"href":"https:\/\/www.probeautyaesthetics.com\/pt\/wp-json\/wp\/v2\/comments?post=4958"}],"wp:featuredmedia":[{"embeddable":true,"href":"https:\/\/www.probeautyaesthetics.com\/pt\/wp-json\/wp\/v2\/media\/4966"}],"wp:attachment":[{"href":"https:\/\/www.probeautyaesthetics.com\/pt\/wp-json\/wp\/v2\/media?parent=4958"}],"wp:term":[{"taxonomy":"product_cat","embeddable":true,"href":"https:\/\/www.probeautyaesthetics.com\/pt\/wp-json\/wp\/v2\/product_cat?post=4958"},{"taxonomy":"product_tag","embeddable":true,"href":"https:\/\/www.probeautyaesthetics.com\/pt\/wp-json\/wp\/v2\/product_tag?post=4958"}],"curies":[{"name":"wp","href":"https:\/\/api.w.org\/{rel}","templated":true}]}}