{"id":5024,"date":"2019-11-14T07:23:15","date_gmt":"2019-11-14T07:23:15","guid":{"rendered":"https:\/\/www.safeonlinechemist.com\/dermalfillers\/product\/import-placeholder-for-7100\/"},"modified":"2020-01-28T10:21:22","modified_gmt":"2020-01-28T10:21:22","slug":"buy-bcn-adipo-forte-5-x-10ml","status":"publish","type":"product","link":"https:\/\/www.probeautyaesthetics.com\/pt\/produto\/buy-bcn-adipo-forte-5-x-10ml\/","title":{"rendered":"Comprar BCN Adipo Forte 5 x 10ml"},"content":{"rendered":"<h2 style=\"text-align: justify;\">Compre BCN Adipo Forte 5 x 10ml \u00e0 venda com os melhores pre\u00e7os<\/h2>\n<p style=\"text-align: justify;\">Se voc\u00ea deseja comprar BCN Adipo Forte 5 x 10ml a um pre\u00e7o barato, Pro Beauty Aesthetics \u00e9 o lugar certo a considerar. Vamos ajud\u00e1-lo inteiramente a comprar BCN Adipo Forte 5 x 10ml com bitcoin, moneygram e western union. Encomende BCN Adipo Forte 5 x 10ml agora mesmo!<\/p>\n<h3 style=\"text-align: justify;\">O que \u00e9 BCN Adipo Forte 5 x 10ml e suas caracter\u00edsticas?<\/h3>\n<p style=\"text-align: justify;\">BCN Adipo Forte 5 x 10ml tamb\u00e9m pode ser utilizado para eliminar lipomas e tratamentos de lipoaspira\u00e7\u00e3o. \u00c9 prescrito para pessoas com peso normal ou um pouco acima, mas que t\u00eam zonas restritas de gordura e para pessoas que desejam atualizar e manter os efeitos colaterais de um tratamento para redu\u00e7\u00e3o de gordura.<\/p>\n<ul style=\"text-align: justify;\">\n<li>A fosfatidilcolina quebra a gordura armazenada nos adip\u00f3citos ou c\u00e9lulas adiposas, permitindo que ela se desfa\u00e7a de adip\u00f3citos limitados.<\/li>\n<li>Deoxycholic corrosivo \u00e9 utilizado na redu\u00e7\u00e3o de gordura confinada.<\/li>\n<li>Ajuda na elimina\u00e7\u00e3o de dep\u00f3sitos de gordura confinados da forma do corpo e das dobras abdominais e da parte superior dos bra\u00e7os, coxas, n\u00e1degas, joelhos e barriga.<\/li>\n<\/ul>\n<h3 style=\"text-align: justify;\">Pe\u00e7a seus requisitos agora!<\/h3>\n<p style=\"text-align: justify;\">Entre em contato com nossa loja online e compre online BCN Adipo Forte 5 x 10ml. N\u00f3s vamos entregar suas necessidades em breve!<\/p>","protected":false},"excerpt":{"rendered":"<p>5 x 10ml<\/p>","protected":false},"featured_media":5036,"comment_status":"open","ping_status":"closed","template":"","meta":{"_joinchat":[]},"product_cat":[185],"product_tag":[597,598,613,401,600,601,482,602,603,604,605,606,607,608,609,610],"yoast_head":"<!-- This site is optimized with the Yoast SEO plugin v21.3 - https:\/\/yoast.com\/wordpress\/plugins\/seo\/ -->\n<title>Buy BCN Adipo Forte 5 x 10ml - Pro Beauty Aesthetics<\/title>\n<meta name=\"robots\" content=\"index, follow, max-snippet:-1, max-image-preview:large, max-video-preview:-1\" \/>\n<link rel=\"canonical\" href=\"https:\/\/www.probeautyaesthetics.com\/pt\/produto\/buy-bcn-adipo-forte-5-x-10ml\/\" \/>\n<meta property=\"og:locale\" content=\"pt_PT\" \/>\n<meta property=\"og:type\" content=\"article\" \/>\n<meta property=\"og:title\" content=\"Buy BCN Adipo Forte 5 x 10ml - Pro Beauty Aesthetics\" \/>\n<meta property=\"og:description\" content=\"5 x 10ml\" \/>\n<meta property=\"og:url\" content=\"https:\/\/www.probeautyaesthetics.com\/pt\/produto\/buy-bcn-adipo-forte-5-x-10ml\/\" \/>\n<meta property=\"og:site_name\" content=\"Pro Beauty Aesthetics\" \/>\n<meta property=\"article:modified_time\" content=\"2020-01-28T10:21:22+00:00\" \/>\n<meta property=\"og:image\" content=\"https:\/\/www.probeautyaesthetics.com\/wp-content\/uploads\/2019\/11\/Buy-BCN-Adipo-Forte-5-x-10ml.jpg\" \/>\n\t<meta property=\"og:image:width\" content=\"348\" \/>\n\t<meta property=\"og:image:height\" content=\"450\" \/>\n\t<meta property=\"og:image:type\" content=\"image\/jpeg\" \/>\n<meta name=\"twitter:card\" content=\"summary_large_image\" \/>\n<meta name=\"twitter:label1\" content=\"Tempo estimado de leitura\" \/>\n\t<meta name=\"twitter:data1\" content=\"1 minuto\" \/>\n<script type=\"application\/ld+json\" class=\"yoast-schema-graph\">{\"@context\":\"https:\/\/schema.org\",\"@graph\":[{\"@type\":\"WebPage\",\"@id\":\"https:\/\/www.probeautyaesthetics.com\/product\/buy-bcn-adipo-forte-5-x-10ml\/\",\"url\":\"https:\/\/www.probeautyaesthetics.com\/product\/buy-bcn-adipo-forte-5-x-10ml\/\",\"name\":\"Buy BCN Adipo Forte 5 x 10ml - Pro Beauty Aesthetics\",\"isPartOf\":{\"@id\":\"https:\/\/www.probeautyaesthetics.com\/#website\"},\"datePublished\":\"2019-11-14T07:23:15+00:00\",\"dateModified\":\"2020-01-28T10:21:22+00:00\",\"breadcrumb\":{\"@id\":\"https:\/\/www.probeautyaesthetics.com\/product\/buy-bcn-adipo-forte-5-x-10ml\/#breadcrumb\"},\"inLanguage\":\"pt-PT\",\"potentialAction\":[{\"@type\":\"ReadAction\",\"target\":[\"https:\/\/www.probeautyaesthetics.com\/product\/buy-bcn-adipo-forte-5-x-10ml\/\"]}]},{\"@type\":\"BreadcrumbList\",\"@id\":\"https:\/\/www.probeautyaesthetics.com\/product\/buy-bcn-adipo-forte-5-x-10ml\/#breadcrumb\",\"itemListElement\":[{\"@type\":\"ListItem\",\"position\":1,\"name\":\"Home\",\"item\":\"https:\/\/www.probeautyaesthetics.com\/\"},{\"@type\":\"ListItem\",\"position\":2,\"name\":\"Our Products\",\"item\":\"https:\/\/www.probeautyaesthetics.com\/shop\/\"},{\"@type\":\"ListItem\",\"position\":3,\"name\":\"Buy BCN Adipo Forte 5 x 10ml\"}]},{\"@type\":\"WebSite\",\"@id\":\"https:\/\/www.probeautyaesthetics.com\/#website\",\"url\":\"https:\/\/www.probeautyaesthetics.com\/\",\"name\":\"Pro Beauty Aesthetics\",\"description\":\"\",\"publisher\":{\"@id\":\"https:\/\/www.probeautyaesthetics.com\/#organization\"},\"potentialAction\":[{\"@type\":\"SearchAction\",\"target\":{\"@type\":\"EntryPoint\",\"urlTemplate\":\"https:\/\/www.probeautyaesthetics.com\/?s={search_term_string}\"},\"query-input\":\"required name=search_term_string\"}],\"inLanguage\":\"pt-PT\"},{\"@type\":\"Organization\",\"@id\":\"https:\/\/www.probeautyaesthetics.com\/#organization\",\"name\":\"Pro Beauty Aesthetics\",\"url\":\"https:\/\/www.probeautyaesthetics.com\/\",\"logo\":{\"@type\":\"ImageObject\",\"inLanguage\":\"pt-PT\",\"@id\":\"https:\/\/www.probeautyaesthetics.com\/#\/schema\/logo\/image\/\",\"url\":\"https:\/\/www.probeautyaesthetics.com\/wp-content\/uploads\/2019\/11\/logo-1.png\",\"contentUrl\":\"https:\/\/www.probeautyaesthetics.com\/wp-content\/uploads\/2019\/11\/logo-1.png\",\"width\":200,\"height\":50,\"caption\":\"Pro Beauty Aesthetics\"},\"image\":{\"@id\":\"https:\/\/www.probeautyaesthetics.com\/#\/schema\/logo\/image\/\"}}]}<\/script>\n<!-- \/ Yoast SEO plugin. -->","yoast_head_json":{"title":"Buy BCN Adipo Forte 5 x 10ml - Pro Beauty Aesthetics","robots":{"index":"index","follow":"follow","max-snippet":"max-snippet:-1","max-image-preview":"max-image-preview:large","max-video-preview":"max-video-preview:-1"},"canonical":"https:\/\/www.probeautyaesthetics.com\/pt\/produto\/buy-bcn-adipo-forte-5-x-10ml\/","og_locale":"pt_PT","og_type":"article","og_title":"Buy BCN Adipo Forte 5 x 10ml - Pro Beauty Aesthetics","og_description":"5 x 10ml","og_url":"https:\/\/www.probeautyaesthetics.com\/pt\/produto\/buy-bcn-adipo-forte-5-x-10ml\/","og_site_name":"Pro Beauty Aesthetics","article_modified_time":"2020-01-28T10:21:22+00:00","og_image":[{"width":348,"height":450,"url":"https:\/\/www.probeautyaesthetics.com\/wp-content\/uploads\/2019\/11\/Buy-BCN-Adipo-Forte-5-x-10ml.jpg","type":"image\/jpeg"}],"twitter_card":"summary_large_image","twitter_misc":{"Tempo estimado de leitura":"1 minuto"},"schema":{"@context":"https:\/\/schema.org","@graph":[{"@type":"WebPage","@id":"https:\/\/www.probeautyaesthetics.com\/product\/buy-bcn-adipo-forte-5-x-10ml\/","url":"https:\/\/www.probeautyaesthetics.com\/product\/buy-bcn-adipo-forte-5-x-10ml\/","name":"Buy BCN Adipo Forte 5 x 10ml - Pro Beauty Aesthetics","isPartOf":{"@id":"https:\/\/www.probeautyaesthetics.com\/#website"},"datePublished":"2019-11-14T07:23:15+00:00","dateModified":"2020-01-28T10:21:22+00:00","breadcrumb":{"@id":"https:\/\/www.probeautyaesthetics.com\/product\/buy-bcn-adipo-forte-5-x-10ml\/#breadcrumb"},"inLanguage":"pt-PT","potentialAction":[{"@type":"ReadAction","target":["https:\/\/www.probeautyaesthetics.com\/product\/buy-bcn-adipo-forte-5-x-10ml\/"]}]},{"@type":"BreadcrumbList","@id":"https:\/\/www.probeautyaesthetics.com\/product\/buy-bcn-adipo-forte-5-x-10ml\/#breadcrumb","itemListElement":[{"@type":"ListItem","position":1,"name":"Home","item":"https:\/\/www.probeautyaesthetics.com\/"},{"@type":"ListItem","position":2,"name":"Our Products","item":"https:\/\/www.probeautyaesthetics.com\/shop\/"},{"@type":"ListItem","position":3,"name":"Buy BCN Adipo Forte 5 x 10ml"}]},{"@type":"WebSite","@id":"https:\/\/www.probeautyaesthetics.com\/#website","url":"https:\/\/www.probeautyaesthetics.com\/","name":"Pro Beauty Aesthetics","description":"","publisher":{"@id":"https:\/\/www.probeautyaesthetics.com\/#organization"},"potentialAction":[{"@type":"SearchAction","target":{"@type":"EntryPoint","urlTemplate":"https:\/\/www.probeautyaesthetics.com\/?s={search_term_string}"},"query-input":"required name=search_term_string"}],"inLanguage":"pt-PT"},{"@type":"Organization","@id":"https:\/\/www.probeautyaesthetics.com\/#organization","name":"Pro Beauty Aesthetics","url":"https:\/\/www.probeautyaesthetics.com\/","logo":{"@type":"ImageObject","inLanguage":"pt-PT","@id":"https:\/\/www.probeautyaesthetics.com\/#\/schema\/logo\/image\/","url":"https:\/\/www.probeautyaesthetics.com\/wp-content\/uploads\/2019\/11\/logo-1.png","contentUrl":"https:\/\/www.probeautyaesthetics.com\/wp-content\/uploads\/2019\/11\/logo-1.png","width":200,"height":50,"caption":"Pro Beauty Aesthetics"},"image":{"@id":"https:\/\/www.probeautyaesthetics.com\/#\/schema\/logo\/image\/"}}]}},"_links":{"self":[{"href":"https:\/\/www.probeautyaesthetics.com\/pt\/wp-json\/wp\/v2\/product\/5024"}],"collection":[{"href":"https:\/\/www.probeautyaesthetics.com\/pt\/wp-json\/wp\/v2\/product"}],"about":[{"href":"https:\/\/www.probeautyaesthetics.com\/pt\/wp-json\/wp\/v2\/types\/product"}],"replies":[{"embeddable":true,"href":"https:\/\/www.probeautyaesthetics.com\/pt\/wp-json\/wp\/v2\/comments?post=5024"}],"wp:featuredmedia":[{"embeddable":true,"href":"https:\/\/www.probeautyaesthetics.com\/pt\/wp-json\/wp\/v2\/media\/5036"}],"wp:attachment":[{"href":"https:\/\/www.probeautyaesthetics.com\/pt\/wp-json\/wp\/v2\/media?parent=5024"}],"wp:term":[{"taxonomy":"product_cat","embeddable":true,"href":"https:\/\/www.probeautyaesthetics.com\/pt\/wp-json\/wp\/v2\/product_cat?post=5024"},{"taxonomy":"product_tag","embeddable":true,"href":"https:\/\/www.probeautyaesthetics.com\/pt\/wp-json\/wp\/v2\/product_tag?post=5024"}],"curies":[{"name":"wp","href":"https:\/\/api.w.org\/{rel}","templated":true}]}}