{"id":5045,"date":"2019-11-14T07:23:26","date_gmt":"2019-11-14T07:23:26","guid":{"rendered":"https:\/\/www.safeonlinechemist.com\/dermalfillers\/product\/import-placeholder-for-7121\/"},"modified":"2020-01-28T10:24:48","modified_gmt":"2020-01-28T10:24:48","slug":"buy-bcn-capillum-peptides-5-x-5ml","status":"publish","type":"product","link":"https:\/\/www.probeautyaesthetics.com\/pt\/produto\/buy-bcn-capillum-peptides-5-x-5ml\/","title":{"rendered":"Compre BCN Capillum Peptides 5 x 5ml"},"content":{"rendered":"<h2 style=\"text-align: justify;\">Compre BCN Capillum Peptides 5 x 5ml a pre\u00e7os modestos<\/h2>\n<p style=\"text-align: justify;\">Agora voc\u00ea pode obter BCN Capillum Peptides 5 x 5ml \u00e0 venda na Pro Beauty Aesthetics. Compre BCN Capillum Peptides 5 x 5ml com bitcoin, moneygram e western union de maneira conveniente hoje!<\/p>\n<h3 style=\"text-align: justify;\">O que \u00e9 BCN Capillum Peptides 5 x 5ml e suas fun\u00e7\u00f5es?<\/h3>\n<p style=\"text-align: justify;\">BCN Capillum Peptides \u00e9 uma solu\u00e7\u00e3o para a alopecia de tipo hormonal (androgen\u00e9tica), provocada por componentes internos ou externos, por exemplo, estresse ou insufici\u00eancias alimentares. Restaura o cabelo e \u00e9 um c\u00famplice incr\u00edvel de outras solu\u00e7\u00f5es est\u00e9ticas m\u00e9dicas.<\/p>\n<ul style=\"text-align: justify;\">\n<li>A equa\u00e7\u00e3o incorpora pept\u00eddeos da nova era que produzem sinais de prote\u00ednas bio-tweaking para controlar os componentes associados ao ciclo de desenvolvimento do cabelo.<\/li>\n<li>Esses pept\u00eddeos trabalham com os outros padr\u00f5es din\u00e2micos para construir dissemina\u00e7\u00e3o, nutri\u00e7\u00e3o e oxigena\u00e7\u00e3o para manter uma dist\u00e2ncia estrat\u00e9gica da redu\u00e7\u00e3o do fol\u00edculo piloso.<\/li>\n<li>A equa\u00e7\u00e3o dos Pept\u00eddeos BCN \u00e9 finalizada com nutrientes, minerais, amino\u00e1cidos e \u00e1cido hialur\u00f4nico, entre outros, para um cuidado global do couro cabeludo, que melhora a apar\u00eancia do cabelo e d\u00e1 um cabelo cada vez mais volumoso e saud\u00e1vel.<\/li>\n<\/ul>\n<h3 style=\"text-align: justify;\">Pe\u00e7a seus requisitos hoje!<\/h3>\n<p style=\"text-align: justify;\">Compre BCN Capillum Peptides 5 x 5ml a um pre\u00e7o barato e receba-o em breve em um curto per\u00edodo de tempo. Encomende BCN Capillum Peptides 5 x 5ml online agora!<\/p>","protected":false},"excerpt":{"rendered":"<p>Tamanho do produto<\/p>\n<p>5\u00a0x 5ml<\/p>","protected":false},"featured_media":5069,"comment_status":"open","ping_status":"closed","template":"","meta":{"_joinchat":[]},"product_cat":[185],"product_tag":[597,598,616,401,600,601,482,602,603,604,605,606,607,608,609,610],"yoast_head":"<!-- This site is optimized with the Yoast SEO plugin v21.3 - https:\/\/yoast.com\/wordpress\/plugins\/seo\/ -->\n<title>Buy BCN Capillum Peptides 5 x 5ml - Pro Beauty Aesthetics<\/title>\n<meta name=\"robots\" content=\"index, follow, max-snippet:-1, max-image-preview:large, max-video-preview:-1\" \/>\n<link rel=\"canonical\" href=\"https:\/\/www.probeautyaesthetics.com\/pt\/produto\/buy-bcn-capillum-peptides-5-x-5ml\/\" \/>\n<meta property=\"og:locale\" content=\"pt_PT\" \/>\n<meta property=\"og:type\" content=\"article\" \/>\n<meta property=\"og:title\" content=\"Buy BCN Capillum Peptides 5 x 5ml - Pro Beauty Aesthetics\" \/>\n<meta property=\"og:description\" content=\"Product size  5\u00a0x 5ml\" \/>\n<meta property=\"og:url\" content=\"https:\/\/www.probeautyaesthetics.com\/pt\/produto\/buy-bcn-capillum-peptides-5-x-5ml\/\" \/>\n<meta property=\"og:site_name\" content=\"Pro Beauty Aesthetics\" \/>\n<meta property=\"article:modified_time\" content=\"2020-01-28T10:24:48+00:00\" \/>\n<meta property=\"og:image\" content=\"https:\/\/www.probeautyaesthetics.com\/wp-content\/uploads\/2019\/11\/Buy-BCN-Capillum-Peptides-5-x-5ml.jpeg\" \/>\n\t<meta property=\"og:image:width\" content=\"703\" \/>\n\t<meta property=\"og:image:height\" content=\"751\" \/>\n\t<meta property=\"og:image:type\" content=\"image\/jpeg\" \/>\n<meta name=\"twitter:card\" content=\"summary_large_image\" \/>\n<meta name=\"twitter:label1\" content=\"Tempo estimado de leitura\" \/>\n\t<meta name=\"twitter:data1\" content=\"1 minuto\" \/>\n<script type=\"application\/ld+json\" class=\"yoast-schema-graph\">{\"@context\":\"https:\/\/schema.org\",\"@graph\":[{\"@type\":\"WebPage\",\"@id\":\"https:\/\/www.probeautyaesthetics.com\/product\/buy-bcn-capillum-peptides-5-x-5ml\/\",\"url\":\"https:\/\/www.probeautyaesthetics.com\/product\/buy-bcn-capillum-peptides-5-x-5ml\/\",\"name\":\"Buy BCN Capillum Peptides 5 x 5ml - Pro Beauty Aesthetics\",\"isPartOf\":{\"@id\":\"https:\/\/www.probeautyaesthetics.com\/#website\"},\"datePublished\":\"2019-11-14T07:23:26+00:00\",\"dateModified\":\"2020-01-28T10:24:48+00:00\",\"breadcrumb\":{\"@id\":\"https:\/\/www.probeautyaesthetics.com\/product\/buy-bcn-capillum-peptides-5-x-5ml\/#breadcrumb\"},\"inLanguage\":\"pt-PT\",\"potentialAction\":[{\"@type\":\"ReadAction\",\"target\":[\"https:\/\/www.probeautyaesthetics.com\/product\/buy-bcn-capillum-peptides-5-x-5ml\/\"]}]},{\"@type\":\"BreadcrumbList\",\"@id\":\"https:\/\/www.probeautyaesthetics.com\/product\/buy-bcn-capillum-peptides-5-x-5ml\/#breadcrumb\",\"itemListElement\":[{\"@type\":\"ListItem\",\"position\":1,\"name\":\"Home\",\"item\":\"https:\/\/www.probeautyaesthetics.com\/\"},{\"@type\":\"ListItem\",\"position\":2,\"name\":\"Our Products\",\"item\":\"https:\/\/www.probeautyaesthetics.com\/shop\/\"},{\"@type\":\"ListItem\",\"position\":3,\"name\":\"Buy BCN Capillum Peptides 5 x 5ml\"}]},{\"@type\":\"WebSite\",\"@id\":\"https:\/\/www.probeautyaesthetics.com\/#website\",\"url\":\"https:\/\/www.probeautyaesthetics.com\/\",\"name\":\"Pro Beauty Aesthetics\",\"description\":\"\",\"publisher\":{\"@id\":\"https:\/\/www.probeautyaesthetics.com\/#organization\"},\"potentialAction\":[{\"@type\":\"SearchAction\",\"target\":{\"@type\":\"EntryPoint\",\"urlTemplate\":\"https:\/\/www.probeautyaesthetics.com\/?s={search_term_string}\"},\"query-input\":\"required name=search_term_string\"}],\"inLanguage\":\"pt-PT\"},{\"@type\":\"Organization\",\"@id\":\"https:\/\/www.probeautyaesthetics.com\/#organization\",\"name\":\"Pro Beauty Aesthetics\",\"url\":\"https:\/\/www.probeautyaesthetics.com\/\",\"logo\":{\"@type\":\"ImageObject\",\"inLanguage\":\"pt-PT\",\"@id\":\"https:\/\/www.probeautyaesthetics.com\/#\/schema\/logo\/image\/\",\"url\":\"https:\/\/www.probeautyaesthetics.com\/wp-content\/uploads\/2019\/11\/logo-1.png\",\"contentUrl\":\"https:\/\/www.probeautyaesthetics.com\/wp-content\/uploads\/2019\/11\/logo-1.png\",\"width\":200,\"height\":50,\"caption\":\"Pro Beauty Aesthetics\"},\"image\":{\"@id\":\"https:\/\/www.probeautyaesthetics.com\/#\/schema\/logo\/image\/\"}}]}<\/script>\n<!-- \/ Yoast SEO plugin. -->","yoast_head_json":{"title":"Buy BCN Capillum Peptides 5 x 5ml - Pro Beauty Aesthetics","robots":{"index":"index","follow":"follow","max-snippet":"max-snippet:-1","max-image-preview":"max-image-preview:large","max-video-preview":"max-video-preview:-1"},"canonical":"https:\/\/www.probeautyaesthetics.com\/pt\/produto\/buy-bcn-capillum-peptides-5-x-5ml\/","og_locale":"pt_PT","og_type":"article","og_title":"Buy BCN Capillum Peptides 5 x 5ml - Pro Beauty Aesthetics","og_description":"Product size  5\u00a0x 5ml","og_url":"https:\/\/www.probeautyaesthetics.com\/pt\/produto\/buy-bcn-capillum-peptides-5-x-5ml\/","og_site_name":"Pro Beauty Aesthetics","article_modified_time":"2020-01-28T10:24:48+00:00","og_image":[{"width":703,"height":751,"url":"https:\/\/www.probeautyaesthetics.com\/wp-content\/uploads\/2019\/11\/Buy-BCN-Capillum-Peptides-5-x-5ml.jpeg","type":"image\/jpeg"}],"twitter_card":"summary_large_image","twitter_misc":{"Tempo estimado de leitura":"1 minuto"},"schema":{"@context":"https:\/\/schema.org","@graph":[{"@type":"WebPage","@id":"https:\/\/www.probeautyaesthetics.com\/product\/buy-bcn-capillum-peptides-5-x-5ml\/","url":"https:\/\/www.probeautyaesthetics.com\/product\/buy-bcn-capillum-peptides-5-x-5ml\/","name":"Buy BCN Capillum Peptides 5 x 5ml - Pro Beauty Aesthetics","isPartOf":{"@id":"https:\/\/www.probeautyaesthetics.com\/#website"},"datePublished":"2019-11-14T07:23:26+00:00","dateModified":"2020-01-28T10:24:48+00:00","breadcrumb":{"@id":"https:\/\/www.probeautyaesthetics.com\/product\/buy-bcn-capillum-peptides-5-x-5ml\/#breadcrumb"},"inLanguage":"pt-PT","potentialAction":[{"@type":"ReadAction","target":["https:\/\/www.probeautyaesthetics.com\/product\/buy-bcn-capillum-peptides-5-x-5ml\/"]}]},{"@type":"BreadcrumbList","@id":"https:\/\/www.probeautyaesthetics.com\/product\/buy-bcn-capillum-peptides-5-x-5ml\/#breadcrumb","itemListElement":[{"@type":"ListItem","position":1,"name":"Home","item":"https:\/\/www.probeautyaesthetics.com\/"},{"@type":"ListItem","position":2,"name":"Our Products","item":"https:\/\/www.probeautyaesthetics.com\/shop\/"},{"@type":"ListItem","position":3,"name":"Buy BCN Capillum Peptides 5 x 5ml"}]},{"@type":"WebSite","@id":"https:\/\/www.probeautyaesthetics.com\/#website","url":"https:\/\/www.probeautyaesthetics.com\/","name":"Pro Beauty Aesthetics","description":"","publisher":{"@id":"https:\/\/www.probeautyaesthetics.com\/#organization"},"potentialAction":[{"@type":"SearchAction","target":{"@type":"EntryPoint","urlTemplate":"https:\/\/www.probeautyaesthetics.com\/?s={search_term_string}"},"query-input":"required name=search_term_string"}],"inLanguage":"pt-PT"},{"@type":"Organization","@id":"https:\/\/www.probeautyaesthetics.com\/#organization","name":"Pro Beauty Aesthetics","url":"https:\/\/www.probeautyaesthetics.com\/","logo":{"@type":"ImageObject","inLanguage":"pt-PT","@id":"https:\/\/www.probeautyaesthetics.com\/#\/schema\/logo\/image\/","url":"https:\/\/www.probeautyaesthetics.com\/wp-content\/uploads\/2019\/11\/logo-1.png","contentUrl":"https:\/\/www.probeautyaesthetics.com\/wp-content\/uploads\/2019\/11\/logo-1.png","width":200,"height":50,"caption":"Pro Beauty Aesthetics"},"image":{"@id":"https:\/\/www.probeautyaesthetics.com\/#\/schema\/logo\/image\/"}}]}},"_links":{"self":[{"href":"https:\/\/www.probeautyaesthetics.com\/pt\/wp-json\/wp\/v2\/product\/5045"}],"collection":[{"href":"https:\/\/www.probeautyaesthetics.com\/pt\/wp-json\/wp\/v2\/product"}],"about":[{"href":"https:\/\/www.probeautyaesthetics.com\/pt\/wp-json\/wp\/v2\/types\/product"}],"replies":[{"embeddable":true,"href":"https:\/\/www.probeautyaesthetics.com\/pt\/wp-json\/wp\/v2\/comments?post=5045"}],"wp:featuredmedia":[{"embeddable":true,"href":"https:\/\/www.probeautyaesthetics.com\/pt\/wp-json\/wp\/v2\/media\/5069"}],"wp:attachment":[{"href":"https:\/\/www.probeautyaesthetics.com\/pt\/wp-json\/wp\/v2\/media?parent=5045"}],"wp:term":[{"taxonomy":"product_cat","embeddable":true,"href":"https:\/\/www.probeautyaesthetics.com\/pt\/wp-json\/wp\/v2\/product_cat?post=5045"},{"taxonomy":"product_tag","embeddable":true,"href":"https:\/\/www.probeautyaesthetics.com\/pt\/wp-json\/wp\/v2\/product_tag?post=5045"}],"curies":[{"name":"wp","href":"https:\/\/api.w.org\/{rel}","templated":true}]}}