{"id":5082,"date":"2019-11-14T07:23:38","date_gmt":"2019-11-14T07:23:38","guid":{"rendered":"https:\/\/www.safeonlinechemist.com\/dermalfillers\/product\/import-placeholder-for-7165\/"},"modified":"2020-01-29T13:22:48","modified_gmt":"2020-01-29T13:22:48","slug":"buy-cytocare-516-5-x-5ml","status":"publish","type":"product","link":"https:\/\/www.probeautyaesthetics.com\/pt\/produto\/buy-cytocare-516-5-x-5ml\/","title":{"rendered":"Comprar CytoCare 516 ( 5 x 5ml )"},"content":{"rendered":"<h2 style=\"text-align: justify;\"><strong>Compre CytoCare 516 (5 x 5ml) na melhor loja online<\/strong><\/h2>\n<p style=\"text-align: justify;\">Pro Beauty Aesthetics \u00e9 uma loja online confi\u00e1vel e profissional. Temos lidado com CytoCare 516 (5 x 5ml) online por um longo per\u00edodo. Se voc\u00ea estiver disposto a comprar CytoCare 516 (5 x 5ml) com bitcoin, moneygram e western union; ent\u00e3o n\u00e3o demore e pe\u00e7a CytoCare 516 (5 x 5ml) aqui. Estamos ansiosos para atend\u00ea-lo. Conecte-se com nossa loja online e compre CytoCare 516 (5 x 5ml) a um pre\u00e7o barato com certeza.<\/p>\n<h3 style=\"text-align: justify;\"><strong>Quais s\u00e3o os benef\u00edcios de usar CytoCare 516 (5 x 5ml)?<\/strong><\/h3>\n<p style=\"text-align: justify;\">CytoCare 516 (5 x 5ml) destina-se a prevenir o amadurecimento prematuro. Se voc\u00ea precisa manter seu brilho energ\u00e9tico, Cytocare pode ajud\u00e1-lo a conseguir isso trabalhando em sua pele para restaurar a derme.<\/p>\n<p style=\"text-align: justify;\">Infundido na camada m\u00e9dia profunda da derme da pele, CytoCare 516 (5 x 5ml) pode ser utilizado para:<\/p>\n<ul style=\"text-align: justify;\">\n<li>Hidrata\u00e7\u00e3o renovada<\/li>\n<li>Fa\u00e7a e melhore um brilho brilhante<\/li>\n<li>Adiar a presen\u00e7a de diferen\u00e7as e rugas quase insignificantes<\/li>\n<\/ul>\n<h3 style=\"text-align: justify;\"><strong>Pe\u00e7a agora!<\/strong><\/h3>\n<p style=\"text-align: justify;\">Na nossa loja online, pode comprar CytoCare 516 (5 x 5ml) para venda a pre\u00e7os acess\u00edveis. Seu produto ser\u00e1 entregue em breve \u00e0 sua porta. Entre em contato conosco agora!<\/p>","protected":false},"excerpt":{"rendered":"<p><strong>Tamanho do produto<\/strong><\/p>\n<p>\u2022 Flacone preriempito da 5 ml x 5 fiale<\/p>","protected":false},"featured_media":5105,"comment_status":"open","ping_status":"closed","template":"","meta":{"_joinchat":[]},"product_cat":[185],"product_tag":[597,598,622,401,600,601,482,602,603,604,605,606,607,608,609,610],"yoast_head":"<!-- This site is optimized with the Yoast SEO plugin v21.3 - https:\/\/yoast.com\/wordpress\/plugins\/seo\/ -->\n<title>Buy CytoCare 516 ( 5 x 5ml ) Online @ Lowest Price<\/title>\n<meta name=\"description\" content=\"Want to buy cytocare 516 ( 5 x 5ml ) online without any hassle? ProBeautyAesthetics.com is the best online shop. Order Now!\" \/>\n<meta name=\"robots\" content=\"index, follow, max-snippet:-1, max-image-preview:large, max-video-preview:-1\" \/>\n<link rel=\"canonical\" href=\"https:\/\/www.probeautyaesthetics.com\/pt\/produto\/buy-cytocare-516-5-x-5ml\/\" \/>\n<meta property=\"og:locale\" content=\"pt_PT\" \/>\n<meta property=\"og:type\" content=\"article\" \/>\n<meta property=\"og:title\" content=\"Buy CytoCare 516 ( 5 x 5ml ) Online @ Lowest Price\" \/>\n<meta property=\"og:description\" content=\"Want to buy cytocare 516 ( 5 x 5ml ) online without any hassle? ProBeautyAesthetics.com is the best online shop. Order Now!\" \/>\n<meta property=\"og:url\" content=\"https:\/\/www.probeautyaesthetics.com\/pt\/produto\/buy-cytocare-516-5-x-5ml\/\" \/>\n<meta property=\"og:site_name\" content=\"Pro Beauty Aesthetics\" \/>\n<meta property=\"article:modified_time\" content=\"2020-01-29T13:22:48+00:00\" \/>\n<meta property=\"og:image\" content=\"https:\/\/www.probeautyaesthetics.com\/wp-content\/uploads\/2019\/11\/Buy-CytoCare-516-5-x-5ml-.jpg\" \/>\n\t<meta property=\"og:image:width\" content=\"1000\" \/>\n\t<meta property=\"og:image:height\" content=\"1000\" \/>\n\t<meta property=\"og:image:type\" content=\"image\/jpeg\" \/>\n<meta name=\"twitter:card\" content=\"summary_large_image\" \/>\n<meta name=\"twitter:label1\" content=\"Tempo estimado de leitura\" \/>\n\t<meta name=\"twitter:data1\" content=\"1 minuto\" \/>\n<script type=\"application\/ld+json\" class=\"yoast-schema-graph\">{\"@context\":\"https:\/\/schema.org\",\"@graph\":[{\"@type\":\"WebPage\",\"@id\":\"https:\/\/www.probeautyaesthetics.com\/product\/buy-cytocare-516-5-x-5ml\/\",\"url\":\"https:\/\/www.probeautyaesthetics.com\/product\/buy-cytocare-516-5-x-5ml\/\",\"name\":\"Buy CytoCare 516 ( 5 x 5ml ) Online @ Lowest Price\",\"isPartOf\":{\"@id\":\"https:\/\/www.probeautyaesthetics.com\/#website\"},\"datePublished\":\"2019-11-14T07:23:38+00:00\",\"dateModified\":\"2020-01-29T13:22:48+00:00\",\"description\":\"Want to buy cytocare 516 ( 5 x 5ml ) online without any hassle? ProBeautyAesthetics.com is the best online shop. Order Now!\",\"breadcrumb\":{\"@id\":\"https:\/\/www.probeautyaesthetics.com\/product\/buy-cytocare-516-5-x-5ml\/#breadcrumb\"},\"inLanguage\":\"pt-PT\",\"potentialAction\":[{\"@type\":\"ReadAction\",\"target\":[\"https:\/\/www.probeautyaesthetics.com\/product\/buy-cytocare-516-5-x-5ml\/\"]}]},{\"@type\":\"BreadcrumbList\",\"@id\":\"https:\/\/www.probeautyaesthetics.com\/product\/buy-cytocare-516-5-x-5ml\/#breadcrumb\",\"itemListElement\":[{\"@type\":\"ListItem\",\"position\":1,\"name\":\"Home\",\"item\":\"https:\/\/www.probeautyaesthetics.com\/\"},{\"@type\":\"ListItem\",\"position\":2,\"name\":\"Our Products\",\"item\":\"https:\/\/www.probeautyaesthetics.com\/shop\/\"},{\"@type\":\"ListItem\",\"position\":3,\"name\":\"Buy CytoCare 516 ( 5 x 5ml )\"}]},{\"@type\":\"WebSite\",\"@id\":\"https:\/\/www.probeautyaesthetics.com\/#website\",\"url\":\"https:\/\/www.probeautyaesthetics.com\/\",\"name\":\"Pro Beauty Aesthetics\",\"description\":\"\",\"publisher\":{\"@id\":\"https:\/\/www.probeautyaesthetics.com\/#organization\"},\"potentialAction\":[{\"@type\":\"SearchAction\",\"target\":{\"@type\":\"EntryPoint\",\"urlTemplate\":\"https:\/\/www.probeautyaesthetics.com\/?s={search_term_string}\"},\"query-input\":\"required name=search_term_string\"}],\"inLanguage\":\"pt-PT\"},{\"@type\":\"Organization\",\"@id\":\"https:\/\/www.probeautyaesthetics.com\/#organization\",\"name\":\"Pro Beauty Aesthetics\",\"url\":\"https:\/\/www.probeautyaesthetics.com\/\",\"logo\":{\"@type\":\"ImageObject\",\"inLanguage\":\"pt-PT\",\"@id\":\"https:\/\/www.probeautyaesthetics.com\/#\/schema\/logo\/image\/\",\"url\":\"https:\/\/www.probeautyaesthetics.com\/wp-content\/uploads\/2019\/11\/logo-1.png\",\"contentUrl\":\"https:\/\/www.probeautyaesthetics.com\/wp-content\/uploads\/2019\/11\/logo-1.png\",\"width\":200,\"height\":50,\"caption\":\"Pro Beauty Aesthetics\"},\"image\":{\"@id\":\"https:\/\/www.probeautyaesthetics.com\/#\/schema\/logo\/image\/\"}}]}<\/script>\n<!-- \/ Yoast SEO plugin. -->","yoast_head_json":{"title":"Buy CytoCare 516 ( 5 x 5ml ) Online @ Lowest Price","description":"Want to buy cytocare 516 ( 5 x 5ml ) online without any hassle? ProBeautyAesthetics.com is the best online shop. Order Now!","robots":{"index":"index","follow":"follow","max-snippet":"max-snippet:-1","max-image-preview":"max-image-preview:large","max-video-preview":"max-video-preview:-1"},"canonical":"https:\/\/www.probeautyaesthetics.com\/pt\/produto\/buy-cytocare-516-5-x-5ml\/","og_locale":"pt_PT","og_type":"article","og_title":"Buy CytoCare 516 ( 5 x 5ml ) Online @ Lowest Price","og_description":"Want to buy cytocare 516 ( 5 x 5ml ) online without any hassle? ProBeautyAesthetics.com is the best online shop. Order Now!","og_url":"https:\/\/www.probeautyaesthetics.com\/pt\/produto\/buy-cytocare-516-5-x-5ml\/","og_site_name":"Pro Beauty Aesthetics","article_modified_time":"2020-01-29T13:22:48+00:00","og_image":[{"width":1000,"height":1000,"url":"https:\/\/www.probeautyaesthetics.com\/wp-content\/uploads\/2019\/11\/Buy-CytoCare-516-5-x-5ml-.jpg","type":"image\/jpeg"}],"twitter_card":"summary_large_image","twitter_misc":{"Tempo estimado de leitura":"1 minuto"},"schema":{"@context":"https:\/\/schema.org","@graph":[{"@type":"WebPage","@id":"https:\/\/www.probeautyaesthetics.com\/product\/buy-cytocare-516-5-x-5ml\/","url":"https:\/\/www.probeautyaesthetics.com\/product\/buy-cytocare-516-5-x-5ml\/","name":"Buy CytoCare 516 ( 5 x 5ml ) Online @ Lowest Price","isPartOf":{"@id":"https:\/\/www.probeautyaesthetics.com\/#website"},"datePublished":"2019-11-14T07:23:38+00:00","dateModified":"2020-01-29T13:22:48+00:00","description":"Want to buy cytocare 516 ( 5 x 5ml ) online without any hassle? ProBeautyAesthetics.com is the best online shop. Order Now!","breadcrumb":{"@id":"https:\/\/www.probeautyaesthetics.com\/product\/buy-cytocare-516-5-x-5ml\/#breadcrumb"},"inLanguage":"pt-PT","potentialAction":[{"@type":"ReadAction","target":["https:\/\/www.probeautyaesthetics.com\/product\/buy-cytocare-516-5-x-5ml\/"]}]},{"@type":"BreadcrumbList","@id":"https:\/\/www.probeautyaesthetics.com\/product\/buy-cytocare-516-5-x-5ml\/#breadcrumb","itemListElement":[{"@type":"ListItem","position":1,"name":"Home","item":"https:\/\/www.probeautyaesthetics.com\/"},{"@type":"ListItem","position":2,"name":"Our Products","item":"https:\/\/www.probeautyaesthetics.com\/shop\/"},{"@type":"ListItem","position":3,"name":"Buy CytoCare 516 ( 5 x 5ml )"}]},{"@type":"WebSite","@id":"https:\/\/www.probeautyaesthetics.com\/#website","url":"https:\/\/www.probeautyaesthetics.com\/","name":"Pro Beauty Aesthetics","description":"","publisher":{"@id":"https:\/\/www.probeautyaesthetics.com\/#organization"},"potentialAction":[{"@type":"SearchAction","target":{"@type":"EntryPoint","urlTemplate":"https:\/\/www.probeautyaesthetics.com\/?s={search_term_string}"},"query-input":"required name=search_term_string"}],"inLanguage":"pt-PT"},{"@type":"Organization","@id":"https:\/\/www.probeautyaesthetics.com\/#organization","name":"Pro Beauty Aesthetics","url":"https:\/\/www.probeautyaesthetics.com\/","logo":{"@type":"ImageObject","inLanguage":"pt-PT","@id":"https:\/\/www.probeautyaesthetics.com\/#\/schema\/logo\/image\/","url":"https:\/\/www.probeautyaesthetics.com\/wp-content\/uploads\/2019\/11\/logo-1.png","contentUrl":"https:\/\/www.probeautyaesthetics.com\/wp-content\/uploads\/2019\/11\/logo-1.png","width":200,"height":50,"caption":"Pro Beauty Aesthetics"},"image":{"@id":"https:\/\/www.probeautyaesthetics.com\/#\/schema\/logo\/image\/"}}]}},"_links":{"self":[{"href":"https:\/\/www.probeautyaesthetics.com\/pt\/wp-json\/wp\/v2\/product\/5082"}],"collection":[{"href":"https:\/\/www.probeautyaesthetics.com\/pt\/wp-json\/wp\/v2\/product"}],"about":[{"href":"https:\/\/www.probeautyaesthetics.com\/pt\/wp-json\/wp\/v2\/types\/product"}],"replies":[{"embeddable":true,"href":"https:\/\/www.probeautyaesthetics.com\/pt\/wp-json\/wp\/v2\/comments?post=5082"}],"wp:featuredmedia":[{"embeddable":true,"href":"https:\/\/www.probeautyaesthetics.com\/pt\/wp-json\/wp\/v2\/media\/5105"}],"wp:attachment":[{"href":"https:\/\/www.probeautyaesthetics.com\/pt\/wp-json\/wp\/v2\/media?parent=5082"}],"wp:term":[{"taxonomy":"product_cat","embeddable":true,"href":"https:\/\/www.probeautyaesthetics.com\/pt\/wp-json\/wp\/v2\/product_cat?post=5082"},{"taxonomy":"product_tag","embeddable":true,"href":"https:\/\/www.probeautyaesthetics.com\/pt\/wp-json\/wp\/v2\/product_tag?post=5082"}],"curies":[{"name":"wp","href":"https:\/\/api.w.org\/{rel}","templated":true}]}}