{"id":5136,"date":"2019-11-14T07:23:53","date_gmt":"2019-11-14T07:23:53","guid":{"rendered":"https:\/\/www.safeonlinechemist.com\/dermalfillers\/product\/import-placeholder-for-7261\/"},"modified":"2020-03-01T07:36:44","modified_gmt":"2020-03-01T07:36:44","slug":"buy-relumins-advanced-glutathione-2000mg","status":"publish","type":"product","link":"https:\/\/www.probeautyaesthetics.com\/pt\/produto\/comprar-relumins-advanced-glutathione-2000mg\/","title":{"rendered":"Comprar Relumins Glutati\u00e3o Avan\u00e7ado 2000mg"},"content":{"rendered":"<h2 style=\"text-align: justify;\">Comprar Relumins Advanced Glutathione 2000mg online dos mais vendidos<\/h2>\n<p style=\"text-align: justify;\">Se precisa de comprar Relumins Advanced Glutathione 2000mg ao melhor pre\u00e7o, ent\u00e3o n\u00e3o h\u00e1 melhor s\u00edtio do que Pro Beauty Aesthetics. N\u00f3s vamos ajud\u00e1-lo a comprar Relumins Advanced Glutathione 2000mg com bitcoin, moneygram, e western union. Atenda \u00e0s suas necessidades hoje!<\/p>\n<h3 style=\"text-align: justify;\">O que \u00e9 Relumins Advanced Glutathione 2000mg e quais os seus benef\u00edcios?<\/h3>\n<ul style=\"text-align: justify;\">\n<li>Combina uma dose elevada de glutati\u00e3o e de nutriente C com um refor\u00e7o oral para manter n\u00edveis significativos de glutati\u00e3o no organismo, mesmo entre tratamentos.<\/li>\n<li>Relumins \u00e9 a sele\u00e7\u00e3o #1 dos spas e centros de est\u00e9tica em todo o mundo.<\/li>\n<li>Cont\u00e9m 1500 mg de L-Glutati\u00e3o reduzido por frasco, mais do que algumas outras f\u00f3rmulas est\u00e9reis<\/li>\n<li>Cont\u00e9m 500 mg de vitamina C, que parece ajudar a iluminar e a refirmar e restaurar naturalmente a pele<\/li>\n<li>Relumins advanced da Relumins Labs, EUA \u00e9 a marca mais procurada de glutati\u00e3o<\/li>\n<li>Demonstrou ser seguro e eficaz em v\u00e1rias investiga\u00e7\u00f5es cl\u00ednicas<\/li>\n<li>Relumins com Gluta boosters \u00e9 at\u00e9 3 vezes mais eficaz do que outras receitas<\/li>\n<\/ul>\n<h3 style=\"text-align: justify;\">Partilhe os detalhes da sua encomenda hoje!<\/h3>\n<p style=\"text-align: justify;\">Estamos dispon\u00edveis com Relumins Advanced Glutathione 2000mg para venda. Para comprar este produto, por favor encomende Relumins Advanced Glutathione 2000mg na nossa loja online. A entrega do mesmo ser\u00e1 efectuada o mais rapidamente poss\u00edvel!<\/p>","protected":false},"excerpt":{"rendered":"<p><strong>F\u00f3rmula de 2.000 mg - Frascos esterilizados<\/strong><br \/>\n- 1500mg de L-Glutati\u00e3o para um branqueamento m\u00e1ximo da pele<br \/>\n\u2013 500mg de Vitamina C<\/p>\n<p>&nbsp;<\/p>","protected":false},"featured_media":5144,"comment_status":"open","ping_status":"closed","template":"","meta":{"_joinchat":[]},"product_cat":[626],"product_tag":[632],"yoast_head":"<!-- This site is optimized with the Yoast SEO plugin v21.3 - https:\/\/yoast.com\/wordpress\/plugins\/seo\/ -->\n<title>Buy Relumins Advanced Glutathione 2000mg Online @ Affordable Price<\/title>\n<meta name=\"description\" content=\"Looking to buy Relumins advanced glutathione 2000mg online without any hassle? ProBeautyAesthetics.com is the best online shop. Order Now!\" \/>\n<meta name=\"robots\" content=\"index, follow, max-snippet:-1, max-image-preview:large, max-video-preview:-1\" \/>\n<link rel=\"canonical\" href=\"https:\/\/www.probeautyaesthetics.com\/pt\/produto\/comprar-relumins-advanced-glutathione-2000mg\/\" \/>\n<meta property=\"og:locale\" content=\"pt_PT\" \/>\n<meta property=\"og:type\" content=\"article\" \/>\n<meta property=\"og:title\" content=\"Buy Relumins Advanced Glutathione 2000mg Online @ Affordable Price\" \/>\n<meta property=\"og:description\" content=\"Looking to buy Relumins advanced glutathione 2000mg online without any hassle? ProBeautyAesthetics.com is the best online shop. Order Now!\" \/>\n<meta property=\"og:url\" content=\"https:\/\/www.probeautyaesthetics.com\/pt\/produto\/comprar-relumins-advanced-glutathione-2000mg\/\" \/>\n<meta property=\"og:site_name\" content=\"Pro Beauty Aesthetics\" \/>\n<meta property=\"article:modified_time\" content=\"2020-03-01T07:36:44+00:00\" \/>\n<meta property=\"og:image\" content=\"https:\/\/www.probeautyaesthetics.com\/wp-content\/uploads\/2019\/11\/Buy-Relumins-Advanced-Glutathione-2000mg.jpg\" \/>\n\t<meta property=\"og:image:width\" content=\"809\" \/>\n\t<meta property=\"og:image:height\" content=\"797\" \/>\n\t<meta property=\"og:image:type\" content=\"image\/jpeg\" \/>\n<meta name=\"twitter:card\" content=\"summary_large_image\" \/>\n<meta name=\"twitter:label1\" content=\"Tempo estimado de leitura\" \/>\n\t<meta name=\"twitter:data1\" content=\"1 minuto\" \/>\n<script type=\"application\/ld+json\" class=\"yoast-schema-graph\">{\"@context\":\"https:\/\/schema.org\",\"@graph\":[{\"@type\":\"WebPage\",\"@id\":\"https:\/\/www.probeautyaesthetics.com\/product\/buy-relumins-advanced-glutathione-2000mg\/\",\"url\":\"https:\/\/www.probeautyaesthetics.com\/product\/buy-relumins-advanced-glutathione-2000mg\/\",\"name\":\"Buy Relumins Advanced Glutathione 2000mg Online @ Affordable Price\",\"isPartOf\":{\"@id\":\"https:\/\/www.probeautyaesthetics.com\/#website\"},\"datePublished\":\"2019-11-14T07:23:53+00:00\",\"dateModified\":\"2020-03-01T07:36:44+00:00\",\"description\":\"Looking to buy Relumins advanced glutathione 2000mg online without any hassle? ProBeautyAesthetics.com is the best online shop. Order Now!\",\"breadcrumb\":{\"@id\":\"https:\/\/www.probeautyaesthetics.com\/product\/buy-relumins-advanced-glutathione-2000mg\/#breadcrumb\"},\"inLanguage\":\"pt-PT\",\"potentialAction\":[{\"@type\":\"ReadAction\",\"target\":[\"https:\/\/www.probeautyaesthetics.com\/product\/buy-relumins-advanced-glutathione-2000mg\/\"]}]},{\"@type\":\"BreadcrumbList\",\"@id\":\"https:\/\/www.probeautyaesthetics.com\/product\/buy-relumins-advanced-glutathione-2000mg\/#breadcrumb\",\"itemListElement\":[{\"@type\":\"ListItem\",\"position\":1,\"name\":\"Home\",\"item\":\"https:\/\/www.probeautyaesthetics.com\/\"},{\"@type\":\"ListItem\",\"position\":2,\"name\":\"Our Products\",\"item\":\"https:\/\/www.probeautyaesthetics.com\/shop\/\"},{\"@type\":\"ListItem\",\"position\":3,\"name\":\"Buy Relumins Advanced Glutathione 2000mg\"}]},{\"@type\":\"WebSite\",\"@id\":\"https:\/\/www.probeautyaesthetics.com\/#website\",\"url\":\"https:\/\/www.probeautyaesthetics.com\/\",\"name\":\"Pro Beauty Aesthetics\",\"description\":\"\",\"publisher\":{\"@id\":\"https:\/\/www.probeautyaesthetics.com\/#organization\"},\"potentialAction\":[{\"@type\":\"SearchAction\",\"target\":{\"@type\":\"EntryPoint\",\"urlTemplate\":\"https:\/\/www.probeautyaesthetics.com\/?s={search_term_string}\"},\"query-input\":\"required name=search_term_string\"}],\"inLanguage\":\"pt-PT\"},{\"@type\":\"Organization\",\"@id\":\"https:\/\/www.probeautyaesthetics.com\/#organization\",\"name\":\"Pro Beauty Aesthetics\",\"url\":\"https:\/\/www.probeautyaesthetics.com\/\",\"logo\":{\"@type\":\"ImageObject\",\"inLanguage\":\"pt-PT\",\"@id\":\"https:\/\/www.probeautyaesthetics.com\/#\/schema\/logo\/image\/\",\"url\":\"https:\/\/www.probeautyaesthetics.com\/wp-content\/uploads\/2019\/11\/logo-1.png\",\"contentUrl\":\"https:\/\/www.probeautyaesthetics.com\/wp-content\/uploads\/2019\/11\/logo-1.png\",\"width\":200,\"height\":50,\"caption\":\"Pro Beauty Aesthetics\"},\"image\":{\"@id\":\"https:\/\/www.probeautyaesthetics.com\/#\/schema\/logo\/image\/\"}}]}<\/script>\n<!-- \/ Yoast SEO plugin. -->","yoast_head_json":{"title":"Buy Relumins Advanced Glutathione 2000mg Online @ Affordable Price","description":"Looking to buy Relumins advanced glutathione 2000mg online without any hassle? ProBeautyAesthetics.com is the best online shop. Order Now!","robots":{"index":"index","follow":"follow","max-snippet":"max-snippet:-1","max-image-preview":"max-image-preview:large","max-video-preview":"max-video-preview:-1"},"canonical":"https:\/\/www.probeautyaesthetics.com\/pt\/produto\/comprar-relumins-advanced-glutathione-2000mg\/","og_locale":"pt_PT","og_type":"article","og_title":"Buy Relumins Advanced Glutathione 2000mg Online @ Affordable Price","og_description":"Looking to buy Relumins advanced glutathione 2000mg online without any hassle? ProBeautyAesthetics.com is the best online shop. Order Now!","og_url":"https:\/\/www.probeautyaesthetics.com\/pt\/produto\/comprar-relumins-advanced-glutathione-2000mg\/","og_site_name":"Pro Beauty Aesthetics","article_modified_time":"2020-03-01T07:36:44+00:00","og_image":[{"width":809,"height":797,"url":"https:\/\/www.probeautyaesthetics.com\/wp-content\/uploads\/2019\/11\/Buy-Relumins-Advanced-Glutathione-2000mg.jpg","type":"image\/jpeg"}],"twitter_card":"summary_large_image","twitter_misc":{"Tempo estimado de leitura":"1 minuto"},"schema":{"@context":"https:\/\/schema.org","@graph":[{"@type":"WebPage","@id":"https:\/\/www.probeautyaesthetics.com\/product\/buy-relumins-advanced-glutathione-2000mg\/","url":"https:\/\/www.probeautyaesthetics.com\/product\/buy-relumins-advanced-glutathione-2000mg\/","name":"Buy Relumins Advanced Glutathione 2000mg Online @ Affordable Price","isPartOf":{"@id":"https:\/\/www.probeautyaesthetics.com\/#website"},"datePublished":"2019-11-14T07:23:53+00:00","dateModified":"2020-03-01T07:36:44+00:00","description":"Looking to buy Relumins advanced glutathione 2000mg online without any hassle? ProBeautyAesthetics.com is the best online shop. Order Now!","breadcrumb":{"@id":"https:\/\/www.probeautyaesthetics.com\/product\/buy-relumins-advanced-glutathione-2000mg\/#breadcrumb"},"inLanguage":"pt-PT","potentialAction":[{"@type":"ReadAction","target":["https:\/\/www.probeautyaesthetics.com\/product\/buy-relumins-advanced-glutathione-2000mg\/"]}]},{"@type":"BreadcrumbList","@id":"https:\/\/www.probeautyaesthetics.com\/product\/buy-relumins-advanced-glutathione-2000mg\/#breadcrumb","itemListElement":[{"@type":"ListItem","position":1,"name":"Home","item":"https:\/\/www.probeautyaesthetics.com\/"},{"@type":"ListItem","position":2,"name":"Our Products","item":"https:\/\/www.probeautyaesthetics.com\/shop\/"},{"@type":"ListItem","position":3,"name":"Buy Relumins Advanced Glutathione 2000mg"}]},{"@type":"WebSite","@id":"https:\/\/www.probeautyaesthetics.com\/#website","url":"https:\/\/www.probeautyaesthetics.com\/","name":"Pro Beauty Aesthetics","description":"","publisher":{"@id":"https:\/\/www.probeautyaesthetics.com\/#organization"},"potentialAction":[{"@type":"SearchAction","target":{"@type":"EntryPoint","urlTemplate":"https:\/\/www.probeautyaesthetics.com\/?s={search_term_string}"},"query-input":"required name=search_term_string"}],"inLanguage":"pt-PT"},{"@type":"Organization","@id":"https:\/\/www.probeautyaesthetics.com\/#organization","name":"Pro Beauty Aesthetics","url":"https:\/\/www.probeautyaesthetics.com\/","logo":{"@type":"ImageObject","inLanguage":"pt-PT","@id":"https:\/\/www.probeautyaesthetics.com\/#\/schema\/logo\/image\/","url":"https:\/\/www.probeautyaesthetics.com\/wp-content\/uploads\/2019\/11\/logo-1.png","contentUrl":"https:\/\/www.probeautyaesthetics.com\/wp-content\/uploads\/2019\/11\/logo-1.png","width":200,"height":50,"caption":"Pro Beauty Aesthetics"},"image":{"@id":"https:\/\/www.probeautyaesthetics.com\/#\/schema\/logo\/image\/"}}]}},"_links":{"self":[{"href":"https:\/\/www.probeautyaesthetics.com\/pt\/wp-json\/wp\/v2\/product\/5136"}],"collection":[{"href":"https:\/\/www.probeautyaesthetics.com\/pt\/wp-json\/wp\/v2\/product"}],"about":[{"href":"https:\/\/www.probeautyaesthetics.com\/pt\/wp-json\/wp\/v2\/types\/product"}],"replies":[{"embeddable":true,"href":"https:\/\/www.probeautyaesthetics.com\/pt\/wp-json\/wp\/v2\/comments?post=5136"}],"wp:featuredmedia":[{"embeddable":true,"href":"https:\/\/www.probeautyaesthetics.com\/pt\/wp-json\/wp\/v2\/media\/5144"}],"wp:attachment":[{"href":"https:\/\/www.probeautyaesthetics.com\/pt\/wp-json\/wp\/v2\/media?parent=5136"}],"wp:term":[{"taxonomy":"product_cat","embeddable":true,"href":"https:\/\/www.probeautyaesthetics.com\/pt\/wp-json\/wp\/v2\/product_cat?post=5136"},{"taxonomy":"product_tag","embeddable":true,"href":"https:\/\/www.probeautyaesthetics.com\/pt\/wp-json\/wp\/v2\/product_tag?post=5136"}],"curies":[{"name":"wp","href":"https:\/\/api.w.org\/{rel}","templated":true}]}}