{"id":3637,"date":"2019-11-14T07:16:21","date_gmt":"2019-11-14T07:16:21","guid":{"rendered":"https:\/\/www.safeonlinechemist.com\/dermalfillers\/product\/import-placeholder-for-5205\/"},"modified":"2020-03-03T10:49:11","modified_gmt":"2020-03-03T10:49:11","slug":"buy-juvederm-hydrate-1-x-1ml","status":"publish","type":"product","link":"https:\/\/www.probeautyaesthetics.com\/ro\/produs\/cumpara-juvederm-hydrate-1-x-1ml\/","title":{"rendered":"Cump\u0103ra\u021bi Juvederm Hydrate 1 x 1ml online"},"content":{"rendered":"<h2 style=\"text-align: justify;\">Cump\u0103ra\u021bi Juvederm Hydrate 1 x 1ml online de la profesioni\u0219ti aici<\/h2>\n<p style=\"text-align: justify;\">Pentru a cump\u0103ra Juvederm Hydrate 1 x 1ml la pre\u021b ieftin, pute\u021bi s\u0103 v\u0103 conecta\u021bi cu Pro Beauty Aesthetics. Suntem \u00een mod constant aici pentru a v\u0103 sprijini s\u0103 cump\u0103ra\u021bi Juvederm Hydrate 1 x 1ml cu Bitcoin, MoneyGram \u0219i Western Union. Doar comanda\u021bi Juvederm Hydrate 1 x 1ml \u0219i primi\u021bi-l \u00een cur\u00e2nd!<\/p>\n<h3 style=\"text-align: justify;\">Ce este Juvederm Hydrate 1 x 1ml \u0219i care sunt atributele sale?<\/h3>\n<p style=\"text-align: justify;\">Un tratament special destinat s\u0103 \u00eembun\u0103t\u0103\u021beasc\u0103 hidratarea \u0219i versatilitatea pielii. Aceasta este o solu\u021bie viabil\u0103 pentru a restabili gradul de acid hialuronic al pielii \u0219i pentru a spori versatilitatea \u0219i tonusul pielii. Juvederm Hydrate re\u00eencarc\u0103 \u00een mod adecvat gradele epuizate de acid hialuronic (HA) din pielea dumneavoastr\u0103 pentru a restabili o str\u0103lucire natural\u0103 \u0219i s\u0103n\u0103toas\u0103. Juvederm Hydrate con\u021bine un operator antioxidant Mannitol, care ajut\u0103 la prevenirea dezvolt\u0103rii radicalilor liberi, responsabili de degradarea acidului hialuronic, prelungind astfel efectele.<\/p>\n<ul style=\"text-align: justify;\">\n<li>\u00cembun\u0103t\u0103\u021be\u0219te hidratarea \u0219i flexibilitatea pielii<\/li>\n<li>Teritoriul de tratament: Piele pe fa\u021b\u0103, g\u00e2t, decolteu \u0219i m\u00e2ini<\/li>\n<li>Con\u021bine un operator anti-oxidant Manitol care ajut\u0103 la prevenirea dezvolt\u0103rii radicalilor liberi<\/li>\n<\/ul>\n<h3 style=\"text-align: justify;\">\u039a\u03ac\u03bd\u03c4\u03b5 \u03c4\u03b7\u03bd \u03c0\u03b1\u03c1\u03b1\u03b3\u03b3\u03b5\u03bb\u03af\u03b1 \u03c3\u03b1\u03c2 \u03c4\u03ce\u03c1\u03b1!<\/h3>\n<p style=\"text-align: justify;\">Ob\u021bine\u021bi Juvederm Hydrate 1 x 1ml de v\u00e2nzare la magazinul nostru online \u0219i a\u0219tepta\u021bi livrarea \u00een cel mai scurt timp!<\/p>\n<p>&nbsp;<\/p>\n<p>cump\u0103ra juvederm hydrate 1 x 1ml online, juvederm hydrate 1 x 1ml de v\u00e2nzare, juvederm hydrate 1 x 1ml de v\u00e2nzare \u00een SUA, cump\u0103ra\u021bi juvederm hydrate 1 x 1ml online, unde s\u0103 cump\u0103ra\u021bi juvederm hydrate 1 x 1ml, cump\u0103ra\u021bi juvederm hydrate 1 x 1ml online, cump\u0103ra juvederm hydrate 1 x 1ml Spania, juvederm hydrate 1 x 1ml de v\u00e2nzare Ucraina, juvederm hydrate 1 x 1ml de v\u00e2nzare Canada, juvederm hydrate 1 x 1ml de v\u00e2nzare Europa, cump\u0103rare juvederm hydrate 1 x 1ml online legal, cump\u0103ra juvederm hydrate 1 x 1ml online cu bitcoin, cump\u0103ra juvederm hydrate 1 x 1ml online cu MoneyGram, juvederm hydrate 1 x 1ml de v\u00e2nzare cu Western Union, cum s\u0103 cumperi juvederm hydrate 1 x 1ml online, cump\u0103ra juvederm hydrate 1 x 1ml la pre\u021b ieftin, cump\u0103ra\u021bi fals juvederm hydrate 1 x 1ml online, comanda\u021bi juvederm hydrate 1 x 1ml online, Mail juvederm hydrate 1 x 1ml, cump\u0103ra\u021bi juvederm hydrate 1 x 1ml la pre\u021b ieftin, Pute\u021bi comanda juvederm hydrate 1 x 1ml \u00een SUA, Canada, Europa, Italia.<\/p>","protected":false},"excerpt":{"rendered":"<h3>Comanda\u021bi Juvederm Hydrate online<\/h3>\n<p>Livrare \u00een \u00eentreaga lume garantat\u0103<\/p>\n<p>Timpul de livrare:<\/p>\n<p>SUA: 24 p\u00e2n\u0103 la 72 de ore<\/p>\n<p>Canada: 2 p\u00e2n\u0103 la 3 zile<br \/>\nLivrare interna\u021bional\u0103: 4 p\u00e2n\u0103 la 7 zile<\/p>\n<p>Op\u021biuni de plat\u0103<\/p>\n<p>MONEYGRAM<\/p>\n<p>\u0394\u03a5\u03a4\u0399\u039a\u0397 \u0395\u039d\u03a9\u03a3\u0397<\/p>\n<p>BITCOINS<\/p>\n<p>TRANSFER BANCAR<\/p>\n<p>DE LA WALMART LA WALMART<\/p>\n<p>ZELLE PAY<\/p>\n<p>10% reducere la plata cu Bitcoin<\/p>","protected":false},"featured_media":3662,"comment_status":"open","ping_status":"closed","template":"","meta":{"_joinchat":[]},"product_cat":[138,139],"product_tag":[140,141,142,143,144,676,145,161,675,661,671,672,666,146,147,148,149,664,150,151,152,670,658,659,674,153,660,154,155,662,668,669,667,663,673,156,157,158,678,159,677,160,665,679],"yoast_head":"<!-- This site is optimized with the Yoast SEO plugin v21.3 - https:\/\/yoast.com\/wordpress\/plugins\/seo\/ -->\n<title>Buy Juvederm Hydrate Online | Juvederm Hydrate for Sale @ Cheap Price<\/title>\n<meta name=\"description\" content=\"You can buy juvederm hydrate online at lowest price from Probeautyaesthetics.Com. Juvederm Hydrate 1x1ml for Sale with Free Shipping Service. Order Now!\" \/>\n<meta name=\"robots\" content=\"index, follow, max-snippet:-1, max-image-preview:large, max-video-preview:-1\" \/>\n<link rel=\"canonical\" href=\"https:\/\/www.probeautyaesthetics.com\/ro\/produs\/cumpara-juvederm-hydrate-1-x-1ml\/\" \/>\n<meta property=\"og:locale\" content=\"ro_RO\" \/>\n<meta property=\"og:type\" content=\"article\" \/>\n<meta property=\"og:title\" content=\"Buy Juvederm Hydrate Online | Juvederm Hydrate for Sale @ Cheap Price\" \/>\n<meta property=\"og:description\" content=\"You can buy juvederm hydrate online at lowest price from Probeautyaesthetics.Com. Juvederm Hydrate 1x1ml for Sale with Free Shipping Service. Order Now!\" \/>\n<meta property=\"og:url\" content=\"https:\/\/www.probeautyaesthetics.com\/ro\/produs\/cumpara-juvederm-hydrate-1-x-1ml\/\" \/>\n<meta property=\"og:site_name\" content=\"Pro Beauty Aesthetics\" \/>\n<meta property=\"article:modified_time\" content=\"2020-03-03T10:49:11+00:00\" \/>\n<meta property=\"og:image\" content=\"https:\/\/www.probeautyaesthetics.com\/wp-content\/uploads\/2019\/11\/Buy-Juvederm-Hydrate-1-x-1ml.jpg\" \/>\n\t<meta property=\"og:image:width\" content=\"640\" \/>\n\t<meta property=\"og:image:height\" content=\"640\" \/>\n\t<meta property=\"og:image:type\" content=\"image\/jpeg\" \/>\n<meta name=\"twitter:card\" content=\"summary_large_image\" \/>\n<meta name=\"twitter:label1\" content=\"Timp estimat pentru citire\" \/>\n\t<meta name=\"twitter:data1\" content=\"2 minute\" \/>\n<script type=\"application\/ld+json\" class=\"yoast-schema-graph\">{\"@context\":\"https:\/\/schema.org\",\"@graph\":[{\"@type\":\"WebPage\",\"@id\":\"https:\/\/www.probeautyaesthetics.com\/product\/buy-juvederm-hydrate-1-x-1ml\/\",\"url\":\"https:\/\/www.probeautyaesthetics.com\/product\/buy-juvederm-hydrate-1-x-1ml\/\",\"name\":\"Buy Juvederm Hydrate Online | Juvederm Hydrate for Sale @ Cheap Price\",\"isPartOf\":{\"@id\":\"https:\/\/www.probeautyaesthetics.com\/#website\"},\"datePublished\":\"2019-11-14T07:16:21+00:00\",\"dateModified\":\"2020-03-03T10:49:11+00:00\",\"description\":\"You can buy juvederm hydrate online at lowest price from Probeautyaesthetics.Com. Juvederm Hydrate 1x1ml for Sale with Free Shipping Service. Order Now!\",\"breadcrumb\":{\"@id\":\"https:\/\/www.probeautyaesthetics.com\/product\/buy-juvederm-hydrate-1-x-1ml\/#breadcrumb\"},\"inLanguage\":\"ro-RO\",\"potentialAction\":[{\"@type\":\"ReadAction\",\"target\":[\"https:\/\/www.probeautyaesthetics.com\/product\/buy-juvederm-hydrate-1-x-1ml\/\"]}]},{\"@type\":\"BreadcrumbList\",\"@id\":\"https:\/\/www.probeautyaesthetics.com\/product\/buy-juvederm-hydrate-1-x-1ml\/#breadcrumb\",\"itemListElement\":[{\"@type\":\"ListItem\",\"position\":1,\"name\":\"Home\",\"item\":\"https:\/\/www.probeautyaesthetics.com\/\"},{\"@type\":\"ListItem\",\"position\":2,\"name\":\"Our Products\",\"item\":\"https:\/\/www.probeautyaesthetics.com\/shop\/\"},{\"@type\":\"ListItem\",\"position\":3,\"name\":\"Buy Juvederm Hydrate 1 x 1ml Online\"}]},{\"@type\":\"WebSite\",\"@id\":\"https:\/\/www.probeautyaesthetics.com\/#website\",\"url\":\"https:\/\/www.probeautyaesthetics.com\/\",\"name\":\"Pro Beauty Aesthetics\",\"description\":\"\",\"publisher\":{\"@id\":\"https:\/\/www.probeautyaesthetics.com\/#organization\"},\"potentialAction\":[{\"@type\":\"SearchAction\",\"target\":{\"@type\":\"EntryPoint\",\"urlTemplate\":\"https:\/\/www.probeautyaesthetics.com\/?s={search_term_string}\"},\"query-input\":\"required name=search_term_string\"}],\"inLanguage\":\"ro-RO\"},{\"@type\":\"Organization\",\"@id\":\"https:\/\/www.probeautyaesthetics.com\/#organization\",\"name\":\"Pro Beauty Aesthetics\",\"url\":\"https:\/\/www.probeautyaesthetics.com\/\",\"logo\":{\"@type\":\"ImageObject\",\"inLanguage\":\"ro-RO\",\"@id\":\"https:\/\/www.probeautyaesthetics.com\/#\/schema\/logo\/image\/\",\"url\":\"https:\/\/www.probeautyaesthetics.com\/wp-content\/uploads\/2019\/11\/logo-1.png\",\"contentUrl\":\"https:\/\/www.probeautyaesthetics.com\/wp-content\/uploads\/2019\/11\/logo-1.png\",\"width\":200,\"height\":50,\"caption\":\"Pro Beauty Aesthetics\"},\"image\":{\"@id\":\"https:\/\/www.probeautyaesthetics.com\/#\/schema\/logo\/image\/\"}}]}<\/script>\n<!-- \/ Yoast SEO plugin. -->","yoast_head_json":{"title":"Buy Juvederm Hydrate Online | Juvederm Hydrate for Sale @ Cheap Price","description":"You can buy juvederm hydrate online at lowest price from Probeautyaesthetics.Com. Juvederm Hydrate 1x1ml for Sale with Free Shipping Service. Order Now!","robots":{"index":"index","follow":"follow","max-snippet":"max-snippet:-1","max-image-preview":"max-image-preview:large","max-video-preview":"max-video-preview:-1"},"canonical":"https:\/\/www.probeautyaesthetics.com\/ro\/produs\/cumpara-juvederm-hydrate-1-x-1ml\/","og_locale":"ro_RO","og_type":"article","og_title":"Buy Juvederm Hydrate Online | Juvederm Hydrate for Sale @ Cheap Price","og_description":"You can buy juvederm hydrate online at lowest price from Probeautyaesthetics.Com. Juvederm Hydrate 1x1ml for Sale with Free Shipping Service. Order Now!","og_url":"https:\/\/www.probeautyaesthetics.com\/ro\/produs\/cumpara-juvederm-hydrate-1-x-1ml\/","og_site_name":"Pro Beauty Aesthetics","article_modified_time":"2020-03-03T10:49:11+00:00","og_image":[{"width":640,"height":640,"url":"https:\/\/www.probeautyaesthetics.com\/wp-content\/uploads\/2019\/11\/Buy-Juvederm-Hydrate-1-x-1ml.jpg","type":"image\/jpeg"}],"twitter_card":"summary_large_image","twitter_misc":{"Timp estimat pentru citire":"2 minute"},"schema":{"@context":"https:\/\/schema.org","@graph":[{"@type":"WebPage","@id":"https:\/\/www.probeautyaesthetics.com\/product\/buy-juvederm-hydrate-1-x-1ml\/","url":"https:\/\/www.probeautyaesthetics.com\/product\/buy-juvederm-hydrate-1-x-1ml\/","name":"Buy Juvederm Hydrate Online | Juvederm Hydrate for Sale @ Cheap Price","isPartOf":{"@id":"https:\/\/www.probeautyaesthetics.com\/#website"},"datePublished":"2019-11-14T07:16:21+00:00","dateModified":"2020-03-03T10:49:11+00:00","description":"You can buy juvederm hydrate online at lowest price from Probeautyaesthetics.Com. Juvederm Hydrate 1x1ml for Sale with Free Shipping Service. Order Now!","breadcrumb":{"@id":"https:\/\/www.probeautyaesthetics.com\/product\/buy-juvederm-hydrate-1-x-1ml\/#breadcrumb"},"inLanguage":"ro-RO","potentialAction":[{"@type":"ReadAction","target":["https:\/\/www.probeautyaesthetics.com\/product\/buy-juvederm-hydrate-1-x-1ml\/"]}]},{"@type":"BreadcrumbList","@id":"https:\/\/www.probeautyaesthetics.com\/product\/buy-juvederm-hydrate-1-x-1ml\/#breadcrumb","itemListElement":[{"@type":"ListItem","position":1,"name":"Home","item":"https:\/\/www.probeautyaesthetics.com\/"},{"@type":"ListItem","position":2,"name":"Our Products","item":"https:\/\/www.probeautyaesthetics.com\/shop\/"},{"@type":"ListItem","position":3,"name":"Buy Juvederm Hydrate 1 x 1ml Online"}]},{"@type":"WebSite","@id":"https:\/\/www.probeautyaesthetics.com\/#website","url":"https:\/\/www.probeautyaesthetics.com\/","name":"Pro Beauty Aesthetics","description":"","publisher":{"@id":"https:\/\/www.probeautyaesthetics.com\/#organization"},"potentialAction":[{"@type":"SearchAction","target":{"@type":"EntryPoint","urlTemplate":"https:\/\/www.probeautyaesthetics.com\/?s={search_term_string}"},"query-input":"required name=search_term_string"}],"inLanguage":"ro-RO"},{"@type":"Organization","@id":"https:\/\/www.probeautyaesthetics.com\/#organization","name":"Pro Beauty Aesthetics","url":"https:\/\/www.probeautyaesthetics.com\/","logo":{"@type":"ImageObject","inLanguage":"ro-RO","@id":"https:\/\/www.probeautyaesthetics.com\/#\/schema\/logo\/image\/","url":"https:\/\/www.probeautyaesthetics.com\/wp-content\/uploads\/2019\/11\/logo-1.png","contentUrl":"https:\/\/www.probeautyaesthetics.com\/wp-content\/uploads\/2019\/11\/logo-1.png","width":200,"height":50,"caption":"Pro Beauty Aesthetics"},"image":{"@id":"https:\/\/www.probeautyaesthetics.com\/#\/schema\/logo\/image\/"}}]}},"_links":{"self":[{"href":"https:\/\/www.probeautyaesthetics.com\/ro\/wp-json\/wp\/v2\/product\/3637"}],"collection":[{"href":"https:\/\/www.probeautyaesthetics.com\/ro\/wp-json\/wp\/v2\/product"}],"about":[{"href":"https:\/\/www.probeautyaesthetics.com\/ro\/wp-json\/wp\/v2\/types\/product"}],"replies":[{"embeddable":true,"href":"https:\/\/www.probeautyaesthetics.com\/ro\/wp-json\/wp\/v2\/comments?post=3637"}],"wp:featuredmedia":[{"embeddable":true,"href":"https:\/\/www.probeautyaesthetics.com\/ro\/wp-json\/wp\/v2\/media\/3662"}],"wp:attachment":[{"href":"https:\/\/www.probeautyaesthetics.com\/ro\/wp-json\/wp\/v2\/media?parent=3637"}],"wp:term":[{"taxonomy":"product_cat","embeddable":true,"href":"https:\/\/www.probeautyaesthetics.com\/ro\/wp-json\/wp\/v2\/product_cat?post=3637"},{"taxonomy":"product_tag","embeddable":true,"href":"https:\/\/www.probeautyaesthetics.com\/ro\/wp-json\/wp\/v2\/product_tag?post=3637"}],"curies":[{"name":"wp","href":"https:\/\/api.w.org\/{rel}","templated":true}]}}