{"id":3666,"date":"2019-11-14T07:16:30","date_gmt":"2019-11-14T07:16:30","guid":{"rendered":"https:\/\/www.safeonlinechemist.com\/dermalfillers\/product\/import-placeholder-for-5334\/"},"modified":"2020-03-07T06:14:00","modified_gmt":"2020-03-07T06:14:00","slug":"buy-juvederm-volbella-lidocaine-2-x-1ml","status":"publish","type":"product","link":"https:\/\/www.probeautyaesthetics.com\/ro\/produs\/buy-juvederm-volbella-lidocaine-2-x-1ml\/","title":{"rendered":"Cump\u0103ra\u021bi Juvederm Volbella Lidocaine 2 x 1ml online"},"content":{"rendered":"<h2 style=\"text-align: justify;\">Buy Juvederm Volbella Lidocaine 2 x 1ml Online From The Best Store<\/h2>\n<p style=\"text-align: justify;\">You can buy Juvederm Volbella Lidocaine 2 x 1ml with bitcoin, moneygram, and western union from Pro Beauty Aesthetics. We have years of experience in this field and are dealing with Juvederm Volbella Lidocaine 2 x 1ml online globally. If you want to buy Juvederm Volbella Lidocaine 2 x 1ml at cheap price, then get it right away!<\/p>\n<h3 style=\"text-align: justify;\">What is Juvederm Volbella Lidocaine 2 x 1ml and its characteristics?<\/h3>\n<p style=\"text-align: justify;\">Juvederm Volbella Lidocaine 2 x 1ml contains biocompatible hyaluronic acid which is an injectable filler that gives moment results that are common. A treatment created to plump up lips with improved volume as well as softening lines round the mouth.<\/p>\n<p style=\"text-align: justify;\">Use of Juvederm Volbella Lidocaine 2 x 1ml helps in the following:<\/p>\n<ul style=\"text-align: justify;\">\n<li>Increases lip volumes<\/li>\n<li>Enhances the area around the mouth<\/li>\n<li>Reduce all the signs of lines and wrinkles<\/li>\n<li>It gives you impacts going on for as long as a year<\/li>\n<\/ul>\n<h3 style=\"text-align: justify;\">\u039a\u03ac\u03bd\u03c4\u03b5 \u03c4\u03b7\u03bd \u03c0\u03b1\u03c1\u03b1\u03b3\u03b3\u03b5\u03bb\u03af\u03b1 \u03c3\u03b1\u03c2 \u03c4\u03ce\u03c1\u03b1!<\/h3>\n<p style=\"text-align: justify;\">Get Juvederm Volbella Lidocaine 2 x 1ml for sale today from our online store. We will help you buy Juvederm Volbella Lidocaine 2 x 1ml online and deliver it to you at your mentioned address!<\/p>\n<p>&nbsp;<\/p>\n<p>buy juvederm volbella lidocaine 2 x 1ml online, juvederm volbella lidocaine 2 x 1ml for sale, juvederm volbella lidocaine 2 x 1ml for sale USA, buy real juvederm volbella lidocaine 2 x 1ml online, where to buy juvederm volbella lidocaine 2 x 1ml, buy juvederm volbella lidocaine 2 x 1ml online, buy juvederm volbella lidocaine 2 x 1ml Spain, juvederm volbella lidocaine 2 x 1ml for sale Ukraine, juvederm volbella lidocaine 2 x 1ml for sale Canada, juvederm volbella lidocaine 2 x 1ml for sale Europe, buying juvederm volbella lidocaine 2 x 1ml online legal, buy juvederm volbella lidocaine 2 x 1ml online with bitcoin, buy juvederm volbella lidocaine 2 x 1ml online with MoneyGram, juvederm volbella lidocaine 2 x 1ml for sale with Western Union, how to buy juvederm volbella lidocaine 2 x 1ml online, buy juvederm volbella lidocaine 2 x 1ml at cheap price, buy real juvederm volbella lidocaine 2 x 1ml online, order juvederm volbella lidocaine 2 x 1ml online, Mail juvederm volbella lidocaine 2 x 1ml, You can order juvederm volbella lidocaine 2 x 1ml in USA, Canada, Europe, Italy.<\/p>","protected":false},"excerpt":{"rendered":"<table>\n<tbody>\n<tr>\n<td>m\u0103rimea<\/td>\n<td>1x1ml<\/td>\n<\/tr>\n<tr>\n<td>Produs cu licen\u021b\u0103<\/td>\n<td>Nu<\/td>\n<\/tr>\n<tr>\n<td>\u00cenregistrare necesar\u0103<\/td>\n<td>Nu<\/td>\n<\/tr>\n<tr>\n<td>Regiunea \u021a\u0103rii<\/td>\n<td>Acest produs este de origine europeana<\/td>\n<\/tr>\n<\/tbody>\n<\/table>\n<p>Livrare \u00een \u00eentreaga lume garantat\u0103<\/p>\n<p>Timpul de livrare:<\/p>\n<p>SUA: 24 p\u00e2n\u0103 la 72 de ore<\/p>\n<p>Canada: 2 p\u00e2n\u0103 la 3 zile<br \/>\nLivrare interna\u021bional\u0103: 4 p\u00e2n\u0103 la 7 zile<\/p>\n<p>Op\u021biuni de plat\u0103<\/p>\n<p>MONEYGRAM<\/p>\n<p>\u0394\u03a5\u03a4\u0399\u039a\u0397 \u0395\u039d\u03a9\u03a3\u0397<\/p>\n<p>BITCOINS<\/p>\n<p>TRANSFER BANCAR<\/p>\n<p>DE LA WALMART LA WALMART<\/p>\n<p>ZELLE PAY<\/p>\n<p>10% reducere la plata cu Bitcoin<\/p>","protected":false},"featured_media":3696,"comment_status":"open","ping_status":"closed","template":"","meta":{"_joinchat":[]},"product_cat":[138,139],"product_tag":[165,785,771,781,782,776,774,780,658,659,784,660,772,778,779,777,773,783,787,786,775,788],"yoast_head":"<!-- This site is optimized with the Yoast SEO plugin v21.3 - https:\/\/yoast.com\/wordpress\/plugins\/seo\/ -->\n<title>Buy Juvederm Volbella Lidocaine 2 x 1ml Online|Probeautyaesthetics.Com<\/title>\n<meta name=\"description\" content=\"You can buy juvederm volbella lidocaine online at cheap price from Probeautyaesthetics.Com. Juvederm Volbella for Sale with Free Shipping Service.Order Now!\" \/>\n<meta name=\"robots\" content=\"index, follow, max-snippet:-1, max-image-preview:large, max-video-preview:-1\" \/>\n<link rel=\"canonical\" href=\"https:\/\/www.probeautyaesthetics.com\/ro\/produs\/buy-juvederm-volbella-lidocaine-2-x-1ml\/\" \/>\n<meta property=\"og:locale\" content=\"ro_RO\" \/>\n<meta property=\"og:type\" content=\"article\" \/>\n<meta property=\"og:title\" content=\"Buy Juvederm Volbella Lidocaine 2 x 1ml Online|Probeautyaesthetics.Com\" \/>\n<meta property=\"og:description\" content=\"You can buy juvederm volbella lidocaine online at cheap price from Probeautyaesthetics.Com. Juvederm Volbella for Sale with Free Shipping Service.Order Now!\" \/>\n<meta property=\"og:url\" content=\"https:\/\/www.probeautyaesthetics.com\/ro\/produs\/buy-juvederm-volbella-lidocaine-2-x-1ml\/\" \/>\n<meta property=\"og:site_name\" content=\"Pro Beauty Aesthetics\" \/>\n<meta property=\"article:modified_time\" content=\"2020-03-07T06:14:00+00:00\" \/>\n<meta property=\"og:image\" content=\"https:\/\/www.probeautyaesthetics.com\/wp-content\/uploads\/2019\/11\/Buy-Juvederm-Volbella-Lidocaine-2-x-1ml.jpg\" \/>\n\t<meta property=\"og:image:width\" content=\"1024\" \/>\n\t<meta property=\"og:image:height\" content=\"1024\" \/>\n\t<meta property=\"og:image:type\" content=\"image\/jpeg\" \/>\n<meta name=\"twitter:card\" content=\"summary_large_image\" \/>\n<meta name=\"twitter:label1\" content=\"Timp estimat pentru citire\" \/>\n\t<meta name=\"twitter:data1\" content=\"2 minute\" \/>\n<script type=\"application\/ld+json\" class=\"yoast-schema-graph\">{\"@context\":\"https:\/\/schema.org\",\"@graph\":[{\"@type\":\"WebPage\",\"@id\":\"https:\/\/www.probeautyaesthetics.com\/product\/buy-juvederm-volbella-lidocaine-2-x-1ml\/\",\"url\":\"https:\/\/www.probeautyaesthetics.com\/product\/buy-juvederm-volbella-lidocaine-2-x-1ml\/\",\"name\":\"Buy Juvederm Volbella Lidocaine 2 x 1ml Online|Probeautyaesthetics.Com\",\"isPartOf\":{\"@id\":\"https:\/\/www.probeautyaesthetics.com\/#website\"},\"datePublished\":\"2019-11-14T07:16:30+00:00\",\"dateModified\":\"2020-03-07T06:14:00+00:00\",\"description\":\"You can buy juvederm volbella lidocaine online at cheap price from Probeautyaesthetics.Com. Juvederm Volbella for Sale with Free Shipping Service.Order Now!\",\"breadcrumb\":{\"@id\":\"https:\/\/www.probeautyaesthetics.com\/product\/buy-juvederm-volbella-lidocaine-2-x-1ml\/#breadcrumb\"},\"inLanguage\":\"ro-RO\",\"potentialAction\":[{\"@type\":\"ReadAction\",\"target\":[\"https:\/\/www.probeautyaesthetics.com\/product\/buy-juvederm-volbella-lidocaine-2-x-1ml\/\"]}]},{\"@type\":\"BreadcrumbList\",\"@id\":\"https:\/\/www.probeautyaesthetics.com\/product\/buy-juvederm-volbella-lidocaine-2-x-1ml\/#breadcrumb\",\"itemListElement\":[{\"@type\":\"ListItem\",\"position\":1,\"name\":\"Home\",\"item\":\"https:\/\/www.probeautyaesthetics.com\/\"},{\"@type\":\"ListItem\",\"position\":2,\"name\":\"Our Products\",\"item\":\"https:\/\/www.probeautyaesthetics.com\/shop\/\"},{\"@type\":\"ListItem\",\"position\":3,\"name\":\"Buy Juvederm Volbella Lidocaine 2 x 1ml Online\"}]},{\"@type\":\"WebSite\",\"@id\":\"https:\/\/www.probeautyaesthetics.com\/#website\",\"url\":\"https:\/\/www.probeautyaesthetics.com\/\",\"name\":\"Pro Beauty Aesthetics\",\"description\":\"\",\"publisher\":{\"@id\":\"https:\/\/www.probeautyaesthetics.com\/#organization\"},\"potentialAction\":[{\"@type\":\"SearchAction\",\"target\":{\"@type\":\"EntryPoint\",\"urlTemplate\":\"https:\/\/www.probeautyaesthetics.com\/?s={search_term_string}\"},\"query-input\":\"required name=search_term_string\"}],\"inLanguage\":\"ro-RO\"},{\"@type\":\"Organization\",\"@id\":\"https:\/\/www.probeautyaesthetics.com\/#organization\",\"name\":\"Pro Beauty Aesthetics\",\"url\":\"https:\/\/www.probeautyaesthetics.com\/\",\"logo\":{\"@type\":\"ImageObject\",\"inLanguage\":\"ro-RO\",\"@id\":\"https:\/\/www.probeautyaesthetics.com\/#\/schema\/logo\/image\/\",\"url\":\"https:\/\/www.probeautyaesthetics.com\/wp-content\/uploads\/2019\/11\/logo-1.png\",\"contentUrl\":\"https:\/\/www.probeautyaesthetics.com\/wp-content\/uploads\/2019\/11\/logo-1.png\",\"width\":200,\"height\":50,\"caption\":\"Pro Beauty Aesthetics\"},\"image\":{\"@id\":\"https:\/\/www.probeautyaesthetics.com\/#\/schema\/logo\/image\/\"}}]}<\/script>\n<!-- \/ Yoast SEO plugin. -->","yoast_head_json":{"title":"Buy Juvederm Volbella Lidocaine 2 x 1ml Online|Probeautyaesthetics.Com","description":"You can buy juvederm volbella lidocaine online at cheap price from Probeautyaesthetics.Com. Juvederm Volbella for Sale with Free Shipping Service.Order Now!","robots":{"index":"index","follow":"follow","max-snippet":"max-snippet:-1","max-image-preview":"max-image-preview:large","max-video-preview":"max-video-preview:-1"},"canonical":"https:\/\/www.probeautyaesthetics.com\/ro\/produs\/buy-juvederm-volbella-lidocaine-2-x-1ml\/","og_locale":"ro_RO","og_type":"article","og_title":"Buy Juvederm Volbella Lidocaine 2 x 1ml Online|Probeautyaesthetics.Com","og_description":"You can buy juvederm volbella lidocaine online at cheap price from Probeautyaesthetics.Com. Juvederm Volbella for Sale with Free Shipping Service.Order Now!","og_url":"https:\/\/www.probeautyaesthetics.com\/ro\/produs\/buy-juvederm-volbella-lidocaine-2-x-1ml\/","og_site_name":"Pro Beauty Aesthetics","article_modified_time":"2020-03-07T06:14:00+00:00","og_image":[{"width":1024,"height":1024,"url":"https:\/\/www.probeautyaesthetics.com\/wp-content\/uploads\/2019\/11\/Buy-Juvederm-Volbella-Lidocaine-2-x-1ml.jpg","type":"image\/jpeg"}],"twitter_card":"summary_large_image","twitter_misc":{"Timp estimat pentru citire":"2 minute"},"schema":{"@context":"https:\/\/schema.org","@graph":[{"@type":"WebPage","@id":"https:\/\/www.probeautyaesthetics.com\/product\/buy-juvederm-volbella-lidocaine-2-x-1ml\/","url":"https:\/\/www.probeautyaesthetics.com\/product\/buy-juvederm-volbella-lidocaine-2-x-1ml\/","name":"Buy Juvederm Volbella Lidocaine 2 x 1ml Online|Probeautyaesthetics.Com","isPartOf":{"@id":"https:\/\/www.probeautyaesthetics.com\/#website"},"datePublished":"2019-11-14T07:16:30+00:00","dateModified":"2020-03-07T06:14:00+00:00","description":"You can buy juvederm volbella lidocaine online at cheap price from Probeautyaesthetics.Com. Juvederm Volbella for Sale with Free Shipping Service.Order Now!","breadcrumb":{"@id":"https:\/\/www.probeautyaesthetics.com\/product\/buy-juvederm-volbella-lidocaine-2-x-1ml\/#breadcrumb"},"inLanguage":"ro-RO","potentialAction":[{"@type":"ReadAction","target":["https:\/\/www.probeautyaesthetics.com\/product\/buy-juvederm-volbella-lidocaine-2-x-1ml\/"]}]},{"@type":"BreadcrumbList","@id":"https:\/\/www.probeautyaesthetics.com\/product\/buy-juvederm-volbella-lidocaine-2-x-1ml\/#breadcrumb","itemListElement":[{"@type":"ListItem","position":1,"name":"Home","item":"https:\/\/www.probeautyaesthetics.com\/"},{"@type":"ListItem","position":2,"name":"Our Products","item":"https:\/\/www.probeautyaesthetics.com\/shop\/"},{"@type":"ListItem","position":3,"name":"Buy Juvederm Volbella Lidocaine 2 x 1ml Online"}]},{"@type":"WebSite","@id":"https:\/\/www.probeautyaesthetics.com\/#website","url":"https:\/\/www.probeautyaesthetics.com\/","name":"Pro Beauty Aesthetics","description":"","publisher":{"@id":"https:\/\/www.probeautyaesthetics.com\/#organization"},"potentialAction":[{"@type":"SearchAction","target":{"@type":"EntryPoint","urlTemplate":"https:\/\/www.probeautyaesthetics.com\/?s={search_term_string}"},"query-input":"required name=search_term_string"}],"inLanguage":"ro-RO"},{"@type":"Organization","@id":"https:\/\/www.probeautyaesthetics.com\/#organization","name":"Pro Beauty Aesthetics","url":"https:\/\/www.probeautyaesthetics.com\/","logo":{"@type":"ImageObject","inLanguage":"ro-RO","@id":"https:\/\/www.probeautyaesthetics.com\/#\/schema\/logo\/image\/","url":"https:\/\/www.probeautyaesthetics.com\/wp-content\/uploads\/2019\/11\/logo-1.png","contentUrl":"https:\/\/www.probeautyaesthetics.com\/wp-content\/uploads\/2019\/11\/logo-1.png","width":200,"height":50,"caption":"Pro Beauty Aesthetics"},"image":{"@id":"https:\/\/www.probeautyaesthetics.com\/#\/schema\/logo\/image\/"}}]}},"_links":{"self":[{"href":"https:\/\/www.probeautyaesthetics.com\/ro\/wp-json\/wp\/v2\/product\/3666"}],"collection":[{"href":"https:\/\/www.probeautyaesthetics.com\/ro\/wp-json\/wp\/v2\/product"}],"about":[{"href":"https:\/\/www.probeautyaesthetics.com\/ro\/wp-json\/wp\/v2\/types\/product"}],"replies":[{"embeddable":true,"href":"https:\/\/www.probeautyaesthetics.com\/ro\/wp-json\/wp\/v2\/comments?post=3666"}],"wp:featuredmedia":[{"embeddable":true,"href":"https:\/\/www.probeautyaesthetics.com\/ro\/wp-json\/wp\/v2\/media\/3696"}],"wp:attachment":[{"href":"https:\/\/www.probeautyaesthetics.com\/ro\/wp-json\/wp\/v2\/media?parent=3666"}],"wp:term":[{"taxonomy":"product_cat","embeddable":true,"href":"https:\/\/www.probeautyaesthetics.com\/ro\/wp-json\/wp\/v2\/product_cat?post=3666"},{"taxonomy":"product_tag","embeddable":true,"href":"https:\/\/www.probeautyaesthetics.com\/ro\/wp-json\/wp\/v2\/product_tag?post=3666"}],"curies":[{"name":"wp","href":"https:\/\/api.w.org\/{rel}","templated":true}]}}