{"id":3673,"date":"2019-11-14T07:16:30","date_gmt":"2019-11-14T07:16:30","guid":{"rendered":"https:\/\/www.safeonlinechemist.com\/dermalfillers\/product\/import-placeholder-for-5343\/"},"modified":"2020-03-09T12:30:32","modified_gmt":"2020-03-09T12:30:32","slug":"buy-juvederm-volift-lidocaine-1-x-1ml","status":"publish","type":"product","link":"https:\/\/www.probeautyaesthetics.com\/ro\/produs\/buy-juvederm-volift-lidocaine-1-x-1ml\/","title":{"rendered":"Cump\u0103ra\u021bi Juvederm Volift Lidocaine 1 x 1ml online"},"content":{"rendered":"<h2 style=\"text-align: justify;\">Achizi\u021biona\u021bi Juvederm Volift Lidocaine 1 x 1ml de v\u00e2nzare din magazinul nostru online<\/h2>\n<p style=\"text-align: justify;\">Ob\u021bine\u021bi Juvederm Volift Lidocaine 1 x 1ml de v\u00e2nzare la Pro Beauty Aesthetics. Suntem aici pentru a v\u0103 ajuta s\u0103 cump\u0103ra\u021bi Juvederm Volift Lidocaine 1 x 1ml cu bitcoin, moneygram \u0219i Western Union. Comanda\u021bi Juvederm Volift Lidocaine 1 x 1ml ast\u0103zi!<\/p>\n<h3 style=\"text-align: justify;\">Care sunt propriet\u0103\u021bile lui Juvederm Volift Lidocaine 1 x 1ml?<\/h3>\n<p style=\"text-align: justify;\">Juvederm Volift Lidocaine 1 x 1ml este un material de umplere injectabil planificat pentru tratamentul liniilor \u0219i ridurilor mai profunde ale pielii. Juvederm\u00ae Volift Lidocaine poate fi utilizat, de asemenea, pentru modelarea facial\u0103 \u0219i pentru restabilirea volumului pierdut \u00een zona median\u0103 a fe\u021bei \u0219i a buzelor. Produsul con\u021bine lidocain\u0103 pentru a garanta un tratament din ce \u00een ce mai pl\u0103cut, la fel ca \u0219i diminuarea nivelului de durere.<\/p>\n<ul style=\"text-align: justify;\">\n<li>Umple\u021bi liniile \u0219i ridurile faciale ulterioare<\/li>\n<li>Restabilirea volumului \u0219i a formelor fe\u021bei<\/li>\n<li>Domenii: Obrajii, pome\u021bii \u0219i b\u0103rbia<\/li>\n<\/ul>\n<p style=\"text-align: justify;\">Juvederm Volift Lidocaine 1 x 1ml este prev\u0103zut pentru utilizare \u00een dermul profund. Produsul ar trebui s\u0103 fie infuzat \u00een derm\u0103 sau \u00een pelicula mucoas\u0103 a buzelor.<\/p>\n<h3 style=\"text-align: justify;\">Conecta\u021bi-v\u0103 acum!<\/h3>\n<p style=\"text-align: justify;\">Cump\u0103ra\u021bi Juvederm Volift Lidocaine 1 x 1ml la pre\u021b ieftin din magazinul nostru online. Comanda dvs. pentru Juvederm Volift Lidocaine 1 x 1ml online va fi livrat\u0103 \u00een scurt timp de c\u0103tre membrii echipei noastre.<\/p>\n<p>&nbsp;<\/p>\n<p>cump\u0103ra juvederm volift lidocaine 1 x 1ml online, juvederm volift lidocaine 1 x 1ml de v\u00e2nzare, juvederm volift lidocaine 1 x 1ml de v\u00e2nzare \u00een SUA, cump\u0103ra\u021bi juvederm volift lidocaine 1 x 1ml online, unde s\u0103 cump\u0103ra\u021bi juvederm volift lidocaine 1 x 1ml, cump\u0103ra\u021bi juvederm volift lidocaine 1 x 1ml online, cump\u0103ra juvederm volift lidocaine 1 x 1ml Spania, juvederm volift lidocaine 1 x 1ml de v\u00e2nzare Ucraina, juvederm volift lidocaine 1 x 1ml de v\u00e2nzare Canada, juvederm volift lidocaine 1 x 1ml de v\u00e2nzare Europa, cump\u0103rarea juvederm volift lidocaine 1 x 1ml online legal, cump\u0103ra juvederm volift lidocaine 1 x 1ml online cu bitcoin, cump\u0103ra juvederm volift lidocaine 1 x 1ml online cu MoneyGram, juvederm volift lidocaine 1 x 1ml de v\u00e2nzare cu Western Union, cum s\u0103 cump\u0103ra\u021bi juvederm volift lidocaine 1 x 1ml online, cump\u0103ra\u021bi juvederm volift lidocaine 1 x 1ml la pre\u021b ieftin, cump\u0103ra\u021bi juvederm volift lidocaine 1 x 1ml online, comanda\u021bi juvederm volift lidocaine 1 x 1ml online, Mail juvederm volift lidocaine 1 x 1ml, Pute\u021bi comanda juvederm volift lidocaine 1 x 1ml \u00een SUA, Canada, Europa, Italia.<\/p>","protected":false},"excerpt":{"rendered":"<table>\n<tbody>\n<tr>\n<td>m\u0103rimea<\/td>\n<td>1x1ml<\/td>\n<\/tr>\n<tr>\n<td>Produs cu licen\u021b\u0103<\/td>\n<td>Nu<\/td>\n<\/tr>\n<tr>\n<td>\u00cenregistrare necesar\u0103<\/td>\n<td>Nu<\/td>\n<\/tr>\n<tr>\n<td>Regiunea \u021a\u0103rii<\/td>\n<td>Acest produs este de origine europeana<\/td>\n<\/tr>\n<\/tbody>\n<\/table>\n<p>Livrare \u00een \u00eentreaga lume garantat\u0103<\/p>\n<p>Timpul de livrare:<\/p>\n<p>SUA: 24 p\u00e2n\u0103 la 72 de ore<\/p>\n<p>Canada: 2 p\u00e2n\u0103 la 3 zile<br \/>\nLivrare interna\u021bional\u0103: 4 p\u00e2n\u0103 la 7 zile<\/p>\n<p>Op\u021biuni de plat\u0103<\/p>\n<p>MONEYGRAM<\/p>\n<p>\u0394\u03a5\u03a4\u0399\u039a\u0397 \u0395\u039d\u03a9\u03a3\u0397<\/p>\n<p>BITCOINS<\/p>\n<p>TRANSFER BANCAR<\/p>\n<p>DE LA WALMART LA WALMART<\/p>\n<p>ZELLE PAY<\/p>\n<p>10% reducere la plata cu Bitcoin<\/p>","protected":false},"featured_media":3697,"comment_status":"open","ping_status":"closed","template":"","meta":{"_joinchat":[]},"product_cat":[138,139],"product_tag":[821,807,817,818,812,810,816,658,659,820,660,808,814,815,813,809,819,823,822,811,824],"yoast_head":"<!-- This site is optimized with the Yoast SEO plugin v21.3 - https:\/\/yoast.com\/wordpress\/plugins\/seo\/ -->\n<title>Buy Juvederm Volift Lidocaine 1 x 1ml Online | Probeautyaesthetics.Com<\/title>\n<meta name=\"description\" content=\"You can buy juvederm volift lidocaine online at cheap price from Probeautyaesthetics.Com.Juvederm Volife 1x1ml for Sale with Free Shipping Service.Order Now\" \/>\n<meta name=\"robots\" content=\"index, follow, max-snippet:-1, max-image-preview:large, max-video-preview:-1\" \/>\n<link rel=\"canonical\" href=\"https:\/\/www.probeautyaesthetics.com\/ro\/produs\/buy-juvederm-volift-lidocaine-1-x-1ml\/\" \/>\n<meta property=\"og:locale\" content=\"ro_RO\" \/>\n<meta property=\"og:type\" content=\"article\" \/>\n<meta property=\"og:title\" content=\"Buy Juvederm Volift Lidocaine 1 x 1ml Online | Probeautyaesthetics.Com\" \/>\n<meta property=\"og:description\" content=\"You can buy juvederm volift lidocaine online at cheap price from Probeautyaesthetics.Com.Juvederm Volife 1x1ml for Sale with Free Shipping Service.Order Now\" \/>\n<meta property=\"og:url\" content=\"https:\/\/www.probeautyaesthetics.com\/ro\/produs\/buy-juvederm-volift-lidocaine-1-x-1ml\/\" \/>\n<meta property=\"og:site_name\" content=\"Pro Beauty Aesthetics\" \/>\n<meta property=\"article:modified_time\" content=\"2020-03-09T12:30:32+00:00\" \/>\n<meta property=\"og:image\" content=\"https:\/\/www.probeautyaesthetics.com\/wp-content\/uploads\/2019\/11\/Buy-Juvederm-Volift-Lidocaine-1-x-1ml-600x600.jpg\" \/>\n\t<meta property=\"og:image:width\" content=\"600\" \/>\n\t<meta property=\"og:image:height\" content=\"600\" \/>\n\t<meta property=\"og:image:type\" content=\"image\/jpeg\" \/>\n<meta name=\"twitter:card\" content=\"summary_large_image\" \/>\n<meta name=\"twitter:label1\" content=\"Timp estimat pentru citire\" \/>\n\t<meta name=\"twitter:data1\" content=\"2 minute\" \/>\n<script type=\"application\/ld+json\" class=\"yoast-schema-graph\">{\"@context\":\"https:\/\/schema.org\",\"@graph\":[{\"@type\":\"WebPage\",\"@id\":\"https:\/\/www.probeautyaesthetics.com\/product\/buy-juvederm-volift-lidocaine-1-x-1ml\/\",\"url\":\"https:\/\/www.probeautyaesthetics.com\/product\/buy-juvederm-volift-lidocaine-1-x-1ml\/\",\"name\":\"Buy Juvederm Volift Lidocaine 1 x 1ml Online | Probeautyaesthetics.Com\",\"isPartOf\":{\"@id\":\"https:\/\/www.probeautyaesthetics.com\/#website\"},\"datePublished\":\"2019-11-14T07:16:30+00:00\",\"dateModified\":\"2020-03-09T12:30:32+00:00\",\"description\":\"You can buy juvederm volift lidocaine online at cheap price from Probeautyaesthetics.Com.Juvederm Volife 1x1ml for Sale with Free Shipping Service.Order Now\",\"breadcrumb\":{\"@id\":\"https:\/\/www.probeautyaesthetics.com\/product\/buy-juvederm-volift-lidocaine-1-x-1ml\/#breadcrumb\"},\"inLanguage\":\"ro-RO\",\"potentialAction\":[{\"@type\":\"ReadAction\",\"target\":[\"https:\/\/www.probeautyaesthetics.com\/product\/buy-juvederm-volift-lidocaine-1-x-1ml\/\"]}]},{\"@type\":\"BreadcrumbList\",\"@id\":\"https:\/\/www.probeautyaesthetics.com\/product\/buy-juvederm-volift-lidocaine-1-x-1ml\/#breadcrumb\",\"itemListElement\":[{\"@type\":\"ListItem\",\"position\":1,\"name\":\"Home\",\"item\":\"https:\/\/www.probeautyaesthetics.com\/\"},{\"@type\":\"ListItem\",\"position\":2,\"name\":\"Our Products\",\"item\":\"https:\/\/www.probeautyaesthetics.com\/shop\/\"},{\"@type\":\"ListItem\",\"position\":3,\"name\":\"Buy Juvederm Volift Lidocaine 1 x 1ml Online\"}]},{\"@type\":\"WebSite\",\"@id\":\"https:\/\/www.probeautyaesthetics.com\/#website\",\"url\":\"https:\/\/www.probeautyaesthetics.com\/\",\"name\":\"Pro Beauty Aesthetics\",\"description\":\"\",\"publisher\":{\"@id\":\"https:\/\/www.probeautyaesthetics.com\/#organization\"},\"potentialAction\":[{\"@type\":\"SearchAction\",\"target\":{\"@type\":\"EntryPoint\",\"urlTemplate\":\"https:\/\/www.probeautyaesthetics.com\/?s={search_term_string}\"},\"query-input\":\"required name=search_term_string\"}],\"inLanguage\":\"ro-RO\"},{\"@type\":\"Organization\",\"@id\":\"https:\/\/www.probeautyaesthetics.com\/#organization\",\"name\":\"Pro Beauty Aesthetics\",\"url\":\"https:\/\/www.probeautyaesthetics.com\/\",\"logo\":{\"@type\":\"ImageObject\",\"inLanguage\":\"ro-RO\",\"@id\":\"https:\/\/www.probeautyaesthetics.com\/#\/schema\/logo\/image\/\",\"url\":\"https:\/\/www.probeautyaesthetics.com\/wp-content\/uploads\/2019\/11\/logo-1.png\",\"contentUrl\":\"https:\/\/www.probeautyaesthetics.com\/wp-content\/uploads\/2019\/11\/logo-1.png\",\"width\":200,\"height\":50,\"caption\":\"Pro Beauty Aesthetics\"},\"image\":{\"@id\":\"https:\/\/www.probeautyaesthetics.com\/#\/schema\/logo\/image\/\"}}]}<\/script>\n<!-- \/ Yoast SEO plugin. -->","yoast_head_json":{"title":"Buy Juvederm Volift Lidocaine 1 x 1ml Online | Probeautyaesthetics.Com","description":"You can buy juvederm volift lidocaine online at cheap price from Probeautyaesthetics.Com.Juvederm Volife 1x1ml for Sale with Free Shipping Service.Order Now","robots":{"index":"index","follow":"follow","max-snippet":"max-snippet:-1","max-image-preview":"max-image-preview:large","max-video-preview":"max-video-preview:-1"},"canonical":"https:\/\/www.probeautyaesthetics.com\/ro\/produs\/buy-juvederm-volift-lidocaine-1-x-1ml\/","og_locale":"ro_RO","og_type":"article","og_title":"Buy Juvederm Volift Lidocaine 1 x 1ml Online | Probeautyaesthetics.Com","og_description":"You can buy juvederm volift lidocaine online at cheap price from Probeautyaesthetics.Com.Juvederm Volife 1x1ml for Sale with Free Shipping Service.Order Now","og_url":"https:\/\/www.probeautyaesthetics.com\/ro\/produs\/buy-juvederm-volift-lidocaine-1-x-1ml\/","og_site_name":"Pro Beauty Aesthetics","article_modified_time":"2020-03-09T12:30:32+00:00","og_image":[{"width":600,"height":600,"url":"https:\/\/www.probeautyaesthetics.com\/wp-content\/uploads\/2019\/11\/Buy-Juvederm-Volift-Lidocaine-1-x-1ml-600x600.jpg","type":"image\/jpeg"}],"twitter_card":"summary_large_image","twitter_misc":{"Timp estimat pentru citire":"2 minute"},"schema":{"@context":"https:\/\/schema.org","@graph":[{"@type":"WebPage","@id":"https:\/\/www.probeautyaesthetics.com\/product\/buy-juvederm-volift-lidocaine-1-x-1ml\/","url":"https:\/\/www.probeautyaesthetics.com\/product\/buy-juvederm-volift-lidocaine-1-x-1ml\/","name":"Buy Juvederm Volift Lidocaine 1 x 1ml Online | Probeautyaesthetics.Com","isPartOf":{"@id":"https:\/\/www.probeautyaesthetics.com\/#website"},"datePublished":"2019-11-14T07:16:30+00:00","dateModified":"2020-03-09T12:30:32+00:00","description":"You can buy juvederm volift lidocaine online at cheap price from Probeautyaesthetics.Com.Juvederm Volife 1x1ml for Sale with Free Shipping Service.Order Now","breadcrumb":{"@id":"https:\/\/www.probeautyaesthetics.com\/product\/buy-juvederm-volift-lidocaine-1-x-1ml\/#breadcrumb"},"inLanguage":"ro-RO","potentialAction":[{"@type":"ReadAction","target":["https:\/\/www.probeautyaesthetics.com\/product\/buy-juvederm-volift-lidocaine-1-x-1ml\/"]}]},{"@type":"BreadcrumbList","@id":"https:\/\/www.probeautyaesthetics.com\/product\/buy-juvederm-volift-lidocaine-1-x-1ml\/#breadcrumb","itemListElement":[{"@type":"ListItem","position":1,"name":"Home","item":"https:\/\/www.probeautyaesthetics.com\/"},{"@type":"ListItem","position":2,"name":"Our Products","item":"https:\/\/www.probeautyaesthetics.com\/shop\/"},{"@type":"ListItem","position":3,"name":"Buy Juvederm Volift Lidocaine 1 x 1ml Online"}]},{"@type":"WebSite","@id":"https:\/\/www.probeautyaesthetics.com\/#website","url":"https:\/\/www.probeautyaesthetics.com\/","name":"Pro Beauty Aesthetics","description":"","publisher":{"@id":"https:\/\/www.probeautyaesthetics.com\/#organization"},"potentialAction":[{"@type":"SearchAction","target":{"@type":"EntryPoint","urlTemplate":"https:\/\/www.probeautyaesthetics.com\/?s={search_term_string}"},"query-input":"required name=search_term_string"}],"inLanguage":"ro-RO"},{"@type":"Organization","@id":"https:\/\/www.probeautyaesthetics.com\/#organization","name":"Pro Beauty Aesthetics","url":"https:\/\/www.probeautyaesthetics.com\/","logo":{"@type":"ImageObject","inLanguage":"ro-RO","@id":"https:\/\/www.probeautyaesthetics.com\/#\/schema\/logo\/image\/","url":"https:\/\/www.probeautyaesthetics.com\/wp-content\/uploads\/2019\/11\/logo-1.png","contentUrl":"https:\/\/www.probeautyaesthetics.com\/wp-content\/uploads\/2019\/11\/logo-1.png","width":200,"height":50,"caption":"Pro Beauty Aesthetics"},"image":{"@id":"https:\/\/www.probeautyaesthetics.com\/#\/schema\/logo\/image\/"}}]}},"_links":{"self":[{"href":"https:\/\/www.probeautyaesthetics.com\/ro\/wp-json\/wp\/v2\/product\/3673"}],"collection":[{"href":"https:\/\/www.probeautyaesthetics.com\/ro\/wp-json\/wp\/v2\/product"}],"about":[{"href":"https:\/\/www.probeautyaesthetics.com\/ro\/wp-json\/wp\/v2\/types\/product"}],"replies":[{"embeddable":true,"href":"https:\/\/www.probeautyaesthetics.com\/ro\/wp-json\/wp\/v2\/comments?post=3673"}],"wp:featuredmedia":[{"embeddable":true,"href":"https:\/\/www.probeautyaesthetics.com\/ro\/wp-json\/wp\/v2\/media\/3697"}],"wp:attachment":[{"href":"https:\/\/www.probeautyaesthetics.com\/ro\/wp-json\/wp\/v2\/media?parent=3673"}],"wp:term":[{"taxonomy":"product_cat","embeddable":true,"href":"https:\/\/www.probeautyaesthetics.com\/ro\/wp-json\/wp\/v2\/product_cat?post=3673"},{"taxonomy":"product_tag","embeddable":true,"href":"https:\/\/www.probeautyaesthetics.com\/ro\/wp-json\/wp\/v2\/product_tag?post=3673"}],"curies":[{"name":"wp","href":"https:\/\/api.w.org\/{rel}","templated":true}]}}