{"id":3784,"date":"2019-11-14T07:17:00","date_gmt":"2019-11-14T07:17:00","guid":{"rendered":"https:\/\/www.safeonlinechemist.com\/dermalfillers\/product\/import-placeholder-for-5481\/"},"modified":"2020-03-01T07:53:11","modified_gmt":"2020-03-01T07:53:11","slug":"buy-restylane-subq-1-x-2ml","status":"publish","type":"product","link":"https:\/\/www.probeautyaesthetics.com\/ro\/produs\/buy-restylane-subq-1-x-2ml\/","title":{"rendered":"Cump\u0103ra\u021bi Restylane SUBQ 1 x 2ml online"},"content":{"rendered":"<h2 style=\"text-align: justify;\">Cump\u0103ra\u021bi Restylane SUBQ 1 x 2ml online la cel mai bun cost de aici<\/h2>\n<p style=\"text-align: justify;\">Pute\u021bi cump\u0103ra Restylane SUBQ 1 x 2ml la pre\u021b ieftin la Pro Beauty Aesthetics \u0219i a\u0219tepta\u021bi livrarea Restylane SUBQ 1 x 2ml de v\u00e2nzare \u00een cel mai scurt timp. \u00cemp\u0103rt\u0103\u0219i\u021bi cerin\u021bele dvs. pentru a cump\u0103ra Restylane SUBQ 1 x 2ml cu bitcoin, moneygram \u0219i western union acum. Suntem aici pentru a v\u0103 oferi asisten\u021b\u0103 complet\u0103.<\/p>\n<h3 style=\"text-align: justify;\">Care este scopul utiliz\u0103rii Restylane SUBQ 1 x 2ml?<\/h3>\n<p style=\"text-align: justify;\">Restylane SubQ este injectat mai ad\u00e2nc pentru a include volum \u0219i a sus\u021bine \u021besutul suprapus, oferind o completare facial\u0103 \u0219i restabilind uniformitatea. Acest tratament este perfect pentru pacien\u021bii cu reflexe faciale \u00eendreptate sau pentru cei cu o fa\u021b\u0103 dezechilibrat\u0103 sau asimetric\u0103.<\/p>\n<ul style=\"text-align: justify;\">\n<li>\u00cembun\u0103t\u0103\u021birea zonei b\u0103rbiei sau a obrajilor<\/li>\n<li>Ad\u0103ugarea de volum la sanctuarele goale<\/li>\n<li>Lifting facial<\/li>\n<li>Ridicarea maxilarului<\/li>\n<li>Diminueaz\u0103 liniile nasului \u0219i ale gurii<\/li>\n<li>\u00cembun\u0103t\u0103\u021birea formei generale a fe\u021bei f\u0103r\u0103 procedur\u0103 medical\u0103<\/li>\n<li>Piele mai fin\u0103 \u0219i mai ferm\u0103<\/li>\n<li>Remedierea formei simetrice a fe\u021bei<\/li>\n<\/ul>\n<h3 style=\"text-align: justify;\">Comanda\u021bi Restylane SUBQ 1 x 2ml acum!<\/h3>\n<p style=\"text-align: justify;\">Doar comanda\u021bi Restylane SUBQ 1 x 2ml la magazinul nostru online \u0219i primi\u021bi comanda complet\u0103 \u00een termenul promis. Comanda dvs. pentru Restylane SUBQ 1 x 2ml online va fi realizat\u0103 cu cea mai mare precizie. Cump\u0103ra\u021bi Restylane SUBQ 1 x 2ml chiar acum!<\/p>","protected":false},"excerpt":{"rendered":"<table>\n<tbody>\n<tr>\n<td>m\u0103rimea<\/td>\n<td>2ml<\/td>\n<\/tr>\n<tr>\n<td>Produs cu licen\u021b\u0103<\/td>\n<td>Nu<\/td>\n<\/tr>\n<tr>\n<td>\u00cenregistrare necesar\u0103<\/td>\n<td>Nu<\/td>\n<\/tr>\n<tr>\n<td>Regiunea \u021a\u0103rii<\/td>\n<td>Acest produs este de origine europeana<\/td>\n<\/tr>\n<\/tbody>\n<\/table>","protected":false},"featured_media":3802,"comment_status":"open","ping_status":"closed","template":"","meta":{"_joinchat":[]},"product_cat":[138,167],"product_tag":[168,144,169,170,171,172,173,150,174,175,176,177,178,179,180,181,182,183,184],"yoast_head":"<!-- This site is optimized with the Yoast SEO plugin v21.3 - https:\/\/yoast.com\/wordpress\/plugins\/seo\/ -->\n<title>Buy Restylane SUBQ 1 x 2ml Online | Probeautyaesthetics.Com<\/title>\n<meta name=\"description\" content=\"You can buy restylane SUBQ 1 x 1ml online at cheap price from Probeautyaesthetics.Com. Restylane SUBQ for Sale with Free Shipping Service.Order Now!\" \/>\n<meta name=\"robots\" content=\"index, follow, max-snippet:-1, max-image-preview:large, max-video-preview:-1\" \/>\n<link rel=\"canonical\" href=\"https:\/\/www.probeautyaesthetics.com\/ro\/produs\/buy-restylane-subq-1-x-2ml\/\" \/>\n<meta property=\"og:locale\" content=\"ro_RO\" \/>\n<meta property=\"og:type\" content=\"article\" \/>\n<meta property=\"og:title\" content=\"Buy Restylane SUBQ 1 x 2ml Online | Probeautyaesthetics.Com\" \/>\n<meta property=\"og:description\" content=\"You can buy restylane SUBQ 1 x 1ml online at cheap price from Probeautyaesthetics.Com. Restylane SUBQ for Sale with Free Shipping Service.Order Now!\" \/>\n<meta property=\"og:url\" content=\"https:\/\/www.probeautyaesthetics.com\/ro\/produs\/buy-restylane-subq-1-x-2ml\/\" \/>\n<meta property=\"og:site_name\" content=\"Pro Beauty Aesthetics\" \/>\n<meta property=\"article:modified_time\" content=\"2020-03-01T07:53:11+00:00\" \/>\n<meta property=\"og:image\" content=\"https:\/\/www.probeautyaesthetics.com\/wp-content\/uploads\/2019\/11\/Buy-Restylane-SUBQ-1-x-2ml.jpg\" \/>\n\t<meta property=\"og:image:width\" content=\"1000\" \/>\n\t<meta property=\"og:image:height\" content=\"1000\" \/>\n\t<meta property=\"og:image:type\" content=\"image\/jpeg\" \/>\n<meta name=\"twitter:card\" content=\"summary_large_image\" \/>\n<meta name=\"twitter:label1\" content=\"Timp estimat pentru citire\" \/>\n\t<meta name=\"twitter:data1\" content=\"1 minut\" \/>\n<script type=\"application\/ld+json\" class=\"yoast-schema-graph\">{\"@context\":\"https:\/\/schema.org\",\"@graph\":[{\"@type\":\"WebPage\",\"@id\":\"https:\/\/www.probeautyaesthetics.com\/product\/buy-restylane-subq-1-x-2ml\/\",\"url\":\"https:\/\/www.probeautyaesthetics.com\/product\/buy-restylane-subq-1-x-2ml\/\",\"name\":\"Buy Restylane SUBQ 1 x 2ml Online | Probeautyaesthetics.Com\",\"isPartOf\":{\"@id\":\"https:\/\/www.probeautyaesthetics.com\/#website\"},\"datePublished\":\"2019-11-14T07:17:00+00:00\",\"dateModified\":\"2020-03-01T07:53:11+00:00\",\"description\":\"You can buy restylane SUBQ 1 x 1ml online at cheap price from Probeautyaesthetics.Com. Restylane SUBQ for Sale with Free Shipping Service.Order Now!\",\"breadcrumb\":{\"@id\":\"https:\/\/www.probeautyaesthetics.com\/product\/buy-restylane-subq-1-x-2ml\/#breadcrumb\"},\"inLanguage\":\"ro-RO\",\"potentialAction\":[{\"@type\":\"ReadAction\",\"target\":[\"https:\/\/www.probeautyaesthetics.com\/product\/buy-restylane-subq-1-x-2ml\/\"]}]},{\"@type\":\"BreadcrumbList\",\"@id\":\"https:\/\/www.probeautyaesthetics.com\/product\/buy-restylane-subq-1-x-2ml\/#breadcrumb\",\"itemListElement\":[{\"@type\":\"ListItem\",\"position\":1,\"name\":\"Home\",\"item\":\"https:\/\/www.probeautyaesthetics.com\/\"},{\"@type\":\"ListItem\",\"position\":2,\"name\":\"Our Products\",\"item\":\"https:\/\/www.probeautyaesthetics.com\/shop\/\"},{\"@type\":\"ListItem\",\"position\":3,\"name\":\"Buy Restylane SUBQ 1 x 2ml Online\"}]},{\"@type\":\"WebSite\",\"@id\":\"https:\/\/www.probeautyaesthetics.com\/#website\",\"url\":\"https:\/\/www.probeautyaesthetics.com\/\",\"name\":\"Pro Beauty Aesthetics\",\"description\":\"\",\"publisher\":{\"@id\":\"https:\/\/www.probeautyaesthetics.com\/#organization\"},\"potentialAction\":[{\"@type\":\"SearchAction\",\"target\":{\"@type\":\"EntryPoint\",\"urlTemplate\":\"https:\/\/www.probeautyaesthetics.com\/?s={search_term_string}\"},\"query-input\":\"required name=search_term_string\"}],\"inLanguage\":\"ro-RO\"},{\"@type\":\"Organization\",\"@id\":\"https:\/\/www.probeautyaesthetics.com\/#organization\",\"name\":\"Pro Beauty Aesthetics\",\"url\":\"https:\/\/www.probeautyaesthetics.com\/\",\"logo\":{\"@type\":\"ImageObject\",\"inLanguage\":\"ro-RO\",\"@id\":\"https:\/\/www.probeautyaesthetics.com\/#\/schema\/logo\/image\/\",\"url\":\"https:\/\/www.probeautyaesthetics.com\/wp-content\/uploads\/2019\/11\/logo-1.png\",\"contentUrl\":\"https:\/\/www.probeautyaesthetics.com\/wp-content\/uploads\/2019\/11\/logo-1.png\",\"width\":200,\"height\":50,\"caption\":\"Pro Beauty Aesthetics\"},\"image\":{\"@id\":\"https:\/\/www.probeautyaesthetics.com\/#\/schema\/logo\/image\/\"}}]}<\/script>\n<!-- \/ Yoast SEO plugin. -->","yoast_head_json":{"title":"Buy Restylane SUBQ 1 x 2ml Online | Probeautyaesthetics.Com","description":"You can buy restylane SUBQ 1 x 1ml online at cheap price from Probeautyaesthetics.Com. Restylane SUBQ for Sale with Free Shipping Service.Order Now!","robots":{"index":"index","follow":"follow","max-snippet":"max-snippet:-1","max-image-preview":"max-image-preview:large","max-video-preview":"max-video-preview:-1"},"canonical":"https:\/\/www.probeautyaesthetics.com\/ro\/produs\/buy-restylane-subq-1-x-2ml\/","og_locale":"ro_RO","og_type":"article","og_title":"Buy Restylane SUBQ 1 x 2ml Online | Probeautyaesthetics.Com","og_description":"You can buy restylane SUBQ 1 x 1ml online at cheap price from Probeautyaesthetics.Com. Restylane SUBQ for Sale with Free Shipping Service.Order Now!","og_url":"https:\/\/www.probeautyaesthetics.com\/ro\/produs\/buy-restylane-subq-1-x-2ml\/","og_site_name":"Pro Beauty Aesthetics","article_modified_time":"2020-03-01T07:53:11+00:00","og_image":[{"width":1000,"height":1000,"url":"https:\/\/www.probeautyaesthetics.com\/wp-content\/uploads\/2019\/11\/Buy-Restylane-SUBQ-1-x-2ml.jpg","type":"image\/jpeg"}],"twitter_card":"summary_large_image","twitter_misc":{"Timp estimat pentru citire":"1 minut"},"schema":{"@context":"https:\/\/schema.org","@graph":[{"@type":"WebPage","@id":"https:\/\/www.probeautyaesthetics.com\/product\/buy-restylane-subq-1-x-2ml\/","url":"https:\/\/www.probeautyaesthetics.com\/product\/buy-restylane-subq-1-x-2ml\/","name":"Buy Restylane SUBQ 1 x 2ml Online | Probeautyaesthetics.Com","isPartOf":{"@id":"https:\/\/www.probeautyaesthetics.com\/#website"},"datePublished":"2019-11-14T07:17:00+00:00","dateModified":"2020-03-01T07:53:11+00:00","description":"You can buy restylane SUBQ 1 x 1ml online at cheap price from Probeautyaesthetics.Com. Restylane SUBQ for Sale with Free Shipping Service.Order Now!","breadcrumb":{"@id":"https:\/\/www.probeautyaesthetics.com\/product\/buy-restylane-subq-1-x-2ml\/#breadcrumb"},"inLanguage":"ro-RO","potentialAction":[{"@type":"ReadAction","target":["https:\/\/www.probeautyaesthetics.com\/product\/buy-restylane-subq-1-x-2ml\/"]}]},{"@type":"BreadcrumbList","@id":"https:\/\/www.probeautyaesthetics.com\/product\/buy-restylane-subq-1-x-2ml\/#breadcrumb","itemListElement":[{"@type":"ListItem","position":1,"name":"Home","item":"https:\/\/www.probeautyaesthetics.com\/"},{"@type":"ListItem","position":2,"name":"Our Products","item":"https:\/\/www.probeautyaesthetics.com\/shop\/"},{"@type":"ListItem","position":3,"name":"Buy Restylane SUBQ 1 x 2ml Online"}]},{"@type":"WebSite","@id":"https:\/\/www.probeautyaesthetics.com\/#website","url":"https:\/\/www.probeautyaesthetics.com\/","name":"Pro Beauty Aesthetics","description":"","publisher":{"@id":"https:\/\/www.probeautyaesthetics.com\/#organization"},"potentialAction":[{"@type":"SearchAction","target":{"@type":"EntryPoint","urlTemplate":"https:\/\/www.probeautyaesthetics.com\/?s={search_term_string}"},"query-input":"required name=search_term_string"}],"inLanguage":"ro-RO"},{"@type":"Organization","@id":"https:\/\/www.probeautyaesthetics.com\/#organization","name":"Pro Beauty Aesthetics","url":"https:\/\/www.probeautyaesthetics.com\/","logo":{"@type":"ImageObject","inLanguage":"ro-RO","@id":"https:\/\/www.probeautyaesthetics.com\/#\/schema\/logo\/image\/","url":"https:\/\/www.probeautyaesthetics.com\/wp-content\/uploads\/2019\/11\/logo-1.png","contentUrl":"https:\/\/www.probeautyaesthetics.com\/wp-content\/uploads\/2019\/11\/logo-1.png","width":200,"height":50,"caption":"Pro Beauty Aesthetics"},"image":{"@id":"https:\/\/www.probeautyaesthetics.com\/#\/schema\/logo\/image\/"}}]}},"_links":{"self":[{"href":"https:\/\/www.probeautyaesthetics.com\/ro\/wp-json\/wp\/v2\/product\/3784"}],"collection":[{"href":"https:\/\/www.probeautyaesthetics.com\/ro\/wp-json\/wp\/v2\/product"}],"about":[{"href":"https:\/\/www.probeautyaesthetics.com\/ro\/wp-json\/wp\/v2\/types\/product"}],"replies":[{"embeddable":true,"href":"https:\/\/www.probeautyaesthetics.com\/ro\/wp-json\/wp\/v2\/comments?post=3784"}],"wp:featuredmedia":[{"embeddable":true,"href":"https:\/\/www.probeautyaesthetics.com\/ro\/wp-json\/wp\/v2\/media\/3802"}],"wp:attachment":[{"href":"https:\/\/www.probeautyaesthetics.com\/ro\/wp-json\/wp\/v2\/media?parent=3784"}],"wp:term":[{"taxonomy":"product_cat","embeddable":true,"href":"https:\/\/www.probeautyaesthetics.com\/ro\/wp-json\/wp\/v2\/product_cat?post=3784"},{"taxonomy":"product_tag","embeddable":true,"href":"https:\/\/www.probeautyaesthetics.com\/ro\/wp-json\/wp\/v2\/product_tag?post=3784"}],"curies":[{"name":"wp","href":"https:\/\/api.w.org\/{rel}","templated":true}]}}