{"id":3807,"date":"2019-11-14T07:17:09","date_gmt":"2019-11-14T07:17:09","guid":{"rendered":"https:\/\/www.safeonlinechemist.com\/dermalfillers\/product\/import-placeholder-for-5504\/"},"modified":"2020-03-02T15:18:32","modified_gmt":"2020-03-02T15:18:32","slug":"buy-stylage-hydro-1-x-1ml","status":"publish","type":"product","link":"https:\/\/www.probeautyaesthetics.com\/ro\/produs\/buy-stylage-hydro-1-x-1ml\/","title":{"rendered":"Cumpara Stylage Hydro 1 x 1ml Online"},"content":{"rendered":"<h2 style=\"text-align: justify;\">Cump\u0103ra\u021bi Stylage Hydro 1 x 1ml online de la profesioni\u0219ti aici<\/h2>\n<p style=\"text-align: justify;\">Comanda\u021bi Stylage Hydro 1 x 1ml la Pro Beauty Aesthetics \u0219i a\u0219tepta\u021bi livrarea \u00eentr-un timp scurt. Echipa noastr\u0103 v\u0103 va ajuta s\u0103 cump\u0103ra\u021bi Stylage Hydro 1 x 1ml cu bitcoin, moneygram \u0219i western union \u00eentr-un mod convenabil. Plasa\u021bi comanda dvs. pentru a cump\u0103ra Stylage Hydro 1 x 1ml la pre\u021b ieftin acum!<\/p>\n<h3 style=\"text-align: justify;\">Care este scopul utiliz\u0103rii Stylage Hydro 1 x 1ml?<\/h3>\n<p style=\"text-align: justify;\">Stylage Hydro 1 x 1ml este un gel cur\u0103\u021bat pe baz\u0103 de acid hialuronic \u00eencruci\u0219at, planificat dintr-un ser de hialuronan f\u0103r\u0103 creaturi \u0219i biocompatibil, care ridic\u0103 \u00een mod misterios pielea din cea mai profund\u0103 lips\u0103 de hidratare, f\u0103c\u00e2ndu-v\u0103 s\u0103 v\u0103 sim\u021bi\u021bi progresiv energic \u0219i flexibil \u00eentr-adev\u0103r.<\/p>\n<p style=\"text-align: justify;\">Numeroase injec\u021bii la scar\u0103 miniatural\u0103 sunt realizate cu ajutorul unor ace mici \u00een dermul superficial sau profund. Expertul dumneavoastr\u0103 va alege strategia corect\u0103 de injectare \u00een func\u021bie de starea pielii dumneavoastr\u0103. Tratamentul se poate face pe fa\u021b\u0103, pe g\u00e2t, pe teritoriul decolteului sau pe m\u00e2ini.<\/p>\n<p style=\"text-align: justify;\">Stylage Hydro 1 x 1ml este recomandat pentru:<\/p>\n<ul style=\"text-align: justify;\">\n<li>Versatilitate \u00eembun\u0103t\u0103\u021bit\u0103 a pielii<\/li>\n<li>Rectificarea fermit\u0103\u021bii generale a pielii<\/li>\n<\/ul>\n<h3 style=\"text-align: justify;\">Atinge\u021bi cerin\u021bele imediat!<\/h3>\n<p style=\"text-align: justify;\">Pute\u021bi ob\u021bine Stylage Hydro 1 x 1ml de v\u00e2nzare aici sus, disponibil la pre\u021buri accesibile. Comanda dvs. va fi trimis\u0103 la adresa men\u021bionat\u0103 \u00een cel mai scurt timp.<\/p>","protected":false},"excerpt":{"rendered":"<table>\n<tbody>\n<tr>\n<td>m\u0103rimea<\/td>\n<td>1 ml<\/td>\n<\/tr>\n<tr>\n<td>Produs cu licen\u021b\u0103<\/td>\n<td>Nu<\/td>\n<\/tr>\n<tr>\n<td>\u00cenregistrare necesar\u0103<\/td>\n<td>Nu<\/td>\n<\/tr>\n<tr>\n<td>Regiunea \u021a\u0103rii<\/td>\n<td>Acest produs este de origine europeana<\/td>\n<\/tr>\n<\/tbody>\n<\/table>","protected":false},"featured_media":3835,"comment_status":"open","ping_status":"closed","template":"","meta":{"_joinchat":[]},"product_cat":[138,186],"product_tag":[187,188,189,190,191],"yoast_head":"<!-- This site is optimized with the Yoast SEO plugin v21.3 - https:\/\/yoast.com\/wordpress\/plugins\/seo\/ -->\n<title>Buy Stylage Hydro 1 x 1ml Online | Stylage Hydro for Sale @ Cheap Price<\/title>\n<meta name=\"description\" content=\"You can buy stylage hydro 1 x 1ml online at lowest price from Probeautyaesthetics.Com. Stylage Hydro for Sale with Free Shipping Service.Order Now!\" \/>\n<meta name=\"robots\" content=\"index, follow, max-snippet:-1, max-image-preview:large, max-video-preview:-1\" \/>\n<link rel=\"canonical\" href=\"https:\/\/www.probeautyaesthetics.com\/ro\/produs\/buy-stylage-hydro-1-x-1ml\/\" \/>\n<meta property=\"og:locale\" content=\"ro_RO\" \/>\n<meta property=\"og:type\" content=\"article\" \/>\n<meta property=\"og:title\" content=\"Buy Stylage Hydro 1 x 1ml Online | Stylage Hydro for Sale @ Cheap Price\" \/>\n<meta property=\"og:description\" content=\"You can buy stylage hydro 1 x 1ml online at lowest price from Probeautyaesthetics.Com. Stylage Hydro for Sale with Free Shipping Service.Order Now!\" \/>\n<meta property=\"og:url\" content=\"https:\/\/www.probeautyaesthetics.com\/ro\/produs\/buy-stylage-hydro-1-x-1ml\/\" \/>\n<meta property=\"og:site_name\" content=\"Pro Beauty Aesthetics\" \/>\n<meta property=\"article:modified_time\" content=\"2020-03-02T15:18:32+00:00\" \/>\n<meta property=\"og:image\" content=\"https:\/\/www.probeautyaesthetics.com\/wp-content\/uploads\/2019\/11\/Buy-Stylage-Hydro-1-x-1ml.jpg\" \/>\n\t<meta property=\"og:image:width\" content=\"224\" \/>\n\t<meta property=\"og:image:height\" content=\"225\" \/>\n\t<meta property=\"og:image:type\" content=\"image\/jpeg\" \/>\n<meta name=\"twitter:card\" content=\"summary_large_image\" \/>\n<meta name=\"twitter:label1\" content=\"Timp estimat pentru citire\" \/>\n\t<meta name=\"twitter:data1\" content=\"1 minut\" \/>\n<script type=\"application\/ld+json\" class=\"yoast-schema-graph\">{\"@context\":\"https:\/\/schema.org\",\"@graph\":[{\"@type\":\"WebPage\",\"@id\":\"https:\/\/www.probeautyaesthetics.com\/product\/buy-stylage-hydro-1-x-1ml\/\",\"url\":\"https:\/\/www.probeautyaesthetics.com\/product\/buy-stylage-hydro-1-x-1ml\/\",\"name\":\"Buy Stylage Hydro 1 x 1ml Online | Stylage Hydro for Sale @ Cheap Price\",\"isPartOf\":{\"@id\":\"https:\/\/www.probeautyaesthetics.com\/#website\"},\"datePublished\":\"2019-11-14T07:17:09+00:00\",\"dateModified\":\"2020-03-02T15:18:32+00:00\",\"description\":\"You can buy stylage hydro 1 x 1ml online at lowest price from Probeautyaesthetics.Com. Stylage Hydro for Sale with Free Shipping Service.Order Now!\",\"breadcrumb\":{\"@id\":\"https:\/\/www.probeautyaesthetics.com\/product\/buy-stylage-hydro-1-x-1ml\/#breadcrumb\"},\"inLanguage\":\"ro-RO\",\"potentialAction\":[{\"@type\":\"ReadAction\",\"target\":[\"https:\/\/www.probeautyaesthetics.com\/product\/buy-stylage-hydro-1-x-1ml\/\"]}]},{\"@type\":\"BreadcrumbList\",\"@id\":\"https:\/\/www.probeautyaesthetics.com\/product\/buy-stylage-hydro-1-x-1ml\/#breadcrumb\",\"itemListElement\":[{\"@type\":\"ListItem\",\"position\":1,\"name\":\"Home\",\"item\":\"https:\/\/www.probeautyaesthetics.com\/\"},{\"@type\":\"ListItem\",\"position\":2,\"name\":\"Our Products\",\"item\":\"https:\/\/www.probeautyaesthetics.com\/shop\/\"},{\"@type\":\"ListItem\",\"position\":3,\"name\":\"Buy Stylage Hydro 1 x 1ml Online\"}]},{\"@type\":\"WebSite\",\"@id\":\"https:\/\/www.probeautyaesthetics.com\/#website\",\"url\":\"https:\/\/www.probeautyaesthetics.com\/\",\"name\":\"Pro Beauty Aesthetics\",\"description\":\"\",\"publisher\":{\"@id\":\"https:\/\/www.probeautyaesthetics.com\/#organization\"},\"potentialAction\":[{\"@type\":\"SearchAction\",\"target\":{\"@type\":\"EntryPoint\",\"urlTemplate\":\"https:\/\/www.probeautyaesthetics.com\/?s={search_term_string}\"},\"query-input\":\"required name=search_term_string\"}],\"inLanguage\":\"ro-RO\"},{\"@type\":\"Organization\",\"@id\":\"https:\/\/www.probeautyaesthetics.com\/#organization\",\"name\":\"Pro Beauty Aesthetics\",\"url\":\"https:\/\/www.probeautyaesthetics.com\/\",\"logo\":{\"@type\":\"ImageObject\",\"inLanguage\":\"ro-RO\",\"@id\":\"https:\/\/www.probeautyaesthetics.com\/#\/schema\/logo\/image\/\",\"url\":\"https:\/\/www.probeautyaesthetics.com\/wp-content\/uploads\/2019\/11\/logo-1.png\",\"contentUrl\":\"https:\/\/www.probeautyaesthetics.com\/wp-content\/uploads\/2019\/11\/logo-1.png\",\"width\":200,\"height\":50,\"caption\":\"Pro Beauty Aesthetics\"},\"image\":{\"@id\":\"https:\/\/www.probeautyaesthetics.com\/#\/schema\/logo\/image\/\"}}]}<\/script>\n<!-- \/ Yoast SEO plugin. -->","yoast_head_json":{"title":"Buy Stylage Hydro 1 x 1ml Online | Stylage Hydro for Sale @ Cheap Price","description":"You can buy stylage hydro 1 x 1ml online at lowest price from Probeautyaesthetics.Com. Stylage Hydro for Sale with Free Shipping Service.Order Now!","robots":{"index":"index","follow":"follow","max-snippet":"max-snippet:-1","max-image-preview":"max-image-preview:large","max-video-preview":"max-video-preview:-1"},"canonical":"https:\/\/www.probeautyaesthetics.com\/ro\/produs\/buy-stylage-hydro-1-x-1ml\/","og_locale":"ro_RO","og_type":"article","og_title":"Buy Stylage Hydro 1 x 1ml Online | Stylage Hydro for Sale @ Cheap Price","og_description":"You can buy stylage hydro 1 x 1ml online at lowest price from Probeautyaesthetics.Com. Stylage Hydro for Sale with Free Shipping Service.Order Now!","og_url":"https:\/\/www.probeautyaesthetics.com\/ro\/produs\/buy-stylage-hydro-1-x-1ml\/","og_site_name":"Pro Beauty Aesthetics","article_modified_time":"2020-03-02T15:18:32+00:00","og_image":[{"width":224,"height":225,"url":"https:\/\/www.probeautyaesthetics.com\/wp-content\/uploads\/2019\/11\/Buy-Stylage-Hydro-1-x-1ml.jpg","type":"image\/jpeg"}],"twitter_card":"summary_large_image","twitter_misc":{"Timp estimat pentru citire":"1 minut"},"schema":{"@context":"https:\/\/schema.org","@graph":[{"@type":"WebPage","@id":"https:\/\/www.probeautyaesthetics.com\/product\/buy-stylage-hydro-1-x-1ml\/","url":"https:\/\/www.probeautyaesthetics.com\/product\/buy-stylage-hydro-1-x-1ml\/","name":"Buy Stylage Hydro 1 x 1ml Online | Stylage Hydro for Sale @ Cheap Price","isPartOf":{"@id":"https:\/\/www.probeautyaesthetics.com\/#website"},"datePublished":"2019-11-14T07:17:09+00:00","dateModified":"2020-03-02T15:18:32+00:00","description":"You can buy stylage hydro 1 x 1ml online at lowest price from Probeautyaesthetics.Com. Stylage Hydro for Sale with Free Shipping Service.Order Now!","breadcrumb":{"@id":"https:\/\/www.probeautyaesthetics.com\/product\/buy-stylage-hydro-1-x-1ml\/#breadcrumb"},"inLanguage":"ro-RO","potentialAction":[{"@type":"ReadAction","target":["https:\/\/www.probeautyaesthetics.com\/product\/buy-stylage-hydro-1-x-1ml\/"]}]},{"@type":"BreadcrumbList","@id":"https:\/\/www.probeautyaesthetics.com\/product\/buy-stylage-hydro-1-x-1ml\/#breadcrumb","itemListElement":[{"@type":"ListItem","position":1,"name":"Home","item":"https:\/\/www.probeautyaesthetics.com\/"},{"@type":"ListItem","position":2,"name":"Our Products","item":"https:\/\/www.probeautyaesthetics.com\/shop\/"},{"@type":"ListItem","position":3,"name":"Buy Stylage Hydro 1 x 1ml Online"}]},{"@type":"WebSite","@id":"https:\/\/www.probeautyaesthetics.com\/#website","url":"https:\/\/www.probeautyaesthetics.com\/","name":"Pro Beauty Aesthetics","description":"","publisher":{"@id":"https:\/\/www.probeautyaesthetics.com\/#organization"},"potentialAction":[{"@type":"SearchAction","target":{"@type":"EntryPoint","urlTemplate":"https:\/\/www.probeautyaesthetics.com\/?s={search_term_string}"},"query-input":"required name=search_term_string"}],"inLanguage":"ro-RO"},{"@type":"Organization","@id":"https:\/\/www.probeautyaesthetics.com\/#organization","name":"Pro Beauty Aesthetics","url":"https:\/\/www.probeautyaesthetics.com\/","logo":{"@type":"ImageObject","inLanguage":"ro-RO","@id":"https:\/\/www.probeautyaesthetics.com\/#\/schema\/logo\/image\/","url":"https:\/\/www.probeautyaesthetics.com\/wp-content\/uploads\/2019\/11\/logo-1.png","contentUrl":"https:\/\/www.probeautyaesthetics.com\/wp-content\/uploads\/2019\/11\/logo-1.png","width":200,"height":50,"caption":"Pro Beauty Aesthetics"},"image":{"@id":"https:\/\/www.probeautyaesthetics.com\/#\/schema\/logo\/image\/"}}]}},"_links":{"self":[{"href":"https:\/\/www.probeautyaesthetics.com\/ro\/wp-json\/wp\/v2\/product\/3807"}],"collection":[{"href":"https:\/\/www.probeautyaesthetics.com\/ro\/wp-json\/wp\/v2\/product"}],"about":[{"href":"https:\/\/www.probeautyaesthetics.com\/ro\/wp-json\/wp\/v2\/types\/product"}],"replies":[{"embeddable":true,"href":"https:\/\/www.probeautyaesthetics.com\/ro\/wp-json\/wp\/v2\/comments?post=3807"}],"wp:featuredmedia":[{"embeddable":true,"href":"https:\/\/www.probeautyaesthetics.com\/ro\/wp-json\/wp\/v2\/media\/3835"}],"wp:attachment":[{"href":"https:\/\/www.probeautyaesthetics.com\/ro\/wp-json\/wp\/v2\/media?parent=3807"}],"wp:term":[{"taxonomy":"product_cat","embeddable":true,"href":"https:\/\/www.probeautyaesthetics.com\/ro\/wp-json\/wp\/v2\/product_cat?post=3807"},{"taxonomy":"product_tag","embeddable":true,"href":"https:\/\/www.probeautyaesthetics.com\/ro\/wp-json\/wp\/v2\/product_tag?post=3807"}],"curies":[{"name":"wp","href":"https:\/\/api.w.org\/{rel}","templated":true}]}}