{"id":3992,"date":"2019-11-14T07:18:01","date_gmt":"2019-11-14T07:18:01","guid":{"rendered":"https:\/\/www.safeonlinechemist.com\/dermalfillers\/product\/import-placeholder-for-5764\/"},"modified":"2020-01-28T09:16:05","modified_gmt":"2020-01-28T09:16:05","slug":"buy-alidya-340mg-5-vials","status":"publish","type":"product","link":"https:\/\/www.probeautyaesthetics.com\/ro\/produs\/buy-alidya-340mg-5-vials\/","title":{"rendered":"Cump\u0103ra\u021bi Alidya 340mg 5 fiole online"},"content":{"rendered":"<h2 style=\"text-align: justify;\">Cump\u0103ra\u021bi Alidya 340mg 5 fiole online la pre\u021b ieftin<\/h2>\n<p style=\"text-align: justify;\">Cu ajutorul Pro Beauty Aesthetics, acum pute\u021bi cump\u0103ra Alidya 340mg 5 Fiole la pre\u021buri ieftine. Suntem disponibili pentru v\u00e2nzare \u0219i cu Alidya 340mg 5 fiole. Pute\u021bi s\u0103 v\u0103 comanda\u021bi pentru a cump\u0103ra Alidya 340mg 5 fiole cu bitcoin, moneygram \u0219i western union. La primirea online a detaliilor comenzii pentru Alidya 340mg 5 fiole, vi le vom trimite \u00een cur\u00e2nd!<\/p>\n<h3 style=\"text-align: justify;\">Ce este Alidya 340mg 5 fiole \u0219i eficacitatea acestuia?<\/h3>\n<p style=\"text-align: justify;\">Alidya este principalul operator de mezoterapie de pe planet\u0103 \u00eenrolat ca aparat \u00eempotriva celulitei. Medicamentul elimin\u0103 rezultatele lipodistrofiei ginoide, dar \u0219i cauzele acesteia. Dup\u0103 c\u00e2teva strategii, ajutorul este nivelat, iar nuan\u021ba pielii se \u00eembun\u0103t\u0103\u021be\u0219te; teritoriile de infuzie par mai \u00eentinse.<\/p>\n<ul style=\"text-align: justify;\">\n<li>Standardizarea fluxului limfatic, \u00eembun\u0103t\u0103\u021birea microcircula\u021biei \u00een zona remediat\u0103<\/li>\n<li>\u00cent\u0103rirea aportului de oxigen al epidermei<\/li>\n<li>Cre\u0219terea vitezei de digestie \u00een \u021besuturi \u0219i, astfel, dizolvarea dinamic\u0103 \u0219i desc\u0103rcarea rezultatelor ac\u021biunii fundamentale a celulei<\/li>\n<li>Standardizarea pH-ului dermei<\/li>\n<li>Aranjamentul de atenuare, cre\u0219terea nuan\u021bei pielii<\/li>\n<li>Remedierea volumului zonelor de emisiune<\/li>\n<\/ul>\n<h3 style=\"text-align: justify;\">Comanda acum!<\/h3>\n<p style=\"text-align: justify;\">Comanda\u021bi Alidya 340mg 5 fiole acum la magazinul nostru online \u0219i ob\u021bine\u021bi-l \u00eentr-un interval de timp scurt la loca\u021bia dvs. men\u021bionat\u0103!<\/p>","protected":false},"excerpt":{"rendered":"<p>Produs original;<br \/>\nPre\u021b mic Alidya 340mg 5 fiole<br \/>\nLivrare rapid\u0103;<\/p>","protected":false},"featured_media":4012,"comment_status":"open","ping_status":"closed","template":"","meta":{"_joinchat":[]},"product_cat":[138,235],"product_tag":[236],"yoast_head":"<!-- This site is optimized with the Yoast SEO plugin v21.3 - https:\/\/yoast.com\/wordpress\/plugins\/seo\/ -->\n<title>Buy Alidya 340mg 5 Vials Online | Alidya Vials for Sale @ Cheap Price<\/title>\n<meta name=\"description\" content=\"You can buy alidya 340mg 5 vials online at lowest price from Probeautyaesthetics.Com. Alidya Vials for Sale with Free Shipping Service.Order Now!\" \/>\n<meta name=\"robots\" content=\"index, follow, max-snippet:-1, max-image-preview:large, max-video-preview:-1\" \/>\n<link rel=\"canonical\" href=\"https:\/\/www.probeautyaesthetics.com\/ro\/produs\/buy-alidya-340mg-5-vials\/\" \/>\n<meta property=\"og:locale\" content=\"ro_RO\" \/>\n<meta property=\"og:type\" content=\"article\" \/>\n<meta property=\"og:title\" content=\"Buy Alidya 340mg 5 Vials Online | Alidya Vials for Sale @ Cheap Price\" \/>\n<meta property=\"og:description\" content=\"You can buy alidya 340mg 5 vials online at lowest price from Probeautyaesthetics.Com. Alidya Vials for Sale with Free Shipping Service.Order Now!\" \/>\n<meta property=\"og:url\" content=\"https:\/\/www.probeautyaesthetics.com\/ro\/produs\/buy-alidya-340mg-5-vials\/\" \/>\n<meta property=\"og:site_name\" content=\"Pro Beauty Aesthetics\" \/>\n<meta property=\"article:modified_time\" content=\"2020-01-28T09:16:05+00:00\" \/>\n<meta property=\"og:image\" content=\"https:\/\/www.probeautyaesthetics.com\/wp-content\/uploads\/2019\/11\/Buy-Alidya-340mg-5-Vials.jpg\" \/>\n\t<meta property=\"og:image:width\" content=\"640\" \/>\n\t<meta property=\"og:image:height\" content=\"640\" \/>\n\t<meta property=\"og:image:type\" content=\"image\/jpeg\" \/>\n<meta name=\"twitter:card\" content=\"summary_large_image\" \/>\n<meta name=\"twitter:label1\" content=\"Timp estimat pentru citire\" \/>\n\t<meta name=\"twitter:data1\" content=\"1 minut\" \/>\n<script type=\"application\/ld+json\" class=\"yoast-schema-graph\">{\"@context\":\"https:\/\/schema.org\",\"@graph\":[{\"@type\":\"WebPage\",\"@id\":\"https:\/\/www.probeautyaesthetics.com\/product\/buy-alidya-340mg-5-vials\/\",\"url\":\"https:\/\/www.probeautyaesthetics.com\/product\/buy-alidya-340mg-5-vials\/\",\"name\":\"Buy Alidya 340mg 5 Vials Online | Alidya Vials for Sale @ Cheap Price\",\"isPartOf\":{\"@id\":\"https:\/\/www.probeautyaesthetics.com\/#website\"},\"datePublished\":\"2019-11-14T07:18:01+00:00\",\"dateModified\":\"2020-01-28T09:16:05+00:00\",\"description\":\"You can buy alidya 340mg 5 vials online at lowest price from Probeautyaesthetics.Com. Alidya Vials for Sale with Free Shipping Service.Order Now!\",\"breadcrumb\":{\"@id\":\"https:\/\/www.probeautyaesthetics.com\/product\/buy-alidya-340mg-5-vials\/#breadcrumb\"},\"inLanguage\":\"ro-RO\",\"potentialAction\":[{\"@type\":\"ReadAction\",\"target\":[\"https:\/\/www.probeautyaesthetics.com\/product\/buy-alidya-340mg-5-vials\/\"]}]},{\"@type\":\"BreadcrumbList\",\"@id\":\"https:\/\/www.probeautyaesthetics.com\/product\/buy-alidya-340mg-5-vials\/#breadcrumb\",\"itemListElement\":[{\"@type\":\"ListItem\",\"position\":1,\"name\":\"Home\",\"item\":\"https:\/\/www.probeautyaesthetics.com\/\"},{\"@type\":\"ListItem\",\"position\":2,\"name\":\"Our Products\",\"item\":\"https:\/\/www.probeautyaesthetics.com\/shop\/\"},{\"@type\":\"ListItem\",\"position\":3,\"name\":\"Buy Alidya 340mg 5 Vials Online\"}]},{\"@type\":\"WebSite\",\"@id\":\"https:\/\/www.probeautyaesthetics.com\/#website\",\"url\":\"https:\/\/www.probeautyaesthetics.com\/\",\"name\":\"Pro Beauty Aesthetics\",\"description\":\"\",\"publisher\":{\"@id\":\"https:\/\/www.probeautyaesthetics.com\/#organization\"},\"potentialAction\":[{\"@type\":\"SearchAction\",\"target\":{\"@type\":\"EntryPoint\",\"urlTemplate\":\"https:\/\/www.probeautyaesthetics.com\/?s={search_term_string}\"},\"query-input\":\"required name=search_term_string\"}],\"inLanguage\":\"ro-RO\"},{\"@type\":\"Organization\",\"@id\":\"https:\/\/www.probeautyaesthetics.com\/#organization\",\"name\":\"Pro Beauty Aesthetics\",\"url\":\"https:\/\/www.probeautyaesthetics.com\/\",\"logo\":{\"@type\":\"ImageObject\",\"inLanguage\":\"ro-RO\",\"@id\":\"https:\/\/www.probeautyaesthetics.com\/#\/schema\/logo\/image\/\",\"url\":\"https:\/\/www.probeautyaesthetics.com\/wp-content\/uploads\/2019\/11\/logo-1.png\",\"contentUrl\":\"https:\/\/www.probeautyaesthetics.com\/wp-content\/uploads\/2019\/11\/logo-1.png\",\"width\":200,\"height\":50,\"caption\":\"Pro Beauty Aesthetics\"},\"image\":{\"@id\":\"https:\/\/www.probeautyaesthetics.com\/#\/schema\/logo\/image\/\"}}]}<\/script>\n<!-- \/ Yoast SEO plugin. -->","yoast_head_json":{"title":"Buy Alidya 340mg 5 Vials Online | Alidya Vials for Sale @ Cheap Price","description":"You can buy alidya 340mg 5 vials online at lowest price from Probeautyaesthetics.Com. Alidya Vials for Sale with Free Shipping Service.Order Now!","robots":{"index":"index","follow":"follow","max-snippet":"max-snippet:-1","max-image-preview":"max-image-preview:large","max-video-preview":"max-video-preview:-1"},"canonical":"https:\/\/www.probeautyaesthetics.com\/ro\/produs\/buy-alidya-340mg-5-vials\/","og_locale":"ro_RO","og_type":"article","og_title":"Buy Alidya 340mg 5 Vials Online | Alidya Vials for Sale @ Cheap Price","og_description":"You can buy alidya 340mg 5 vials online at lowest price from Probeautyaesthetics.Com. Alidya Vials for Sale with Free Shipping Service.Order Now!","og_url":"https:\/\/www.probeautyaesthetics.com\/ro\/produs\/buy-alidya-340mg-5-vials\/","og_site_name":"Pro Beauty Aesthetics","article_modified_time":"2020-01-28T09:16:05+00:00","og_image":[{"width":640,"height":640,"url":"https:\/\/www.probeautyaesthetics.com\/wp-content\/uploads\/2019\/11\/Buy-Alidya-340mg-5-Vials.jpg","type":"image\/jpeg"}],"twitter_card":"summary_large_image","twitter_misc":{"Timp estimat pentru citire":"1 minut"},"schema":{"@context":"https:\/\/schema.org","@graph":[{"@type":"WebPage","@id":"https:\/\/www.probeautyaesthetics.com\/product\/buy-alidya-340mg-5-vials\/","url":"https:\/\/www.probeautyaesthetics.com\/product\/buy-alidya-340mg-5-vials\/","name":"Buy Alidya 340mg 5 Vials Online | Alidya Vials for Sale @ Cheap Price","isPartOf":{"@id":"https:\/\/www.probeautyaesthetics.com\/#website"},"datePublished":"2019-11-14T07:18:01+00:00","dateModified":"2020-01-28T09:16:05+00:00","description":"You can buy alidya 340mg 5 vials online at lowest price from Probeautyaesthetics.Com. Alidya Vials for Sale with Free Shipping Service.Order Now!","breadcrumb":{"@id":"https:\/\/www.probeautyaesthetics.com\/product\/buy-alidya-340mg-5-vials\/#breadcrumb"},"inLanguage":"ro-RO","potentialAction":[{"@type":"ReadAction","target":["https:\/\/www.probeautyaesthetics.com\/product\/buy-alidya-340mg-5-vials\/"]}]},{"@type":"BreadcrumbList","@id":"https:\/\/www.probeautyaesthetics.com\/product\/buy-alidya-340mg-5-vials\/#breadcrumb","itemListElement":[{"@type":"ListItem","position":1,"name":"Home","item":"https:\/\/www.probeautyaesthetics.com\/"},{"@type":"ListItem","position":2,"name":"Our Products","item":"https:\/\/www.probeautyaesthetics.com\/shop\/"},{"@type":"ListItem","position":3,"name":"Buy Alidya 340mg 5 Vials Online"}]},{"@type":"WebSite","@id":"https:\/\/www.probeautyaesthetics.com\/#website","url":"https:\/\/www.probeautyaesthetics.com\/","name":"Pro Beauty Aesthetics","description":"","publisher":{"@id":"https:\/\/www.probeautyaesthetics.com\/#organization"},"potentialAction":[{"@type":"SearchAction","target":{"@type":"EntryPoint","urlTemplate":"https:\/\/www.probeautyaesthetics.com\/?s={search_term_string}"},"query-input":"required name=search_term_string"}],"inLanguage":"ro-RO"},{"@type":"Organization","@id":"https:\/\/www.probeautyaesthetics.com\/#organization","name":"Pro Beauty Aesthetics","url":"https:\/\/www.probeautyaesthetics.com\/","logo":{"@type":"ImageObject","inLanguage":"ro-RO","@id":"https:\/\/www.probeautyaesthetics.com\/#\/schema\/logo\/image\/","url":"https:\/\/www.probeautyaesthetics.com\/wp-content\/uploads\/2019\/11\/logo-1.png","contentUrl":"https:\/\/www.probeautyaesthetics.com\/wp-content\/uploads\/2019\/11\/logo-1.png","width":200,"height":50,"caption":"Pro Beauty Aesthetics"},"image":{"@id":"https:\/\/www.probeautyaesthetics.com\/#\/schema\/logo\/image\/"}}]}},"_links":{"self":[{"href":"https:\/\/www.probeautyaesthetics.com\/ro\/wp-json\/wp\/v2\/product\/3992"}],"collection":[{"href":"https:\/\/www.probeautyaesthetics.com\/ro\/wp-json\/wp\/v2\/product"}],"about":[{"href":"https:\/\/www.probeautyaesthetics.com\/ro\/wp-json\/wp\/v2\/types\/product"}],"replies":[{"embeddable":true,"href":"https:\/\/www.probeautyaesthetics.com\/ro\/wp-json\/wp\/v2\/comments?post=3992"}],"wp:featuredmedia":[{"embeddable":true,"href":"https:\/\/www.probeautyaesthetics.com\/ro\/wp-json\/wp\/v2\/media\/4012"}],"wp:attachment":[{"href":"https:\/\/www.probeautyaesthetics.com\/ro\/wp-json\/wp\/v2\/media?parent=3992"}],"wp:term":[{"taxonomy":"product_cat","embeddable":true,"href":"https:\/\/www.probeautyaesthetics.com\/ro\/wp-json\/wp\/v2\/product_cat?post=3992"},{"taxonomy":"product_tag","embeddable":true,"href":"https:\/\/www.probeautyaesthetics.com\/ro\/wp-json\/wp\/v2\/product_tag?post=3992"}],"curies":[{"name":"wp","href":"https:\/\/api.w.org\/{rel}","templated":true}]}}