{"id":4142,"date":"2019-11-14T07:18:47","date_gmt":"2019-11-14T07:18:47","guid":{"rendered":"https:\/\/www.safeonlinechemist.com\/dermalfillers\/product\/import-placeholder-for-6020\/"},"modified":"2020-01-29T13:26:05","modified_gmt":"2020-01-29T13:26:05","slug":"buy-decoria-intense-filler-1x1ml","status":"publish","type":"product","link":"https:\/\/www.probeautyaesthetics.com\/ro\/produs\/buy-decoria-intense-filler-1x1ml\/","title":{"rendered":"Cumpara Decoria Intense Filler (1x1ml)"},"content":{"rendered":"<h2 style=\"text-align: justify;\"><strong>Cumpara Decoria Intense Filler (1x1ml) La Preturi Ieftine<\/strong><\/h2>\n<p style=\"text-align: justify;\">Dac\u0103 dori\u021bi s\u0103 cump\u0103ra\u021bi Decoria Intense Filler (1x1ml) cu bitcoin, moneygram \u0219i western union; atunci Pro Beauty Aesthetics este destina\u021bia ta preferat\u0103. Suntem aici disponibile cu Decoria Intense Filler (1x1ml) spre v\u00e2nzare. Contacta\u021bi-ne imediat \u0219i trimite\u021bi comanda pentru a cump\u0103ra Decoria Intense Filler (1x1ml) online.<\/p>\n<h3 style=\"text-align: justify;\"><strong>Care sunt avantajele utiliz\u0103rii Decoria Intense Filler (1x1ml)?<\/strong><\/h3>\n<p style=\"text-align: justify;\">Decoria con\u021bine peste 20 de ani de experien\u021b\u0103 din cercetare, avansare \u0219i asamblare de articole pe baz\u0103 de coroziune hialuronic\u0103, f\u0103c\u00e2nd un articol care este at\u00e2t protejat, durabil \u0219i simplu de tratat.<\/p>\n<p style=\"text-align: justify;\">Articolele Decoria sunt inser\u021bii injectabile, ca un gel simplu, utilizate pentru revizuirea \u0219i modelarea ridurilor \u0219i suprapunerilor faciale, modelarea fe\u021bei \u0219i \u00eembun\u0103t\u0103\u021birea buzelor. Doar o singur\u0103 injec\u021bie de Decoria produce un rezultat prompt \u0219i un impact sigur.<\/p>\n<p style=\"text-align: justify;\">Exceptional poate fi injectat \u00een dermul profund pentru:<\/p>\n<ul style=\"text-align: justify;\">\n<li>Pliuri nazolabiale<\/li>\n<li>Modelarea<\/li>\n<li>Modificarea ridurilor faciale<\/li>\n<li>Buze voluminoase<\/li>\n<\/ul>\n<h3 style=\"text-align: justify;\"><strong>Conecta\u021bi-v\u0103 acum la magazinul nostru online!<\/strong><\/h3>\n<p style=\"text-align: justify;\">La Pro Beauty Aesthetics, po\u021bi cump\u0103ra Decoria Intense Filler (1x1ml) la pre\u021b ieftin. Comanda dumneavoastr\u0103 va fi livrat\u0103 chiar la u\u0219a dumneavoastr\u0103 \u00eentr-o perioad\u0103 scurt\u0103 de timp. Comanda\u021bi Decoria Intense Filler (1x1ml) \u0219i a\u0219tepta\u021bi livrarea \u00een cel mai scurt timp. Cump\u0103ra\u021bi acum Decoria Intense Filler (1x1ml)!<\/p>","protected":false},"excerpt":{"rendered":"<table>\n<tbody>\n<tr>\n<td>Greutate<\/td>\n<td>0,07 kg<\/td>\n<\/tr>\n<\/tbody>\n<\/table>","protected":false},"featured_media":4155,"comment_status":"open","ping_status":"closed","template":"","meta":{"_joinchat":[]},"product_cat":[138,280],"product_tag":[281,282,283,284],"yoast_head":"<!-- This site is optimized with the Yoast SEO plugin v21.3 - https:\/\/yoast.com\/wordpress\/plugins\/seo\/ -->\n<title>Buy Decoria Intense Filler (1x1ml) - Pro Beauty Aesthetics<\/title>\n<meta name=\"robots\" content=\"index, follow, max-snippet:-1, max-image-preview:large, max-video-preview:-1\" \/>\n<link rel=\"canonical\" href=\"https:\/\/www.probeautyaesthetics.com\/ro\/produs\/buy-decoria-intense-filler-1x1ml\/\" \/>\n<meta property=\"og:locale\" content=\"ro_RO\" \/>\n<meta property=\"og:type\" content=\"article\" \/>\n<meta property=\"og:title\" content=\"Buy Decoria Intense Filler (1x1ml) - Pro Beauty Aesthetics\" \/>\n<meta property=\"og:description\" content=\"Weight 0.07kg\" \/>\n<meta property=\"og:url\" content=\"https:\/\/www.probeautyaesthetics.com\/ro\/produs\/buy-decoria-intense-filler-1x1ml\/\" \/>\n<meta property=\"og:site_name\" content=\"Pro Beauty Aesthetics\" \/>\n<meta property=\"article:modified_time\" content=\"2020-01-29T13:26:05+00:00\" \/>\n<meta property=\"og:image\" content=\"https:\/\/www.probeautyaesthetics.com\/wp-content\/uploads\/2019\/11\/Buy-Decoria-Intense-Filler-1x1ml.jpg\" \/>\n\t<meta property=\"og:image:width\" content=\"1000\" \/>\n\t<meta property=\"og:image:height\" content=\"1000\" \/>\n\t<meta property=\"og:image:type\" content=\"image\/jpeg\" \/>\n<meta name=\"twitter:card\" content=\"summary_large_image\" \/>\n<meta name=\"twitter:label1\" content=\"Timp estimat pentru citire\" \/>\n\t<meta name=\"twitter:data1\" content=\"1 minut\" \/>\n<script type=\"application\/ld+json\" class=\"yoast-schema-graph\">{\"@context\":\"https:\/\/schema.org\",\"@graph\":[{\"@type\":\"WebPage\",\"@id\":\"https:\/\/www.probeautyaesthetics.com\/product\/buy-decoria-intense-filler-1x1ml\/\",\"url\":\"https:\/\/www.probeautyaesthetics.com\/product\/buy-decoria-intense-filler-1x1ml\/\",\"name\":\"Buy Decoria Intense Filler (1x1ml) - Pro Beauty Aesthetics\",\"isPartOf\":{\"@id\":\"https:\/\/www.probeautyaesthetics.com\/#website\"},\"datePublished\":\"2019-11-14T07:18:47+00:00\",\"dateModified\":\"2020-01-29T13:26:05+00:00\",\"breadcrumb\":{\"@id\":\"https:\/\/www.probeautyaesthetics.com\/product\/buy-decoria-intense-filler-1x1ml\/#breadcrumb\"},\"inLanguage\":\"ro-RO\",\"potentialAction\":[{\"@type\":\"ReadAction\",\"target\":[\"https:\/\/www.probeautyaesthetics.com\/product\/buy-decoria-intense-filler-1x1ml\/\"]}]},{\"@type\":\"BreadcrumbList\",\"@id\":\"https:\/\/www.probeautyaesthetics.com\/product\/buy-decoria-intense-filler-1x1ml\/#breadcrumb\",\"itemListElement\":[{\"@type\":\"ListItem\",\"position\":1,\"name\":\"Home\",\"item\":\"https:\/\/www.probeautyaesthetics.com\/\"},{\"@type\":\"ListItem\",\"position\":2,\"name\":\"Our Products\",\"item\":\"https:\/\/www.probeautyaesthetics.com\/shop\/\"},{\"@type\":\"ListItem\",\"position\":3,\"name\":\"Buy Decoria Intense Filler (1x1ml)\"}]},{\"@type\":\"WebSite\",\"@id\":\"https:\/\/www.probeautyaesthetics.com\/#website\",\"url\":\"https:\/\/www.probeautyaesthetics.com\/\",\"name\":\"Pro Beauty Aesthetics\",\"description\":\"\",\"publisher\":{\"@id\":\"https:\/\/www.probeautyaesthetics.com\/#organization\"},\"potentialAction\":[{\"@type\":\"SearchAction\",\"target\":{\"@type\":\"EntryPoint\",\"urlTemplate\":\"https:\/\/www.probeautyaesthetics.com\/?s={search_term_string}\"},\"query-input\":\"required name=search_term_string\"}],\"inLanguage\":\"ro-RO\"},{\"@type\":\"Organization\",\"@id\":\"https:\/\/www.probeautyaesthetics.com\/#organization\",\"name\":\"Pro Beauty Aesthetics\",\"url\":\"https:\/\/www.probeautyaesthetics.com\/\",\"logo\":{\"@type\":\"ImageObject\",\"inLanguage\":\"ro-RO\",\"@id\":\"https:\/\/www.probeautyaesthetics.com\/#\/schema\/logo\/image\/\",\"url\":\"https:\/\/www.probeautyaesthetics.com\/wp-content\/uploads\/2019\/11\/logo-1.png\",\"contentUrl\":\"https:\/\/www.probeautyaesthetics.com\/wp-content\/uploads\/2019\/11\/logo-1.png\",\"width\":200,\"height\":50,\"caption\":\"Pro Beauty Aesthetics\"},\"image\":{\"@id\":\"https:\/\/www.probeautyaesthetics.com\/#\/schema\/logo\/image\/\"}}]}<\/script>\n<!-- \/ Yoast SEO plugin. -->","yoast_head_json":{"title":"Buy Decoria Intense Filler (1x1ml) - Pro Beauty Aesthetics","robots":{"index":"index","follow":"follow","max-snippet":"max-snippet:-1","max-image-preview":"max-image-preview:large","max-video-preview":"max-video-preview:-1"},"canonical":"https:\/\/www.probeautyaesthetics.com\/ro\/produs\/buy-decoria-intense-filler-1x1ml\/","og_locale":"ro_RO","og_type":"article","og_title":"Buy Decoria Intense Filler (1x1ml) - Pro Beauty Aesthetics","og_description":"Weight 0.07kg","og_url":"https:\/\/www.probeautyaesthetics.com\/ro\/produs\/buy-decoria-intense-filler-1x1ml\/","og_site_name":"Pro Beauty Aesthetics","article_modified_time":"2020-01-29T13:26:05+00:00","og_image":[{"width":1000,"height":1000,"url":"https:\/\/www.probeautyaesthetics.com\/wp-content\/uploads\/2019\/11\/Buy-Decoria-Intense-Filler-1x1ml.jpg","type":"image\/jpeg"}],"twitter_card":"summary_large_image","twitter_misc":{"Timp estimat pentru citire":"1 minut"},"schema":{"@context":"https:\/\/schema.org","@graph":[{"@type":"WebPage","@id":"https:\/\/www.probeautyaesthetics.com\/product\/buy-decoria-intense-filler-1x1ml\/","url":"https:\/\/www.probeautyaesthetics.com\/product\/buy-decoria-intense-filler-1x1ml\/","name":"Buy Decoria Intense Filler (1x1ml) - Pro Beauty Aesthetics","isPartOf":{"@id":"https:\/\/www.probeautyaesthetics.com\/#website"},"datePublished":"2019-11-14T07:18:47+00:00","dateModified":"2020-01-29T13:26:05+00:00","breadcrumb":{"@id":"https:\/\/www.probeautyaesthetics.com\/product\/buy-decoria-intense-filler-1x1ml\/#breadcrumb"},"inLanguage":"ro-RO","potentialAction":[{"@type":"ReadAction","target":["https:\/\/www.probeautyaesthetics.com\/product\/buy-decoria-intense-filler-1x1ml\/"]}]},{"@type":"BreadcrumbList","@id":"https:\/\/www.probeautyaesthetics.com\/product\/buy-decoria-intense-filler-1x1ml\/#breadcrumb","itemListElement":[{"@type":"ListItem","position":1,"name":"Home","item":"https:\/\/www.probeautyaesthetics.com\/"},{"@type":"ListItem","position":2,"name":"Our Products","item":"https:\/\/www.probeautyaesthetics.com\/shop\/"},{"@type":"ListItem","position":3,"name":"Buy Decoria Intense Filler (1x1ml)"}]},{"@type":"WebSite","@id":"https:\/\/www.probeautyaesthetics.com\/#website","url":"https:\/\/www.probeautyaesthetics.com\/","name":"Pro Beauty Aesthetics","description":"","publisher":{"@id":"https:\/\/www.probeautyaesthetics.com\/#organization"},"potentialAction":[{"@type":"SearchAction","target":{"@type":"EntryPoint","urlTemplate":"https:\/\/www.probeautyaesthetics.com\/?s={search_term_string}"},"query-input":"required name=search_term_string"}],"inLanguage":"ro-RO"},{"@type":"Organization","@id":"https:\/\/www.probeautyaesthetics.com\/#organization","name":"Pro Beauty Aesthetics","url":"https:\/\/www.probeautyaesthetics.com\/","logo":{"@type":"ImageObject","inLanguage":"ro-RO","@id":"https:\/\/www.probeautyaesthetics.com\/#\/schema\/logo\/image\/","url":"https:\/\/www.probeautyaesthetics.com\/wp-content\/uploads\/2019\/11\/logo-1.png","contentUrl":"https:\/\/www.probeautyaesthetics.com\/wp-content\/uploads\/2019\/11\/logo-1.png","width":200,"height":50,"caption":"Pro Beauty Aesthetics"},"image":{"@id":"https:\/\/www.probeautyaesthetics.com\/#\/schema\/logo\/image\/"}}]}},"_links":{"self":[{"href":"https:\/\/www.probeautyaesthetics.com\/ro\/wp-json\/wp\/v2\/product\/4142"}],"collection":[{"href":"https:\/\/www.probeautyaesthetics.com\/ro\/wp-json\/wp\/v2\/product"}],"about":[{"href":"https:\/\/www.probeautyaesthetics.com\/ro\/wp-json\/wp\/v2\/types\/product"}],"replies":[{"embeddable":true,"href":"https:\/\/www.probeautyaesthetics.com\/ro\/wp-json\/wp\/v2\/comments?post=4142"}],"wp:featuredmedia":[{"embeddable":true,"href":"https:\/\/www.probeautyaesthetics.com\/ro\/wp-json\/wp\/v2\/media\/4155"}],"wp:attachment":[{"href":"https:\/\/www.probeautyaesthetics.com\/ro\/wp-json\/wp\/v2\/media?parent=4142"}],"wp:term":[{"taxonomy":"product_cat","embeddable":true,"href":"https:\/\/www.probeautyaesthetics.com\/ro\/wp-json\/wp\/v2\/product_cat?post=4142"},{"taxonomy":"product_tag","embeddable":true,"href":"https:\/\/www.probeautyaesthetics.com\/ro\/wp-json\/wp\/v2\/product_tag?post=4142"}],"curies":[{"name":"wp","href":"https:\/\/api.w.org\/{rel}","templated":true}]}}