{"id":4392,"date":"2019-11-14T07:19:59","date_gmt":"2019-11-14T07:19:59","guid":{"rendered":"https:\/\/www.safeonlinechemist.com\/dermalfillers\/product\/import-placeholder-for-6329\/"},"modified":"2020-03-01T07:25:21","modified_gmt":"2020-03-01T07:25:21","slug":"buy-prostrolane-inner-b-se-1-x-1ml","status":"publish","type":"product","link":"https:\/\/www.probeautyaesthetics.com\/ro\/produs\/buy-prostrolane-inner-b-se-1-x-1ml\/","title":{"rendered":"Cump\u0103ra\u021bi Prostrolane Inner-B SE 1 x 1ml"},"content":{"rendered":"<h2 style=\"text-align: justify;\">Achizi\u021biona\u021bi Prostrolane Inner-B SE 1 x 1ml cu Bitcoin de la cel mai bun magazin online<\/h2>\n<p style=\"text-align: justify;\">Pute\u021bi cump\u0103ra acum Prostrolane Inner-B SE 1 x 1ml la pre\u021b ieftin de la Pro Beauty Aesthetics. Comanda\u021bi Prostrolane Inner-B SE 1 x 1ml \u0219i primi\u021bi-l \u00eentr-o perioad\u0103 scurt\u0103 de timp la adresa dumneavoastr\u0103 men\u021bionat\u0103. Suntem disponibili exclusiv cu Prostrolane Inner-B SE 1 x 1ml de v\u00e2nzare aici. Trimite\u021bi cerin\u021bele dvs. acum!<\/p>\n<h3 style=\"text-align: justify;\">Care sunt cele mai bune utiliz\u0103ri ale Prostrolane Inner-B SE 1 x 1ml?<\/h3>\n<p style=\"text-align: justify;\">Prostrolane Inner-B este un gel injectabil destinat implant\u0103rii dermice medii \u0219i profunde pentru relaxarea anomaliilor de suprafa\u021b\u0103 ale Prostrolane Inner-B SE dermului.<\/p>\n<p style=\"text-align: justify;\">Este un gel injectabil demonstrat pentru diminuarea pungilor de sub ochi \u0219i pentru cre\u0219tere. Prostrolane Inner-B SE con\u021bine o preg\u0103tire a suprafe\u021bei de gel cu peptide \u0219i acid hialuronic. Inova\u021bia peptidelor avanseaz\u0103 sinteza colagenului, astfel \u00eenc\u00e2t pielea devine progresiv versatil\u0103.<\/p>\n<ul style=\"text-align: justify;\">\n<li>Implantarea dermic\u0103 la mijlocul profunzimii<\/li>\n<li>Corectarea ridurilor \u0219i pliurilor faciale moderate p\u00e2n\u0103 la severe<\/li>\n<li>Restabile\u0219te starea fe\u021bei<\/li>\n<\/ul>\n<h3 style=\"text-align: justify;\">Contacteaz\u0103 acum magazinul nostru online!<\/h3>\n<p style=\"text-align: justify;\">Dac\u0103 sunte\u021bi dispus s\u0103 cump\u0103ra\u021bi Prostrolane Inner-B SE 1 x 1ml cu bitcoin, moneygram \u0219i Western Union; atunci a\u021bi luat decizia corect\u0103. Completarea cerin\u021belor dvs. este responsabilitatea noastr\u0103. Lovi\u021bi comanda dvs. pentru a cump\u0103ra Prostrolane Inner-B SE 1 x 1ml online chiar acum!<\/p>","protected":false},"excerpt":{"rendered":"<table>\n<tbody>\n<tr>\n<td>m\u0103rimea<\/td>\n<td>2ml<\/td>\n<\/tr>\n<tr>\n<td>Produs cu licen\u021b\u0103<\/td>\n<td>Nu<\/td>\n<\/tr>\n<tr>\n<td>\u00cenregistrare necesar\u0103<\/td>\n<td>Nu<\/td>\n<\/tr>\n<tr>\n<td>Regiunea \u021a\u0103rii<\/td>\n<td>Acest produs este de origine europeana<\/td>\n<\/tr>\n<\/tbody>\n<\/table>","protected":false},"featured_media":4402,"comment_status":"open","ping_status":"closed","template":"","meta":{"_joinchat":[]},"product_cat":[138,380],"product_tag":[385,382,386,383],"yoast_head":"<!-- This site is optimized with the Yoast SEO plugin v21.3 - https:\/\/yoast.com\/wordpress\/plugins\/seo\/ -->\n<title>Buy Prostrolane Inner-B SE 1 x 1ml - Pro Beauty Aesthetics<\/title>\n<meta name=\"robots\" content=\"index, follow, max-snippet:-1, max-image-preview:large, max-video-preview:-1\" \/>\n<link rel=\"canonical\" href=\"https:\/\/www.probeautyaesthetics.com\/ro\/produs\/buy-prostrolane-inner-b-se-1-x-1ml\/\" \/>\n<meta property=\"og:locale\" content=\"ro_RO\" \/>\n<meta property=\"og:type\" content=\"article\" \/>\n<meta property=\"og:title\" content=\"Buy Prostrolane Inner-B SE 1 x 1ml - Pro Beauty Aesthetics\" \/>\n<meta property=\"og:description\" content=\"Size 2ml   Licensed Product No   Registration Required No   Country Region This product is of European origin\" \/>\n<meta property=\"og:url\" content=\"https:\/\/www.probeautyaesthetics.com\/ro\/produs\/buy-prostrolane-inner-b-se-1-x-1ml\/\" \/>\n<meta property=\"og:site_name\" content=\"Pro Beauty Aesthetics\" \/>\n<meta property=\"article:modified_time\" content=\"2020-03-01T07:25:21+00:00\" \/>\n<meta property=\"og:image\" content=\"https:\/\/www.probeautyaesthetics.com\/wp-content\/uploads\/2019\/11\/Buy-Prostrolane-Inner-B-SE-1-x-1ml.jpg\" \/>\n\t<meta property=\"og:image:width\" content=\"600\" \/>\n\t<meta property=\"og:image:height\" content=\"600\" \/>\n\t<meta property=\"og:image:type\" content=\"image\/jpeg\" \/>\n<meta name=\"twitter:card\" content=\"summary_large_image\" \/>\n<meta name=\"twitter:label1\" content=\"Timp estimat pentru citire\" \/>\n\t<meta name=\"twitter:data1\" content=\"1 minut\" \/>\n<script type=\"application\/ld+json\" class=\"yoast-schema-graph\">{\"@context\":\"https:\/\/schema.org\",\"@graph\":[{\"@type\":\"WebPage\",\"@id\":\"https:\/\/www.probeautyaesthetics.com\/product\/buy-prostrolane-inner-b-se-1-x-1ml\/\",\"url\":\"https:\/\/www.probeautyaesthetics.com\/product\/buy-prostrolane-inner-b-se-1-x-1ml\/\",\"name\":\"Buy Prostrolane Inner-B SE 1 x 1ml - Pro Beauty Aesthetics\",\"isPartOf\":{\"@id\":\"https:\/\/www.probeautyaesthetics.com\/#website\"},\"datePublished\":\"2019-11-14T07:19:59+00:00\",\"dateModified\":\"2020-03-01T07:25:21+00:00\",\"breadcrumb\":{\"@id\":\"https:\/\/www.probeautyaesthetics.com\/product\/buy-prostrolane-inner-b-se-1-x-1ml\/#breadcrumb\"},\"inLanguage\":\"ro-RO\",\"potentialAction\":[{\"@type\":\"ReadAction\",\"target\":[\"https:\/\/www.probeautyaesthetics.com\/product\/buy-prostrolane-inner-b-se-1-x-1ml\/\"]}]},{\"@type\":\"BreadcrumbList\",\"@id\":\"https:\/\/www.probeautyaesthetics.com\/product\/buy-prostrolane-inner-b-se-1-x-1ml\/#breadcrumb\",\"itemListElement\":[{\"@type\":\"ListItem\",\"position\":1,\"name\":\"Home\",\"item\":\"https:\/\/www.probeautyaesthetics.com\/\"},{\"@type\":\"ListItem\",\"position\":2,\"name\":\"Our Products\",\"item\":\"https:\/\/www.probeautyaesthetics.com\/shop\/\"},{\"@type\":\"ListItem\",\"position\":3,\"name\":\"Buy Prostrolane Inner-B SE 1 x 1ml\"}]},{\"@type\":\"WebSite\",\"@id\":\"https:\/\/www.probeautyaesthetics.com\/#website\",\"url\":\"https:\/\/www.probeautyaesthetics.com\/\",\"name\":\"Pro Beauty Aesthetics\",\"description\":\"\",\"publisher\":{\"@id\":\"https:\/\/www.probeautyaesthetics.com\/#organization\"},\"potentialAction\":[{\"@type\":\"SearchAction\",\"target\":{\"@type\":\"EntryPoint\",\"urlTemplate\":\"https:\/\/www.probeautyaesthetics.com\/?s={search_term_string}\"},\"query-input\":\"required name=search_term_string\"}],\"inLanguage\":\"ro-RO\"},{\"@type\":\"Organization\",\"@id\":\"https:\/\/www.probeautyaesthetics.com\/#organization\",\"name\":\"Pro Beauty Aesthetics\",\"url\":\"https:\/\/www.probeautyaesthetics.com\/\",\"logo\":{\"@type\":\"ImageObject\",\"inLanguage\":\"ro-RO\",\"@id\":\"https:\/\/www.probeautyaesthetics.com\/#\/schema\/logo\/image\/\",\"url\":\"https:\/\/www.probeautyaesthetics.com\/wp-content\/uploads\/2019\/11\/logo-1.png\",\"contentUrl\":\"https:\/\/www.probeautyaesthetics.com\/wp-content\/uploads\/2019\/11\/logo-1.png\",\"width\":200,\"height\":50,\"caption\":\"Pro Beauty Aesthetics\"},\"image\":{\"@id\":\"https:\/\/www.probeautyaesthetics.com\/#\/schema\/logo\/image\/\"}}]}<\/script>\n<!-- \/ Yoast SEO plugin. -->","yoast_head_json":{"title":"Buy Prostrolane Inner-B SE 1 x 1ml - Pro Beauty Aesthetics","robots":{"index":"index","follow":"follow","max-snippet":"max-snippet:-1","max-image-preview":"max-image-preview:large","max-video-preview":"max-video-preview:-1"},"canonical":"https:\/\/www.probeautyaesthetics.com\/ro\/produs\/buy-prostrolane-inner-b-se-1-x-1ml\/","og_locale":"ro_RO","og_type":"article","og_title":"Buy Prostrolane Inner-B SE 1 x 1ml - Pro Beauty Aesthetics","og_description":"Size 2ml   Licensed Product No   Registration Required No   Country Region This product is of European origin","og_url":"https:\/\/www.probeautyaesthetics.com\/ro\/produs\/buy-prostrolane-inner-b-se-1-x-1ml\/","og_site_name":"Pro Beauty Aesthetics","article_modified_time":"2020-03-01T07:25:21+00:00","og_image":[{"width":600,"height":600,"url":"https:\/\/www.probeautyaesthetics.com\/wp-content\/uploads\/2019\/11\/Buy-Prostrolane-Inner-B-SE-1-x-1ml.jpg","type":"image\/jpeg"}],"twitter_card":"summary_large_image","twitter_misc":{"Timp estimat pentru citire":"1 minut"},"schema":{"@context":"https:\/\/schema.org","@graph":[{"@type":"WebPage","@id":"https:\/\/www.probeautyaesthetics.com\/product\/buy-prostrolane-inner-b-se-1-x-1ml\/","url":"https:\/\/www.probeautyaesthetics.com\/product\/buy-prostrolane-inner-b-se-1-x-1ml\/","name":"Buy Prostrolane Inner-B SE 1 x 1ml - Pro Beauty Aesthetics","isPartOf":{"@id":"https:\/\/www.probeautyaesthetics.com\/#website"},"datePublished":"2019-11-14T07:19:59+00:00","dateModified":"2020-03-01T07:25:21+00:00","breadcrumb":{"@id":"https:\/\/www.probeautyaesthetics.com\/product\/buy-prostrolane-inner-b-se-1-x-1ml\/#breadcrumb"},"inLanguage":"ro-RO","potentialAction":[{"@type":"ReadAction","target":["https:\/\/www.probeautyaesthetics.com\/product\/buy-prostrolane-inner-b-se-1-x-1ml\/"]}]},{"@type":"BreadcrumbList","@id":"https:\/\/www.probeautyaesthetics.com\/product\/buy-prostrolane-inner-b-se-1-x-1ml\/#breadcrumb","itemListElement":[{"@type":"ListItem","position":1,"name":"Home","item":"https:\/\/www.probeautyaesthetics.com\/"},{"@type":"ListItem","position":2,"name":"Our Products","item":"https:\/\/www.probeautyaesthetics.com\/shop\/"},{"@type":"ListItem","position":3,"name":"Buy Prostrolane Inner-B SE 1 x 1ml"}]},{"@type":"WebSite","@id":"https:\/\/www.probeautyaesthetics.com\/#website","url":"https:\/\/www.probeautyaesthetics.com\/","name":"Pro Beauty Aesthetics","description":"","publisher":{"@id":"https:\/\/www.probeautyaesthetics.com\/#organization"},"potentialAction":[{"@type":"SearchAction","target":{"@type":"EntryPoint","urlTemplate":"https:\/\/www.probeautyaesthetics.com\/?s={search_term_string}"},"query-input":"required name=search_term_string"}],"inLanguage":"ro-RO"},{"@type":"Organization","@id":"https:\/\/www.probeautyaesthetics.com\/#organization","name":"Pro Beauty Aesthetics","url":"https:\/\/www.probeautyaesthetics.com\/","logo":{"@type":"ImageObject","inLanguage":"ro-RO","@id":"https:\/\/www.probeautyaesthetics.com\/#\/schema\/logo\/image\/","url":"https:\/\/www.probeautyaesthetics.com\/wp-content\/uploads\/2019\/11\/logo-1.png","contentUrl":"https:\/\/www.probeautyaesthetics.com\/wp-content\/uploads\/2019\/11\/logo-1.png","width":200,"height":50,"caption":"Pro Beauty Aesthetics"},"image":{"@id":"https:\/\/www.probeautyaesthetics.com\/#\/schema\/logo\/image\/"}}]}},"_links":{"self":[{"href":"https:\/\/www.probeautyaesthetics.com\/ro\/wp-json\/wp\/v2\/product\/4392"}],"collection":[{"href":"https:\/\/www.probeautyaesthetics.com\/ro\/wp-json\/wp\/v2\/product"}],"about":[{"href":"https:\/\/www.probeautyaesthetics.com\/ro\/wp-json\/wp\/v2\/types\/product"}],"replies":[{"embeddable":true,"href":"https:\/\/www.probeautyaesthetics.com\/ro\/wp-json\/wp\/v2\/comments?post=4392"}],"wp:featuredmedia":[{"embeddable":true,"href":"https:\/\/www.probeautyaesthetics.com\/ro\/wp-json\/wp\/v2\/media\/4402"}],"wp:attachment":[{"href":"https:\/\/www.probeautyaesthetics.com\/ro\/wp-json\/wp\/v2\/media?parent=4392"}],"wp:term":[{"taxonomy":"product_cat","embeddable":true,"href":"https:\/\/www.probeautyaesthetics.com\/ro\/wp-json\/wp\/v2\/product_cat?post=4392"},{"taxonomy":"product_tag","embeddable":true,"href":"https:\/\/www.probeautyaesthetics.com\/ro\/wp-json\/wp\/v2\/product_tag?post=4392"}],"curies":[{"name":"wp","href":"https:\/\/api.w.org\/{rel}","templated":true}]}}