{"id":4707,"date":"2019-11-14T07:21:37","date_gmt":"2019-11-14T07:21:37","guid":{"rendered":"https:\/\/www.safeonlinechemist.com\/dermalfillers\/product\/import-placeholder-for-6699\/"},"modified":"2023-07-10T00:13:25","modified_gmt":"2023-07-10T00:13:25","slug":"silhouette-soft-12-cones-2-sutures-5-packs","status":"publish","type":"product","link":"https:\/\/www.probeautyaesthetics.com\/ro\/produs\/silhouette-soft-12-cones-2-sutures-5-packs\/","title":{"rendered":"Cump\u0103ra\u021bi Silhouette Soft 12 conuri 2 suturi 5 pachete de 5 suturi online"},"content":{"rendered":"<h2 style=\"text-align: justify;\">Plasa\u021bi o comand\u0103 pentru Silhouette Soft 12 conuri 2 suturi 5 pachete online la magazinul nostru<\/h2>\n<p style=\"text-align: justify;\">Dori\u021bi s\u0103 cump\u0103ra\u021bi Silhouette Soft 12 Conuri 2 Suturi 5 Pachete la pre\u021b ieftin? Conecta\u021bi-v\u0103 cu Pro Beauty Aesthetics ast\u0103zi. Suntem un magazin online profesionist care v\u0103 va ajuta s\u0103 cump\u0103ra\u021bi Silhouette Soft 12 Cones 2 Sutures 2 Sutures 5 Packs cu bitcoin, moneygram \u0219i western union. Comanda\u021bi Silhouette Soft 12 Cones 12 Cones 2 Sutures 5 Packs ast\u0103zi!<\/p>\n<h3 style=\"text-align: justify;\">Care este mecanismul Silhouette Soft 12 conuri 2 suturi 5 pachete?<\/h3>\n<ul style=\"text-align: justify;\">\n<li>Silhouette Soft 12 Cones instalift este un dispozitiv de sutur\u0103 special\u0103 pe care \u00eel pute\u021bi folosi pentru a realiza un lifting facial nechirurgical.<\/li>\n<li>Sutura este realizat\u0103 din acid polilactic, care se dizolv\u0103 treptat, renun\u021b\u00e2nd la dezvoltarea natural\u0103 a colagenului, cu conuri bidirec\u021bionale realizate din lactide glicolida, care este un amestec de acizi lactici \u0219i glicolici.<\/li>\n<li>Aceste conuri ajut\u0103 la men\u021binerea firelor. S<\/li>\n<li>ilhouette Soft 12 Cones vine \u00een suturi cu lungimea de 26,8 cm, 27,5 cm \u0219i 30 cm, cu 8, 12 sau 16 conuri pe fiecare sutur\u0103, \u0219i se livreaz\u0103 \u00een pachete de dou\u0103 suturi.<\/li>\n<li>O procedur\u0103 Silhouette Soft 12 Conuri este numit\u0103 din c\u00e2nd \u00een c\u00e2nd \"lifting facial pe manechin\", \"lifting facial cu o singur\u0103 cus\u0103tur\u0103\" sau \"lifting facial nechirurgical\".<\/li>\n<\/ul>\n<h3 style=\"text-align: justify;\">Cump\u0103ra\u021bi acum!<\/h3>\n<p style=\"text-align: justify;\">Ob\u021bine\u021bi Silhouette Soft 12 conuri 2 suturi 5 pachete de v\u00e2nzare \u0219i primi\u021bi comanda \u00een loca\u021bia dvs. men\u021bionat\u0103.<\/p>\n<p>cump\u0103ra silhouette soft 12 conuri 2 suturi 5 pachete online, silhouette soft 12 conuri 2 suturi 5 pachete de v\u00e2nzare, silhouette soft 12 conuri 2 suturi 5 pachete de v\u00e2nzare SUA, cump\u0103ra silhouette soft 12 conuri 2 suturi 5 pachete online, unde s\u0103 cumpere silhouette soft 12 conuri 2 suturi 5 pachete, cump\u0103ra silhouette soft 12 conuri 2 suturi 5 pachete online, cump\u0103ra silhouette soft 12 cones 2 sutures 5 pachete Spania, silhouette soft 12 cones 2 sutures 5 pachete de v\u00e2nzare Ucraina, silhouette soft 12 cones 2 sutures 5 pachete de v\u00e2nzare Canada, silhouette soft 12 cones 2 sutures 5 pachete de v\u00e2nzare Europa, cump\u0103rarea silhouette soft 12 cones 2 sutures 5 pachete online legal, cump\u0103ra silhouette soft 12 cones 2 sutures 5 pachete online cu bitcoin, cump\u0103ra silhouette soft 12 cones 2 sutures 5 pachete online cu MoneyGram, silhouette soft 12 cones 2 sutures 5 pachete de v\u00e2nzare cu Western Union, cum s\u0103 cump\u0103ra\u021bi silhouette soft 12 cones 2 sutures 5 pachete online, cump\u0103ra\u021bi silhouette soft 12 cones 12 cones 2 sutures 5 pachete la pre\u021b ieftin, cump\u0103ra\u021bi silhouette soft 12 cones 2 sutures 5 pachete online, comanda\u021bi silhouette soft 12 cones 2 sutures 5 pachete online, Mail silhouette soft 12 cones 2 sutures 5 pachete, Pute\u021bi comanda silhouette soft 12 cones 2 sutures 5 pachete \u00een SUA, Canada, Europa, Italia.<\/p>","protected":false},"excerpt":{"rendered":"<p>Plasa\u021bi o comand\u0103 pentru Silhouette Soft 12 conuri 2 suturi 5 pachete online la magazinul nostru Dori\u021bi s\u0103 cump\u0103ra\u021bi Silhouette Soft 12 conuri 2 suturi 5 pachete la pre\u021b ieftin?<\/p>","protected":false},"featured_media":4718,"comment_status":"open","ping_status":"closed","template":"","meta":{"_joinchat":[]},"product_cat":[494],"product_tag":[863,874,860,870,871,865,869,658,659,873,660,876,875,495,861,867,868,866,862,872,864,877],"yoast_head":"<!-- This site is optimized with the Yoast SEO plugin v21.3 - https:\/\/yoast.com\/wordpress\/plugins\/seo\/ -->\n<title>Buy Silhouette Soft 12 Cones 2 Sutures 5 Packs Online - Pro Beauty Aesthetics<\/title>\n<meta name=\"robots\" content=\"index, follow, max-snippet:-1, max-image-preview:large, max-video-preview:-1\" \/>\n<link rel=\"canonical\" href=\"https:\/\/www.probeautyaesthetics.com\/ro\/produs\/silhouette-soft-12-cones-2-sutures-5-packs\/\" \/>\n<meta property=\"og:locale\" content=\"ro_RO\" \/>\n<meta property=\"og:type\" content=\"article\" \/>\n<meta property=\"og:title\" content=\"Buy Silhouette Soft 12 Cones 2 Sutures 5 Packs Online - Pro Beauty Aesthetics\" \/>\n<meta property=\"og:description\" content=\"Place an order for Silhouette Soft 12 Cones 2 Sutures 5 Packs online at our store Want to buy Silhouette Soft 12 Cones 2 Sutures 5 Packs at cheap price?\" \/>\n<meta property=\"og:url\" content=\"https:\/\/www.probeautyaesthetics.com\/ro\/produs\/silhouette-soft-12-cones-2-sutures-5-packs\/\" \/>\n<meta property=\"og:site_name\" content=\"Pro Beauty Aesthetics\" \/>\n<meta property=\"article:modified_time\" content=\"2023-07-10T00:13:25+00:00\" \/>\n<meta property=\"og:image\" content=\"https:\/\/www.probeautyaesthetics.com\/wp-content\/uploads\/2019\/11\/Silhouette-Soft-12-Cones-2-Sutures-5-Packs-1.jpg\" \/>\n\t<meta property=\"og:image:width\" content=\"1200\" \/>\n\t<meta property=\"og:image:height\" content=\"800\" \/>\n\t<meta property=\"og:image:type\" content=\"image\/jpeg\" \/>\n<meta name=\"twitter:card\" content=\"summary_large_image\" \/>\n<meta name=\"twitter:label1\" content=\"Timp estimat pentru citire\" \/>\n\t<meta name=\"twitter:data1\" content=\"2 minute\" \/>\n<script type=\"application\/ld+json\" class=\"yoast-schema-graph\">{\"@context\":\"https:\/\/schema.org\",\"@graph\":[{\"@type\":\"WebPage\",\"@id\":\"https:\/\/www.probeautyaesthetics.com\/product\/silhouette-soft-12-cones-2-sutures-5-packs\/\",\"url\":\"https:\/\/www.probeautyaesthetics.com\/product\/silhouette-soft-12-cones-2-sutures-5-packs\/\",\"name\":\"Buy Silhouette Soft 12 Cones 2 Sutures 5 Packs Online - Pro Beauty Aesthetics\",\"isPartOf\":{\"@id\":\"https:\/\/www.probeautyaesthetics.com\/#website\"},\"datePublished\":\"2019-11-14T07:21:37+00:00\",\"dateModified\":\"2023-07-10T00:13:25+00:00\",\"breadcrumb\":{\"@id\":\"https:\/\/www.probeautyaesthetics.com\/product\/silhouette-soft-12-cones-2-sutures-5-packs\/#breadcrumb\"},\"inLanguage\":\"ro-RO\",\"potentialAction\":[{\"@type\":\"ReadAction\",\"target\":[\"https:\/\/www.probeautyaesthetics.com\/product\/silhouette-soft-12-cones-2-sutures-5-packs\/\"]}]},{\"@type\":\"BreadcrumbList\",\"@id\":\"https:\/\/www.probeautyaesthetics.com\/product\/silhouette-soft-12-cones-2-sutures-5-packs\/#breadcrumb\",\"itemListElement\":[{\"@type\":\"ListItem\",\"position\":1,\"name\":\"Home\",\"item\":\"https:\/\/www.probeautyaesthetics.com\/\"},{\"@type\":\"ListItem\",\"position\":2,\"name\":\"Our Products\",\"item\":\"https:\/\/www.probeautyaesthetics.com\/shop\/\"},{\"@type\":\"ListItem\",\"position\":3,\"name\":\"Buy Silhouette Soft 12 Cones 2 Sutures 5 Packs Online\"}]},{\"@type\":\"WebSite\",\"@id\":\"https:\/\/www.probeautyaesthetics.com\/#website\",\"url\":\"https:\/\/www.probeautyaesthetics.com\/\",\"name\":\"Pro Beauty Aesthetics\",\"description\":\"\",\"publisher\":{\"@id\":\"https:\/\/www.probeautyaesthetics.com\/#organization\"},\"potentialAction\":[{\"@type\":\"SearchAction\",\"target\":{\"@type\":\"EntryPoint\",\"urlTemplate\":\"https:\/\/www.probeautyaesthetics.com\/?s={search_term_string}\"},\"query-input\":\"required name=search_term_string\"}],\"inLanguage\":\"ro-RO\"},{\"@type\":\"Organization\",\"@id\":\"https:\/\/www.probeautyaesthetics.com\/#organization\",\"name\":\"Pro Beauty Aesthetics\",\"url\":\"https:\/\/www.probeautyaesthetics.com\/\",\"logo\":{\"@type\":\"ImageObject\",\"inLanguage\":\"ro-RO\",\"@id\":\"https:\/\/www.probeautyaesthetics.com\/#\/schema\/logo\/image\/\",\"url\":\"https:\/\/www.probeautyaesthetics.com\/wp-content\/uploads\/2019\/11\/logo-1.png\",\"contentUrl\":\"https:\/\/www.probeautyaesthetics.com\/wp-content\/uploads\/2019\/11\/logo-1.png\",\"width\":200,\"height\":50,\"caption\":\"Pro Beauty Aesthetics\"},\"image\":{\"@id\":\"https:\/\/www.probeautyaesthetics.com\/#\/schema\/logo\/image\/\"}}]}<\/script>\n<!-- \/ Yoast SEO plugin. -->","yoast_head_json":{"title":"Buy Silhouette Soft 12 Cones 2 Sutures 5 Packs Online - Pro Beauty Aesthetics","robots":{"index":"index","follow":"follow","max-snippet":"max-snippet:-1","max-image-preview":"max-image-preview:large","max-video-preview":"max-video-preview:-1"},"canonical":"https:\/\/www.probeautyaesthetics.com\/ro\/produs\/silhouette-soft-12-cones-2-sutures-5-packs\/","og_locale":"ro_RO","og_type":"article","og_title":"Buy Silhouette Soft 12 Cones 2 Sutures 5 Packs Online - Pro Beauty Aesthetics","og_description":"Place an order for Silhouette Soft 12 Cones 2 Sutures 5 Packs online at our store Want to buy Silhouette Soft 12 Cones 2 Sutures 5 Packs at cheap price?","og_url":"https:\/\/www.probeautyaesthetics.com\/ro\/produs\/silhouette-soft-12-cones-2-sutures-5-packs\/","og_site_name":"Pro Beauty Aesthetics","article_modified_time":"2023-07-10T00:13:25+00:00","og_image":[{"width":1200,"height":800,"url":"https:\/\/www.probeautyaesthetics.com\/wp-content\/uploads\/2019\/11\/Silhouette-Soft-12-Cones-2-Sutures-5-Packs-1.jpg","type":"image\/jpeg"}],"twitter_card":"summary_large_image","twitter_misc":{"Timp estimat pentru citire":"2 minute"},"schema":{"@context":"https:\/\/schema.org","@graph":[{"@type":"WebPage","@id":"https:\/\/www.probeautyaesthetics.com\/product\/silhouette-soft-12-cones-2-sutures-5-packs\/","url":"https:\/\/www.probeautyaesthetics.com\/product\/silhouette-soft-12-cones-2-sutures-5-packs\/","name":"Buy Silhouette Soft 12 Cones 2 Sutures 5 Packs Online - Pro Beauty Aesthetics","isPartOf":{"@id":"https:\/\/www.probeautyaesthetics.com\/#website"},"datePublished":"2019-11-14T07:21:37+00:00","dateModified":"2023-07-10T00:13:25+00:00","breadcrumb":{"@id":"https:\/\/www.probeautyaesthetics.com\/product\/silhouette-soft-12-cones-2-sutures-5-packs\/#breadcrumb"},"inLanguage":"ro-RO","potentialAction":[{"@type":"ReadAction","target":["https:\/\/www.probeautyaesthetics.com\/product\/silhouette-soft-12-cones-2-sutures-5-packs\/"]}]},{"@type":"BreadcrumbList","@id":"https:\/\/www.probeautyaesthetics.com\/product\/silhouette-soft-12-cones-2-sutures-5-packs\/#breadcrumb","itemListElement":[{"@type":"ListItem","position":1,"name":"Home","item":"https:\/\/www.probeautyaesthetics.com\/"},{"@type":"ListItem","position":2,"name":"Our Products","item":"https:\/\/www.probeautyaesthetics.com\/shop\/"},{"@type":"ListItem","position":3,"name":"Buy Silhouette Soft 12 Cones 2 Sutures 5 Packs Online"}]},{"@type":"WebSite","@id":"https:\/\/www.probeautyaesthetics.com\/#website","url":"https:\/\/www.probeautyaesthetics.com\/","name":"Pro Beauty Aesthetics","description":"","publisher":{"@id":"https:\/\/www.probeautyaesthetics.com\/#organization"},"potentialAction":[{"@type":"SearchAction","target":{"@type":"EntryPoint","urlTemplate":"https:\/\/www.probeautyaesthetics.com\/?s={search_term_string}"},"query-input":"required name=search_term_string"}],"inLanguage":"ro-RO"},{"@type":"Organization","@id":"https:\/\/www.probeautyaesthetics.com\/#organization","name":"Pro Beauty Aesthetics","url":"https:\/\/www.probeautyaesthetics.com\/","logo":{"@type":"ImageObject","inLanguage":"ro-RO","@id":"https:\/\/www.probeautyaesthetics.com\/#\/schema\/logo\/image\/","url":"https:\/\/www.probeautyaesthetics.com\/wp-content\/uploads\/2019\/11\/logo-1.png","contentUrl":"https:\/\/www.probeautyaesthetics.com\/wp-content\/uploads\/2019\/11\/logo-1.png","width":200,"height":50,"caption":"Pro Beauty Aesthetics"},"image":{"@id":"https:\/\/www.probeautyaesthetics.com\/#\/schema\/logo\/image\/"}}]}},"_links":{"self":[{"href":"https:\/\/www.probeautyaesthetics.com\/ro\/wp-json\/wp\/v2\/product\/4707"}],"collection":[{"href":"https:\/\/www.probeautyaesthetics.com\/ro\/wp-json\/wp\/v2\/product"}],"about":[{"href":"https:\/\/www.probeautyaesthetics.com\/ro\/wp-json\/wp\/v2\/types\/product"}],"replies":[{"embeddable":true,"href":"https:\/\/www.probeautyaesthetics.com\/ro\/wp-json\/wp\/v2\/comments?post=4707"}],"wp:featuredmedia":[{"embeddable":true,"href":"https:\/\/www.probeautyaesthetics.com\/ro\/wp-json\/wp\/v2\/media\/4718"}],"wp:attachment":[{"href":"https:\/\/www.probeautyaesthetics.com\/ro\/wp-json\/wp\/v2\/media?parent=4707"}],"wp:term":[{"taxonomy":"product_cat","embeddable":true,"href":"https:\/\/www.probeautyaesthetics.com\/ro\/wp-json\/wp\/v2\/product_cat?post=4707"},{"taxonomy":"product_tag","embeddable":true,"href":"https:\/\/www.probeautyaesthetics.com\/ro\/wp-json\/wp\/v2\/product_tag?post=4707"}],"curies":[{"name":"wp","href":"https:\/\/api.w.org\/{rel}","templated":true}]}}