{"id":4763,"date":"2019-11-14T07:21:57","date_gmt":"2019-11-14T07:21:57","guid":{"rendered":"https:\/\/www.safeonlinechemist.com\/dermalfillers\/product\/import-placeholder-for-6760\/"},"modified":"2020-02-27T15:59:54","modified_gmt":"2020-02-27T15:59:54","slug":"buy-pluryal-meso-i-filler-3-x-5ml","status":"publish","type":"product","link":"https:\/\/www.probeautyaesthetics.com\/ro\/produs\/buy-pluryal-meso-i-filler-3-x-5ml\/","title":{"rendered":"Cump\u0103ra\u021bi Pluryal Meso I Filler (3 x 5ml)"},"content":{"rendered":"<h2 style=\"text-align: justify;\">Cump\u0103ra\u021bi Pluryal Meso I Filler (3 x 5ml) de la cei mai buni v\u00e2nz\u0103tori online<\/h2>\n<p style=\"text-align: justify;\">Cump\u0103ra\u021bi Pluryal Meso I Filler (3 x 5ml) la pre\u021b ieftin de la Pro Beauty Aesthetics. Magazinul nostru online este \u00eentotdeauna disponibil pentru a v\u0103 sprijini s\u0103 cump\u0103ra\u021bi Pluryal Meso I Filler (3 x 5ml) cu bitcoin, moneygram \u0219i western union. \u00cemp\u0103rt\u0103\u0219i\u021bi comanda pentru Pluryal Meso I Filler (3 x 5ml) de v\u00e2nzare acum!<\/p>\n<h3 style=\"text-align: justify;\">Ce este Pluryal Meso I Filler (3 x 5ml) \u0219i caracteristicile sale?<\/h3>\n<p style=\"text-align: justify;\">Pluryal Meso I Filler (3 x 5ml) este destinat doamnelor \u0219i b\u0103rba\u021bilor cu v\u00e2rsta cuprins\u0103 \u00eentre 25 \u0219i 40 de ani. Se injecteaz\u0103 \u00een straturile superioare ale pielii. Unitatea \u00eencorporeaz\u0103 un injector programat, dar pute\u021bi utiliza, de asemenea, o sering\u0103 pentru injec\u021bii.<\/p>\n<p style=\"text-align: justify;\">R\u00e2ndurile fundamentale ale Pluryal Meso I Filler (3 x 5ml) sunt:<\/p>\n<ul style=\"text-align: justify;\">\n<li>Booster recupereaz\u0103 pierdut cu natura de v\u00e2rst\u0103 a pielii revive-l<\/li>\n<li>Mezoterapia trimite la re\u00eenc\u0103rcarea epidermei, ajut\u0103 la adaptarea la schimb\u0103rile legate de v\u00e2rst\u0103 - riduri \u0219i pigmentare.<\/li>\n<li>Sub activitatea specialistului, organismul \u00ee\u0219i creeaz\u0103 acidul hialuronic, colagenul, elastina \u00eentr-o cantitate mai mare - procedura obi\u0219nuit\u0103 de \u00eentinerire a pielii este impulsionat\u0103.<\/li>\n<\/ul>\n<h3 style=\"text-align: justify;\">\u00cemp\u0103rt\u0103\u0219e\u0219te comanda ta acum!<\/h3>\n<p style=\"text-align: justify;\">Cump\u0103ra\u021bi Pluryal Meso I Filler (3 x 5ml) online la magazinul nostru online, plas\u00e2nd o comand\u0103 pentru acesta. Contacta\u021bi ast\u0103zi!<\/p>","protected":false},"excerpt":{"rendered":"<table>\n<tbody>\n<tr>\n<td>m\u0103rimea<\/td>\n<td>3\u00d75 ml<\/td>\n<\/tr>\n<tr>\n<td>Produs cu licen\u021b\u0103<\/td>\n<td>Nu<\/td>\n<\/tr>\n<tr>\n<td>\u00cenregistrare necesar\u0103<\/td>\n<td>Nu<\/td>\n<\/tr>\n<tr>\n<td>Regiunea \u021a\u0103rii<\/td>\n<td>Acest produs este de origine europeana<\/td>\n<\/tr>\n<\/tbody>\n<\/table>","protected":false},"featured_media":4786,"comment_status":"open","ping_status":"closed","template":"","meta":{"_joinchat":[]},"product_cat":[138,506],"product_tag":[515,508,509,510,511],"yoast_head":"<!-- This site is optimized with the Yoast SEO plugin v21.3 - https:\/\/yoast.com\/wordpress\/plugins\/seo\/ -->\n<title>Buy Pluryal Meso I Filler (3 x 5ml) - Pro Beauty Aesthetics<\/title>\n<meta name=\"robots\" content=\"index, follow, max-snippet:-1, max-image-preview:large, max-video-preview:-1\" \/>\n<link rel=\"canonical\" href=\"https:\/\/www.probeautyaesthetics.com\/ro\/produs\/buy-pluryal-meso-i-filler-3-x-5ml\/\" \/>\n<meta property=\"og:locale\" content=\"ro_RO\" \/>\n<meta property=\"og:type\" content=\"article\" \/>\n<meta property=\"og:title\" content=\"Buy Pluryal Meso I Filler (3 x 5ml) - Pro Beauty Aesthetics\" \/>\n<meta property=\"og:description\" content=\"Size 3x5 ml   Licensed Product No   Registration Required No   Country Region This product is of European origin\" \/>\n<meta property=\"og:url\" content=\"https:\/\/www.probeautyaesthetics.com\/ro\/produs\/buy-pluryal-meso-i-filler-3-x-5ml\/\" \/>\n<meta property=\"og:site_name\" content=\"Pro Beauty Aesthetics\" \/>\n<meta property=\"article:modified_time\" content=\"2020-02-27T15:59:54+00:00\" \/>\n<meta property=\"og:image\" content=\"https:\/\/www.probeautyaesthetics.com\/wp-content\/uploads\/2019\/11\/Buy-Pluryal-Meso-I-Filler-3-x-5ml.jpeg\" \/>\n\t<meta property=\"og:image:width\" content=\"992\" \/>\n\t<meta property=\"og:image:height\" content=\"799\" \/>\n\t<meta property=\"og:image:type\" content=\"image\/jpeg\" \/>\n<meta name=\"twitter:card\" content=\"summary_large_image\" \/>\n<meta name=\"twitter:label1\" content=\"Timp estimat pentru citire\" \/>\n\t<meta name=\"twitter:data1\" content=\"1 minut\" \/>\n<script type=\"application\/ld+json\" class=\"yoast-schema-graph\">{\"@context\":\"https:\/\/schema.org\",\"@graph\":[{\"@type\":\"WebPage\",\"@id\":\"https:\/\/www.probeautyaesthetics.com\/product\/buy-pluryal-meso-i-filler-3-x-5ml\/\",\"url\":\"https:\/\/www.probeautyaesthetics.com\/product\/buy-pluryal-meso-i-filler-3-x-5ml\/\",\"name\":\"Buy Pluryal Meso I Filler (3 x 5ml) - Pro Beauty Aesthetics\",\"isPartOf\":{\"@id\":\"https:\/\/www.probeautyaesthetics.com\/#website\"},\"datePublished\":\"2019-11-14T07:21:57+00:00\",\"dateModified\":\"2020-02-27T15:59:54+00:00\",\"breadcrumb\":{\"@id\":\"https:\/\/www.probeautyaesthetics.com\/product\/buy-pluryal-meso-i-filler-3-x-5ml\/#breadcrumb\"},\"inLanguage\":\"ro-RO\",\"potentialAction\":[{\"@type\":\"ReadAction\",\"target\":[\"https:\/\/www.probeautyaesthetics.com\/product\/buy-pluryal-meso-i-filler-3-x-5ml\/\"]}]},{\"@type\":\"BreadcrumbList\",\"@id\":\"https:\/\/www.probeautyaesthetics.com\/product\/buy-pluryal-meso-i-filler-3-x-5ml\/#breadcrumb\",\"itemListElement\":[{\"@type\":\"ListItem\",\"position\":1,\"name\":\"Home\",\"item\":\"https:\/\/www.probeautyaesthetics.com\/\"},{\"@type\":\"ListItem\",\"position\":2,\"name\":\"Our Products\",\"item\":\"https:\/\/www.probeautyaesthetics.com\/shop\/\"},{\"@type\":\"ListItem\",\"position\":3,\"name\":\"Buy Pluryal Meso I Filler (3 x 5ml)\"}]},{\"@type\":\"WebSite\",\"@id\":\"https:\/\/www.probeautyaesthetics.com\/#website\",\"url\":\"https:\/\/www.probeautyaesthetics.com\/\",\"name\":\"Pro Beauty Aesthetics\",\"description\":\"\",\"publisher\":{\"@id\":\"https:\/\/www.probeautyaesthetics.com\/#organization\"},\"potentialAction\":[{\"@type\":\"SearchAction\",\"target\":{\"@type\":\"EntryPoint\",\"urlTemplate\":\"https:\/\/www.probeautyaesthetics.com\/?s={search_term_string}\"},\"query-input\":\"required name=search_term_string\"}],\"inLanguage\":\"ro-RO\"},{\"@type\":\"Organization\",\"@id\":\"https:\/\/www.probeautyaesthetics.com\/#organization\",\"name\":\"Pro Beauty Aesthetics\",\"url\":\"https:\/\/www.probeautyaesthetics.com\/\",\"logo\":{\"@type\":\"ImageObject\",\"inLanguage\":\"ro-RO\",\"@id\":\"https:\/\/www.probeautyaesthetics.com\/#\/schema\/logo\/image\/\",\"url\":\"https:\/\/www.probeautyaesthetics.com\/wp-content\/uploads\/2019\/11\/logo-1.png\",\"contentUrl\":\"https:\/\/www.probeautyaesthetics.com\/wp-content\/uploads\/2019\/11\/logo-1.png\",\"width\":200,\"height\":50,\"caption\":\"Pro Beauty Aesthetics\"},\"image\":{\"@id\":\"https:\/\/www.probeautyaesthetics.com\/#\/schema\/logo\/image\/\"}}]}<\/script>\n<!-- \/ Yoast SEO plugin. -->","yoast_head_json":{"title":"Buy Pluryal Meso I Filler (3 x 5ml) - Pro Beauty Aesthetics","robots":{"index":"index","follow":"follow","max-snippet":"max-snippet:-1","max-image-preview":"max-image-preview:large","max-video-preview":"max-video-preview:-1"},"canonical":"https:\/\/www.probeautyaesthetics.com\/ro\/produs\/buy-pluryal-meso-i-filler-3-x-5ml\/","og_locale":"ro_RO","og_type":"article","og_title":"Buy Pluryal Meso I Filler (3 x 5ml) - Pro Beauty Aesthetics","og_description":"Size 3x5 ml   Licensed Product No   Registration Required No   Country Region This product is of European origin","og_url":"https:\/\/www.probeautyaesthetics.com\/ro\/produs\/buy-pluryal-meso-i-filler-3-x-5ml\/","og_site_name":"Pro Beauty Aesthetics","article_modified_time":"2020-02-27T15:59:54+00:00","og_image":[{"width":992,"height":799,"url":"https:\/\/www.probeautyaesthetics.com\/wp-content\/uploads\/2019\/11\/Buy-Pluryal-Meso-I-Filler-3-x-5ml.jpeg","type":"image\/jpeg"}],"twitter_card":"summary_large_image","twitter_misc":{"Timp estimat pentru citire":"1 minut"},"schema":{"@context":"https:\/\/schema.org","@graph":[{"@type":"WebPage","@id":"https:\/\/www.probeautyaesthetics.com\/product\/buy-pluryal-meso-i-filler-3-x-5ml\/","url":"https:\/\/www.probeautyaesthetics.com\/product\/buy-pluryal-meso-i-filler-3-x-5ml\/","name":"Buy Pluryal Meso I Filler (3 x 5ml) - Pro Beauty Aesthetics","isPartOf":{"@id":"https:\/\/www.probeautyaesthetics.com\/#website"},"datePublished":"2019-11-14T07:21:57+00:00","dateModified":"2020-02-27T15:59:54+00:00","breadcrumb":{"@id":"https:\/\/www.probeautyaesthetics.com\/product\/buy-pluryal-meso-i-filler-3-x-5ml\/#breadcrumb"},"inLanguage":"ro-RO","potentialAction":[{"@type":"ReadAction","target":["https:\/\/www.probeautyaesthetics.com\/product\/buy-pluryal-meso-i-filler-3-x-5ml\/"]}]},{"@type":"BreadcrumbList","@id":"https:\/\/www.probeautyaesthetics.com\/product\/buy-pluryal-meso-i-filler-3-x-5ml\/#breadcrumb","itemListElement":[{"@type":"ListItem","position":1,"name":"Home","item":"https:\/\/www.probeautyaesthetics.com\/"},{"@type":"ListItem","position":2,"name":"Our Products","item":"https:\/\/www.probeautyaesthetics.com\/shop\/"},{"@type":"ListItem","position":3,"name":"Buy Pluryal Meso I Filler (3 x 5ml)"}]},{"@type":"WebSite","@id":"https:\/\/www.probeautyaesthetics.com\/#website","url":"https:\/\/www.probeautyaesthetics.com\/","name":"Pro Beauty Aesthetics","description":"","publisher":{"@id":"https:\/\/www.probeautyaesthetics.com\/#organization"},"potentialAction":[{"@type":"SearchAction","target":{"@type":"EntryPoint","urlTemplate":"https:\/\/www.probeautyaesthetics.com\/?s={search_term_string}"},"query-input":"required name=search_term_string"}],"inLanguage":"ro-RO"},{"@type":"Organization","@id":"https:\/\/www.probeautyaesthetics.com\/#organization","name":"Pro Beauty Aesthetics","url":"https:\/\/www.probeautyaesthetics.com\/","logo":{"@type":"ImageObject","inLanguage":"ro-RO","@id":"https:\/\/www.probeautyaesthetics.com\/#\/schema\/logo\/image\/","url":"https:\/\/www.probeautyaesthetics.com\/wp-content\/uploads\/2019\/11\/logo-1.png","contentUrl":"https:\/\/www.probeautyaesthetics.com\/wp-content\/uploads\/2019\/11\/logo-1.png","width":200,"height":50,"caption":"Pro Beauty Aesthetics"},"image":{"@id":"https:\/\/www.probeautyaesthetics.com\/#\/schema\/logo\/image\/"}}]}},"_links":{"self":[{"href":"https:\/\/www.probeautyaesthetics.com\/ro\/wp-json\/wp\/v2\/product\/4763"}],"collection":[{"href":"https:\/\/www.probeautyaesthetics.com\/ro\/wp-json\/wp\/v2\/product"}],"about":[{"href":"https:\/\/www.probeautyaesthetics.com\/ro\/wp-json\/wp\/v2\/types\/product"}],"replies":[{"embeddable":true,"href":"https:\/\/www.probeautyaesthetics.com\/ro\/wp-json\/wp\/v2\/comments?post=4763"}],"wp:featuredmedia":[{"embeddable":true,"href":"https:\/\/www.probeautyaesthetics.com\/ro\/wp-json\/wp\/v2\/media\/4786"}],"wp:attachment":[{"href":"https:\/\/www.probeautyaesthetics.com\/ro\/wp-json\/wp\/v2\/media?parent=4763"}],"wp:term":[{"taxonomy":"product_cat","embeddable":true,"href":"https:\/\/www.probeautyaesthetics.com\/ro\/wp-json\/wp\/v2\/product_cat?post=4763"},{"taxonomy":"product_tag","embeddable":true,"href":"https:\/\/www.probeautyaesthetics.com\/ro\/wp-json\/wp\/v2\/product_tag?post=4763"}],"curies":[{"name":"wp","href":"https:\/\/api.w.org\/{rel}","templated":true}]}}