{"id":4798,"date":"2019-11-14T07:22:08","date_gmt":"2019-11-14T07:22:08","guid":{"rendered":"https:\/\/www.safeonlinechemist.com\/dermalfillers\/product\/import-placeholder-for-6800\/"},"modified":"2020-03-16T08:09:10","modified_gmt":"2020-03-16T08:09:10","slug":"buy-durolane-60mg-3ml","status":"publish","type":"product","link":"https:\/\/www.probeautyaesthetics.com\/ro\/produs\/buy-durolane-60mg-3ml\/","title":{"rendered":"Cump\u0103ra\u021bi Durolane 60mg - 3ml Online"},"content":{"rendered":"<h2 style=\"text-align: justify;\"><strong>Cump\u0103ra\u021bi Durolane 60mg - 3ml de la profesioni\u0219tii de top<\/strong><\/h2>\n<p style=\"text-align: justify;\">Pentru a cump\u0103ra Durolane 60mg - 3ml online, v\u0103 pute\u021bi conecta cu Pro Beauty Aesthetics. Suntem aici pentru a v\u0103 sprijini s\u0103 cump\u0103ra\u021bi Durolane 60mg - 3ml cu bitcoin, moneygram \u0219i western union. Durolane 60mg - 3ml de v\u00e2nzare v\u0103 va ajunge la destina\u021bia preferat\u0103 de c\u0103tre exper\u021bi. Comanda\u021bi Durolane 60mg - 3ml acum!<\/p>\n<h3 style=\"text-align: justify;\"><strong>Ce este Durolane 60mg - 3ml \u0219i beneficiile sale?<\/strong><\/h3>\n<p style=\"text-align: justify;\">Durolane 60mg - 3ml poate ajuta pacien\u021bii care au simptome de osteoartrit\u0103, de exemplu, dureri la nivelul genunchiului, \u0219oldului sau al altor articula\u021bii. \u00cen momentul \u00een care alte tratamente \u00eempotriva osteoartritei, de exemplu, ca tratament non-intruziv, exerci\u021bii fizice \u0219i medicamente pentru durere, au devenit mai pu\u021bin reu\u0219ite, pute\u021bi utiliza Durolane pentru a suplini sau \u00eembun\u0103t\u0103\u021bi aceste alte tratamente pentru a le oferi pacien\u021bilor dvs. cea mai extrem\u0103 ameliorare a durerii.<\/p>\n<ul style=\"text-align: justify;\">\n<li>Durolane 60mg- 3ml le permite pacien\u021bilor cu osteoartrit\u0103 s\u0103 \u00ee\u0219i calmeze durerea \u0219i alte simptome.<\/li>\n<li>Acest lucru \u00eempiedic\u0103 oasele s\u0103 se frece \u00eentre ele \u0219i s\u0103 provoace agravare \u0219i durere, permi\u021b\u00e2nd pacien\u021bilor dumneavoastr\u0103 s\u0103 se mi\u0219te mai confortabil dup\u0103 injec\u021bia Durolane.<\/li>\n<li>Oferi\u021bi asisten\u021b\u0103 pacien\u021bilor care au simptome de osteoartrit\u0103.<\/li>\n<\/ul>\n<h3 style=\"text-align: justify;\"><strong>Comanda\u021bi cerin\u021bele dumneavoastr\u0103!<\/strong><\/h3>\n<p style=\"text-align: justify;\">Pute\u021bi acum s\u0103 v\u0103 pune\u021bi comanda cu noi \u0219i Durolane 60mg - 3ml la pre\u021b ieftin. Vom livra cerin\u021bele dvs. chiar la u\u0219a dvs. \u00een cur\u00e2nd. Conecta\u021bi-v\u0103 cu magazinul nostru online acum!<\/p>\n<p>cump\u0103ra durolane 60mg - 3ml online, durolane 60mg - 3ml de v\u00e2nzare, durolane 60mg - 3ml de v\u00e2nzare \u00een SUA, cump\u0103ra durolane 60mg - 3ml online, unde s\u0103 cumpere durolane 60mg - 3ml, cump\u0103ra durolane 60mg - 3ml online, cump\u0103ra durolane 60mg - 3ml Spania, durolane 60mg - 3ml de v\u00e2nzare Ucraina, durolane 60mg - 3ml de v\u00e2nzare Canada, durolane 60mg - 3ml de v\u00e2nzare Europa, durolane 60mg - 3ml de v\u00e2nzare Europa, cump\u0103rare durolane 60mg - 3ml online legal, cump\u0103ra durolane 60mg - 3ml online cu bitcoin, cump\u0103ra durolane 60mg - 3ml online cu moneygram, durolane 60mg - 3ml de v\u00e2nzare cu western union, cum s\u0103 cump\u0103ra\u021bi durolane 60mg - 3ml online, cump\u0103ra durolane 60mg - 3ml la pre\u021b ieftin, cump\u0103ra durolane 60mg - 3ml online, comanda durolane 60mg - 3ml online, trimite durolane 60mg - 3ml prin po\u0219t\u0103, pute\u021bi comanda durolane 60mg - 3ml \u00een SUA, Canada, Europa, Italia.<\/p>","protected":false},"excerpt":{"rendered":"<p>Buy Durolane 60mg \u2013 3ml From The Top Professionals To buy Durolane 60mg \u2013 3ml online, you can connect with Pro Beauty Aesthetics. We are here to support you buy<\/p>","protected":false},"featured_media":4821,"comment_status":"open","ping_status":"closed","template":"","meta":{"_joinchat":[]},"product_cat":[521],"product_tag":[522,963,949,959,960,954,523,524,952,958,658,950,956,957,955,951,961,659,962,660,965,964,525,953,526,966],"yoast_head":"<!-- This site is optimized with the Yoast SEO plugin v21.3 - https:\/\/yoast.com\/wordpress\/plugins\/seo\/ -->\n<title>Buy Durolane 60mg \u2013 3ml Online - Durolane 60mg @ Wholesale Price<\/title>\n<meta name=\"description\" content=\"Buy Durolane 60mg \u2013 3ml Online - ProBeautyAesthetics is a wholesale supplier of durolane 60mg \u2013 3ml product. You can place an order Durolane 60m today!\" \/>\n<meta name=\"robots\" content=\"index, follow, max-snippet:-1, max-image-preview:large, max-video-preview:-1\" \/>\n<link rel=\"canonical\" href=\"https:\/\/www.probeautyaesthetics.com\/ro\/produs\/buy-durolane-60mg-3ml\/\" \/>\n<meta property=\"og:locale\" content=\"ro_RO\" \/>\n<meta property=\"og:type\" content=\"article\" \/>\n<meta property=\"og:title\" content=\"Buy Durolane 60mg \u2013 3ml Online - Durolane 60mg @ Wholesale Price\" \/>\n<meta property=\"og:description\" content=\"Buy Durolane 60mg \u2013 3ml Online - ProBeautyAesthetics is a wholesale supplier of durolane 60mg \u2013 3ml product. You can place an order Durolane 60m today!\" \/>\n<meta property=\"og:url\" content=\"https:\/\/www.probeautyaesthetics.com\/ro\/produs\/buy-durolane-60mg-3ml\/\" \/>\n<meta property=\"og:site_name\" content=\"Pro Beauty Aesthetics\" \/>\n<meta property=\"article:modified_time\" content=\"2020-03-16T08:09:10+00:00\" \/>\n<meta property=\"og:image\" content=\"https:\/\/www.probeautyaesthetics.com\/wp-content\/uploads\/2019\/11\/Buy-Durolane-60mg-\u2013-3ml.jpg\" \/>\n\t<meta property=\"og:image:width\" content=\"800\" \/>\n\t<meta property=\"og:image:height\" content=\"800\" \/>\n\t<meta property=\"og:image:type\" content=\"image\/jpeg\" \/>\n<meta name=\"twitter:card\" content=\"summary_large_image\" \/>\n<meta name=\"twitter:label1\" content=\"Timp estimat pentru citire\" \/>\n\t<meta name=\"twitter:data1\" content=\"2 minute\" \/>\n<script type=\"application\/ld+json\" class=\"yoast-schema-graph\">{\"@context\":\"https:\/\/schema.org\",\"@graph\":[{\"@type\":\"WebPage\",\"@id\":\"https:\/\/www.probeautyaesthetics.com\/product\/buy-durolane-60mg-3ml\/\",\"url\":\"https:\/\/www.probeautyaesthetics.com\/product\/buy-durolane-60mg-3ml\/\",\"name\":\"Buy Durolane 60mg \u2013 3ml Online - Durolane 60mg @ Wholesale Price\",\"isPartOf\":{\"@id\":\"https:\/\/www.probeautyaesthetics.com\/#website\"},\"datePublished\":\"2019-11-14T07:22:08+00:00\",\"dateModified\":\"2020-03-16T08:09:10+00:00\",\"description\":\"Buy Durolane 60mg \u2013 3ml Online - ProBeautyAesthetics is a wholesale supplier of durolane 60mg \u2013 3ml product. You can place an order Durolane 60m today!\",\"breadcrumb\":{\"@id\":\"https:\/\/www.probeautyaesthetics.com\/product\/buy-durolane-60mg-3ml\/#breadcrumb\"},\"inLanguage\":\"ro-RO\",\"potentialAction\":[{\"@type\":\"ReadAction\",\"target\":[\"https:\/\/www.probeautyaesthetics.com\/product\/buy-durolane-60mg-3ml\/\"]}]},{\"@type\":\"BreadcrumbList\",\"@id\":\"https:\/\/www.probeautyaesthetics.com\/product\/buy-durolane-60mg-3ml\/#breadcrumb\",\"itemListElement\":[{\"@type\":\"ListItem\",\"position\":1,\"name\":\"Home\",\"item\":\"https:\/\/www.probeautyaesthetics.com\/\"},{\"@type\":\"ListItem\",\"position\":2,\"name\":\"Our Products\",\"item\":\"https:\/\/www.probeautyaesthetics.com\/shop\/\"},{\"@type\":\"ListItem\",\"position\":3,\"name\":\"Buy Durolane 60mg \u2013 3ml Online\"}]},{\"@type\":\"WebSite\",\"@id\":\"https:\/\/www.probeautyaesthetics.com\/#website\",\"url\":\"https:\/\/www.probeautyaesthetics.com\/\",\"name\":\"Pro Beauty Aesthetics\",\"description\":\"\",\"publisher\":{\"@id\":\"https:\/\/www.probeautyaesthetics.com\/#organization\"},\"potentialAction\":[{\"@type\":\"SearchAction\",\"target\":{\"@type\":\"EntryPoint\",\"urlTemplate\":\"https:\/\/www.probeautyaesthetics.com\/?s={search_term_string}\"},\"query-input\":\"required name=search_term_string\"}],\"inLanguage\":\"ro-RO\"},{\"@type\":\"Organization\",\"@id\":\"https:\/\/www.probeautyaesthetics.com\/#organization\",\"name\":\"Pro Beauty Aesthetics\",\"url\":\"https:\/\/www.probeautyaesthetics.com\/\",\"logo\":{\"@type\":\"ImageObject\",\"inLanguage\":\"ro-RO\",\"@id\":\"https:\/\/www.probeautyaesthetics.com\/#\/schema\/logo\/image\/\",\"url\":\"https:\/\/www.probeautyaesthetics.com\/wp-content\/uploads\/2019\/11\/logo-1.png\",\"contentUrl\":\"https:\/\/www.probeautyaesthetics.com\/wp-content\/uploads\/2019\/11\/logo-1.png\",\"width\":200,\"height\":50,\"caption\":\"Pro Beauty Aesthetics\"},\"image\":{\"@id\":\"https:\/\/www.probeautyaesthetics.com\/#\/schema\/logo\/image\/\"}}]}<\/script>\n<!-- \/ Yoast SEO plugin. -->","yoast_head_json":{"title":"Buy Durolane 60mg \u2013 3ml Online - Durolane 60mg @ Wholesale Price","description":"Buy Durolane 60mg \u2013 3ml Online - ProBeautyAesthetics is a wholesale supplier of durolane 60mg \u2013 3ml product. You can place an order Durolane 60m today!","robots":{"index":"index","follow":"follow","max-snippet":"max-snippet:-1","max-image-preview":"max-image-preview:large","max-video-preview":"max-video-preview:-1"},"canonical":"https:\/\/www.probeautyaesthetics.com\/ro\/produs\/buy-durolane-60mg-3ml\/","og_locale":"ro_RO","og_type":"article","og_title":"Buy Durolane 60mg \u2013 3ml Online - Durolane 60mg @ Wholesale Price","og_description":"Buy Durolane 60mg \u2013 3ml Online - ProBeautyAesthetics is a wholesale supplier of durolane 60mg \u2013 3ml product. You can place an order Durolane 60m today!","og_url":"https:\/\/www.probeautyaesthetics.com\/ro\/produs\/buy-durolane-60mg-3ml\/","og_site_name":"Pro Beauty Aesthetics","article_modified_time":"2020-03-16T08:09:10+00:00","og_image":[{"width":800,"height":800,"url":"https:\/\/www.probeautyaesthetics.com\/wp-content\/uploads\/2019\/11\/Buy-Durolane-60mg-\u2013-3ml.jpg","type":"image\/jpeg"}],"twitter_card":"summary_large_image","twitter_misc":{"Timp estimat pentru citire":"2 minute"},"schema":{"@context":"https:\/\/schema.org","@graph":[{"@type":"WebPage","@id":"https:\/\/www.probeautyaesthetics.com\/product\/buy-durolane-60mg-3ml\/","url":"https:\/\/www.probeautyaesthetics.com\/product\/buy-durolane-60mg-3ml\/","name":"Buy Durolane 60mg \u2013 3ml Online - Durolane 60mg @ Wholesale Price","isPartOf":{"@id":"https:\/\/www.probeautyaesthetics.com\/#website"},"datePublished":"2019-11-14T07:22:08+00:00","dateModified":"2020-03-16T08:09:10+00:00","description":"Buy Durolane 60mg \u2013 3ml Online - ProBeautyAesthetics is a wholesale supplier of durolane 60mg \u2013 3ml product. You can place an order Durolane 60m today!","breadcrumb":{"@id":"https:\/\/www.probeautyaesthetics.com\/product\/buy-durolane-60mg-3ml\/#breadcrumb"},"inLanguage":"ro-RO","potentialAction":[{"@type":"ReadAction","target":["https:\/\/www.probeautyaesthetics.com\/product\/buy-durolane-60mg-3ml\/"]}]},{"@type":"BreadcrumbList","@id":"https:\/\/www.probeautyaesthetics.com\/product\/buy-durolane-60mg-3ml\/#breadcrumb","itemListElement":[{"@type":"ListItem","position":1,"name":"Home","item":"https:\/\/www.probeautyaesthetics.com\/"},{"@type":"ListItem","position":2,"name":"Our Products","item":"https:\/\/www.probeautyaesthetics.com\/shop\/"},{"@type":"ListItem","position":3,"name":"Buy Durolane 60mg \u2013 3ml Online"}]},{"@type":"WebSite","@id":"https:\/\/www.probeautyaesthetics.com\/#website","url":"https:\/\/www.probeautyaesthetics.com\/","name":"Pro Beauty Aesthetics","description":"","publisher":{"@id":"https:\/\/www.probeautyaesthetics.com\/#organization"},"potentialAction":[{"@type":"SearchAction","target":{"@type":"EntryPoint","urlTemplate":"https:\/\/www.probeautyaesthetics.com\/?s={search_term_string}"},"query-input":"required name=search_term_string"}],"inLanguage":"ro-RO"},{"@type":"Organization","@id":"https:\/\/www.probeautyaesthetics.com\/#organization","name":"Pro Beauty Aesthetics","url":"https:\/\/www.probeautyaesthetics.com\/","logo":{"@type":"ImageObject","inLanguage":"ro-RO","@id":"https:\/\/www.probeautyaesthetics.com\/#\/schema\/logo\/image\/","url":"https:\/\/www.probeautyaesthetics.com\/wp-content\/uploads\/2019\/11\/logo-1.png","contentUrl":"https:\/\/www.probeautyaesthetics.com\/wp-content\/uploads\/2019\/11\/logo-1.png","width":200,"height":50,"caption":"Pro Beauty Aesthetics"},"image":{"@id":"https:\/\/www.probeautyaesthetics.com\/#\/schema\/logo\/image\/"}}]}},"_links":{"self":[{"href":"https:\/\/www.probeautyaesthetics.com\/ro\/wp-json\/wp\/v2\/product\/4798"}],"collection":[{"href":"https:\/\/www.probeautyaesthetics.com\/ro\/wp-json\/wp\/v2\/product"}],"about":[{"href":"https:\/\/www.probeautyaesthetics.com\/ro\/wp-json\/wp\/v2\/types\/product"}],"replies":[{"embeddable":true,"href":"https:\/\/www.probeautyaesthetics.com\/ro\/wp-json\/wp\/v2\/comments?post=4798"}],"wp:featuredmedia":[{"embeddable":true,"href":"https:\/\/www.probeautyaesthetics.com\/ro\/wp-json\/wp\/v2\/media\/4821"}],"wp:attachment":[{"href":"https:\/\/www.probeautyaesthetics.com\/ro\/wp-json\/wp\/v2\/media?parent=4798"}],"wp:term":[{"taxonomy":"product_cat","embeddable":true,"href":"https:\/\/www.probeautyaesthetics.com\/ro\/wp-json\/wp\/v2\/product_cat?post=4798"},{"taxonomy":"product_tag","embeddable":true,"href":"https:\/\/www.probeautyaesthetics.com\/ro\/wp-json\/wp\/v2\/product_tag?post=4798"}],"curies":[{"name":"wp","href":"https:\/\/api.w.org\/{rel}","templated":true}]}}