{"id":4952,"date":"2019-11-14T07:22:51","date_gmt":"2019-11-14T07:22:51","guid":{"rendered":"https:\/\/www.safeonlinechemist.com\/dermalfillers\/product\/import-placeholder-for-6999\/"},"modified":"2020-01-29T13:19:06","modified_gmt":"2020-01-29T13:19:06","slug":"buy-bocouture-100u-vial-botulinum-toxin-type-a","status":"publish","type":"product","link":"https:\/\/www.probeautyaesthetics.com\/ro\/produs\/buy-bocouture-100u-vial-botulinum-toxin-type-a\/","title":{"rendered":"Cump\u0103ra\u021bi Bocouture 100u Flacon de toxin\u0103 botulin\u0103 tip A"},"content":{"rendered":"<h2 style=\"text-align: justify;\"><strong>Cump\u0103ra\u021bi Bocouture 100u Fiol\u0103 Toxin\u0103 Botulinic\u0103 Tip A Din Topul Magazinului Online<\/strong><\/h2>\n<p style=\"text-align: justify;\">Acum pute\u021bi cump\u0103ra Bocouture 100u Flacon de toxin\u0103 botulin\u0103 de tip A cu bitcoin, moneygram \u0219i western union. Suntem \u00eentotdeauna disponibili cu Bocouture 100u Fiole de toxin\u0103 botulin\u0103 de tip A pentru v\u00e2nzare aici. Cump\u0103ra\u021bi Bocouture 100u Fiol\u0103 Toxin\u0103 Botulinic\u0103 Tip A la pre\u021b ieftin imediat!<\/p>\n<h3 style=\"text-align: justify;\"><strong>Ce este Bocouture 100u Flacon de toxin\u0103 botulin\u0103 de tip A \u0219i scopul s\u0103u de utilizare?<\/strong><\/h3>\n<ul style=\"text-align: justify;\">\n<li>Bocouture ajut\u0103 la sl\u0103birea mu\u0219chilor, \u00eempiedic\u00e2nd la \u00eenceput for\u021bele de antrenare a nervilor.<\/li>\n<li>Este infuzat \u00een zona muscular\u0103 pentru a sl\u0103bi mu\u0219chii, prevenind contrac\u021bia constant\u0103 a acestora.<\/li>\n<li>Rezultatele Boucouture vor \u00eencepe ini\u021bial s\u0103 fie vizibile \u00eentre 2-3 zile; oricum, impacturile complete pot fi v\u0103zute \u00een ziua 30.<\/li>\n<li>\u00cen consecin\u021b\u0103, impactul rezultatului continu\u0103 p\u00e2n\u0103 la patru luni dup\u0103 tratament.<\/li>\n<li>Bocouture fiind o solu\u021bie reversibil\u0103 temporar\u0103 pentru unii pacien\u021bi.<\/li>\n<li>Bocouture este o decizie binecunoscut\u0103 a pacien\u021bilor, mai tineri de 65 de ani, de a elimina liniile \u00eencruntate verticale din mijlocul spr\u00e2ncenelor.<\/li>\n<\/ul>\n<h3 style=\"text-align: justify;\"><strong>Contacta\u021bi-ne acum!<\/strong><\/h3>\n<p style=\"text-align: justify;\">Comanda\u021bi Bocouture 100u Fiol\u0103 Toxin\u0103 Botulinic\u0103 Tip A din magazinul nostru online \u0219i primi\u021bi-l livrat \u00eentr-o perioad\u0103 scurt\u0103 de timp la u\u0219a dumneavoastr\u0103.<\/p>","protected":false},"excerpt":{"rendered":"<p><strong>Form\u0103:<\/strong>Flacon<br \/>\n<strong>Linie frigider:<\/strong>Nu<br \/>\n<strong>Toxin\u0103:<\/strong>\u039d\u03b1\u03af<br \/>\n<strong>POM:<\/strong>\u039d\u03b1\u03af<br \/>\n<strong>Categoria juridic\u0103:<\/strong>POM<br \/>\n<strong>Material de umplutur\u0103:<\/strong>Nu<br \/>\n<strong>Temperatura de depozitare:<\/strong>N \/ A<\/p>","protected":false},"featured_media":4965,"comment_status":"open","ping_status":"closed","template":"","meta":{"_joinchat":[]},"product_cat":[566],"product_tag":[567,568,569,570,571,583,572,584,573,574,140,141,575,576,577,578,579,580],"yoast_head":"<!-- This site is optimized with the Yoast SEO plugin v21.3 - https:\/\/yoast.com\/wordpress\/plugins\/seo\/ -->\n<title>Buy Bocouture 100u Vial Botulinum Toxin Type A - Pro Beauty Aesthetics<\/title>\n<meta name=\"robots\" content=\"index, follow, max-snippet:-1, max-image-preview:large, max-video-preview:-1\" \/>\n<link rel=\"canonical\" href=\"https:\/\/www.probeautyaesthetics.com\/ro\/produs\/buy-bocouture-100u-vial-botulinum-toxin-type-a\/\" \/>\n<meta property=\"og:locale\" content=\"ro_RO\" \/>\n<meta property=\"og:type\" content=\"article\" \/>\n<meta property=\"og:title\" content=\"Buy Bocouture 100u Vial Botulinum Toxin Type A - Pro Beauty Aesthetics\" \/>\n<meta property=\"og:description\" content=\"Form:Vial Fridge-line:No Toxin:Yes POM:Yes Legal Category:POM Filler:No Storage Temperature:N\/A\" \/>\n<meta property=\"og:url\" content=\"https:\/\/www.probeautyaesthetics.com\/ro\/produs\/buy-bocouture-100u-vial-botulinum-toxin-type-a\/\" \/>\n<meta property=\"og:site_name\" content=\"Pro Beauty Aesthetics\" \/>\n<meta property=\"article:modified_time\" content=\"2020-01-29T13:19:06+00:00\" \/>\n<meta property=\"og:image\" content=\"https:\/\/www.probeautyaesthetics.com\/wp-content\/uploads\/2019\/11\/Buy-Bocouture-100u-Vial-Botulinum-Toxin-Type-A-.png\" \/>\n\t<meta property=\"og:image:width\" content=\"400\" \/>\n\t<meta property=\"og:image:height\" content=\"403\" \/>\n\t<meta property=\"og:image:type\" content=\"image\/png\" \/>\n<meta name=\"twitter:card\" content=\"summary_large_image\" \/>\n<meta name=\"twitter:label1\" content=\"Timp estimat pentru citire\" \/>\n\t<meta name=\"twitter:data1\" content=\"1 minut\" \/>\n<script type=\"application\/ld+json\" class=\"yoast-schema-graph\">{\"@context\":\"https:\/\/schema.org\",\"@graph\":[{\"@type\":\"WebPage\",\"@id\":\"https:\/\/www.probeautyaesthetics.com\/product\/buy-bocouture-100u-vial-botulinum-toxin-type-a\/\",\"url\":\"https:\/\/www.probeautyaesthetics.com\/product\/buy-bocouture-100u-vial-botulinum-toxin-type-a\/\",\"name\":\"Buy Bocouture 100u Vial Botulinum Toxin Type A - Pro Beauty Aesthetics\",\"isPartOf\":{\"@id\":\"https:\/\/www.probeautyaesthetics.com\/#website\"},\"datePublished\":\"2019-11-14T07:22:51+00:00\",\"dateModified\":\"2020-01-29T13:19:06+00:00\",\"breadcrumb\":{\"@id\":\"https:\/\/www.probeautyaesthetics.com\/product\/buy-bocouture-100u-vial-botulinum-toxin-type-a\/#breadcrumb\"},\"inLanguage\":\"ro-RO\",\"potentialAction\":[{\"@type\":\"ReadAction\",\"target\":[\"https:\/\/www.probeautyaesthetics.com\/product\/buy-bocouture-100u-vial-botulinum-toxin-type-a\/\"]}]},{\"@type\":\"BreadcrumbList\",\"@id\":\"https:\/\/www.probeautyaesthetics.com\/product\/buy-bocouture-100u-vial-botulinum-toxin-type-a\/#breadcrumb\",\"itemListElement\":[{\"@type\":\"ListItem\",\"position\":1,\"name\":\"Home\",\"item\":\"https:\/\/www.probeautyaesthetics.com\/\"},{\"@type\":\"ListItem\",\"position\":2,\"name\":\"Our Products\",\"item\":\"https:\/\/www.probeautyaesthetics.com\/shop\/\"},{\"@type\":\"ListItem\",\"position\":3,\"name\":\"Buy Bocouture 100u Vial Botulinum Toxin Type A\"}]},{\"@type\":\"WebSite\",\"@id\":\"https:\/\/www.probeautyaesthetics.com\/#website\",\"url\":\"https:\/\/www.probeautyaesthetics.com\/\",\"name\":\"Pro Beauty Aesthetics\",\"description\":\"\",\"publisher\":{\"@id\":\"https:\/\/www.probeautyaesthetics.com\/#organization\"},\"potentialAction\":[{\"@type\":\"SearchAction\",\"target\":{\"@type\":\"EntryPoint\",\"urlTemplate\":\"https:\/\/www.probeautyaesthetics.com\/?s={search_term_string}\"},\"query-input\":\"required name=search_term_string\"}],\"inLanguage\":\"ro-RO\"},{\"@type\":\"Organization\",\"@id\":\"https:\/\/www.probeautyaesthetics.com\/#organization\",\"name\":\"Pro Beauty Aesthetics\",\"url\":\"https:\/\/www.probeautyaesthetics.com\/\",\"logo\":{\"@type\":\"ImageObject\",\"inLanguage\":\"ro-RO\",\"@id\":\"https:\/\/www.probeautyaesthetics.com\/#\/schema\/logo\/image\/\",\"url\":\"https:\/\/www.probeautyaesthetics.com\/wp-content\/uploads\/2019\/11\/logo-1.png\",\"contentUrl\":\"https:\/\/www.probeautyaesthetics.com\/wp-content\/uploads\/2019\/11\/logo-1.png\",\"width\":200,\"height\":50,\"caption\":\"Pro Beauty Aesthetics\"},\"image\":{\"@id\":\"https:\/\/www.probeautyaesthetics.com\/#\/schema\/logo\/image\/\"}}]}<\/script>\n<!-- \/ Yoast SEO plugin. -->","yoast_head_json":{"title":"Buy Bocouture 100u Vial Botulinum Toxin Type A - Pro Beauty Aesthetics","robots":{"index":"index","follow":"follow","max-snippet":"max-snippet:-1","max-image-preview":"max-image-preview:large","max-video-preview":"max-video-preview:-1"},"canonical":"https:\/\/www.probeautyaesthetics.com\/ro\/produs\/buy-bocouture-100u-vial-botulinum-toxin-type-a\/","og_locale":"ro_RO","og_type":"article","og_title":"Buy Bocouture 100u Vial Botulinum Toxin Type A - Pro Beauty Aesthetics","og_description":"Form:Vial Fridge-line:No Toxin:Yes POM:Yes Legal Category:POM Filler:No Storage Temperature:N\/A","og_url":"https:\/\/www.probeautyaesthetics.com\/ro\/produs\/buy-bocouture-100u-vial-botulinum-toxin-type-a\/","og_site_name":"Pro Beauty Aesthetics","article_modified_time":"2020-01-29T13:19:06+00:00","og_image":[{"width":400,"height":403,"url":"https:\/\/www.probeautyaesthetics.com\/wp-content\/uploads\/2019\/11\/Buy-Bocouture-100u-Vial-Botulinum-Toxin-Type-A-.png","type":"image\/png"}],"twitter_card":"summary_large_image","twitter_misc":{"Timp estimat pentru citire":"1 minut"},"schema":{"@context":"https:\/\/schema.org","@graph":[{"@type":"WebPage","@id":"https:\/\/www.probeautyaesthetics.com\/product\/buy-bocouture-100u-vial-botulinum-toxin-type-a\/","url":"https:\/\/www.probeautyaesthetics.com\/product\/buy-bocouture-100u-vial-botulinum-toxin-type-a\/","name":"Buy Bocouture 100u Vial Botulinum Toxin Type A - Pro Beauty Aesthetics","isPartOf":{"@id":"https:\/\/www.probeautyaesthetics.com\/#website"},"datePublished":"2019-11-14T07:22:51+00:00","dateModified":"2020-01-29T13:19:06+00:00","breadcrumb":{"@id":"https:\/\/www.probeautyaesthetics.com\/product\/buy-bocouture-100u-vial-botulinum-toxin-type-a\/#breadcrumb"},"inLanguage":"ro-RO","potentialAction":[{"@type":"ReadAction","target":["https:\/\/www.probeautyaesthetics.com\/product\/buy-bocouture-100u-vial-botulinum-toxin-type-a\/"]}]},{"@type":"BreadcrumbList","@id":"https:\/\/www.probeautyaesthetics.com\/product\/buy-bocouture-100u-vial-botulinum-toxin-type-a\/#breadcrumb","itemListElement":[{"@type":"ListItem","position":1,"name":"Home","item":"https:\/\/www.probeautyaesthetics.com\/"},{"@type":"ListItem","position":2,"name":"Our Products","item":"https:\/\/www.probeautyaesthetics.com\/shop\/"},{"@type":"ListItem","position":3,"name":"Buy Bocouture 100u Vial Botulinum Toxin Type A"}]},{"@type":"WebSite","@id":"https:\/\/www.probeautyaesthetics.com\/#website","url":"https:\/\/www.probeautyaesthetics.com\/","name":"Pro Beauty Aesthetics","description":"","publisher":{"@id":"https:\/\/www.probeautyaesthetics.com\/#organization"},"potentialAction":[{"@type":"SearchAction","target":{"@type":"EntryPoint","urlTemplate":"https:\/\/www.probeautyaesthetics.com\/?s={search_term_string}"},"query-input":"required name=search_term_string"}],"inLanguage":"ro-RO"},{"@type":"Organization","@id":"https:\/\/www.probeautyaesthetics.com\/#organization","name":"Pro Beauty Aesthetics","url":"https:\/\/www.probeautyaesthetics.com\/","logo":{"@type":"ImageObject","inLanguage":"ro-RO","@id":"https:\/\/www.probeautyaesthetics.com\/#\/schema\/logo\/image\/","url":"https:\/\/www.probeautyaesthetics.com\/wp-content\/uploads\/2019\/11\/logo-1.png","contentUrl":"https:\/\/www.probeautyaesthetics.com\/wp-content\/uploads\/2019\/11\/logo-1.png","width":200,"height":50,"caption":"Pro Beauty Aesthetics"},"image":{"@id":"https:\/\/www.probeautyaesthetics.com\/#\/schema\/logo\/image\/"}}]}},"_links":{"self":[{"href":"https:\/\/www.probeautyaesthetics.com\/ro\/wp-json\/wp\/v2\/product\/4952"}],"collection":[{"href":"https:\/\/www.probeautyaesthetics.com\/ro\/wp-json\/wp\/v2\/product"}],"about":[{"href":"https:\/\/www.probeautyaesthetics.com\/ro\/wp-json\/wp\/v2\/types\/product"}],"replies":[{"embeddable":true,"href":"https:\/\/www.probeautyaesthetics.com\/ro\/wp-json\/wp\/v2\/comments?post=4952"}],"wp:featuredmedia":[{"embeddable":true,"href":"https:\/\/www.probeautyaesthetics.com\/ro\/wp-json\/wp\/v2\/media\/4965"}],"wp:attachment":[{"href":"https:\/\/www.probeautyaesthetics.com\/ro\/wp-json\/wp\/v2\/media?parent=4952"}],"wp:term":[{"taxonomy":"product_cat","embeddable":true,"href":"https:\/\/www.probeautyaesthetics.com\/ro\/wp-json\/wp\/v2\/product_cat?post=4952"},{"taxonomy":"product_tag","embeddable":true,"href":"https:\/\/www.probeautyaesthetics.com\/ro\/wp-json\/wp\/v2\/product_tag?post=4952"}],"curies":[{"name":"wp","href":"https:\/\/api.w.org\/{rel}","templated":true}]}}