{"id":4975,"date":"2019-11-14T07:23:02","date_gmt":"2019-11-14T07:23:02","guid":{"rendered":"https:\/\/www.safeonlinechemist.com\/dermalfillers\/product\/import-placeholder-for-7021\/"},"modified":"2020-02-08T15:20:25","modified_gmt":"2020-02-08T15:20:25","slug":"buy-hyaluronidase-power-injection","status":"publish","type":"product","link":"https:\/\/www.probeautyaesthetics.com\/ro\/produs\/buy-hyaluronidase-power-injection\/","title":{"rendered":"Cump\u0103ra\u021bi Hyaluronidase Power Injection"},"content":{"rendered":"<h2 style=\"text-align: justify;\">Cump\u0103ra\u021bi Hyaluronidase Power Injection de la cei mai buni furnizori online<\/h2>\n<p style=\"text-align: justify;\">Dac\u0103 sunte\u021bi dispus s\u0103 cump\u0103ra\u021bi Hyaluronidase Power Injection la pre\u021b ieftin, atunci conecta\u021bi-v\u0103 cu magazinul nostru online imediat. Pro Beauty Aesthetics a fost \u00eentotdeauna un sprijin consistent pentru cei care doresc s\u0103 cumpere Hyaluronidase Power Injection cu Bitcoin, MoneyGram \u0219i Western Union. Conecta\u021bi-v\u0103 cu noi \u0219i ob\u021bine\u021bi Hyaluronidase Power Injection de v\u00e2nzare. Love\u0219te-\u021bi cerin\u021bele imediat!<\/p>\n<h3 style=\"text-align: justify;\">Ce este Hyaluronidase Power Injection \u0219i eficien\u021ba sa?<\/h3>\n<p style=\"text-align: justify;\">Hialuronidaza func\u021bioneaz\u0103 ca o protein\u0103 pentru a descompune pe termen scurt hialuronic coroziv \u00een mod normal \u00een organism. Acest lucru face ca injectarea de lichide s\u0103 fie mai simplu de gestionat. Mai mult, absorb\u021bia viabil\u0103 a lichidelor \u00een piele \u0219i \u00een \u021besuturi.<\/p>\n<ul style=\"text-align: justify;\">\n<li>Hialuronidaza ajut\u0103 organismul s\u0103 reabsoarb\u0103 s\u00e2ngele \u0219i lichidele din \u021besuturi, din cauza unei v\u00e2n\u0103t\u0103i mari.<\/li>\n<li>Descompune acidul hialuronic, care este disponibil \u00eentre celule pentru a le ajuta s\u0103 se lipeasc\u0103 \u00eentre ele.<\/li>\n<li>Acest lucru ajut\u0103, de asemenea, la absorb\u021bia rapid\u0103 a injec\u021biilor lichide.<\/li>\n<\/ul>\n<h3 style=\"text-align: justify;\">Lua\u021bi leg\u0103tura!<\/h3>\n<p style=\"text-align: justify;\">Conecta\u021bi-v\u0103 cu magazinul nostru online imediat \u0219i cump\u0103ra\u021bi Hyaluronidase Power Injection online. V\u0103 vom ajuta s\u0103 comanda\u021bi Hyaluronidase Power Injection la cele mai bune pre\u021buri. Cump\u0103ra\u021bi Hyaluronidase Power Injection acum \u0219i folosi\u021bi-o pentru beneficiile pielii \u0219i \u021besuturilor dumneavoastr\u0103.<\/p>","protected":false},"excerpt":{"rendered":"<p><strong>Ce este \u00een cutie?<\/strong><\/p>\n<p>Enzima hialuronidaz\u0103 (ingredient activ)<br \/>\n10 amperi (1500iu)<\/p>\n<p><strong>Putere:<\/strong> 1500unit\u0103\u021bi | <strong>Dimensiune:<\/strong> 1 x 1ml|<strong>Form\u0103:<\/strong> Ampule<\/p>","protected":false},"featured_media":4998,"comment_status":"open","ping_status":"closed","template":"","meta":{"_joinchat":[]},"product_cat":[566],"product_tag":[586,587,588,589,590,591,592,593],"yoast_head":"<!-- This site is optimized with the Yoast SEO plugin v21.3 - https:\/\/yoast.com\/wordpress\/plugins\/seo\/ -->\n<title>Buy Hyaluronidase Power Injection - Pro Beauty Aesthetics<\/title>\n<meta name=\"robots\" content=\"index, follow, max-snippet:-1, max-image-preview:large, max-video-preview:-1\" \/>\n<link rel=\"canonical\" href=\"https:\/\/www.probeautyaesthetics.com\/ro\/produs\/buy-hyaluronidase-power-injection\/\" \/>\n<meta property=\"og:locale\" content=\"ro_RO\" \/>\n<meta property=\"og:type\" content=\"article\" \/>\n<meta property=\"og:title\" content=\"Buy Hyaluronidase Power Injection - Pro Beauty Aesthetics\" \/>\n<meta property=\"og:description\" content=\"What\u2019s in the box?  Hyaluronidase enzyme (active\u00a0ingredient) 10 amps (1500iu)  Strength: 1500units | Size: 1 x 1ml|Form: Ampoules\" \/>\n<meta property=\"og:url\" content=\"https:\/\/www.probeautyaesthetics.com\/ro\/produs\/buy-hyaluronidase-power-injection\/\" \/>\n<meta property=\"og:site_name\" content=\"Pro Beauty Aesthetics\" \/>\n<meta property=\"article:modified_time\" content=\"2020-02-08T15:20:25+00:00\" \/>\n<meta property=\"og:image\" content=\"https:\/\/www.probeautyaesthetics.com\/wp-content\/uploads\/2019\/11\/Buy-Hyaluronidase-Power-Injection.jpg\" \/>\n\t<meta property=\"og:image:width\" content=\"754\" \/>\n\t<meta property=\"og:image:height\" content=\"748\" \/>\n\t<meta property=\"og:image:type\" content=\"image\/jpeg\" \/>\n<meta name=\"twitter:card\" content=\"summary_large_image\" \/>\n<meta name=\"twitter:label1\" content=\"Timp estimat pentru citire\" \/>\n\t<meta name=\"twitter:data1\" content=\"1 minut\" \/>\n<script type=\"application\/ld+json\" class=\"yoast-schema-graph\">{\"@context\":\"https:\/\/schema.org\",\"@graph\":[{\"@type\":\"WebPage\",\"@id\":\"https:\/\/www.probeautyaesthetics.com\/product\/buy-hyaluronidase-power-injection\/\",\"url\":\"https:\/\/www.probeautyaesthetics.com\/product\/buy-hyaluronidase-power-injection\/\",\"name\":\"Buy Hyaluronidase Power Injection - Pro Beauty Aesthetics\",\"isPartOf\":{\"@id\":\"https:\/\/www.probeautyaesthetics.com\/#website\"},\"datePublished\":\"2019-11-14T07:23:02+00:00\",\"dateModified\":\"2020-02-08T15:20:25+00:00\",\"breadcrumb\":{\"@id\":\"https:\/\/www.probeautyaesthetics.com\/product\/buy-hyaluronidase-power-injection\/#breadcrumb\"},\"inLanguage\":\"ro-RO\",\"potentialAction\":[{\"@type\":\"ReadAction\",\"target\":[\"https:\/\/www.probeautyaesthetics.com\/product\/buy-hyaluronidase-power-injection\/\"]}]},{\"@type\":\"BreadcrumbList\",\"@id\":\"https:\/\/www.probeautyaesthetics.com\/product\/buy-hyaluronidase-power-injection\/#breadcrumb\",\"itemListElement\":[{\"@type\":\"ListItem\",\"position\":1,\"name\":\"Home\",\"item\":\"https:\/\/www.probeautyaesthetics.com\/\"},{\"@type\":\"ListItem\",\"position\":2,\"name\":\"Our Products\",\"item\":\"https:\/\/www.probeautyaesthetics.com\/shop\/\"},{\"@type\":\"ListItem\",\"position\":3,\"name\":\"Buy Hyaluronidase Power Injection\"}]},{\"@type\":\"WebSite\",\"@id\":\"https:\/\/www.probeautyaesthetics.com\/#website\",\"url\":\"https:\/\/www.probeautyaesthetics.com\/\",\"name\":\"Pro Beauty Aesthetics\",\"description\":\"\",\"publisher\":{\"@id\":\"https:\/\/www.probeautyaesthetics.com\/#organization\"},\"potentialAction\":[{\"@type\":\"SearchAction\",\"target\":{\"@type\":\"EntryPoint\",\"urlTemplate\":\"https:\/\/www.probeautyaesthetics.com\/?s={search_term_string}\"},\"query-input\":\"required name=search_term_string\"}],\"inLanguage\":\"ro-RO\"},{\"@type\":\"Organization\",\"@id\":\"https:\/\/www.probeautyaesthetics.com\/#organization\",\"name\":\"Pro Beauty Aesthetics\",\"url\":\"https:\/\/www.probeautyaesthetics.com\/\",\"logo\":{\"@type\":\"ImageObject\",\"inLanguage\":\"ro-RO\",\"@id\":\"https:\/\/www.probeautyaesthetics.com\/#\/schema\/logo\/image\/\",\"url\":\"https:\/\/www.probeautyaesthetics.com\/wp-content\/uploads\/2019\/11\/logo-1.png\",\"contentUrl\":\"https:\/\/www.probeautyaesthetics.com\/wp-content\/uploads\/2019\/11\/logo-1.png\",\"width\":200,\"height\":50,\"caption\":\"Pro Beauty Aesthetics\"},\"image\":{\"@id\":\"https:\/\/www.probeautyaesthetics.com\/#\/schema\/logo\/image\/\"}}]}<\/script>\n<!-- \/ Yoast SEO plugin. -->","yoast_head_json":{"title":"Buy Hyaluronidase Power Injection - Pro Beauty Aesthetics","robots":{"index":"index","follow":"follow","max-snippet":"max-snippet:-1","max-image-preview":"max-image-preview:large","max-video-preview":"max-video-preview:-1"},"canonical":"https:\/\/www.probeautyaesthetics.com\/ro\/produs\/buy-hyaluronidase-power-injection\/","og_locale":"ro_RO","og_type":"article","og_title":"Buy Hyaluronidase Power Injection - Pro Beauty Aesthetics","og_description":"What\u2019s in the box?  Hyaluronidase enzyme (active\u00a0ingredient) 10 amps (1500iu)  Strength: 1500units | Size: 1 x 1ml|Form: Ampoules","og_url":"https:\/\/www.probeautyaesthetics.com\/ro\/produs\/buy-hyaluronidase-power-injection\/","og_site_name":"Pro Beauty Aesthetics","article_modified_time":"2020-02-08T15:20:25+00:00","og_image":[{"width":754,"height":748,"url":"https:\/\/www.probeautyaesthetics.com\/wp-content\/uploads\/2019\/11\/Buy-Hyaluronidase-Power-Injection.jpg","type":"image\/jpeg"}],"twitter_card":"summary_large_image","twitter_misc":{"Timp estimat pentru citire":"1 minut"},"schema":{"@context":"https:\/\/schema.org","@graph":[{"@type":"WebPage","@id":"https:\/\/www.probeautyaesthetics.com\/product\/buy-hyaluronidase-power-injection\/","url":"https:\/\/www.probeautyaesthetics.com\/product\/buy-hyaluronidase-power-injection\/","name":"Buy Hyaluronidase Power Injection - Pro Beauty Aesthetics","isPartOf":{"@id":"https:\/\/www.probeautyaesthetics.com\/#website"},"datePublished":"2019-11-14T07:23:02+00:00","dateModified":"2020-02-08T15:20:25+00:00","breadcrumb":{"@id":"https:\/\/www.probeautyaesthetics.com\/product\/buy-hyaluronidase-power-injection\/#breadcrumb"},"inLanguage":"ro-RO","potentialAction":[{"@type":"ReadAction","target":["https:\/\/www.probeautyaesthetics.com\/product\/buy-hyaluronidase-power-injection\/"]}]},{"@type":"BreadcrumbList","@id":"https:\/\/www.probeautyaesthetics.com\/product\/buy-hyaluronidase-power-injection\/#breadcrumb","itemListElement":[{"@type":"ListItem","position":1,"name":"Home","item":"https:\/\/www.probeautyaesthetics.com\/"},{"@type":"ListItem","position":2,"name":"Our Products","item":"https:\/\/www.probeautyaesthetics.com\/shop\/"},{"@type":"ListItem","position":3,"name":"Buy Hyaluronidase Power Injection"}]},{"@type":"WebSite","@id":"https:\/\/www.probeautyaesthetics.com\/#website","url":"https:\/\/www.probeautyaesthetics.com\/","name":"Pro Beauty Aesthetics","description":"","publisher":{"@id":"https:\/\/www.probeautyaesthetics.com\/#organization"},"potentialAction":[{"@type":"SearchAction","target":{"@type":"EntryPoint","urlTemplate":"https:\/\/www.probeautyaesthetics.com\/?s={search_term_string}"},"query-input":"required name=search_term_string"}],"inLanguage":"ro-RO"},{"@type":"Organization","@id":"https:\/\/www.probeautyaesthetics.com\/#organization","name":"Pro Beauty Aesthetics","url":"https:\/\/www.probeautyaesthetics.com\/","logo":{"@type":"ImageObject","inLanguage":"ro-RO","@id":"https:\/\/www.probeautyaesthetics.com\/#\/schema\/logo\/image\/","url":"https:\/\/www.probeautyaesthetics.com\/wp-content\/uploads\/2019\/11\/logo-1.png","contentUrl":"https:\/\/www.probeautyaesthetics.com\/wp-content\/uploads\/2019\/11\/logo-1.png","width":200,"height":50,"caption":"Pro Beauty Aesthetics"},"image":{"@id":"https:\/\/www.probeautyaesthetics.com\/#\/schema\/logo\/image\/"}}]}},"_links":{"self":[{"href":"https:\/\/www.probeautyaesthetics.com\/ro\/wp-json\/wp\/v2\/product\/4975"}],"collection":[{"href":"https:\/\/www.probeautyaesthetics.com\/ro\/wp-json\/wp\/v2\/product"}],"about":[{"href":"https:\/\/www.probeautyaesthetics.com\/ro\/wp-json\/wp\/v2\/types\/product"}],"replies":[{"embeddable":true,"href":"https:\/\/www.probeautyaesthetics.com\/ro\/wp-json\/wp\/v2\/comments?post=4975"}],"wp:featuredmedia":[{"embeddable":true,"href":"https:\/\/www.probeautyaesthetics.com\/ro\/wp-json\/wp\/v2\/media\/4998"}],"wp:attachment":[{"href":"https:\/\/www.probeautyaesthetics.com\/ro\/wp-json\/wp\/v2\/media?parent=4975"}],"wp:term":[{"taxonomy":"product_cat","embeddable":true,"href":"https:\/\/www.probeautyaesthetics.com\/ro\/wp-json\/wp\/v2\/product_cat?post=4975"},{"taxonomy":"product_tag","embeddable":true,"href":"https:\/\/www.probeautyaesthetics.com\/ro\/wp-json\/wp\/v2\/product_tag?post=4975"}],"curies":[{"name":"wp","href":"https:\/\/api.w.org\/{rel}","templated":true}]}}