{"id":4992,"date":"2019-11-14T07:23:03","date_gmt":"2019-11-14T07:23:03","guid":{"rendered":"https:\/\/www.safeonlinechemist.com\/dermalfillers\/product\/import-placeholder-for-7049\/"},"modified":"2020-03-02T16:15:47","modified_gmt":"2020-03-02T16:15:47","slug":"buy-xeomin-100u-botulinum-toxin-type-a","status":"publish","type":"product","link":"https:\/\/www.probeautyaesthetics.com\/ro\/produs\/cumpara-xeomin-100u-toxina-botulinica-de-tip-a\/","title":{"rendered":"Cump\u0103ra\u021bi Xeomin 100u Toxina botulinic\u0103 de tip A"},"content":{"rendered":"<h2 style=\"text-align: justify;\">Cump\u0103ra\u021bi Xeomin 100u Botulinum Toxin Type A de la furnizorii de top<\/h2>\n<p style=\"text-align: justify;\">Xeomin 100u Botulinum Toxin Type A de v\u00e2nzare este acum disponibil la Pro Beauty Aesthetics. Membrii echipei noastre v\u0103 vor ajuta s\u0103 cump\u0103ra\u021bi Xeomin 100u Botulinum Toxinum Type A cu bitcoin, moneygram \u0219i western union. Comanda\u021bi Xeomin 100u Botulinum Toxinum Type A acum!<\/p>\n<h3 style=\"text-align: justify;\">Ce este Xeomin 100u Toxina botulinic\u0103 de tip A \u0219i care sunt avantajele sale?<\/h3>\n<p style=\"text-align: justify;\">Xeomin 100u Toxina botulinic\u0103 de tip A este una dintre neurotoxinele extrem de puternice create de bacteria Clostridium botulinum. Botoxul A cuprinde un lan\u021b substan\u021bial care mijloce\u0219te trecerea toxinei \u00een terminalul presinaptic \u0219i un lan\u021b u\u0219or care separ\u0103 SNAP-25, bloc\u00e2nd astfel exocitoza veziculelor sinaptice. Preluarea Botoxului An \u00een neurotransmi\u021b\u0103tori este supus\u0103 proteinelor SV2.<\/p>\n<ul style=\"text-align: justify;\">\n<li>Xeomin 100u Toxina botulinic\u0103 de tip A este aprobat\u0103 de FDA pentru tratamentul migrenelor zilnice ne\u00eencetate \u0219i are o utilizare off-label \u00een cazul MPS-urilor interminabile.<\/li>\n<li>At\u00e2t instrumentele franjurate, c\u00e2t \u0219i cele focale pot clarifica adecvarea evident\u0103 a toxinei botulinice \u00een tratamentul durerii musculare constante.<\/li>\n<li>Pentru \u00eenceput, blocarea desc\u0103rc\u0103rii Ach la intersec\u021bia neuromuscular\u0103 scade hiperactivitatea muscular\u0103, ceea ce, prin urmare, poate diminua ischemia de vecin\u0103tate.<\/li>\n<\/ul>\n<h3 style=\"text-align: justify;\">Contacta\u021bi magazinul nostru!<\/h3>\n<p style=\"text-align: justify;\">Cump\u0103ra\u021bi Xeomin 100u Botulinum Toxin Type A la pre\u021b ieftin din magazinul nostru \u0219i primi\u021bi acela\u0219i lucru livrat \u00een scurt timp la adresa dvs.!<\/p>","protected":false},"excerpt":{"rendered":"<p><strong>Form\u0103: <\/strong>1 flacon de 100u<br \/>\n<strong>Linie frigider:<\/strong>Nu<br \/>\n<strong>Toxin\u0103:<\/strong>\u039d\u03b1\u03af<br \/>\n<strong>POM:<\/strong>\u039d\u03b1\u03af<br \/>\n<strong>Categoria juridic\u0103:<\/strong>POM<br \/>\n<strong>Material de umplutur\u0103:<\/strong>Nu<br \/>\n<strong>Temperatura de depozitare:<\/strong>N \/ A<br \/>\n<strong>Produc\u0103tor: <\/strong>Merz<\/p>","protected":false},"featured_media":5001,"comment_status":"open","ping_status":"closed","template":"","meta":{"_joinchat":[]},"product_cat":[566],"product_tag":[569,570,571,583,572,573,574,140,141,575,576,577,596,578,579,580],"yoast_head":"<!-- This site is optimized with the Yoast SEO plugin v21.3 - https:\/\/yoast.com\/wordpress\/plugins\/seo\/ -->\n<title>Buy Xeomin 100u Botulinum Toxin Type A - Pro Beauty Aesthetics<\/title>\n<meta name=\"robots\" content=\"index, follow, max-snippet:-1, max-image-preview:large, max-video-preview:-1\" \/>\n<link rel=\"canonical\" href=\"https:\/\/www.probeautyaesthetics.com\/ro\/produs\/cumpara-xeomin-100u-toxina-botulinica-de-tip-a\/\" \/>\n<meta property=\"og:locale\" content=\"ro_RO\" \/>\n<meta property=\"og:type\" content=\"article\" \/>\n<meta property=\"og:title\" content=\"Buy Xeomin 100u Botulinum Toxin Type A - Pro Beauty Aesthetics\" \/>\n<meta property=\"og:description\" content=\"Form: 1 x 100u vial Fridge-line:No Toxin:Yes POM:Yes Legal Category:POM Filler:No Storage Temperature:N\/A Manufacturer: Merz\" \/>\n<meta property=\"og:url\" content=\"https:\/\/www.probeautyaesthetics.com\/ro\/produs\/cumpara-xeomin-100u-toxina-botulinica-de-tip-a\/\" \/>\n<meta property=\"og:site_name\" content=\"Pro Beauty Aesthetics\" \/>\n<meta property=\"article:modified_time\" content=\"2020-03-02T16:15:47+00:00\" \/>\n<meta property=\"og:image\" content=\"https:\/\/www.probeautyaesthetics.com\/wp-content\/uploads\/2019\/11\/Buy-Xeomin-100u-Botulinum-Toxin-Type-A.jpg\" \/>\n\t<meta property=\"og:image:width\" content=\"500\" \/>\n\t<meta property=\"og:image:height\" content=\"500\" \/>\n\t<meta property=\"og:image:type\" content=\"image\/jpeg\" \/>\n<meta name=\"twitter:card\" content=\"summary_large_image\" \/>\n<meta name=\"twitter:label1\" content=\"Timp estimat pentru citire\" \/>\n\t<meta name=\"twitter:data1\" content=\"1 minut\" \/>\n<script type=\"application\/ld+json\" class=\"yoast-schema-graph\">{\"@context\":\"https:\/\/schema.org\",\"@graph\":[{\"@type\":\"WebPage\",\"@id\":\"https:\/\/www.probeautyaesthetics.com\/product\/buy-xeomin-100u-botulinum-toxin-type-a\/\",\"url\":\"https:\/\/www.probeautyaesthetics.com\/product\/buy-xeomin-100u-botulinum-toxin-type-a\/\",\"name\":\"Buy Xeomin 100u Botulinum Toxin Type A - Pro Beauty Aesthetics\",\"isPartOf\":{\"@id\":\"https:\/\/www.probeautyaesthetics.com\/#website\"},\"datePublished\":\"2019-11-14T07:23:03+00:00\",\"dateModified\":\"2020-03-02T16:15:47+00:00\",\"breadcrumb\":{\"@id\":\"https:\/\/www.probeautyaesthetics.com\/product\/buy-xeomin-100u-botulinum-toxin-type-a\/#breadcrumb\"},\"inLanguage\":\"ro-RO\",\"potentialAction\":[{\"@type\":\"ReadAction\",\"target\":[\"https:\/\/www.probeautyaesthetics.com\/product\/buy-xeomin-100u-botulinum-toxin-type-a\/\"]}]},{\"@type\":\"BreadcrumbList\",\"@id\":\"https:\/\/www.probeautyaesthetics.com\/product\/buy-xeomin-100u-botulinum-toxin-type-a\/#breadcrumb\",\"itemListElement\":[{\"@type\":\"ListItem\",\"position\":1,\"name\":\"Home\",\"item\":\"https:\/\/www.probeautyaesthetics.com\/\"},{\"@type\":\"ListItem\",\"position\":2,\"name\":\"Our Products\",\"item\":\"https:\/\/www.probeautyaesthetics.com\/shop\/\"},{\"@type\":\"ListItem\",\"position\":3,\"name\":\"Buy Xeomin 100u Botulinum Toxin Type A\"}]},{\"@type\":\"WebSite\",\"@id\":\"https:\/\/www.probeautyaesthetics.com\/#website\",\"url\":\"https:\/\/www.probeautyaesthetics.com\/\",\"name\":\"Pro Beauty Aesthetics\",\"description\":\"\",\"publisher\":{\"@id\":\"https:\/\/www.probeautyaesthetics.com\/#organization\"},\"potentialAction\":[{\"@type\":\"SearchAction\",\"target\":{\"@type\":\"EntryPoint\",\"urlTemplate\":\"https:\/\/www.probeautyaesthetics.com\/?s={search_term_string}\"},\"query-input\":\"required name=search_term_string\"}],\"inLanguage\":\"ro-RO\"},{\"@type\":\"Organization\",\"@id\":\"https:\/\/www.probeautyaesthetics.com\/#organization\",\"name\":\"Pro Beauty Aesthetics\",\"url\":\"https:\/\/www.probeautyaesthetics.com\/\",\"logo\":{\"@type\":\"ImageObject\",\"inLanguage\":\"ro-RO\",\"@id\":\"https:\/\/www.probeautyaesthetics.com\/#\/schema\/logo\/image\/\",\"url\":\"https:\/\/www.probeautyaesthetics.com\/wp-content\/uploads\/2019\/11\/logo-1.png\",\"contentUrl\":\"https:\/\/www.probeautyaesthetics.com\/wp-content\/uploads\/2019\/11\/logo-1.png\",\"width\":200,\"height\":50,\"caption\":\"Pro Beauty Aesthetics\"},\"image\":{\"@id\":\"https:\/\/www.probeautyaesthetics.com\/#\/schema\/logo\/image\/\"}}]}<\/script>\n<!-- \/ Yoast SEO plugin. -->","yoast_head_json":{"title":"Buy Xeomin 100u Botulinum Toxin Type A - Pro Beauty Aesthetics","robots":{"index":"index","follow":"follow","max-snippet":"max-snippet:-1","max-image-preview":"max-image-preview:large","max-video-preview":"max-video-preview:-1"},"canonical":"https:\/\/www.probeautyaesthetics.com\/ro\/produs\/cumpara-xeomin-100u-toxina-botulinica-de-tip-a\/","og_locale":"ro_RO","og_type":"article","og_title":"Buy Xeomin 100u Botulinum Toxin Type A - Pro Beauty Aesthetics","og_description":"Form: 1 x 100u vial Fridge-line:No Toxin:Yes POM:Yes Legal Category:POM Filler:No Storage Temperature:N\/A Manufacturer: Merz","og_url":"https:\/\/www.probeautyaesthetics.com\/ro\/produs\/cumpara-xeomin-100u-toxina-botulinica-de-tip-a\/","og_site_name":"Pro Beauty Aesthetics","article_modified_time":"2020-03-02T16:15:47+00:00","og_image":[{"width":500,"height":500,"url":"https:\/\/www.probeautyaesthetics.com\/wp-content\/uploads\/2019\/11\/Buy-Xeomin-100u-Botulinum-Toxin-Type-A.jpg","type":"image\/jpeg"}],"twitter_card":"summary_large_image","twitter_misc":{"Timp estimat pentru citire":"1 minut"},"schema":{"@context":"https:\/\/schema.org","@graph":[{"@type":"WebPage","@id":"https:\/\/www.probeautyaesthetics.com\/product\/buy-xeomin-100u-botulinum-toxin-type-a\/","url":"https:\/\/www.probeautyaesthetics.com\/product\/buy-xeomin-100u-botulinum-toxin-type-a\/","name":"Buy Xeomin 100u Botulinum Toxin Type A - Pro Beauty Aesthetics","isPartOf":{"@id":"https:\/\/www.probeautyaesthetics.com\/#website"},"datePublished":"2019-11-14T07:23:03+00:00","dateModified":"2020-03-02T16:15:47+00:00","breadcrumb":{"@id":"https:\/\/www.probeautyaesthetics.com\/product\/buy-xeomin-100u-botulinum-toxin-type-a\/#breadcrumb"},"inLanguage":"ro-RO","potentialAction":[{"@type":"ReadAction","target":["https:\/\/www.probeautyaesthetics.com\/product\/buy-xeomin-100u-botulinum-toxin-type-a\/"]}]},{"@type":"BreadcrumbList","@id":"https:\/\/www.probeautyaesthetics.com\/product\/buy-xeomin-100u-botulinum-toxin-type-a\/#breadcrumb","itemListElement":[{"@type":"ListItem","position":1,"name":"Home","item":"https:\/\/www.probeautyaesthetics.com\/"},{"@type":"ListItem","position":2,"name":"Our Products","item":"https:\/\/www.probeautyaesthetics.com\/shop\/"},{"@type":"ListItem","position":3,"name":"Buy Xeomin 100u Botulinum Toxin Type A"}]},{"@type":"WebSite","@id":"https:\/\/www.probeautyaesthetics.com\/#website","url":"https:\/\/www.probeautyaesthetics.com\/","name":"Pro Beauty Aesthetics","description":"","publisher":{"@id":"https:\/\/www.probeautyaesthetics.com\/#organization"},"potentialAction":[{"@type":"SearchAction","target":{"@type":"EntryPoint","urlTemplate":"https:\/\/www.probeautyaesthetics.com\/?s={search_term_string}"},"query-input":"required name=search_term_string"}],"inLanguage":"ro-RO"},{"@type":"Organization","@id":"https:\/\/www.probeautyaesthetics.com\/#organization","name":"Pro Beauty Aesthetics","url":"https:\/\/www.probeautyaesthetics.com\/","logo":{"@type":"ImageObject","inLanguage":"ro-RO","@id":"https:\/\/www.probeautyaesthetics.com\/#\/schema\/logo\/image\/","url":"https:\/\/www.probeautyaesthetics.com\/wp-content\/uploads\/2019\/11\/logo-1.png","contentUrl":"https:\/\/www.probeautyaesthetics.com\/wp-content\/uploads\/2019\/11\/logo-1.png","width":200,"height":50,"caption":"Pro Beauty Aesthetics"},"image":{"@id":"https:\/\/www.probeautyaesthetics.com\/#\/schema\/logo\/image\/"}}]}},"_links":{"self":[{"href":"https:\/\/www.probeautyaesthetics.com\/ro\/wp-json\/wp\/v2\/product\/4992"}],"collection":[{"href":"https:\/\/www.probeautyaesthetics.com\/ro\/wp-json\/wp\/v2\/product"}],"about":[{"href":"https:\/\/www.probeautyaesthetics.com\/ro\/wp-json\/wp\/v2\/types\/product"}],"replies":[{"embeddable":true,"href":"https:\/\/www.probeautyaesthetics.com\/ro\/wp-json\/wp\/v2\/comments?post=4992"}],"wp:featuredmedia":[{"embeddable":true,"href":"https:\/\/www.probeautyaesthetics.com\/ro\/wp-json\/wp\/v2\/media\/5001"}],"wp:attachment":[{"href":"https:\/\/www.probeautyaesthetics.com\/ro\/wp-json\/wp\/v2\/media?parent=4992"}],"wp:term":[{"taxonomy":"product_cat","embeddable":true,"href":"https:\/\/www.probeautyaesthetics.com\/ro\/wp-json\/wp\/v2\/product_cat?post=4992"},{"taxonomy":"product_tag","embeddable":true,"href":"https:\/\/www.probeautyaesthetics.com\/ro\/wp-json\/wp\/v2\/product_tag?post=4992"}],"curies":[{"name":"wp","href":"https:\/\/api.w.org\/{rel}","templated":true}]}}