{"id":5010,"date":"2019-11-14T07:23:13","date_gmt":"2019-11-14T07:23:13","guid":{"rendered":"https:\/\/www.safeonlinechemist.com\/dermalfillers\/product\/import-placeholder-for-7071\/"},"modified":"2020-03-11T07:05:54","modified_gmt":"2020-03-11T07:05:54","slug":"buy-aqualyx-10-x-8ml-injection","status":"publish","type":"product","link":"https:\/\/www.probeautyaesthetics.com\/ro\/produs\/buy-aqualyx-10-x-8ml-injection\/","title":{"rendered":"Cump\u0103ra\u021bi Aqualyx (10 x 8ml ) injec\u021bie online"},"content":{"rendered":"<h2 style=\"text-align: justify;\">Cump\u0103ra\u021bi injec\u021bie Aqualyx (10 x 8ml) de la cele mai bune v\u00e2nz\u0103ri online<\/h2>\n<p style=\"text-align: justify;\">Dac\u0103 dori\u021bi s\u0103 cump\u0103ra\u021bi Aqualyx (10 x 8ml) la pre\u021b ieftin, atunci conecta\u021bi-v\u0103 la Pro Beauty Aesthetics acum. Suntem disponibili s\u0103 v\u0103 ajut\u0103m s\u0103 cump\u0103ra\u021bi Aqualyx (10 x 8ml) cu bitcoin, moneygram \u0219i western union. Ia acum Aqualyx (10 x 8ml) de v\u00e2nzare!<\/p>\n<h3 style=\"text-align: justify;\">Care sunt beneficiile utiliz\u0103rii inject\u0103rii Aqualyx (10 x 8ml)?<\/h3>\n<p style=\"text-align: justify;\">Aqualyx (10 x 8ml) este o solu\u021bie nechirurgical\u0103 pentru limitarea \u0219i evacuarea buzunarelor dificile de gr\u0103sime. Este perfect pentru persoanele care fac exerci\u021bii fizice de rutin\u0103 \u0219i \u021bin o diet\u0103 s\u0103n\u0103toas\u0103; totu\u0219i, ave\u021bi buzunare de gr\u0103sime care nu se vor deplasa, chiar \u0219i cu exerci\u021bii centrate.<\/p>\n<ul style=\"text-align: justify;\">\n<li>Aqualyx (10 x 8 ml) con\u021bine fosfatidilcolin\u0103 \u2013 o substan\u021b\u0103 caracteristic\u0103 care, administrat\u0103 \u00een por\u021bii mai mari, poate provoca decimarea celulelor adipoase.<\/li>\n<li>Anihilarea celulelor adipoase este o solu\u021bie pe termen lung, care v-a oferit s\u0103 men\u021bine\u021bi o greutate constant\u0103, s\u0103 m\u00e2nca\u021bi s\u0103n\u0103tos \u0219i s\u0103 continua\u021bi cu exerci\u021biul, desigur.<\/li>\n<li>Aqualyx (10 x 8ml) determin\u0103 o sc\u0103dere neschimb\u0103toare a \u021besutului adipos; atunci c\u00e2nd sunt expulzate, celulele adipoase nu se vor \u00eentoarce.<\/li>\n<\/ul>\n<h3 style=\"text-align: justify;\">Comanda acum!<\/h3>\n<p style=\"text-align: justify;\">Pute\u021bi comanda Aqualyx (10 x 8ml) online \u0219i \u00eel pute\u021bi livra \u00een scurt timp la u\u0219a dumneavoastr\u0103. Lua\u021bi leg\u0103tura cu noi imediat. Cump\u0103ra\u021bi Aqualyx (10 x 8ml) acum!<\/p>\n<p>cumpara aqualyx (10 x 8ml ) injectie online, aqualyx (10 x 8ml ) injectie de vanzare, aqualyx (10 x 8ml ) injectie de vanzare SUA, cumpara real aqualyx (10 x 8ml ) injectie online, de unde cumpara aqualyx (10 x 8ml ) ) injectare, cump\u0103rare aqualyx (10 x 8ml ) injectare online, cump\u0103rare aqualyx (10 x 8ml ) injectare Spania, aqualyx (10 x 8ml ) injectare de v\u00e2nzare Ucraina, aqualyx (10 x 8ml ) injectare de v\u00e2nzare Canada, aqualyx (10 x 8ml ) ) injectare de v\u00e2nzare Europa, cump\u0103rare aqualyx (10 x 8ml ) injectare online legal, cump\u0103rare aqualyx (10 x 8ml ) injectare online cu bitcoin, cump\u0103rare aqualyx (10 x 8ml ) injectare online cu MoneyGram, aqualyx (10 x 8ml ) injectare de v\u00e2nzare cu Western Union, cum s\u0103 cump\u0103ra\u021bi aqualyx (10 x 8ml) injectare online, cump\u0103ra\u021bi aqualyx (10 x 8ml) injectare la pre\u021b ieftin, cump\u0103ra\u021bi real aqualyx (10 x 8ml) injectare online, comanda\u021bi aqualyx (10 x 8ml) injectare online, e-mail aqualyx (10 x 8ml) injec\u021bie, Pute\u021bi comanda aqualyx (10 x 8ml) injec\u021bie \u00een SUA, Canada, Europa, Italia.<\/p>","protected":false},"excerpt":{"rendered":"<p>10 x 8 ml<\/p>","protected":false},"featured_media":5033,"comment_status":"open","ping_status":"closed","template":"","meta":{"_joinchat":[]},"product_cat":[185],"product_tag":[826,832,833,831,827,837,839,825,835,836,830,828,834,658,659,482,838,602,660,841,603,604,605,606,607,608,609,610,840,829,842],"yoast_head":"<!-- This site is optimized with the Yoast SEO plugin v21.3 - https:\/\/yoast.com\/wordpress\/plugins\/seo\/ -->\n<title>Buy Aqualyx (10 x 8ml ) injection Online - Order Aqualyx Filler Online<\/title>\n<meta name=\"description\" content=\"Buy Aqualyx (10 x 8ml ) injection Online - ProBeautyAesthetics is a wholesale supplier of Aqualyx (10 x 8ml ) injection. Order Now!\" \/>\n<meta name=\"robots\" content=\"index, follow, max-snippet:-1, max-image-preview:large, max-video-preview:-1\" \/>\n<link rel=\"canonical\" href=\"https:\/\/www.probeautyaesthetics.com\/ro\/produs\/buy-aqualyx-10-x-8ml-injection\/\" \/>\n<meta property=\"og:locale\" content=\"ro_RO\" \/>\n<meta property=\"og:type\" content=\"article\" \/>\n<meta property=\"og:title\" content=\"Buy Aqualyx (10 x 8ml ) injection Online - Order Aqualyx Filler Online\" \/>\n<meta property=\"og:description\" content=\"Buy Aqualyx (10 x 8ml ) injection Online - ProBeautyAesthetics is a wholesale supplier of Aqualyx (10 x 8ml ) injection. Order Now!\" \/>\n<meta property=\"og:url\" content=\"https:\/\/www.probeautyaesthetics.com\/ro\/produs\/buy-aqualyx-10-x-8ml-injection\/\" \/>\n<meta property=\"og:site_name\" content=\"Pro Beauty Aesthetics\" \/>\n<meta property=\"article:modified_time\" content=\"2020-03-11T07:05:54+00:00\" \/>\n<meta property=\"og:image\" content=\"https:\/\/www.probeautyaesthetics.com\/wp-content\/uploads\/2019\/11\/Buy-Aqualyx-10-x-8ml-injection.jpg\" \/>\n\t<meta property=\"og:image:width\" content=\"800\" \/>\n\t<meta property=\"og:image:height\" content=\"534\" \/>\n\t<meta property=\"og:image:type\" content=\"image\/jpeg\" \/>\n<meta name=\"twitter:card\" content=\"summary_large_image\" \/>\n<meta name=\"twitter:label1\" content=\"Timp estimat pentru citire\" \/>\n\t<meta name=\"twitter:data1\" content=\"2 minute\" \/>\n<script type=\"application\/ld+json\" class=\"yoast-schema-graph\">{\"@context\":\"https:\/\/schema.org\",\"@graph\":[{\"@type\":\"WebPage\",\"@id\":\"https:\/\/www.probeautyaesthetics.com\/product\/buy-aqualyx-10-x-8ml-injection\/\",\"url\":\"https:\/\/www.probeautyaesthetics.com\/product\/buy-aqualyx-10-x-8ml-injection\/\",\"name\":\"Buy Aqualyx (10 x 8ml ) injection Online - Order Aqualyx Filler Online\",\"isPartOf\":{\"@id\":\"https:\/\/www.probeautyaesthetics.com\/#website\"},\"datePublished\":\"2019-11-14T07:23:13+00:00\",\"dateModified\":\"2020-03-11T07:05:54+00:00\",\"description\":\"Buy Aqualyx (10 x 8ml ) injection Online - ProBeautyAesthetics is a wholesale supplier of Aqualyx (10 x 8ml ) injection. Order Now!\",\"breadcrumb\":{\"@id\":\"https:\/\/www.probeautyaesthetics.com\/product\/buy-aqualyx-10-x-8ml-injection\/#breadcrumb\"},\"inLanguage\":\"ro-RO\",\"potentialAction\":[{\"@type\":\"ReadAction\",\"target\":[\"https:\/\/www.probeautyaesthetics.com\/product\/buy-aqualyx-10-x-8ml-injection\/\"]}]},{\"@type\":\"BreadcrumbList\",\"@id\":\"https:\/\/www.probeautyaesthetics.com\/product\/buy-aqualyx-10-x-8ml-injection\/#breadcrumb\",\"itemListElement\":[{\"@type\":\"ListItem\",\"position\":1,\"name\":\"Home\",\"item\":\"https:\/\/www.probeautyaesthetics.com\/\"},{\"@type\":\"ListItem\",\"position\":2,\"name\":\"Our Products\",\"item\":\"https:\/\/www.probeautyaesthetics.com\/shop\/\"},{\"@type\":\"ListItem\",\"position\":3,\"name\":\"Buy Aqualyx (10 x 8ml ) injection Online\"}]},{\"@type\":\"WebSite\",\"@id\":\"https:\/\/www.probeautyaesthetics.com\/#website\",\"url\":\"https:\/\/www.probeautyaesthetics.com\/\",\"name\":\"Pro Beauty Aesthetics\",\"description\":\"\",\"publisher\":{\"@id\":\"https:\/\/www.probeautyaesthetics.com\/#organization\"},\"potentialAction\":[{\"@type\":\"SearchAction\",\"target\":{\"@type\":\"EntryPoint\",\"urlTemplate\":\"https:\/\/www.probeautyaesthetics.com\/?s={search_term_string}\"},\"query-input\":\"required name=search_term_string\"}],\"inLanguage\":\"ro-RO\"},{\"@type\":\"Organization\",\"@id\":\"https:\/\/www.probeautyaesthetics.com\/#organization\",\"name\":\"Pro Beauty Aesthetics\",\"url\":\"https:\/\/www.probeautyaesthetics.com\/\",\"logo\":{\"@type\":\"ImageObject\",\"inLanguage\":\"ro-RO\",\"@id\":\"https:\/\/www.probeautyaesthetics.com\/#\/schema\/logo\/image\/\",\"url\":\"https:\/\/www.probeautyaesthetics.com\/wp-content\/uploads\/2019\/11\/logo-1.png\",\"contentUrl\":\"https:\/\/www.probeautyaesthetics.com\/wp-content\/uploads\/2019\/11\/logo-1.png\",\"width\":200,\"height\":50,\"caption\":\"Pro Beauty Aesthetics\"},\"image\":{\"@id\":\"https:\/\/www.probeautyaesthetics.com\/#\/schema\/logo\/image\/\"}}]}<\/script>\n<!-- \/ Yoast SEO plugin. -->","yoast_head_json":{"title":"Buy Aqualyx (10 x 8ml ) injection Online - Order Aqualyx Filler Online","description":"Buy Aqualyx (10 x 8ml ) injection Online - ProBeautyAesthetics is a wholesale supplier of Aqualyx (10 x 8ml ) injection. Order Now!","robots":{"index":"index","follow":"follow","max-snippet":"max-snippet:-1","max-image-preview":"max-image-preview:large","max-video-preview":"max-video-preview:-1"},"canonical":"https:\/\/www.probeautyaesthetics.com\/ro\/produs\/buy-aqualyx-10-x-8ml-injection\/","og_locale":"ro_RO","og_type":"article","og_title":"Buy Aqualyx (10 x 8ml ) injection Online - Order Aqualyx Filler Online","og_description":"Buy Aqualyx (10 x 8ml ) injection Online - ProBeautyAesthetics is a wholesale supplier of Aqualyx (10 x 8ml ) injection. Order Now!","og_url":"https:\/\/www.probeautyaesthetics.com\/ro\/produs\/buy-aqualyx-10-x-8ml-injection\/","og_site_name":"Pro Beauty Aesthetics","article_modified_time":"2020-03-11T07:05:54+00:00","og_image":[{"width":800,"height":534,"url":"https:\/\/www.probeautyaesthetics.com\/wp-content\/uploads\/2019\/11\/Buy-Aqualyx-10-x-8ml-injection.jpg","type":"image\/jpeg"}],"twitter_card":"summary_large_image","twitter_misc":{"Timp estimat pentru citire":"2 minute"},"schema":{"@context":"https:\/\/schema.org","@graph":[{"@type":"WebPage","@id":"https:\/\/www.probeautyaesthetics.com\/product\/buy-aqualyx-10-x-8ml-injection\/","url":"https:\/\/www.probeautyaesthetics.com\/product\/buy-aqualyx-10-x-8ml-injection\/","name":"Buy Aqualyx (10 x 8ml ) injection Online - Order Aqualyx Filler Online","isPartOf":{"@id":"https:\/\/www.probeautyaesthetics.com\/#website"},"datePublished":"2019-11-14T07:23:13+00:00","dateModified":"2020-03-11T07:05:54+00:00","description":"Buy Aqualyx (10 x 8ml ) injection Online - ProBeautyAesthetics is a wholesale supplier of Aqualyx (10 x 8ml ) injection. Order Now!","breadcrumb":{"@id":"https:\/\/www.probeautyaesthetics.com\/product\/buy-aqualyx-10-x-8ml-injection\/#breadcrumb"},"inLanguage":"ro-RO","potentialAction":[{"@type":"ReadAction","target":["https:\/\/www.probeautyaesthetics.com\/product\/buy-aqualyx-10-x-8ml-injection\/"]}]},{"@type":"BreadcrumbList","@id":"https:\/\/www.probeautyaesthetics.com\/product\/buy-aqualyx-10-x-8ml-injection\/#breadcrumb","itemListElement":[{"@type":"ListItem","position":1,"name":"Home","item":"https:\/\/www.probeautyaesthetics.com\/"},{"@type":"ListItem","position":2,"name":"Our Products","item":"https:\/\/www.probeautyaesthetics.com\/shop\/"},{"@type":"ListItem","position":3,"name":"Buy Aqualyx (10 x 8ml ) injection Online"}]},{"@type":"WebSite","@id":"https:\/\/www.probeautyaesthetics.com\/#website","url":"https:\/\/www.probeautyaesthetics.com\/","name":"Pro Beauty Aesthetics","description":"","publisher":{"@id":"https:\/\/www.probeautyaesthetics.com\/#organization"},"potentialAction":[{"@type":"SearchAction","target":{"@type":"EntryPoint","urlTemplate":"https:\/\/www.probeautyaesthetics.com\/?s={search_term_string}"},"query-input":"required name=search_term_string"}],"inLanguage":"ro-RO"},{"@type":"Organization","@id":"https:\/\/www.probeautyaesthetics.com\/#organization","name":"Pro Beauty Aesthetics","url":"https:\/\/www.probeautyaesthetics.com\/","logo":{"@type":"ImageObject","inLanguage":"ro-RO","@id":"https:\/\/www.probeautyaesthetics.com\/#\/schema\/logo\/image\/","url":"https:\/\/www.probeautyaesthetics.com\/wp-content\/uploads\/2019\/11\/logo-1.png","contentUrl":"https:\/\/www.probeautyaesthetics.com\/wp-content\/uploads\/2019\/11\/logo-1.png","width":200,"height":50,"caption":"Pro Beauty Aesthetics"},"image":{"@id":"https:\/\/www.probeautyaesthetics.com\/#\/schema\/logo\/image\/"}}]}},"_links":{"self":[{"href":"https:\/\/www.probeautyaesthetics.com\/ro\/wp-json\/wp\/v2\/product\/5010"}],"collection":[{"href":"https:\/\/www.probeautyaesthetics.com\/ro\/wp-json\/wp\/v2\/product"}],"about":[{"href":"https:\/\/www.probeautyaesthetics.com\/ro\/wp-json\/wp\/v2\/types\/product"}],"replies":[{"embeddable":true,"href":"https:\/\/www.probeautyaesthetics.com\/ro\/wp-json\/wp\/v2\/comments?post=5010"}],"wp:featuredmedia":[{"embeddable":true,"href":"https:\/\/www.probeautyaesthetics.com\/ro\/wp-json\/wp\/v2\/media\/5033"}],"wp:attachment":[{"href":"https:\/\/www.probeautyaesthetics.com\/ro\/wp-json\/wp\/v2\/media?parent=5010"}],"wp:term":[{"taxonomy":"product_cat","embeddable":true,"href":"https:\/\/www.probeautyaesthetics.com\/ro\/wp-json\/wp\/v2\/product_cat?post=5010"},{"taxonomy":"product_tag","embeddable":true,"href":"https:\/\/www.probeautyaesthetics.com\/ro\/wp-json\/wp\/v2\/product_tag?post=5010"}],"curies":[{"name":"wp","href":"https:\/\/api.w.org\/{rel}","templated":true}]}}