{"id":5045,"date":"2019-11-14T07:23:26","date_gmt":"2019-11-14T07:23:26","guid":{"rendered":"https:\/\/www.safeonlinechemist.com\/dermalfillers\/product\/import-placeholder-for-7121\/"},"modified":"2020-01-28T10:24:48","modified_gmt":"2020-01-28T10:24:48","slug":"buy-bcn-capillum-peptides-5-x-5ml","status":"publish","type":"product","link":"https:\/\/www.probeautyaesthetics.com\/ro\/produs\/buy-bcn-capillum-peptides-5-x-5ml\/","title":{"rendered":"Cump\u0103ra\u021bi BCN Capillum Peptides 5 x 5ml"},"content":{"rendered":"<h2 style=\"text-align: justify;\">Cump\u0103ra\u021bi BCN Capillum Peptides 5 x 5ml la pre\u021buri modeste<\/h2>\n<p style=\"text-align: justify;\">Acum pute\u021bi ob\u021bine BCN Capillum Peptides 5 x 5ml de v\u00e2nzare de la Pro Beauty Aesthetics. Cump\u0103ra\u021bi BCN Capillum Peptides 5 x 5ml cu bitcoin, moneygram \u0219i western union \u00eentr-un mod convenabil ast\u0103zi!<\/p>\n<h3 style=\"text-align: justify;\">Ce este BCN Capillum Peptides 5 x 5ml \u0219i func\u021biile sale?<\/h3>\n<p style=\"text-align: justify;\">BCN Capillum Peptides este o solutie pentru alopecia de tip hormonal (androgenetica), cauzata de componente interne sau externe, de exemplu stres sau insuficiente nutritive. Reface p\u0103rul \u0219i este un complice uimitor la alte solu\u021bii medicale estetice.<\/p>\n<ul style=\"text-align: justify;\">\n<li>Ecua\u021bia \u00eencorporeaz\u0103 peptide de v\u00e2rst\u0103 nou\u0103 care produc semne de proteine bio-tweaking pentru a gestiona componentele asociate cu ciclul de dezvoltare a p\u0103rului.<\/li>\n<li>Aceste peptide lucreaz\u0103 cu celelalte standarde dinamice pentru a construi diseminarea, hr\u0103nirea \u0219i oxigenarea pentru a men\u021bine o distan\u021b\u0103 strategic\u0103 fa\u021b\u0103 de diminuarea foliculului de p\u0103r.<\/li>\n<li>Ecua\u021bia BCN Peptides este completat\u0103 cu nutrien\u021bi, minerale, aminoacizi \u0219i acid hialuronic, printre altele pentru \u00eengrijirea global\u0103 a scalpului, care \u00eembun\u0103t\u0103\u021be\u0219te aspectul p\u0103rului \u0219i ofer\u0103 un p\u0103r din ce \u00een ce mai voluminos \u0219i mai s\u0103n\u0103tos.<\/li>\n<\/ul>\n<h3 style=\"text-align: justify;\">Comanda\u021bi cerin\u021bele dvs. ast\u0103zi!<\/h3>\n<p style=\"text-align: justify;\">Cump\u0103ra\u021bi BCN Capillum Peptides 5 x 5ml la pre\u021b ieftin \u0219i primi\u021bi-l livrat \u00een scurt timp \u00eentr-o perioad\u0103 scurt\u0103 de timp. Comanda online acum BCN Capillum Peptides 5 x 5ml!<\/p>","protected":false},"excerpt":{"rendered":"<p>M\u0103rimea produsului<\/p>\n<p>5\u00a0x 5 ml<\/p>","protected":false},"featured_media":5069,"comment_status":"open","ping_status":"closed","template":"","meta":{"_joinchat":[]},"product_cat":[185],"product_tag":[597,598,616,401,600,601,482,602,603,604,605,606,607,608,609,610],"yoast_head":"<!-- This site is optimized with the Yoast SEO plugin v21.3 - https:\/\/yoast.com\/wordpress\/plugins\/seo\/ -->\n<title>Buy BCN Capillum Peptides 5 x 5ml - Pro Beauty Aesthetics<\/title>\n<meta name=\"robots\" content=\"index, follow, max-snippet:-1, max-image-preview:large, max-video-preview:-1\" \/>\n<link rel=\"canonical\" href=\"https:\/\/www.probeautyaesthetics.com\/ro\/produs\/buy-bcn-capillum-peptides-5-x-5ml\/\" \/>\n<meta property=\"og:locale\" content=\"ro_RO\" \/>\n<meta property=\"og:type\" content=\"article\" \/>\n<meta property=\"og:title\" content=\"Buy BCN Capillum Peptides 5 x 5ml - Pro Beauty Aesthetics\" \/>\n<meta property=\"og:description\" content=\"Product size  5\u00a0x 5ml\" \/>\n<meta property=\"og:url\" content=\"https:\/\/www.probeautyaesthetics.com\/ro\/produs\/buy-bcn-capillum-peptides-5-x-5ml\/\" \/>\n<meta property=\"og:site_name\" content=\"Pro Beauty Aesthetics\" \/>\n<meta property=\"article:modified_time\" content=\"2020-01-28T10:24:48+00:00\" \/>\n<meta property=\"og:image\" content=\"https:\/\/www.probeautyaesthetics.com\/wp-content\/uploads\/2019\/11\/Buy-BCN-Capillum-Peptides-5-x-5ml.jpeg\" \/>\n\t<meta property=\"og:image:width\" content=\"703\" \/>\n\t<meta property=\"og:image:height\" content=\"751\" \/>\n\t<meta property=\"og:image:type\" content=\"image\/jpeg\" \/>\n<meta name=\"twitter:card\" content=\"summary_large_image\" \/>\n<meta name=\"twitter:label1\" content=\"Timp estimat pentru citire\" \/>\n\t<meta name=\"twitter:data1\" content=\"1 minut\" \/>\n<script type=\"application\/ld+json\" class=\"yoast-schema-graph\">{\"@context\":\"https:\/\/schema.org\",\"@graph\":[{\"@type\":\"WebPage\",\"@id\":\"https:\/\/www.probeautyaesthetics.com\/product\/buy-bcn-capillum-peptides-5-x-5ml\/\",\"url\":\"https:\/\/www.probeautyaesthetics.com\/product\/buy-bcn-capillum-peptides-5-x-5ml\/\",\"name\":\"Buy BCN Capillum Peptides 5 x 5ml - Pro Beauty Aesthetics\",\"isPartOf\":{\"@id\":\"https:\/\/www.probeautyaesthetics.com\/#website\"},\"datePublished\":\"2019-11-14T07:23:26+00:00\",\"dateModified\":\"2020-01-28T10:24:48+00:00\",\"breadcrumb\":{\"@id\":\"https:\/\/www.probeautyaesthetics.com\/product\/buy-bcn-capillum-peptides-5-x-5ml\/#breadcrumb\"},\"inLanguage\":\"ro-RO\",\"potentialAction\":[{\"@type\":\"ReadAction\",\"target\":[\"https:\/\/www.probeautyaesthetics.com\/product\/buy-bcn-capillum-peptides-5-x-5ml\/\"]}]},{\"@type\":\"BreadcrumbList\",\"@id\":\"https:\/\/www.probeautyaesthetics.com\/product\/buy-bcn-capillum-peptides-5-x-5ml\/#breadcrumb\",\"itemListElement\":[{\"@type\":\"ListItem\",\"position\":1,\"name\":\"Home\",\"item\":\"https:\/\/www.probeautyaesthetics.com\/\"},{\"@type\":\"ListItem\",\"position\":2,\"name\":\"Our Products\",\"item\":\"https:\/\/www.probeautyaesthetics.com\/shop\/\"},{\"@type\":\"ListItem\",\"position\":3,\"name\":\"Buy BCN Capillum Peptides 5 x 5ml\"}]},{\"@type\":\"WebSite\",\"@id\":\"https:\/\/www.probeautyaesthetics.com\/#website\",\"url\":\"https:\/\/www.probeautyaesthetics.com\/\",\"name\":\"Pro Beauty Aesthetics\",\"description\":\"\",\"publisher\":{\"@id\":\"https:\/\/www.probeautyaesthetics.com\/#organization\"},\"potentialAction\":[{\"@type\":\"SearchAction\",\"target\":{\"@type\":\"EntryPoint\",\"urlTemplate\":\"https:\/\/www.probeautyaesthetics.com\/?s={search_term_string}\"},\"query-input\":\"required name=search_term_string\"}],\"inLanguage\":\"ro-RO\"},{\"@type\":\"Organization\",\"@id\":\"https:\/\/www.probeautyaesthetics.com\/#organization\",\"name\":\"Pro Beauty Aesthetics\",\"url\":\"https:\/\/www.probeautyaesthetics.com\/\",\"logo\":{\"@type\":\"ImageObject\",\"inLanguage\":\"ro-RO\",\"@id\":\"https:\/\/www.probeautyaesthetics.com\/#\/schema\/logo\/image\/\",\"url\":\"https:\/\/www.probeautyaesthetics.com\/wp-content\/uploads\/2019\/11\/logo-1.png\",\"contentUrl\":\"https:\/\/www.probeautyaesthetics.com\/wp-content\/uploads\/2019\/11\/logo-1.png\",\"width\":200,\"height\":50,\"caption\":\"Pro Beauty Aesthetics\"},\"image\":{\"@id\":\"https:\/\/www.probeautyaesthetics.com\/#\/schema\/logo\/image\/\"}}]}<\/script>\n<!-- \/ Yoast SEO plugin. -->","yoast_head_json":{"title":"Buy BCN Capillum Peptides 5 x 5ml - Pro Beauty Aesthetics","robots":{"index":"index","follow":"follow","max-snippet":"max-snippet:-1","max-image-preview":"max-image-preview:large","max-video-preview":"max-video-preview:-1"},"canonical":"https:\/\/www.probeautyaesthetics.com\/ro\/produs\/buy-bcn-capillum-peptides-5-x-5ml\/","og_locale":"ro_RO","og_type":"article","og_title":"Buy BCN Capillum Peptides 5 x 5ml - Pro Beauty Aesthetics","og_description":"Product size  5\u00a0x 5ml","og_url":"https:\/\/www.probeautyaesthetics.com\/ro\/produs\/buy-bcn-capillum-peptides-5-x-5ml\/","og_site_name":"Pro Beauty Aesthetics","article_modified_time":"2020-01-28T10:24:48+00:00","og_image":[{"width":703,"height":751,"url":"https:\/\/www.probeautyaesthetics.com\/wp-content\/uploads\/2019\/11\/Buy-BCN-Capillum-Peptides-5-x-5ml.jpeg","type":"image\/jpeg"}],"twitter_card":"summary_large_image","twitter_misc":{"Timp estimat pentru citire":"1 minut"},"schema":{"@context":"https:\/\/schema.org","@graph":[{"@type":"WebPage","@id":"https:\/\/www.probeautyaesthetics.com\/product\/buy-bcn-capillum-peptides-5-x-5ml\/","url":"https:\/\/www.probeautyaesthetics.com\/product\/buy-bcn-capillum-peptides-5-x-5ml\/","name":"Buy BCN Capillum Peptides 5 x 5ml - Pro Beauty Aesthetics","isPartOf":{"@id":"https:\/\/www.probeautyaesthetics.com\/#website"},"datePublished":"2019-11-14T07:23:26+00:00","dateModified":"2020-01-28T10:24:48+00:00","breadcrumb":{"@id":"https:\/\/www.probeautyaesthetics.com\/product\/buy-bcn-capillum-peptides-5-x-5ml\/#breadcrumb"},"inLanguage":"ro-RO","potentialAction":[{"@type":"ReadAction","target":["https:\/\/www.probeautyaesthetics.com\/product\/buy-bcn-capillum-peptides-5-x-5ml\/"]}]},{"@type":"BreadcrumbList","@id":"https:\/\/www.probeautyaesthetics.com\/product\/buy-bcn-capillum-peptides-5-x-5ml\/#breadcrumb","itemListElement":[{"@type":"ListItem","position":1,"name":"Home","item":"https:\/\/www.probeautyaesthetics.com\/"},{"@type":"ListItem","position":2,"name":"Our Products","item":"https:\/\/www.probeautyaesthetics.com\/shop\/"},{"@type":"ListItem","position":3,"name":"Buy BCN Capillum Peptides 5 x 5ml"}]},{"@type":"WebSite","@id":"https:\/\/www.probeautyaesthetics.com\/#website","url":"https:\/\/www.probeautyaesthetics.com\/","name":"Pro Beauty Aesthetics","description":"","publisher":{"@id":"https:\/\/www.probeautyaesthetics.com\/#organization"},"potentialAction":[{"@type":"SearchAction","target":{"@type":"EntryPoint","urlTemplate":"https:\/\/www.probeautyaesthetics.com\/?s={search_term_string}"},"query-input":"required name=search_term_string"}],"inLanguage":"ro-RO"},{"@type":"Organization","@id":"https:\/\/www.probeautyaesthetics.com\/#organization","name":"Pro Beauty Aesthetics","url":"https:\/\/www.probeautyaesthetics.com\/","logo":{"@type":"ImageObject","inLanguage":"ro-RO","@id":"https:\/\/www.probeautyaesthetics.com\/#\/schema\/logo\/image\/","url":"https:\/\/www.probeautyaesthetics.com\/wp-content\/uploads\/2019\/11\/logo-1.png","contentUrl":"https:\/\/www.probeautyaesthetics.com\/wp-content\/uploads\/2019\/11\/logo-1.png","width":200,"height":50,"caption":"Pro Beauty Aesthetics"},"image":{"@id":"https:\/\/www.probeautyaesthetics.com\/#\/schema\/logo\/image\/"}}]}},"_links":{"self":[{"href":"https:\/\/www.probeautyaesthetics.com\/ro\/wp-json\/wp\/v2\/product\/5045"}],"collection":[{"href":"https:\/\/www.probeautyaesthetics.com\/ro\/wp-json\/wp\/v2\/product"}],"about":[{"href":"https:\/\/www.probeautyaesthetics.com\/ro\/wp-json\/wp\/v2\/types\/product"}],"replies":[{"embeddable":true,"href":"https:\/\/www.probeautyaesthetics.com\/ro\/wp-json\/wp\/v2\/comments?post=5045"}],"wp:featuredmedia":[{"embeddable":true,"href":"https:\/\/www.probeautyaesthetics.com\/ro\/wp-json\/wp\/v2\/media\/5069"}],"wp:attachment":[{"href":"https:\/\/www.probeautyaesthetics.com\/ro\/wp-json\/wp\/v2\/media?parent=5045"}],"wp:term":[{"taxonomy":"product_cat","embeddable":true,"href":"https:\/\/www.probeautyaesthetics.com\/ro\/wp-json\/wp\/v2\/product_cat?post=5045"},{"taxonomy":"product_tag","embeddable":true,"href":"https:\/\/www.probeautyaesthetics.com\/ro\/wp-json\/wp\/v2\/product_tag?post=5045"}],"curies":[{"name":"wp","href":"https:\/\/api.w.org\/{rel}","templated":true}]}}