{"id":5065,"date":"2019-11-14T07:23:28","date_gmt":"2019-11-14T07:23:28","guid":{"rendered":"https:\/\/www.safeonlinechemist.com\/dermalfillers\/product\/import-placeholder-for-7150\/"},"modified":"2020-01-29T12:59:53","modified_gmt":"2020-01-29T12:59:53","slug":"buy-bcn-x-dna-gel-box-of-10","status":"publish","type":"product","link":"https:\/\/www.probeautyaesthetics.com\/ro\/produs\/buy-bcn-x-dna-gel-box-of-10\/","title":{"rendered":"Cump\u0103ra\u021bi BCN X-DNA Gel - Cutie de 10 buc\u0103\u021bi"},"content":{"rendered":"<h2 style=\"text-align: justify;\"><strong>Cump\u0103ra\u021bi BCN X-DNA Gel \u2013 Cutie cu 10 la pre\u021buri accesibile<\/strong><\/h2>\n<p style=\"text-align: justify;\">BCN X-DNA Gel \u2013 Cutie de 10 de v\u00e2nzare este acum disponibil la Pro Beauty Aesthetics. Acum pute\u021bi cump\u0103ra cu u\u0219urin\u021b\u0103 BCN X-DNA Gel \u2013 Cutie de 10 cu bitcoin, moneygram \u0219i western union. \u00cendepline\u0219te cerin\u021bele tale pentru a cump\u0103ra BCN X-DNA Gel \u2013 Cutie de 10 la pre\u021b ieftin imediat!<\/p>\n<h3 style=\"text-align: justify;\"><strong>Ce este BCN X-DNA Gel \u0219i utiliz\u0103rile sale?<\/strong><\/h3>\n<ul style=\"text-align: justify;\">\n<li>BCN X-DNA Gel Hydrates \u00eembun\u0103t\u0103\u021be\u0219te cicatricile, \u00eembun\u0103t\u0103\u021be\u0219te aspectul pielii \u0219i are un efect antioxidant.<\/li>\n<li>\u00cen plus, \u00eembun\u0103t\u0103\u021be\u0219te pielea fum\u0103torilor \u0219i poate \u00eembun\u0103t\u0103\u021bi o varietate de condi\u021bii, de exemplu, pielea uscat\u0103, ridurile, amprentele de \u00eentindere \u0219i chelie.<\/li>\n<li>Un polimer obi\u0219nuit cu capacit\u0103\u021bi antioxidante \u0219i saturante fenomenale care protejeaz\u0103 straturile celulare de corup\u021bia oxidativ\u0103.<\/li>\n<li>Capacitatea sa de a restabili celulele moarte \u0219i de a reface \u021besutul conjunctiv revigoreaz\u0103 formele de reparare.<\/li>\n<\/ul>\n<p style=\"text-align: justify;\">Potrivit pentru cele mai de ultim\u0103 or\u0103 strategii de aplicare care iau \u00een considerare \u00eembinarea mezoterapiei conven\u021bionale cu cele mai excep\u021bionale cadre de desc\u0103rcare transdermic\u0103: role cutanate, fluxuri galvanice (iontoforez\u0103, hidroelectroforez\u0103), ultrasunete (sonoforez\u0103), termoterapie IR (cataforez\u0103), unde electromagnetice (electropora\u021bie), crioeletroforez\u0103 \u0219i crioeletroforez\u0103.<\/p>\n<h3 style=\"text-align: justify;\"><strong>Atinge-\u021bi cerin\u021bele acum!<\/strong><\/h3>\n<p style=\"text-align: justify;\">Pute\u021bi comanda BCN X-DNA Gel \u2013 Cutie de 10 online din magazinul nostru online \u0219i pute\u021bi achizi\u021biona cerin\u021bele dumneavoastr\u0103 la cele mai bune pre\u021buri. Conecta\u021bi-v\u0103 cu noi acum!<\/p>","protected":false},"excerpt":{"rendered":"<p>Cump\u0103ra\u021bi BCN X-DNA Gel \u2013 Cutie de 10 la pre\u021buri accesibile BCN X-DNA Gel \u2013 Cutie de 10 de v\u00e2nzare este acum disponibil la Pro Beauty Aesthetics. Acuma po\u021bi<\/p>","protected":false},"featured_media":5073,"comment_status":"open","ping_status":"closed","template":"","meta":{"_joinchat":[]},"product_cat":[185],"product_tag":[597,598,620,401,600,601,482,602,603,604,605,606,607,608,609,610],"yoast_head":"<!-- This site is optimized with the Yoast SEO plugin v21.3 - https:\/\/yoast.com\/wordpress\/plugins\/seo\/ -->\n<title>Buy BCN X-DNA Gel \u2013 Box of 10 - Pro Beauty Aesthetics<\/title>\n<meta name=\"robots\" content=\"index, follow, max-snippet:-1, max-image-preview:large, max-video-preview:-1\" \/>\n<link rel=\"canonical\" href=\"https:\/\/www.probeautyaesthetics.com\/ro\/produs\/buy-bcn-x-dna-gel-box-of-10\/\" \/>\n<meta property=\"og:locale\" content=\"ro_RO\" \/>\n<meta property=\"og:type\" content=\"article\" \/>\n<meta property=\"og:title\" content=\"Buy BCN X-DNA Gel \u2013 Box of 10 - Pro Beauty Aesthetics\" \/>\n<meta property=\"og:description\" content=\"Buy BCN X-DNA Gel \u2013 Box of 10 At Affordable Prices BCN X-DNA Gel \u2013 Box of 10 for sale is now available at Pro Beauty Aesthetics. You can now\" \/>\n<meta property=\"og:url\" content=\"https:\/\/www.probeautyaesthetics.com\/ro\/produs\/buy-bcn-x-dna-gel-box-of-10\/\" \/>\n<meta property=\"og:site_name\" content=\"Pro Beauty Aesthetics\" \/>\n<meta property=\"article:modified_time\" content=\"2020-01-29T12:59:53+00:00\" \/>\n<meta property=\"og:image\" content=\"https:\/\/www.probeautyaesthetics.com\/wp-content\/uploads\/2019\/11\/Buy-BCN-X-DNA-Gel-Box-of-10.jpg\" \/>\n\t<meta property=\"og:image:width\" content=\"800\" \/>\n\t<meta property=\"og:image:height\" content=\"600\" \/>\n\t<meta property=\"og:image:type\" content=\"image\/jpeg\" \/>\n<meta name=\"twitter:card\" content=\"summary_large_image\" \/>\n<meta name=\"twitter:label1\" content=\"Timp estimat pentru citire\" \/>\n\t<meta name=\"twitter:data1\" content=\"1 minut\" \/>\n<script type=\"application\/ld+json\" class=\"yoast-schema-graph\">{\"@context\":\"https:\/\/schema.org\",\"@graph\":[{\"@type\":\"WebPage\",\"@id\":\"https:\/\/www.probeautyaesthetics.com\/product\/buy-bcn-x-dna-gel-box-of-10\/\",\"url\":\"https:\/\/www.probeautyaesthetics.com\/product\/buy-bcn-x-dna-gel-box-of-10\/\",\"name\":\"Buy BCN X-DNA Gel \u2013 Box of 10 - Pro Beauty Aesthetics\",\"isPartOf\":{\"@id\":\"https:\/\/www.probeautyaesthetics.com\/#website\"},\"datePublished\":\"2019-11-14T07:23:28+00:00\",\"dateModified\":\"2020-01-29T12:59:53+00:00\",\"breadcrumb\":{\"@id\":\"https:\/\/www.probeautyaesthetics.com\/product\/buy-bcn-x-dna-gel-box-of-10\/#breadcrumb\"},\"inLanguage\":\"ro-RO\",\"potentialAction\":[{\"@type\":\"ReadAction\",\"target\":[\"https:\/\/www.probeautyaesthetics.com\/product\/buy-bcn-x-dna-gel-box-of-10\/\"]}]},{\"@type\":\"BreadcrumbList\",\"@id\":\"https:\/\/www.probeautyaesthetics.com\/product\/buy-bcn-x-dna-gel-box-of-10\/#breadcrumb\",\"itemListElement\":[{\"@type\":\"ListItem\",\"position\":1,\"name\":\"Home\",\"item\":\"https:\/\/www.probeautyaesthetics.com\/\"},{\"@type\":\"ListItem\",\"position\":2,\"name\":\"Our Products\",\"item\":\"https:\/\/www.probeautyaesthetics.com\/shop\/\"},{\"@type\":\"ListItem\",\"position\":3,\"name\":\"Buy BCN X-DNA Gel \u2013 Box of 10\"}]},{\"@type\":\"WebSite\",\"@id\":\"https:\/\/www.probeautyaesthetics.com\/#website\",\"url\":\"https:\/\/www.probeautyaesthetics.com\/\",\"name\":\"Pro Beauty Aesthetics\",\"description\":\"\",\"publisher\":{\"@id\":\"https:\/\/www.probeautyaesthetics.com\/#organization\"},\"potentialAction\":[{\"@type\":\"SearchAction\",\"target\":{\"@type\":\"EntryPoint\",\"urlTemplate\":\"https:\/\/www.probeautyaesthetics.com\/?s={search_term_string}\"},\"query-input\":\"required name=search_term_string\"}],\"inLanguage\":\"ro-RO\"},{\"@type\":\"Organization\",\"@id\":\"https:\/\/www.probeautyaesthetics.com\/#organization\",\"name\":\"Pro Beauty Aesthetics\",\"url\":\"https:\/\/www.probeautyaesthetics.com\/\",\"logo\":{\"@type\":\"ImageObject\",\"inLanguage\":\"ro-RO\",\"@id\":\"https:\/\/www.probeautyaesthetics.com\/#\/schema\/logo\/image\/\",\"url\":\"https:\/\/www.probeautyaesthetics.com\/wp-content\/uploads\/2019\/11\/logo-1.png\",\"contentUrl\":\"https:\/\/www.probeautyaesthetics.com\/wp-content\/uploads\/2019\/11\/logo-1.png\",\"width\":200,\"height\":50,\"caption\":\"Pro Beauty Aesthetics\"},\"image\":{\"@id\":\"https:\/\/www.probeautyaesthetics.com\/#\/schema\/logo\/image\/\"}}]}<\/script>\n<!-- \/ Yoast SEO plugin. -->","yoast_head_json":{"title":"Buy BCN X-DNA Gel \u2013 Box of 10 - Pro Beauty Aesthetics","robots":{"index":"index","follow":"follow","max-snippet":"max-snippet:-1","max-image-preview":"max-image-preview:large","max-video-preview":"max-video-preview:-1"},"canonical":"https:\/\/www.probeautyaesthetics.com\/ro\/produs\/buy-bcn-x-dna-gel-box-of-10\/","og_locale":"ro_RO","og_type":"article","og_title":"Buy BCN X-DNA Gel \u2013 Box of 10 - Pro Beauty Aesthetics","og_description":"Buy BCN X-DNA Gel \u2013 Box of 10 At Affordable Prices BCN X-DNA Gel \u2013 Box of 10 for sale is now available at Pro Beauty Aesthetics. You can now","og_url":"https:\/\/www.probeautyaesthetics.com\/ro\/produs\/buy-bcn-x-dna-gel-box-of-10\/","og_site_name":"Pro Beauty Aesthetics","article_modified_time":"2020-01-29T12:59:53+00:00","og_image":[{"width":800,"height":600,"url":"https:\/\/www.probeautyaesthetics.com\/wp-content\/uploads\/2019\/11\/Buy-BCN-X-DNA-Gel-Box-of-10.jpg","type":"image\/jpeg"}],"twitter_card":"summary_large_image","twitter_misc":{"Timp estimat pentru citire":"1 minut"},"schema":{"@context":"https:\/\/schema.org","@graph":[{"@type":"WebPage","@id":"https:\/\/www.probeautyaesthetics.com\/product\/buy-bcn-x-dna-gel-box-of-10\/","url":"https:\/\/www.probeautyaesthetics.com\/product\/buy-bcn-x-dna-gel-box-of-10\/","name":"Buy BCN X-DNA Gel \u2013 Box of 10 - Pro Beauty Aesthetics","isPartOf":{"@id":"https:\/\/www.probeautyaesthetics.com\/#website"},"datePublished":"2019-11-14T07:23:28+00:00","dateModified":"2020-01-29T12:59:53+00:00","breadcrumb":{"@id":"https:\/\/www.probeautyaesthetics.com\/product\/buy-bcn-x-dna-gel-box-of-10\/#breadcrumb"},"inLanguage":"ro-RO","potentialAction":[{"@type":"ReadAction","target":["https:\/\/www.probeautyaesthetics.com\/product\/buy-bcn-x-dna-gel-box-of-10\/"]}]},{"@type":"BreadcrumbList","@id":"https:\/\/www.probeautyaesthetics.com\/product\/buy-bcn-x-dna-gel-box-of-10\/#breadcrumb","itemListElement":[{"@type":"ListItem","position":1,"name":"Home","item":"https:\/\/www.probeautyaesthetics.com\/"},{"@type":"ListItem","position":2,"name":"Our Products","item":"https:\/\/www.probeautyaesthetics.com\/shop\/"},{"@type":"ListItem","position":3,"name":"Buy BCN X-DNA Gel \u2013 Box of 10"}]},{"@type":"WebSite","@id":"https:\/\/www.probeautyaesthetics.com\/#website","url":"https:\/\/www.probeautyaesthetics.com\/","name":"Pro Beauty Aesthetics","description":"","publisher":{"@id":"https:\/\/www.probeautyaesthetics.com\/#organization"},"potentialAction":[{"@type":"SearchAction","target":{"@type":"EntryPoint","urlTemplate":"https:\/\/www.probeautyaesthetics.com\/?s={search_term_string}"},"query-input":"required name=search_term_string"}],"inLanguage":"ro-RO"},{"@type":"Organization","@id":"https:\/\/www.probeautyaesthetics.com\/#organization","name":"Pro Beauty Aesthetics","url":"https:\/\/www.probeautyaesthetics.com\/","logo":{"@type":"ImageObject","inLanguage":"ro-RO","@id":"https:\/\/www.probeautyaesthetics.com\/#\/schema\/logo\/image\/","url":"https:\/\/www.probeautyaesthetics.com\/wp-content\/uploads\/2019\/11\/logo-1.png","contentUrl":"https:\/\/www.probeautyaesthetics.com\/wp-content\/uploads\/2019\/11\/logo-1.png","width":200,"height":50,"caption":"Pro Beauty Aesthetics"},"image":{"@id":"https:\/\/www.probeautyaesthetics.com\/#\/schema\/logo\/image\/"}}]}},"_links":{"self":[{"href":"https:\/\/www.probeautyaesthetics.com\/ro\/wp-json\/wp\/v2\/product\/5065"}],"collection":[{"href":"https:\/\/www.probeautyaesthetics.com\/ro\/wp-json\/wp\/v2\/product"}],"about":[{"href":"https:\/\/www.probeautyaesthetics.com\/ro\/wp-json\/wp\/v2\/types\/product"}],"replies":[{"embeddable":true,"href":"https:\/\/www.probeautyaesthetics.com\/ro\/wp-json\/wp\/v2\/comments?post=5065"}],"wp:featuredmedia":[{"embeddable":true,"href":"https:\/\/www.probeautyaesthetics.com\/ro\/wp-json\/wp\/v2\/media\/5073"}],"wp:attachment":[{"href":"https:\/\/www.probeautyaesthetics.com\/ro\/wp-json\/wp\/v2\/media?parent=5065"}],"wp:term":[{"taxonomy":"product_cat","embeddable":true,"href":"https:\/\/www.probeautyaesthetics.com\/ro\/wp-json\/wp\/v2\/product_cat?post=5065"},{"taxonomy":"product_tag","embeddable":true,"href":"https:\/\/www.probeautyaesthetics.com\/ro\/wp-json\/wp\/v2\/product_tag?post=5065"}],"curies":[{"name":"wp","href":"https:\/\/api.w.org\/{rel}","templated":true}]}}